{"id":338,"date":"2020-02-13T18:48:49","date_gmt":"2020-02-13T18:48:49","guid":{"rendered":"http:\/\/www2.unifap.br\/ouvidoria\/?page_id=338"},"modified":"2025-08-14T22:39:02","modified_gmt":"2025-08-14T22:39:02","slug":"fale-com-a-ouvidoria","status":"publish","type":"page","link":"https:\/\/www2.unifap.br\/ouvidoria\/fale-com-a-ouvidoria\/","title":{"rendered":"FALE COM A OUVIDORIA"},"content":{"rendered":"<h2>Seja bem-vindo(a) ao atendimento da Ouvidoria<\/h2>\n<p>&nbsp;<\/p>\n<h2><span style=\"color: #000000\"><strong>Manifeste-se!<\/strong><\/span><\/h2>\n<p>&nbsp;<\/p>\n<p><strong>Caso sua manifesta\u00e7\u00e3o diga respeito a alguma unidade administrativa e acad\u00eamica, verifique se j\u00e1 percorreu as inst\u00e2ncias recursais previstas regimentalmente.<\/strong><\/p>\n<p>A Ouvidoria da Universidade Federal do Amap\u00e1 atua quando h\u00e1 ruptura no di\u00e1logo j\u00e1 ocorrido entre o cidad\u00e3o (comunidade interna ou externa) e a Institui\u00e7\u00e3o.<\/p>\n<p>Cabe esclarecer que n\u00e3o somos uma inst\u00e2ncia recursal. Buscar atendimento na Ouvidoria n\u00e3o far\u00e1 com que nenhum procedimento administrativo estabelecido pela Institui\u00e7\u00e3o seja desrespeitado.<\/p>\n<p>Em contrapartida, \u00e9 importante informar que o encaminhamento das demandas \u00e0s \u00e1reas competentes para resposta objetiva providenciar estrat\u00e9gias administrativas para preven\u00e7\u00e3o e poss\u00edvel solu\u00e7\u00e3o de problemas, sem ju\u00edzo de valor.<\/p>\n<p><a href=\"https:\/\/falabr.cgu.gov.br\/publico\/Manifestacao\/SelecionarTipoManifestacao.aspx\"><img fetchpriority=\"high\" decoding=\"async\" class=\"alignnone size-full wp-image-833\" src=\"http:\/\/www2.unifap.br\/ouvidoria\/files\/2018\/03\/fala.png\" alt=\"\" width=\"768\" height=\"304\"><\/a><\/p>\n<p>&nbsp;<\/p>\n<p><span style=\"color: #000000\"><strong>Canal preferencial para atendimento<\/strong> &#8211; Plataforma Integrada de Ouvidorias e Acesso \u00e0 Informa\u00e7\u00e3o &#8211; <a style=\"color: #000000\" href=\"https:\/\/falabr.cgu.gov.br\/publico\/Manifestacao\/SelecionarTipoManifestacao.aspx?ReturnUrl=%2f\">Registre aqui, de forma eletr\u00f4nica, sua manifesta\u00e7\u00e3o<\/a><\/span><\/p>\n<p><strong style=\"color: #000000\">Endere\u00e7o eletr\u00f4nico:<\/strong><span style=\"color: #000000\">&nbsp;<\/span><a style=\"color: #000000\" href=\"mailto:ouvidoria@unifap.br\">ouvidoria@unifap.br<\/a><\/p>\n<p><strong style=\"color: #000000\">Atendimento presencial:<\/strong><span style=\"color: #000000\"> Rodovia Juscelino Kubitschek, KM 02. Campus Marco Zero &#8211; Bloco da Reitoria, sala 01 \u2013 andar t\u00e9rreo e sala 02 \u2013 1\u00ba andar.<\/span><strong>&nbsp; &nbsp; &nbsp; &nbsp; &nbsp; &nbsp; &nbsp; &nbsp; &nbsp; &nbsp; &nbsp; &nbsp; &nbsp; &nbsp; &nbsp;&nbsp;<\/strong><\/p>\n<p><strong>Endere\u00e7o eletr\u00f4nico: <a href=\"mailto:ouvidoria@unifap.br\">ouvidoria@unifap.br<\/a><\/strong><\/p>\n<p>&nbsp;<\/p>\n<p style=\"text-align: left\">Observa\u00e7\u00e3o: este e-mail e whatsapp n\u00e3o devem ser usados para encaminhar manifesta\u00e7\u00f5es de Ouvidoria. Os pedidos devem ser feitos por meio da plataforma <a href=\"https:\/\/falabr.cgu.gov.br\/\">Fala.BR<\/a>.<\/p>\n<p style=\"text-align: left\"><strong>Hor\u00e1rio de atendimento:<\/strong><\/p>\n<p style=\"text-align: left\">Segunda \u00e0 sexta-feira: 08:00h \u00e0s 12:00h\/14:00h \u00e0s 18:00h<strong>&nbsp; &nbsp; &nbsp;&nbsp;<\/strong><\/p>\n<p><span style=\"color: #000000\"><strong>Endere\u00e7o para correspond\u00eancia por Carta<\/strong>: Rodovia Juscelino Kubitschek, KM 02 &#8211; Campus Marco Zero, Bloco da Reitoria &#8211; Ouvidoria, sala 02 &#8211; 1\u00ba andar.<\/span><\/p>\n<p><strong>ATEN\u00c7\u00c3O<\/strong>:&nbsp;<strong>N\u00e3o registramos manifesta\u00e7\u00f5es via&nbsp;<\/strong><strong><em>e-mail<\/em><\/strong>&nbsp;(estes canais s\u00e3o usados exclusivamente para eventuais d\u00favidas ou pr\u00e9-atendimento).<\/p>\n<h4>&nbsp;<\/h4>\n<h4><span style=\"color: #000000\"><strong>As manifesta\u00e7\u00f5es s\u00e3o classificadas de acordo com o que o cidad\u00e3o deseja. Veja abaixo quando utilizar cada tipo:<\/strong><\/span><\/h4>\n<p>&nbsp;<\/p>\n<p><span style=\"color: #000000\"><strong>Solicita\u00e7\u00e3o de provid\u00eancias<\/strong>: Voc\u00ea poder\u00e1 fazer um pedido para ado\u00e7\u00e3o de provid\u00eancias por parte do \u00f3rg\u00e3o. Pode ser algo material ou a a\u00e7\u00e3o do \u00f3rg\u00e3o em uma situa\u00e7\u00e3o espec\u00edfica.<\/span><\/p>\n<p>&nbsp;<\/p>\n<p><span style=\"color: #000000\"><strong>Reclama\u00e7\u00e3o<\/strong>: Se voc\u00ea quer demonstrar sua insatisfa\u00e7\u00e3o relativa \u00e0 presta\u00e7\u00e3o de um servi\u00e7o ou \u00e0 conduta de agentes na presta\u00e7\u00e3o e na fiscaliza\u00e7\u00e3o desse servi\u00e7o. Voc\u00ea pode fazer cr\u00edticas, relatar inefici\u00eancia. Tamb\u00e9m se aplica aos casos de omiss\u00e3o. Por exemplo, voc\u00ea procurou um atendimento ou servi\u00e7o e n\u00e3o teve resposta.<\/span><\/p>\n<p>&nbsp;<\/p>\n<p><span style=\"color: #000000\"><strong>Den\u00fancia<\/strong>: Se voc\u00ea quer comunicar a pr\u00e1tica de irregularidade ou de il\u00edcito praticado por agentes p\u00fablicos, cuja solu\u00e7\u00e3o dependa da atua\u00e7\u00e3o do \u00f3rg\u00e3o apurat\u00f3rio. Tamb\u00e9m pode ser usada para denunciar uma viola\u00e7\u00e3o aos direitos humanos. Em alguns casos, a sua manifesta\u00e7\u00e3o n\u00e3o ser\u00e1 uma den\u00fancia e sim uma solicita\u00e7\u00e3o. Por exemplo, se faltam cadeiras em salas de aulas na Universidade, voc\u00ea poder\u00e1 fazer uma solicita\u00e7\u00e3o para que o \u00f3rg\u00e3o tome uma provid\u00eancia. Assim, n\u00e3o se tratar\u00e1 de uma den\u00fancia.<\/span><\/p>\n<p>&nbsp;<\/p>\n<p><span style=\"color: #000000\"><strong>Sugest\u00e3o<\/strong>: Se voc\u00ea tem uma ideia ou uma sugest\u00e3o de melhoria dos servi\u00e7os p\u00fablicos.<\/span><\/p>\n<p>&nbsp;<\/p>\n<p><span style=\"color: #000000\"><strong>Elogio<\/strong>: Se voc\u00ea quer demonstrar reconhecimento ou satisfa\u00e7\u00e3o sobre o servi\u00e7o p\u00fablico oferecido ou o atendimento prestado do \u00f3rg\u00e3o.<\/span><\/p>\n<p>&nbsp;<\/p>\n<p><span style=\"color: #000000\"><strong>Simplifique<\/strong>: Se voc\u00ea tem uma ideia ou uma proposta que contribua com a simplifica\u00e7\u00e3o de um servi\u00e7o, apresente-a ao \u00f3rg\u00e3o.<\/span><\/p>\n<hr>\n<h5 style=\"text-align: left\"><span style=\"color: #000000\">&nbsp; <a href=\"http:\/\/www2.unifap.br\/ouvidoria\/files\/2022\/08\/7da066d1-725b-4ae7-9a8b-6ce9b003f791.jpeg\"><img decoding=\"async\" class=\"alignnone wp-image-869\" src=\"http:\/\/www2.unifap.br\/ouvidoria\/files\/2022\/08\/7da066d1-725b-4ae7-9a8b-6ce9b003f791.jpeg\" alt=\"\" width=\"643\" height=\"380\"><\/a>&nbsp; &nbsp; &nbsp; &nbsp; &nbsp; &nbsp; &nbsp; &nbsp; &nbsp; &nbsp; &nbsp; &nbsp; &nbsp; &nbsp; &nbsp; &nbsp; &nbsp; &nbsp; &nbsp; &nbsp; &nbsp; &nbsp; &nbsp; &nbsp; &nbsp; &nbsp; &nbsp; &nbsp; &nbsp; &nbsp; &nbsp; &nbsp; &nbsp; &nbsp; &nbsp;<\/span><\/h5>\n<h4><span style=\"color: #000000\">O Simplifique!<\/span><\/h4>\n<p>&nbsp;<\/p>\n<p><span style=\"color: #000000\">Quando buscamos algum servi\u00e7o p\u00fablico podemos nos deparar com exig\u00eancias que acabam por burocratizar um atendimento que deveria ser simples e r\u00e1pido. S\u00e3o documentos autenticados, carimbos, certid\u00f5es, autoriza\u00e7\u00f5es e um tanto de n\u00fameros e protocolos.<\/span><\/p>\n<p><a href=\"https:\/\/www.gov.br\/cgu\/pt-br\/governo-aberto\/noticias\/2018\/simplifique-canal-de-simplificacao-dos-servicos-publicos\"><img decoding=\"async\" class=\"alignnone wp-image-875\" src=\"http:\/\/www2.unifap.br\/ouvidoria\/files\/2022\/08\/image.png\" alt=\"\" width=\"381\" height=\"306\"><\/a><\/p>\n<p><span style=\"color: #000000\">A partir de agora, sempre que voc\u00ea se encontrar em situa\u00e7\u00e3o semelhante ou n\u00e3o conseguir utilizar algum servi\u00e7o p\u00fablico do Governo Federal, basta enviar sua solicita\u00e7\u00e3o para desburocratizar o servi\u00e7o por meio do Simplifique!<\/span><\/p>\n<p><span style=\"color: #000000\">Com o Simplifique!, voc\u00ea pode mandar sua solicita\u00e7\u00e3o para simplificar os servi\u00e7os prestados por qualquer \u00f3rg\u00e3o ou entidade do Poder Executivo Federal. Basta acessar o sistema, dizer qual o servi\u00e7o que voc\u00ea quer simplificar e mandar a sua solicita\u00e7\u00e3o. A iniciativa ser\u00e1 analisada e encaminhada para o Comit\u00ea de Desburocratiza\u00e7\u00e3o do \u00f3rg\u00e3o.<\/span><\/p>\n<p><a href=\"http:\/\/www2.unifap.br\/ouvidoria\/files\/2022\/08\/e2460163174483.5aa830ea83143.png\"><img loading=\"lazy\" decoding=\"async\" class=\"alignnone wp-image-874\" src=\"http:\/\/www2.unifap.br\/ouvidoria\/files\/2022\/08\/e2460163174483.5aa830ea83143.png\" alt=\"\" width=\"448\" height=\"690\"><\/a><\/p>\n<p>&nbsp;<\/p>\n","protected":false},"excerpt":{"rendered":"<p>Seja bem-vindo(a) ao atendimento da Ouvidoria &nbsp; Manifeste-se! &nbsp; Caso sua manifesta\u00e7\u00e3o diga respeito a alguma unidade administrativa e acad\u00eamica, verifique se j\u00e1 percorreu as inst\u00e2ncias recursais previstas regimentalmente. A Ouvidoria da Universidade Federal do Amap\u00e1 atua quando h\u00e1 ruptura no di\u00e1logo j\u00e1 ocorrido entre o cidad\u00e3o (comunidade interna ou externa) e a Institui\u00e7\u00e3o. Cabe&#8230;<\/p>\n","protected":false},"author":3861,"featured_media":0,"parent":0,"menu_order":0,"comment_status":"closed","ping_status":"closed","template":"","meta":{"inline_featured_image":false,"site-sidebar-layout":"default","site-content-layout":"","ast-site-content-layout":"default","site-content-style":"default","site-sidebar-style":"default","ast-global-header-display":"","ast-banner-title-visibility":"","ast-main-header-display":"","ast-hfb-above-header-display":"","ast-hfb-below-header-display":"","ast-hfb-mobile-header-display":"","site-post-title":"","ast-breadcrumbs-content":"","ast-featured-img":"","footer-sml-layout":"","theme-transparent-header-meta":"default","adv-header-id-meta":"","stick-header-meta":"","header-above-stick-meta":"","header-main-stick-meta":"","header-below-stick-meta":"","astra-migrate-meta-layouts":"set","ast-page-background-enabled":"default","ast-page-background-meta":{"desktop":{"background-color":"var(--ast-global-color-4)","background-image":"","background-repeat":"repeat","background-position":"center center","background-size":"auto","background-attachment":"scroll","background-type":"","background-media":"","overlay-type":"","overlay-color":"","overlay-opacity":"","overlay-gradient":""},"tablet":{"background-color":"","background-image":"","background-repeat":"repeat","background-position":"center center","background-size":"auto","background-attachment":"scroll","background-type":"","background-media":"","overlay-type":"","overlay-color":"","overlay-opacity":"","overlay-gradient":""},"mobile":{"background-color":"","background-image":"","background-repeat":"repeat","background-position":"center center","background-size":"auto","background-attachment":"scroll","background-type":"","background-media":"","overlay-type":"","overlay-color":"","overlay-opacity":"","overlay-gradient":""}},"ast-content-background-meta":{"desktop":{"background-color":"var(--ast-global-color-5)","background-image":"","background-repeat":"repeat","background-position":"center center","background-size":"auto","background-attachment":"scroll","background-type":"","background-media":"","overlay-type":"","overlay-color":"","overlay-opacity":"","overlay-gradient":""},"tablet":{"background-color":"var(--ast-global-color-5)","background-image":"","background-repeat":"repeat","background-position":"center center","background-size":"auto","background-attachment":"scroll","background-type":"","background-media":"","overlay-type":"","overlay-color":"","overlay-opacity":"","overlay-gradient":""},"mobile":{"background-color":"var(--ast-global-color-5)","background-image":"","background-repeat":"repeat","background-position":"center center","background-size":"auto","background-attachment":"scroll","background-type":"","background-media":"","overlay-type":"","overlay-color":"","overlay-opacity":"","overlay-gradient":""}},"ngg_post_thumbnail":0,"footnotes":""},"class_list":["post-338","page","type-page","status-publish","hentry"],"_links":{"self":[{"href":"https:\/\/www2.unifap.br\/ouvidoria\/wp-json\/wp\/v2\/pages\/338","targetHints":{"allow":["GET"]}}],"collection":[{"href":"https:\/\/www2.unifap.br\/ouvidoria\/wp-json\/wp\/v2\/pages"}],"about":[{"href":"https:\/\/www2.unifap.br\/ouvidoria\/wp-json\/wp\/v2\/types\/page"}],"author":[{"embeddable":true,"href":"https:\/\/www2.unifap.br\/ouvidoria\/wp-json\/wp\/v2\/users\/3861"}],"replies":[{"embeddable":true,"href":"https:\/\/www2.unifap.br\/ouvidoria\/wp-json\/wp\/v2\/comments?post=338"}],"version-history":[{"count":51,"href":"https:\/\/www2.unifap.br\/ouvidoria\/wp-json\/wp\/v2\/pages\/338\/revisions"}],"predecessor-version":[{"id":1411,"href":"https:\/\/www2.unifap.br\/ouvidoria\/wp-json\/wp\/v2\/pages\/338\/revisions\/1411"}],"wp:attachment":[{"href":"https:\/\/www2.unifap.br\/ouvidoria\/wp-json\/wp\/v2\/media?parent=338"}],"curies":[{"name":"wp","href":"https:\/\/api.w.org\/{rel}","templated":true}]}}