{"id":354,"date":"2020-02-13T19:09:23","date_gmt":"2020-02-13T19:09:23","guid":{"rendered":"http:\/\/www2.unifap.br\/ouvidoria\/?page_id=354"},"modified":"2020-11-06T20:47:21","modified_gmt":"2020-11-06T20:47:21","slug":"passo-a-passo-para-cadastrar-sua-manifestacao","status":"publish","type":"page","link":"https:\/\/www2.unifap.br\/ouvidoria\/fale-com-a-ouvidoria\/passo-a-passo-para-cadastrar-sua-manifestacao\/","title":{"rendered":"Passo a passo para cadastrar sua manifesta\u00e7\u00e3o"},"content":{"rendered":"<p><span style=\"color: #000000\"><strong>Como cadastrar sua manifesta\u00e7\u00e3o.<\/strong><\/span><\/p>\n<p>&nbsp;<\/p>\n<p><span style=\"color: #000000\"><strong>Passo 01<\/strong>: Entrar na plataforma Fala.BR na guia \u201cFale com a Ouvidoria\u201d.<\/span><\/p>\n<p><span style=\"color: #000000\"><a style=\"color: #000000\" href=\"http:\/\/www2.unifap.br\/ouvidoria\/files\/2020\/02\/imagem-1-pp.png\"><img fetchpriority=\"high\" decoding=\"async\" class=\"alignnone wp-image-485\" src=\"http:\/\/www2.unifap.br\/ouvidoria\/files\/2020\/02\/imagem-1-pp-300x35.png\" alt=\"\" width=\"686\" height=\"80\" srcset=\"https:\/\/www2.unifap.br\/ouvidoria\/files\/2020\/02\/imagem-1-pp-300x35.png 300w, https:\/\/www2.unifap.br\/ouvidoria\/files\/2020\/02\/imagem-1-pp-768x90.png 768w, https:\/\/www2.unifap.br\/ouvidoria\/files\/2020\/02\/imagem-1-pp-1024x120.png 1024w, https:\/\/www2.unifap.br\/ouvidoria\/files\/2020\/02\/imagem-1-pp.png 1210w\" sizes=\"(max-width: 686px) 100vw, 686px\" \/><\/a><\/span><\/p>\n<p>&nbsp;<\/p>\n<p><span style=\"color: #000000\"><strong>Passo 02<\/strong>: Selecionar o tipo de manifesta\u00e7\u00e3o.<\/span><\/p>\n<p><span style=\"color: #000000\"><a style=\"color: #000000\" href=\"http:\/\/www2.unifap.br\/ouvidoria\/files\/2020\/02\/imagem-2-pp.png\"><img decoding=\"async\" class=\"alignnone wp-image-478\" src=\"http:\/\/www2.unifap.br\/ouvidoria\/files\/2020\/02\/imagem-2-pp-300x194.png\" alt=\"\" width=\"681\" height=\"440\" srcset=\"https:\/\/www2.unifap.br\/ouvidoria\/files\/2020\/02\/imagem-2-pp-300x194.png 300w, https:\/\/www2.unifap.br\/ouvidoria\/files\/2020\/02\/imagem-2-pp.png 572w\" sizes=\"(max-width: 681px) 100vw, 681px\" \/><\/a><\/span><\/p>\n<p><span style=\"color: #000000\">Den\u00fancia, Reclama\u00e7\u00e3o, Solicita\u00e7\u00e3o, Sugest\u00e3o, Elogio e Simplifique.<\/span><\/p>\n<p><span style=\"color: #000000\">Obs.: Caso voc\u00ea queira realizar um pedido de acesso \u00e0 informa\u00e7\u00e3o, clique na guia acima \u201cAcesso \u00e0 Informa\u00e7\u00e3o\u201d.<\/span><\/p>\n<p>&nbsp;<\/p>\n<p><span style=\"color: #000000\"><strong>Passo 03<\/strong>: Escolha uma das 03 op\u00e7\u00f5es de login ou clique abaixo e crie sua conta.<\/span><\/p>\n<p><span style=\"color: #000000\"><a style=\"color: #000000\" href=\"http:\/\/www2.unifap.br\/ouvidoria\/files\/2020\/02\/imagem-3-pp.png\"><img decoding=\"async\" class=\"alignnone wp-image-479\" src=\"http:\/\/www2.unifap.br\/ouvidoria\/files\/2020\/02\/imagem-3-pp-300x140.png\" alt=\"\" width=\"677\" height=\"316\" srcset=\"https:\/\/www2.unifap.br\/ouvidoria\/files\/2020\/02\/imagem-3-pp-300x140.png 300w, https:\/\/www2.unifap.br\/ouvidoria\/files\/2020\/02\/imagem-3-pp.png 572w\" sizes=\"(max-width: 677px) 100vw, 677px\" \/><\/a><\/span><\/p>\n<p><span style=\"color: #000000\">N\u00e3o se preocupe, seus dados pessoais sempre ser\u00e3o protegidos.<\/span><\/p>\n<p>&nbsp;<\/p>\n<p><span style=\"color: #000000\"><strong>Passo 04<\/strong>: Se voc\u00ea optou pelo acesso identificado, confirme seus dados;<\/span><\/p>\n<p><span style=\"color: #000000\">No campo \u201c\u00f3rg\u00e3o para o qual voc\u00ea que enviar sua manifesta\u00e7\u00e3o\u201d busque a UNIFAP;<\/span><\/p>\n<p><span style=\"color: #000000\">No campo \u201cFale aqui\u201d descreva sua manifesta\u00e7\u00e3o, inclusive poder\u00e1 incluir anexos caso deseje.<\/span><\/p>\n<p><span style=\"color: #000000\"><a style=\"color: #000000\" href=\"http:\/\/www2.unifap.br\/ouvidoria\/files\/2020\/02\/imagem-4-pp.png\"><img loading=\"lazy\" decoding=\"async\" class=\"alignnone wp-image-480\" src=\"http:\/\/www2.unifap.br\/ouvidoria\/files\/2020\/02\/imagem-4-pp-300x165.png\" alt=\"\" width=\"682\" height=\"375\" srcset=\"https:\/\/www2.unifap.br\/ouvidoria\/files\/2020\/02\/imagem-4-pp-300x165.png 300w, https:\/\/www2.unifap.br\/ouvidoria\/files\/2020\/02\/imagem-4-pp.png 566w\" sizes=\"(max-width: 682px) 100vw, 682px\" \/><\/a><\/span><\/p>\n<p>&nbsp;<\/p>\n<p><span style=\"color: #000000\"><strong>Passo 05<\/strong>: Ap\u00f3s revis\u00e3o para saber se tudo est\u00e1 correto, clique em \u201cConcluir\u201d.<\/span><\/p>\n<p><span style=\"color: #000000\">Pronto, sua manifesta\u00e7\u00e3o ser\u00e1 automaticamente direcionada para nossa Ouvidoria e voc\u00ea ser\u00e1 informado sobre o andamento por meio de seu endere\u00e7o eletr\u00f4nico (caso tenha se identificado).<\/span><\/p>\n<p><span style=\"color: #000000\"><a style=\"color: #000000\" href=\"http:\/\/www2.unifap.br\/ouvidoria\/files\/2020\/02\/imagem-5-pp.png\"><img loading=\"lazy\" decoding=\"async\" class=\"alignnone wp-image-481\" src=\"http:\/\/www2.unifap.br\/ouvidoria\/files\/2020\/02\/imagem-5-pp-300x210.png\" alt=\"\" width=\"682\" height=\"477\" srcset=\"https:\/\/www2.unifap.br\/ouvidoria\/files\/2020\/02\/imagem-5-pp-300x210.png 300w, https:\/\/www2.unifap.br\/ouvidoria\/files\/2020\/02\/imagem-5-pp-250x175.png 250w, https:\/\/www2.unifap.br\/ouvidoria\/files\/2020\/02\/imagem-5-pp.png 568w\" sizes=\"(max-width: 682px) 100vw, 682px\" \/><\/a><\/span><\/p>\n<p>&nbsp;<\/p>\n<p>&nbsp;<\/p>\n<p>&nbsp;<\/p>\n","protected":false},"excerpt":{"rendered":"<p>Como cadastrar sua manifesta\u00e7\u00e3o. &nbsp; Passo 01: Entrar na plataforma Fala.BR na guia \u201cFale com a Ouvidoria\u201d. &nbsp; Passo 02: Selecionar o tipo de manifesta\u00e7\u00e3o. Den\u00fancia, Reclama\u00e7\u00e3o, Solicita\u00e7\u00e3o, Sugest\u00e3o, Elogio e Simplifique. Obs.: Caso voc\u00ea queira realizar um pedido de acesso \u00e0 informa\u00e7\u00e3o, clique na guia acima \u201cAcesso \u00e0 Informa\u00e7\u00e3o\u201d. &nbsp; Passo 03: Escolha uma&#8230;<\/p>\n","protected":false},"author":3861,"featured_media":0,"parent":338,"menu_order":0,"comment_status":"closed","ping_status":"closed","template":"","meta":{"inline_featured_image":false,"site-sidebar-layout":"default","site-content-layout":"","ast-site-content-layout":"default","site-content-style":"default","site-sidebar-style":"default","ast-global-header-display":"","ast-banner-title-visibility":"","ast-main-header-display":"","ast-hfb-above-header-display":"","ast-hfb-below-header-display":"","ast-hfb-mobile-header-display":"","site-post-title":"","ast-breadcrumbs-content":"","ast-featured-img":"","footer-sml-layout":"","theme-transparent-header-meta":"","adv-header-id-meta":"","stick-header-meta":"","header-above-stick-meta":"","header-main-stick-meta":"","header-below-stick-meta":"","astra-migrate-meta-layouts":"default","ast-page-background-enabled":"default","ast-page-background-meta":{"desktop":{"background-color":"var(--ast-global-color-4)","background-image":"","background-repeat":"repeat","background-position":"center center","background-size":"auto","background-attachment":"scroll","background-type":"","background-media":"","overlay-type":"","overlay-color":"","overlay-opacity":"","overlay-gradient":""},"tablet":{"background-color":"","background-image":"","background-repeat":"repeat","background-position":"center center","background-size":"auto","background-attachment":"scroll","background-type":"","background-media":"","overlay-type":"","overlay-color":"","overlay-opacity":"","overlay-gradient":""},"mobile":{"background-color":"","background-image":"","background-repeat":"repeat","background-position":"center center","background-size":"auto","background-attachment":"scroll","background-type":"","background-media":"","overlay-type":"","overlay-color":"","overlay-opacity":"","overlay-gradient":""}},"ast-content-background-meta":{"desktop":{"background-color":"var(--ast-global-color-5)","background-image":"","background-repeat":"repeat","background-position":"center center","background-size":"auto","background-attachment":"scroll","background-type":"","background-media":"","overlay-type":"","overlay-color":"","overlay-opacity":"","overlay-gradient":""},"tablet":{"background-color":"var(--ast-global-color-5)","background-image":"","background-repeat":"repeat","background-position":"center center","background-size":"auto","background-attachment":"scroll","background-type":"","background-media":"","overlay-type":"","overlay-color":"","overlay-opacity":"","overlay-gradient":""},"mobile":{"background-color":"var(--ast-global-color-5)","background-image":"","background-repeat":"repeat","background-position":"center center","background-size":"auto","background-attachment":"scroll","background-type":"","background-media":"","overlay-type":"","overlay-color":"","overlay-opacity":"","overlay-gradient":""}},"ngg_post_thumbnail":0,"footnotes":""},"class_list":["post-354","page","type-page","status-publish","hentry"],"_links":{"self":[{"href":"https:\/\/www2.unifap.br\/ouvidoria\/wp-json\/wp\/v2\/pages\/354","targetHints":{"allow":["GET"]}}],"collection":[{"href":"https:\/\/www2.unifap.br\/ouvidoria\/wp-json\/wp\/v2\/pages"}],"about":[{"href":"https:\/\/www2.unifap.br\/ouvidoria\/wp-json\/wp\/v2\/types\/page"}],"author":[{"embeddable":true,"href":"https:\/\/www2.unifap.br\/ouvidoria\/wp-json\/wp\/v2\/users\/3861"}],"replies":[{"embeddable":true,"href":"https:\/\/www2.unifap.br\/ouvidoria\/wp-json\/wp\/v2\/comments?post=354"}],"version-history":[{"count":8,"href":"https:\/\/www2.unifap.br\/ouvidoria\/wp-json\/wp\/v2\/pages\/354\/revisions"}],"predecessor-version":[{"id":699,"href":"https:\/\/www2.unifap.br\/ouvidoria\/wp-json\/wp\/v2\/pages\/354\/revisions\/699"}],"up":[{"embeddable":true,"href":"https:\/\/www2.unifap.br\/ouvidoria\/wp-json\/wp\/v2\/pages\/338"}],"wp:attachment":[{"href":"https:\/\/www2.unifap.br\/ouvidoria\/wp-json\/wp\/v2\/media?parent=354"}],"curies":[{"name":"wp","href":"https:\/\/api.w.org\/{rel}","templated":true}]}}