{"id":358,"date":"2020-02-13T19:14:49","date_gmt":"2020-02-13T19:14:49","guid":{"rendered":"http:\/\/www2.unifap.br\/ouvidoria\/?page_id=358"},"modified":"2025-08-14T22:44:08","modified_gmt":"2025-08-14T22:44:08","slug":"acesso-a-informacao","status":"publish","type":"page","link":"https:\/\/www2.unifap.br\/ouvidoria\/acesso-a-informacao\/","title":{"rendered":"SERVI\u00c7O DE INFORMA\u00c7\u00c3O AO CIDAD\u00c3O &#8211; SIC"},"content":{"rendered":"<h3><span style=\"color: #000000\">Tenha acesso a informa\u00e7\u00f5es p\u00fablicas da UNIFAP.<\/span><\/h3>\n<p>&nbsp;<\/p>\n<p><span style=\"color: #000000\">O Servi\u00e7o de Informa\u00e7\u00e3o ao Cidad\u00e3o (SIC) \u00e9 um servi\u00e7o que integra as atividades da Ouvidoria realizado por meio do Setor de Informa\u00e7\u00e3o ao Cidad\u00e3o \u2013 SETIC.<\/span><\/p>\n<p>&nbsp;<\/p>\n<p><span style=\"color: #000000\"><strong>Localiza\u00e7\u00e3o f\u00edsica do SETIC:<\/strong><\/span><\/p>\n<p><span style=\"color: #000000\">Andar T\u00e9rreo do pr\u00e9dio da Reitoria da Universidade Federal do Amap\u00e1 &#8211; Rodovia Juscelino Kubitschek de Oliveira, km 02, Universidade, Macap\u00e1\/AP \u2013 CEP: 68903-419<\/span><\/p>\n<p>&nbsp;<\/p>\n<p><span style=\"color: #000000\"><strong>Hor\u00e1rio de atendimento<\/strong><\/span><\/p>\n<p><span style=\"color: #000000\">Segunda a sexta-feira, das 8:00h \u00e0s 12:00h\/ 14:00h \u00e0s 18:00h<\/span><\/p>\n<p><span style=\"color: #000000\"><strong>&nbsp;<\/strong><\/span><\/p>\n<p><span style=\"color: #000000\"><strong>Contatos para orienta\u00e7\u00e3o e esclarecimentos de d\u00favidas:<\/strong><\/span><\/p>\n<p>&nbsp;<\/p>\n<p><span style=\"color: #000000\">E-mail<strong>:&nbsp;<\/strong><a style=\"color: #000000\" href=\"mailto:sic@unifap.br\">sic@unifap.br<\/a><\/span><\/p>\n<p>&nbsp;<\/p>\n<p><span style=\"color: #000000\">Observa\u00e7\u00e3o: este e-mail n\u00e3o deve ser usado para encaminhar pedidos de informa\u00e7\u00f5es com base na Lei de Acesso \u00e0 Informa\u00e7\u00e3o. Os pedidos devem ser feitos atrav\u00e9s da Plataforma FalaBR, no endere\u00e7o eletr\u00f4nico &#8220;<a href=\"https:\/\/falabr.cgu.gov.br\/PainelServidor\/Principal.aspx\">https:\/\/falabr.cgu.gov.br\/PainelServidor\/Principal.aspx<\/a>&#8220;.<\/span><\/p>\n<p>&nbsp;<\/p>\n<p>&nbsp;<\/p>\n<p>&nbsp;<\/p>\n<p>&nbsp;<\/p>\n","protected":false},"excerpt":{"rendered":"<p>Tenha acesso a informa\u00e7\u00f5es p\u00fablicas da UNIFAP. &nbsp; O Servi\u00e7o de Informa\u00e7\u00e3o ao Cidad\u00e3o (SIC) \u00e9 um servi\u00e7o que integra as atividades da Ouvidoria realizado por meio do Setor de Informa\u00e7\u00e3o ao Cidad\u00e3o \u2013 SETIC. &nbsp; Localiza\u00e7\u00e3o f\u00edsica do SETIC: Andar T\u00e9rreo do pr\u00e9dio da Reitoria da Universidade Federal do Amap\u00e1 &#8211; Rodovia Juscelino Kubitschek&#8230;<\/p>\n","protected":false},"author":3861,"featured_media":0,"parent":0,"menu_order":0,"comment_status":"closed","ping_status":"closed","template":"","meta":{"inline_featured_image":false,"site-sidebar-layout":"default","site-content-layout":"default","ast-site-content-layout":"default","site-content-style":"default","site-sidebar-style":"default","ast-global-header-display":"","ast-banner-title-visibility":"","ast-main-header-display":"","ast-hfb-above-header-display":"","ast-hfb-below-header-display":"","ast-hfb-mobile-header-display":"","site-post-title":"","ast-breadcrumbs-content":"","ast-featured-img":"","footer-sml-layout":"","theme-transparent-header-meta":"default","adv-header-id-meta":"","stick-header-meta":"","header-above-stick-meta":"","header-main-stick-meta":"","header-below-stick-meta":"","astra-migrate-meta-layouts":"set","ast-page-background-enabled":"default","ast-page-background-meta":{"desktop":{"background-color":"var(--ast-global-color-4)","background-image":"","background-repeat":"repeat","background-position":"center center","background-size":"auto","background-attachment":"scroll","background-type":"","background-media":"","overlay-type":"","overlay-color":"","overlay-opacity":"","overlay-gradient":""},"tablet":{"background-color":"","background-image":"","background-repeat":"repeat","background-position":"center center","background-size":"auto","background-attachment":"scroll","background-type":"","background-media":"","overlay-type":"","overlay-color":"","overlay-opacity":"","overlay-gradient":""},"mobile":{"background-color":"","background-image":"","background-repeat":"repeat","background-position":"center center","background-size":"auto","background-attachment":"scroll","background-type":"","background-media":"","overlay-type":"","overlay-color":"","overlay-opacity":"","overlay-gradient":""}},"ast-content-background-meta":{"desktop":{"background-color":"var(--ast-global-color-5)","background-image":"","background-repeat":"repeat","background-position":"center center","background-size":"auto","background-attachment":"scroll","background-type":"","background-media":"","overlay-type":"","overlay-color":"","overlay-opacity":"","overlay-gradient":""},"tablet":{"background-color":"var(--ast-global-color-5)","background-image":"","background-repeat":"repeat","background-position":"center center","background-size":"auto","background-attachment":"scroll","background-type":"","background-media":"","overlay-type":"","overlay-color":"","overlay-opacity":"","overlay-gradient":""},"mobile":{"background-color":"var(--ast-global-color-5)","background-image":"","background-repeat":"repeat","background-position":"center center","background-size":"auto","background-attachment":"scroll","background-type":"","background-media":"","overlay-type":"","overlay-color":"","overlay-opacity":"","overlay-gradient":""}},"ngg_post_thumbnail":0,"footnotes":""},"class_list":["post-358","page","type-page","status-publish","hentry"],"_links":{"self":[{"href":"https:\/\/www2.unifap.br\/ouvidoria\/wp-json\/wp\/v2\/pages\/358","targetHints":{"allow":["GET"]}}],"collection":[{"href":"https:\/\/www2.unifap.br\/ouvidoria\/wp-json\/wp\/v2\/pages"}],"about":[{"href":"https:\/\/www2.unifap.br\/ouvidoria\/wp-json\/wp\/v2\/types\/page"}],"author":[{"embeddable":true,"href":"https:\/\/www2.unifap.br\/ouvidoria\/wp-json\/wp\/v2\/users\/3861"}],"replies":[{"embeddable":true,"href":"https:\/\/www2.unifap.br\/ouvidoria\/wp-json\/wp\/v2\/comments?post=358"}],"version-history":[{"count":15,"href":"https:\/\/www2.unifap.br\/ouvidoria\/wp-json\/wp\/v2\/pages\/358\/revisions"}],"predecessor-version":[{"id":1418,"href":"https:\/\/www2.unifap.br\/ouvidoria\/wp-json\/wp\/v2\/pages\/358\/revisions\/1418"}],"wp:attachment":[{"href":"https:\/\/www2.unifap.br\/ouvidoria\/wp-json\/wp\/v2\/media?parent=358"}],"curies":[{"name":"wp","href":"https:\/\/api.w.org\/{rel}","templated":true}]}}