{"id":384,"date":"2020-02-13T19:50:53","date_gmt":"2020-02-13T19:50:53","guid":{"rendered":"http:\/\/www2.unifap.br\/ouvidoria\/?page_id=384"},"modified":"2022-12-05T14:12:20","modified_gmt":"2022-12-05T14:12:20","slug":"atendimento","status":"publish","type":"page","link":"https:\/\/www2.unifap.br\/ouvidoria\/fale-com-a-ouvidoria\/atendimento\/","title":{"rendered":"Atendimento"},"content":{"rendered":"<p><strong>Canais de Atendimento:<\/strong><\/p>\n<p><strong>Canal e-OUV \u2013 <a href=\"https:\/\/falabr.cgu.gov.br\/publico\/Manifestacao\/SelecionarTipoManifestacao.aspx?ReturnUrl=%2f\">Plataforma Integrada de Ouvidorias e Acesso \u00e0 Informa\u00e7\u00e3o &#8211; Fala.BR&nbsp;<\/a><\/strong><strong>&nbsp; &nbsp; &nbsp; &nbsp; &nbsp; &nbsp; &nbsp; &nbsp; &nbsp; &nbsp; &nbsp; &nbsp; &nbsp; &nbsp; &nbsp; &nbsp; &nbsp; &nbsp; &nbsp; &nbsp; &nbsp; &nbsp; &nbsp; &nbsp; &nbsp; &nbsp; &nbsp; &nbsp; &nbsp; &nbsp; &nbsp; &nbsp; &nbsp; &nbsp; &nbsp; &nbsp; &nbsp; &nbsp; &nbsp; &nbsp; &nbsp; &nbsp; &nbsp; &nbsp; &nbsp; &nbsp; &nbsp; &nbsp; &nbsp; &nbsp; &nbsp; &nbsp; &nbsp; &nbsp; &nbsp; &nbsp; &nbsp; &nbsp; &nbsp; &nbsp; &nbsp; &nbsp; &nbsp; &nbsp; &nbsp; &nbsp; &nbsp; &nbsp; &nbsp; &nbsp; &nbsp; &nbsp; &nbsp; &nbsp; &nbsp; &nbsp; &nbsp; &nbsp; &nbsp; &nbsp; &nbsp; &nbsp; &nbsp; &nbsp; <\/strong><\/p>\n<p><strong>Atendimento presencial: Rodovia Juscelino Kubitschek, KM 02 \u2013 Campus Marco Zero<\/strong><\/p>\n<p><strong> Bloco da Reitoria, sala 01 \u2013 andar t\u00e9rreo e sala 02 \u2013 1\u00ba andar.&nbsp; &nbsp; &nbsp; &nbsp; &nbsp; &nbsp; &nbsp; &nbsp; &nbsp; &nbsp; &nbsp; &nbsp; &nbsp; &nbsp; &nbsp; <\/strong><\/p>\n<p><strong>Endere\u00e7o eletr\u00f4nico: <a href=\"mailto:ouvidoria@unifap.br\">ouvidoria@unifap.br<\/a>; <a href=\"mailto:ouvidoriaunifap@gmail.com\">ouvidoriaunifap@gmail.com; <\/a><\/strong><\/p>\n<p><strong>Telefone:<\/strong> 96 98145-7665 (whatsapp)<\/p>\n<p style=\"text-align: center\">Observa\u00e7\u00e3o: este e-mail e whatsapp n\u00e3o devem ser usados para encaminhar pedidos de informa\u00e7\u00f5es com base na Lei de Acesso \u00e0 Informa\u00e7\u00e3o. Os pedidos devem ser feitos por meio da plataforma <a href=\"https:\/\/falabr.cgu.gov.br\/\">Fala.BR<\/a>.<\/p>\n<p style=\"text-align: left\"><strong>Hor\u00e1rio de atendimento:<\/strong><\/p>\n<p style=\"text-align: left\">Segunda \u00e0 sexta-feira: 08:00h \u00e0s 12:00h\/14:00h \u00e0s 18:00h<\/p>\n<p style=\"text-align: left\">Presencial: com agendamento por whatsapp<\/p>\n<p style=\"text-align: left\">Whatsapp: por ordem de recebimento de mensagens<strong>&nbsp; &nbsp; &nbsp; &nbsp; &nbsp; &nbsp; &nbsp; &nbsp; &nbsp; &nbsp; &nbsp; &nbsp; &nbsp; &nbsp; &nbsp; &nbsp; &nbsp; &nbsp; &nbsp; &nbsp; &nbsp; &nbsp; &nbsp; &nbsp; &nbsp; &nbsp; &nbsp; &nbsp; &nbsp; &nbsp; &nbsp; &nbsp; &nbsp; &nbsp; &nbsp; &nbsp; &nbsp; &nbsp; &nbsp; &nbsp; &nbsp; &nbsp; &nbsp; &nbsp; &nbsp; &nbsp; &nbsp; &nbsp; &nbsp; &nbsp; &nbsp; &nbsp; &nbsp; &nbsp; &nbsp; &nbsp; &nbsp; &nbsp; &nbsp; &nbsp; &nbsp; &nbsp; &nbsp; &nbsp; &nbsp; &nbsp; &nbsp; &nbsp; &nbsp; &nbsp; &nbsp; &nbsp; &nbsp; &nbsp; &nbsp; &nbsp; &nbsp; &nbsp; &nbsp; &nbsp; &nbsp; &nbsp; &nbsp; &nbsp; &nbsp;&nbsp;<\/strong><\/p>\n","protected":false},"excerpt":{"rendered":"<p>Canais de Atendimento: Canal e-OUV \u2013 Plataforma Integrada de Ouvidorias e Acesso \u00e0 Informa\u00e7\u00e3o &#8211; Fala.BR&nbsp;&nbsp; &nbsp; &nbsp; &nbsp; &nbsp; &nbsp; &nbsp; &nbsp; &nbsp; &nbsp; &nbsp; &nbsp; &nbsp; &nbsp; &nbsp; &nbsp; &nbsp; &nbsp; &nbsp; &nbsp; &nbsp; &nbsp; &nbsp; &nbsp; &nbsp; &nbsp; &nbsp; &nbsp; &nbsp; &nbsp; &nbsp; &nbsp; &nbsp; &nbsp; &nbsp; &nbsp; &nbsp; &nbsp; &nbsp; &nbsp;&#8230;<\/p>\n","protected":false},"author":3861,"featured_media":0,"parent":338,"menu_order":0,"comment_status":"closed","ping_status":"closed","template":"","meta":{"inline_featured_image":false,"site-sidebar-layout":"default","site-content-layout":"","ast-site-content-layout":"default","site-content-style":"default","site-sidebar-style":"default","ast-global-header-display":"","ast-banner-title-visibility":"","ast-main-header-display":"","ast-hfb-above-header-display":"","ast-hfb-below-header-display":"","ast-hfb-mobile-header-display":"","site-post-title":"","ast-breadcrumbs-content":"","ast-featured-img":"","footer-sml-layout":"","theme-transparent-header-meta":"","adv-header-id-meta":"","stick-header-meta":"","header-above-stick-meta":"","header-main-stick-meta":"","header-below-stick-meta":"","astra-migrate-meta-layouts":"default","ast-page-background-enabled":"default","ast-page-background-meta":{"desktop":{"background-color":"var(--ast-global-color-4)","background-image":"","background-repeat":"repeat","background-position":"center center","background-size":"auto","background-attachment":"scroll","background-type":"","background-media":"","overlay-type":"","overlay-color":"","overlay-opacity":"","overlay-gradient":""},"tablet":{"background-color":"","background-image":"","background-repeat":"repeat","background-position":"center center","background-size":"auto","background-attachment":"scroll","background-type":"","background-media":"","overlay-type":"","overlay-color":"","overlay-opacity":"","overlay-gradient":""},"mobile":{"background-color":"","background-image":"","background-repeat":"repeat","background-position":"center center","background-size":"auto","background-attachment":"scroll","background-type":"","background-media":"","overlay-type":"","overlay-color":"","overlay-opacity":"","overlay-gradient":""}},"ast-content-background-meta":{"desktop":{"background-color":"var(--ast-global-color-5)","background-image":"","background-repeat":"repeat","background-position":"center center","background-size":"auto","background-attachment":"scroll","background-type":"","background-media":"","overlay-type":"","overlay-color":"","overlay-opacity":"","overlay-gradient":""},"tablet":{"background-color":"var(--ast-global-color-5)","background-image":"","background-repeat":"repeat","background-position":"center center","background-size":"auto","background-attachment":"scroll","background-type":"","background-media":"","overlay-type":"","overlay-color":"","overlay-opacity":"","overlay-gradient":""},"mobile":{"background-color":"var(--ast-global-color-5)","background-image":"","background-repeat":"repeat","background-position":"center center","background-size":"auto","background-attachment":"scroll","background-type":"","background-media":"","overlay-type":"","overlay-color":"","overlay-opacity":"","overlay-gradient":""}},"ngg_post_thumbnail":0,"footnotes":""},"class_list":["post-384","page","type-page","status-publish","hentry"],"_links":{"self":[{"href":"https:\/\/www2.unifap.br\/ouvidoria\/wp-json\/wp\/v2\/pages\/384","targetHints":{"allow":["GET"]}}],"collection":[{"href":"https:\/\/www2.unifap.br\/ouvidoria\/wp-json\/wp\/v2\/pages"}],"about":[{"href":"https:\/\/www2.unifap.br\/ouvidoria\/wp-json\/wp\/v2\/types\/page"}],"author":[{"embeddable":true,"href":"https:\/\/www2.unifap.br\/ouvidoria\/wp-json\/wp\/v2\/users\/3861"}],"replies":[{"embeddable":true,"href":"https:\/\/www2.unifap.br\/ouvidoria\/wp-json\/wp\/v2\/comments?post=384"}],"version-history":[{"count":7,"href":"https:\/\/www2.unifap.br\/ouvidoria\/wp-json\/wp\/v2\/pages\/384\/revisions"}],"predecessor-version":[{"id":388,"href":"https:\/\/www2.unifap.br\/ouvidoria\/wp-json\/wp\/v2\/pages\/384\/revisions\/388"}],"up":[{"embeddable":true,"href":"https:\/\/www2.unifap.br\/ouvidoria\/wp-json\/wp\/v2\/pages\/338"}],"wp:attachment":[{"href":"https:\/\/www2.unifap.br\/ouvidoria\/wp-json\/wp\/v2\/media?parent=384"}],"curies":[{"name":"wp","href":"https:\/\/api.w.org\/{rel}","templated":true}]}}