{"id":852,"date":"2022-08-23T18:16:03","date_gmt":"2022-08-23T18:16:03","guid":{"rendered":"https:\/\/www2.unifap.br\/ouvidoria\/?page_id=852"},"modified":"2022-08-23T18:16:03","modified_gmt":"2022-08-23T18:16:03","slug":"protecao-ao-denunciante","status":"publish","type":"page","link":"https:\/\/www2.unifap.br\/ouvidoria\/protecao-ao-denunciante\/","title":{"rendered":"PROTE\u00c7\u00c3O AO DENUNCIANTE"},"content":{"rendered":"<h2>PROTE\u00c7\u00c3O AO DENUNCIANTE<\/h2>\n<h2>INTRODU\u00c7\u00c3O<\/h2>\n<p>A principal norma de prote\u00e7\u00e3o \u00e0 identidade do denunciante de il\u00edcito ou de irregularidade praticados contra \u00f3rg\u00e3os e entidades da administra\u00e7\u00e3o p\u00fablica federal, direta e indireta \u00e9 o&nbsp;<a class=\"external-link\" title=\"\" href=\"http:\/\/www.planalto.gov.br\/ccivil_03\/_ato2019-2022\/2019\/decreto\/D10153.htm\" target=\"_self\" data-tippreview-enabled=\"false\" data-tippreview-image=\"\" data-tippreview-title=\"\" rel=\"noopener\">Decreto n. 10.153\/2019<\/a>.<\/p>\n<p>&nbsp;<\/p>\n<h2 class=\"mceContentBody documentContent cover-layout-layout-vazio template- portaltype-collective-cover-content site-pt-br section-ouvidorias subsection-sistema-de-ouvidoria-do-poder-executivo-federal-sisouv subsection-sistema-de-ouvidoria-do-poder-executivo-federal-sisouv-normas-procedimentais subsection-sistema-de-ouvidoria-do-poder-executivo-federal-sisouv-normas-procedimentais-protecao-ao-denunciante icons-on userrole-owner userrole-member userrole-site-administrator userrole-authenticated vsc-initialized\" style=\"text-align: left\">Portaria CGU n. 581\/2021<\/h2>\n<p class=\"dou-paragraph\" style=\"text-align: left\">Se\u00e7\u00e3o III<\/p>\n<p class=\"dou-paragraph\" style=\"text-align: left\">Da prote\u00e7\u00e3o ao denunciante<\/p>\n<p class=\"dou-paragraph\" style=\"text-align: left\">Subse\u00e7\u00e3o I<\/p>\n<p class=\"dou-paragraph\" style=\"text-align: left\">Das garantias e prote\u00e7\u00f5es aos denunciantes<\/p>\n<p class=\"dou-paragraph\">Art. 30. Compete \u00e0s unidades do SisOuv receber as den\u00fancias dirigidas ao \u00f3rg\u00e3o ou entidade a que estejam vinculadas, nos termos do art. 4\u00ba do Decreto n\u00ba 10.153, de 2019.<\/p>\n<p class=\"dou-paragraph\">Par\u00e1grafo \u00fanico. As unidades do SisOuv adotar\u00e3o, no \u00e2mbito de suas compet\u00eancias, as a\u00e7\u00f5es necess\u00e1rias ao correto cumprimento do art. 4\u00ba do Decreto n\u00ba 10.153, de 2019.<\/p>\n<p class=\"dou-paragraph\">Art. 31. Desde o recebimento da den\u00fancia, as unidades do SisOuv adotar\u00e3o as medidas necess\u00e1rias \u00e0 salvaguarda da identidade do denunciante e \u00e0 prote\u00e7\u00e3o das informa\u00e7\u00f5es recebidas, nos termos do Decreto n\u00ba 10.153, de 2019.<\/p>\n<p class=\"dou-paragraph\">\u00a7 1\u00ba A prote\u00e7\u00e3o \u00e0 identidade do denunciante se dar\u00e1 por meio da ado\u00e7\u00e3o de salvaguardas de acesso aos seus dados, que dever\u00e3o estar restritos aos agentes p\u00fablicos com necessidade de conhecer, pelo prazo de cem anos, nos termos do \u00a7 1\u00ba do art. 6\u00ba do Decreto n\u00ba 10.153, de 2019.<\/p>\n<p class=\"dou-paragraph\">\u00a7 2\u00ba A necessidade de conhecer ser\u00e1 declarada pelo agente p\u00fablico com compet\u00eancia para executar o processo apurat\u00f3rio, quando for indispens\u00e1vel \u00e0 an\u00e1lise dos fatos narrados na den\u00fancia.<\/p>\n<p class=\"dou-paragraph\">\u00a7 3\u00ba A prote\u00e7\u00e3o \u00e0 identidade independe de pr\u00e9via habilita\u00e7\u00e3o da den\u00fancia pela unidade do SisOuv.<\/p>\n<p class=\"dou-paragraph\" style=\"text-align: left\">Subse\u00e7\u00e3o II<\/p>\n<p class=\"dou-paragraph\" style=\"text-align: left\">Do compartilhamento e do consentimento<\/p>\n<p class=\"dou-paragraph\">Art. 32. O compartilhamento dos elementos de identifica\u00e7\u00e3o do denunciante entre \u00f3rg\u00e3os ou entidades distintas poder\u00e1 ser realizado sob as seguintes hip\u00f3teses:<\/p>\n<p class=\"dou-paragraph\">I &#8211; mediante consentimento do titular, nos casos em que haja a necessidade de tratamento da den\u00fancia por unidade de ouvidoria distinta da que recebeu a manifesta\u00e7\u00e3o;<\/p>\n<p class=\"dou-paragraph\">II &#8211; para cumprimento de ordem judicial; ou<\/p>\n<p class=\"dou-paragraph\">III &#8211; mediante requerimento de \u00f3rg\u00e3os de apura\u00e7\u00e3o, quando indispens\u00e1vel \u00e0 an\u00e1lise dos fatos relatados na den\u00fancia.<\/p>\n<p class=\"dou-paragraph\">Art. 33. Na hip\u00f3tese prevista no inciso I do art. 32 desta Portaria, a unidade do SisOuv que receber a den\u00fancia dever\u00e1 solicitar o consentimento do denunciante para o compartilhamento de seus elementos de identifica\u00e7\u00e3o, o qual ter\u00e1 o prazo de vinte dias para se manifestar.<\/p>\n<p class=\"dou-paragraph\">\u00a7 1\u00ba A aus\u00eancia de manifesta\u00e7\u00e3o do denunciante ser\u00e1 considerada negativa de consentimento, para todos os efeitos.<\/p>\n<p class=\"dou-paragraph\">\u00a7 2\u00ba O disposto no caput n\u00e3o impede que a unidade de ouvidoria promova o encaminhamento de den\u00fancia pseudonimizada a outra unidade, desde o momento de seu recebimento, quando os elementos de identidade do denunciante n\u00e3o se revelarem essenciais para a caracteriza\u00e7\u00e3o do fato relatado.<\/p>\n<p class=\"dou-paragraph\" style=\"text-align: left\">Subse\u00e7\u00e3o III<\/p>\n<p class=\"dou-paragraph\" style=\"text-align: left\">Do procedimento de pseudonimiza\u00e7\u00e3o<\/p>\n<p class=\"dou-paragraph\">Art. 34. No procedimento de pseudonimiza\u00e7\u00e3o, a unidade do SisOuv dever\u00e1 suprimir os elementos de identifica\u00e7\u00e3o que permitam a associa\u00e7\u00e3o da den\u00fancia a um indiv\u00edduo, sen\u00e3o pelo uso de informa\u00e7\u00e3o adicional mantida no sistema a que se refere o art. 23 desta Portaria.<\/p>\n<p class=\"dou-paragraph\">Art. 35. Constituem elementos de identifica\u00e7\u00e3o, nos termos do art. 2\u00ba do Decreto n\u00ba 10.046, de 9 de outubro de 2019, no m\u00ednimo:<\/p>\n<p class=\"dou-paragraph\">I &#8211; dados cadastrais;<\/p>\n<p class=\"dou-paragraph\">II &#8211; atributos gen\u00e9ticos;<\/p>\n<p class=\"dou-paragraph\">III &#8211; atributos biom\u00e9tricos; e<\/p>\n<p class=\"dou-paragraph\">IV &#8211; dados biogr\u00e1ficos.<\/p>\n<p class=\"dou-paragraph\">\u00a7 1\u00ba Al\u00e9m dos campos de cadastro do manifestante, o procedimento de pseudonimiza\u00e7\u00e3o dever\u00e1 se estender \u00e0 descri\u00e7\u00e3o do fato e seus anexos, observando-se, no m\u00ednimo:<\/p>\n<p class=\"dou-paragraph\">I &#8211; em registros fotogr\u00e1ficos ou fonogr\u00e1ficos, verificar a exist\u00eancia de dados biom\u00e9tricos tais como voz do denunciante ou imagem sua, ou que permitam identific\u00e1-lo; e<\/p>\n<p class=\"dou-paragraph\">II &#8211; na descri\u00e7\u00e3o do fato e no texto de documentos anexos, verificar a exist\u00eancia de narrativas em primeira pessoa que associem o denunciante a indiv\u00edduos, locais, tempos ou fatos espec\u00edficos.<\/p>\n<p class=\"dou-paragraph\">\u00a7 2\u00ba Constituem meios de pseudonimiza\u00e7\u00e3o a serem adotados, dentre outros:<\/p>\n<p class=\"dou-paragraph\">I &#8211; produ\u00e7\u00e3o de extrato;<\/p>\n<p class=\"dou-paragraph\">II &#8211; produ\u00e7\u00e3o de vers\u00e3o tarjada; e<\/p>\n<p class=\"dou-paragraph\">III &#8211; redu\u00e7\u00e3o a termo de grava\u00e7\u00e3o ou relato descritivo de imagem.<\/p>\n<p class=\"dou-paragraph\">\u00a7 3\u00ba As den\u00fancias que demandarem trabalho desproporcional para a sua pseudonimiza\u00e7\u00e3o poder\u00e3o ser encaminhadas \u00e0s \u00e1reas de apura\u00e7\u00e3o sem seus anexos, com indica\u00e7\u00e3o de que os documentos est\u00e3o sob a guarda da ouvidoria e que se encontram dispon\u00edveis mediante solicita\u00e7\u00e3o formal da \u00e1rea de apura\u00e7\u00e3o, nos termos do Decreto n\u00ba 10.153, de 2019.<\/p>\n<p class=\"dou-paragraph\">Subse\u00e7\u00e3o III-A<\/p>\n<p class=\"dou-paragraph\">Das den\u00fancias de retalia\u00e7\u00e3o<\/p>\n<p class=\"dou-paragraph\">Art. 35-A. Compete exclusivamente ao \u00f3rg\u00e3o central receber e apurar as den\u00fancias relativas \u00e0s pr\u00e1ticas de retalia\u00e7\u00e3o contra denunciantes praticadas por agentes p\u00fablicos dos \u00f3rg\u00e3os e entidades a que se refere o art. 2\u00ba do Decreto n\u00ba 10.153, de 2019, bem como instaurar e julgar os processos para responsabiliza\u00e7\u00e3o administrativa resultantes de tais apura\u00e7\u00f5es.<\/p>\n<p class=\"dou-paragraph\">\u00a7 1\u00ba As unidades setoriais do SisOuv que receberem den\u00fancias de que trata o caput as encaminhar\u00e3o imediatamente ao \u00f3rg\u00e3o central.<\/p>\n<p class=\"dou-paragraph\">\u00a7 2\u00ba Para fins de an\u00e1lise pr\u00e9via e instru\u00e7\u00e3o processual, o \u00f3rg\u00e3o central poder\u00e1 solicitar informa\u00e7\u00f5es \u00e0s unidades setoriais do SisOuv a qualquer momento, as quais dever\u00e3o respond\u00ea-lo no prazo de 20 (vinte) dias, prorrog\u00e1veis uma \u00fanica vez por igual per\u00edodo.<\/p>\n<p class=\"dou-paragraph\">\u00a7 3\u00ba O disposto neste artigo n\u00e3o impede a manuten\u00e7\u00e3o ou desenvolvimento de pol\u00edticas internas antirretalia\u00e7\u00e3o, que contemplem medidas preventivas e campanhas orientativas a todos os agentes da organiza\u00e7\u00e3o, observados o disposto no Decreto n\u00ba 10.153, de 2019.<\/p>\n<p class=\"dou-paragraph\">(inserido pela Portaria CGU n\u00ba 3.126\/2021)<\/p>\n","protected":false},"excerpt":{"rendered":"<p>PROTE\u00c7\u00c3O AO DENUNCIANTE INTRODU\u00c7\u00c3O A principal norma de prote\u00e7\u00e3o \u00e0 identidade do denunciante de il\u00edcito ou de irregularidade praticados contra \u00f3rg\u00e3os e entidades da administra\u00e7\u00e3o p\u00fablica federal, direta e indireta \u00e9 o&nbsp;Decreto n. 10.153\/2019. &nbsp; Portaria CGU n. 581\/2021 Se\u00e7\u00e3o III Da prote\u00e7\u00e3o ao denunciante Subse\u00e7\u00e3o I Das garantias e prote\u00e7\u00f5es aos denunciantes Art. 30&#8230;.<\/p>\n","protected":false},"author":3861,"featured_media":0,"parent":0,"menu_order":0,"comment_status":"closed","ping_status":"closed","template":"","meta":{"inline_featured_image":false,"site-sidebar-layout":"default","site-content-layout":"","ast-site-content-layout":"default","site-content-style":"default","site-sidebar-style":"default","ast-global-header-display":"","ast-banner-title-visibility":"","ast-main-header-display":"","ast-hfb-above-header-display":"","ast-hfb-below-header-display":"","ast-hfb-mobile-header-display":"","site-post-title":"","ast-breadcrumbs-content":"","ast-featured-img":"","footer-sml-layout":"","theme-transparent-header-meta":"","adv-header-id-meta":"","stick-header-meta":"","header-above-stick-meta":"","header-main-stick-meta":"","header-below-stick-meta":"","astra-migrate-meta-layouts":"default","ast-page-background-enabled":"default","ast-page-background-meta":{"desktop":{"background-color":"var(--ast-global-color-4)","background-image":"","background-repeat":"repeat","background-position":"center center","background-size":"auto","background-attachment":"scroll","background-type":"","background-media":"","overlay-type":"","overlay-color":"","overlay-opacity":"","overlay-gradient":""},"tablet":{"background-color":"","background-image":"","background-repeat":"repeat","background-position":"center center","background-size":"auto","background-attachment":"scroll","background-type":"","background-media":"","overlay-type":"","overlay-color":"","overlay-opacity":"","overlay-gradient":""},"mobile":{"background-color":"","background-image":"","background-repeat":"repeat","background-position":"center center","background-size":"auto","background-attachment":"scroll","background-type":"","background-media":"","overlay-type":"","overlay-color":"","overlay-opacity":"","overlay-gradient":""}},"ast-content-background-meta":{"desktop":{"background-color":"var(--ast-global-color-5)","background-image":"","background-repeat":"repeat","background-position":"center center","background-size":"auto","background-attachment":"scroll","background-type":"","background-media":"","overlay-type":"","overlay-color":"","overlay-opacity":"","overlay-gradient":""},"tablet":{"background-color":"var(--ast-global-color-5)","background-image":"","background-repeat":"repeat","background-position":"center center","background-size":"auto","background-attachment":"scroll","background-type":"","background-media":"","overlay-type":"","overlay-color":"","overlay-opacity":"","overlay-gradient":""},"mobile":{"background-color":"var(--ast-global-color-5)","background-image":"","background-repeat":"repeat","background-position":"center center","background-size":"auto","background-attachment":"scroll","background-type":"","background-media":"","overlay-type":"","overlay-color":"","overlay-opacity":"","overlay-gradient":""}},"ngg_post_thumbnail":0,"footnotes":""},"class_list":["post-852","page","type-page","status-publish","hentry"],"_links":{"self":[{"href":"https:\/\/www2.unifap.br\/ouvidoria\/wp-json\/wp\/v2\/pages\/852","targetHints":{"allow":["GET"]}}],"collection":[{"href":"https:\/\/www2.unifap.br\/ouvidoria\/wp-json\/wp\/v2\/pages"}],"about":[{"href":"https:\/\/www2.unifap.br\/ouvidoria\/wp-json\/wp\/v2\/types\/page"}],"author":[{"embeddable":true,"href":"https:\/\/www2.unifap.br\/ouvidoria\/wp-json\/wp\/v2\/users\/3861"}],"replies":[{"embeddable":true,"href":"https:\/\/www2.unifap.br\/ouvidoria\/wp-json\/wp\/v2\/comments?post=852"}],"version-history":[{"count":1,"href":"https:\/\/www2.unifap.br\/ouvidoria\/wp-json\/wp\/v2\/pages\/852\/revisions"}],"predecessor-version":[{"id":855,"href":"https:\/\/www2.unifap.br\/ouvidoria\/wp-json\/wp\/v2\/pages\/852\/revisions\/855"}],"wp:attachment":[{"href":"https:\/\/www2.unifap.br\/ouvidoria\/wp-json\/wp\/v2\/media?parent=852"}],"curies":[{"name":"wp","href":"https:\/\/api.w.org\/{rel}","templated":true}]}}