{"id":921,"date":"2023-01-22T15:22:38","date_gmt":"2023-01-22T15:22:38","guid":{"rendered":"https:\/\/www2.unifap.br\/ouvidoria\/?page_id=921"},"modified":"2024-08-23T14:09:05","modified_gmt":"2024-08-23T14:09:05","slug":"publicacao-do-edital-de-selecao-pgd-no-01-2023-audint-unifap","status":"publish","type":"page","link":"https:\/\/www2.unifap.br\/ouvidoria\/publicacao-do-edital-de-selecao-pgd-no-01-2023-audint-unifap\/","title":{"rendered":"Programa de Gest\u00e3o Ouvidoria"},"content":{"rendered":"<h3>PROGRAMA DE GEST\u00c3O UNIFAP<\/h3>\n<p>A Ouvidora, no uso de suas atribui\u00e7\u00f5es, tendo em vista o disposto na Instru\u00e7\u00e3o Normativa SGP-SEGES\/ME N\u00ba 2, de 10 de janeiro de 2023 e Decreto n\u00ba. 11.072, de 17 de maio de 2022, publica o Edital de Sele\u00e7\u00e3o PGD n\u00ba 01\/2023-OUVIDORIA\/UNIFAP.<\/p>\n<p>O referido edital visa dar publicidade dos servidores desta Unidade que ir\u00e3o aderir ao Programa de Gest\u00e3o.&nbsp;<\/p>\n<h3>EDITAL<\/h3>\n<p>22\/01\/2023- <a href=\"http:\/\/www2.unifap.br\/ouvidoria\/files\/2023\/01\/Edital-001-2023-PGD-Ouvidoria.pdf\">EDITAL DO PROGRAMA DE GEST\u00c3O 001\/2023 &#8211; OUVIDORIA<\/a><\/p>\n<h3>LEGISLA\u00c7\u00c3O E NORMAS<\/h3>\n<p><a href=\"http:\/\/www2.unifap.br\/audint\/files\/2023\/01\/PORTARIA-0818-2022-UNIFAP.pdf\" target=\"_blank\" rel=\"noopener\">Portaria n\u00ba 0818-2022-UNIFAP<\/a><\/p>\n<p><a href=\"http:\/\/www.planalto.gov.br\/ccivil_03\/_ato2019-2022\/2022\/decreto\/D11072.htm\" target=\"_blank\" rel=\"noopener\">Decreto n\u00ba 11.072, de 17 de maio de 2022<\/a>&nbsp;\u2013 Disp\u00f5e sobre o Programa de Gest\u00e3o e Desempenho \u2013 PGD da administra\u00e7\u00e3o p\u00fablica federal direta, aut\u00e1rquica e fundacional.<\/p>\n","protected":false},"excerpt":{"rendered":"<p>PROGRAMA DE GEST\u00c3O UNIFAP A Ouvidora, no uso de suas atribui\u00e7\u00f5es, tendo em vista o disposto na Instru\u00e7\u00e3o Normativa SGP-SEGES\/ME N\u00ba 2, de 10 de janeiro de 2023 e Decreto n\u00ba. 11.072, de 17 de maio de 2022, publica o Edital de Sele\u00e7\u00e3o PGD n\u00ba 01\/2023-OUVIDORIA\/UNIFAP. O referido edital visa dar publicidade dos servidores desta&#8230;<\/p>\n","protected":false},"author":3861,"featured_media":0,"parent":0,"menu_order":0,"comment_status":"closed","ping_status":"closed","template":"","meta":{"inline_featured_image":false,"site-sidebar-layout":"default","site-content-layout":"","ast-site-content-layout":"default","site-content-style":"default","site-sidebar-style":"default","ast-global-header-display":"","ast-banner-title-visibility":"","ast-main-header-display":"","ast-hfb-above-header-display":"","ast-hfb-below-header-display":"","ast-hfb-mobile-header-display":"","site-post-title":"","ast-breadcrumbs-content":"","ast-featured-img":"","footer-sml-layout":"","theme-transparent-header-meta":"default","adv-header-id-meta":"","stick-header-meta":"","header-above-stick-meta":"","header-main-stick-meta":"","header-below-stick-meta":"","astra-migrate-meta-layouts":"set","ast-page-background-enabled":"default","ast-page-background-meta":{"desktop":{"background-color":"var(--ast-global-color-4)","background-image":"","background-repeat":"repeat","background-position":"center center","background-size":"auto","background-attachment":"scroll","background-type":"","background-media":"","overlay-type":"","overlay-color":"","overlay-opacity":"","overlay-gradient":""},"tablet":{"background-color":"","background-image":"","background-repeat":"repeat","background-position":"center center","background-size":"auto","background-attachment":"scroll","background-type":"","background-media":"","overlay-type":"","overlay-color":"","overlay-opacity":"","overlay-gradient":""},"mobile":{"background-color":"","background-image":"","background-repeat":"repeat","background-position":"center center","background-size":"auto","background-attachment":"scroll","background-type":"","background-media":"","overlay-type":"","overlay-color":"","overlay-opacity":"","overlay-gradient":""}},"ast-content-background-meta":{"desktop":{"background-color":"var(--ast-global-color-5)","background-image":"","background-repeat":"repeat","background-position":"center center","background-size":"auto","background-attachment":"scroll","background-type":"","background-media":"","overlay-type":"","overlay-color":"","overlay-opacity":"","overlay-gradient":""},"tablet":{"background-color":"var(--ast-global-color-5)","background-image":"","background-repeat":"repeat","background-position":"center center","background-size":"auto","background-attachment":"scroll","background-type":"","background-media":"","overlay-type":"","overlay-color":"","overlay-opacity":"","overlay-gradient":""},"mobile":{"background-color":"var(--ast-global-color-5)","background-image":"","background-repeat":"repeat","background-position":"center center","background-size":"auto","background-attachment":"scroll","background-type":"","background-media":"","overlay-type":"","overlay-color":"","overlay-opacity":"","overlay-gradient":""}},"ngg_post_thumbnail":0,"footnotes":""},"class_list":["post-921","page","type-page","status-publish","hentry"],"_links":{"self":[{"href":"https:\/\/www2.unifap.br\/ouvidoria\/wp-json\/wp\/v2\/pages\/921","targetHints":{"allow":["GET"]}}],"collection":[{"href":"https:\/\/www2.unifap.br\/ouvidoria\/wp-json\/wp\/v2\/pages"}],"about":[{"href":"https:\/\/www2.unifap.br\/ouvidoria\/wp-json\/wp\/v2\/types\/page"}],"author":[{"embeddable":true,"href":"https:\/\/www2.unifap.br\/ouvidoria\/wp-json\/wp\/v2\/users\/3861"}],"replies":[{"embeddable":true,"href":"https:\/\/www2.unifap.br\/ouvidoria\/wp-json\/wp\/v2\/comments?post=921"}],"version-history":[{"count":7,"href":"https:\/\/www2.unifap.br\/ouvidoria\/wp-json\/wp\/v2\/pages\/921\/revisions"}],"predecessor-version":[{"id":1089,"href":"https:\/\/www2.unifap.br\/ouvidoria\/wp-json\/wp\/v2\/pages\/921\/revisions\/1089"}],"wp:attachment":[{"href":"https:\/\/www2.unifap.br\/ouvidoria\/wp-json\/wp\/v2\/media?parent=921"}],"curies":[{"name":"wp","href":"https:\/\/api.w.org\/{rel}","templated":true}]}}