{"id":944,"date":"2023-03-02T18:28:32","date_gmt":"2023-03-02T18:28:32","guid":{"rendered":"https:\/\/www2.unifap.br\/ouvidoria\/?page_id=944"},"modified":"2023-03-02T18:40:58","modified_gmt":"2023-03-02T18:40:58","slug":"dados-abertos","status":"publish","type":"page","link":"https:\/\/www2.unifap.br\/ouvidoria\/dados-abertos\/","title":{"rendered":"DADOS ABERTOS"},"content":{"rendered":"<p><a href=\"https:\/\/docs.google.com\/forms\/d\/e\/1FAIpQLSedCa56__OAk_Fd-rKKq7lmekNgZCmxclyBrdg9AvtTNN9hXg\/viewform\"><img fetchpriority=\"high\" decoding=\"async\" class=\"wp-image-951 aligncenter\" src=\"http:\/\/www2.unifap.br\/ouvidoria\/files\/2023\/03\/WhatsApp-Image-2023-02-28-at-09.44.46-300x201.jpeg\" alt=\"\" width=\"718\" height=\"481\" srcset=\"https:\/\/www2.unifap.br\/ouvidoria\/files\/2023\/03\/WhatsApp-Image-2023-02-28-at-09.44.46-300x201.jpeg 300w, https:\/\/www2.unifap.br\/ouvidoria\/files\/2023\/03\/WhatsApp-Image-2023-02-28-at-09.44.46-1024x686.jpeg 1024w, https:\/\/www2.unifap.br\/ouvidoria\/files\/2023\/03\/WhatsApp-Image-2023-02-28-at-09.44.46-768x515.jpeg 768w, https:\/\/www2.unifap.br\/ouvidoria\/files\/2023\/03\/WhatsApp-Image-2023-02-28-at-09.44.46-1536x1029.jpeg 1536w, https:\/\/www2.unifap.br\/ouvidoria\/files\/2023\/03\/WhatsApp-Image-2023-02-28-at-09.44.46.jpeg 1600w\" sizes=\"(max-width: 718px) 100vw, 718px\" \/><\/a><\/p>\n<h2 class=\"single-post-title entry-title\" style=\"text-align: center\">Consulta P\u00fablica \u00e9 disponibilizada para comunidade<\/h2>\n<blockquote><p><em>A a\u00e7\u00e3o tem como objetivo catalogar o grau de relev\u00e2ncia dos dados que ser\u00e3o disponibilizados e livremente acessados por qualquer pessoa em qualquer lugar.&nbsp;<\/em><\/p><\/blockquote>\n<p>A comiss\u00e3o que trabalha na cataloga\u00e7\u00e3o de dados abertos da Universidade Federal do Amap\u00e1 (Unifap) promove&nbsp;<strong><a href=\"https:\/\/docs.google.com\/forms\/d\/e\/1FAIpQLSedCa56__OAk_Fd-rKKq7lmekNgZCmxclyBrdg9AvtTNN9hXg\/viewform\">consulta p\u00fablica<\/a><\/strong>&nbsp;para o recebimento de contribui\u00e7\u00f5es da sociedade quanto a publica\u00e7\u00e3o dos Dados Abertos da UNIFAP. A participa\u00e7\u00e3o do cidad\u00e3o \u00e9 fundamental para o fortalecimento da transpar\u00eancia p\u00fablica, do controle social e na efici\u00eancia da gest\u00e3o da institui\u00e7\u00e3o de Ensino Superior.<\/p>\n<p>Para avaliar, o interessado deve acessar o link:&nbsp;<strong><a href=\"https:\/\/docs.google.com\/forms\/d\/e\/1FAIpQLSedCa56__OAk_Fd-rKKq7lmekNgZCmxclyBrdg9AvtTNN9hXg\/viewform\">https:\/\/docs.google.com\/forms\/d\/e\/1FAIpQLSedCa56__OAk_Fd-rKKq7lmekNgZCmxclyBrdg9AvtTNN9hXg\/viewform<\/a><\/strong><\/p>\n<p>Ser\u00e3o atribu\u00eddos o grau de relev\u00e2ncia social e o interesse na disponibilidade dos dados apresentados na avalia\u00e7\u00e3o. Deve ser atribu\u00eddo uma nota entre 0 \u00e0 3 pontos para cada dado avaliado. Acompanhamento dos empenhos e execu\u00e7\u00e3o or\u00e7ament\u00e1rios; concess\u00e3o de bolsas e aux\u00edlios financeiros; progress\u00e3o de servidores, consumo e custo com combust\u00edveis, entre outras, s\u00e3o alguns dos itens dispon\u00edveis para avalia\u00e7\u00e3o. Ao todo, 50 dados foram disponibilizados para a atribui\u00e7\u00e3o de notas de relev\u00e2ncia de interesse p\u00fablico.<\/p>\n<p><strong>O que s\u00e3o Dados Abertos<\/strong><\/p>\n<p>Dados Abertos s\u00e3o dados que podem ser livremente acessados, modificados e compartilhados por qualquer pessoa. A Universidade Federal do Amap\u00e1 tem um conjunto de dados em sua posse que podem ser abertos, para disponibiliz\u00e1-los \u00e0 sociedade e, assim, ampliar suas a\u00e7\u00f5es de transpar\u00eancia e presta\u00e7\u00e3o de contas.<\/p>\n<p>_________________________________________________________________<\/p>\n<p><strong>Conhe\u00e7a as Redes Oficiais da OUVIDORIA:<\/strong><\/p>\n<h6><strong>Instagram \u2013 <\/strong><a href=\"https:\/\/www.instagram.com\/ouvidoriaunifap\/\">OUVIDORIA UNIFAP<\/a><\/h6>\n<p>&nbsp;<\/p>\n<p>&nbsp;<\/p>\n<p>&nbsp;<\/p>\n","protected":false},"excerpt":{"rendered":"<p>Consulta P\u00fablica \u00e9 disponibilizada para comunidade A a\u00e7\u00e3o tem como objetivo catalogar o grau de relev\u00e2ncia dos dados que ser\u00e3o disponibilizados e livremente acessados por qualquer pessoa em qualquer lugar.&nbsp; A comiss\u00e3o que trabalha na cataloga\u00e7\u00e3o de dados abertos da Universidade Federal do Amap\u00e1 (Unifap) promove&nbsp;consulta p\u00fablica&nbsp;para o recebimento de contribui\u00e7\u00f5es da sociedade quanto a&#8230;<\/p>\n","protected":false},"author":3861,"featured_media":0,"parent":0,"menu_order":0,"comment_status":"closed","ping_status":"closed","template":"","meta":{"inline_featured_image":false,"site-sidebar-layout":"default","site-content-layout":"","ast-site-content-layout":"default","site-content-style":"default","site-sidebar-style":"default","ast-global-header-display":"","ast-banner-title-visibility":"","ast-main-header-display":"","ast-hfb-above-header-display":"","ast-hfb-below-header-display":"","ast-hfb-mobile-header-display":"","site-post-title":"","ast-breadcrumbs-content":"","ast-featured-img":"","footer-sml-layout":"","theme-transparent-header-meta":"","adv-header-id-meta":"","stick-header-meta":"","header-above-stick-meta":"","header-main-stick-meta":"","header-below-stick-meta":"","astra-migrate-meta-layouts":"default","ast-page-background-enabled":"default","ast-page-background-meta":{"desktop":{"background-color":"var(--ast-global-color-4)","background-image":"","background-repeat":"repeat","background-position":"center center","background-size":"auto","background-attachment":"scroll","background-type":"","background-media":"","overlay-type":"","overlay-color":"","overlay-opacity":"","overlay-gradient":""},"tablet":{"background-color":"","background-image":"","background-repeat":"repeat","background-position":"center center","background-size":"auto","background-attachment":"scroll","background-type":"","background-media":"","overlay-type":"","overlay-color":"","overlay-opacity":"","overlay-gradient":""},"mobile":{"background-color":"","background-image":"","background-repeat":"repeat","background-position":"center center","background-size":"auto","background-attachment":"scroll","background-type":"","background-media":"","overlay-type":"","overlay-color":"","overlay-opacity":"","overlay-gradient":""}},"ast-content-background-meta":{"desktop":{"background-color":"var(--ast-global-color-5)","background-image":"","background-repeat":"repeat","background-position":"center center","background-size":"auto","background-attachment":"scroll","background-type":"","background-media":"","overlay-type":"","overlay-color":"","overlay-opacity":"","overlay-gradient":""},"tablet":{"background-color":"var(--ast-global-color-5)","background-image":"","background-repeat":"repeat","background-position":"center center","background-size":"auto","background-attachment":"scroll","background-type":"","background-media":"","overlay-type":"","overlay-color":"","overlay-opacity":"","overlay-gradient":""},"mobile":{"background-color":"var(--ast-global-color-5)","background-image":"","background-repeat":"repeat","background-position":"center center","background-size":"auto","background-attachment":"scroll","background-type":"","background-media":"","overlay-type":"","overlay-color":"","overlay-opacity":"","overlay-gradient":""}},"ngg_post_thumbnail":0,"footnotes":""},"class_list":["post-944","page","type-page","status-publish","hentry"],"_links":{"self":[{"href":"https:\/\/www2.unifap.br\/ouvidoria\/wp-json\/wp\/v2\/pages\/944","targetHints":{"allow":["GET"]}}],"collection":[{"href":"https:\/\/www2.unifap.br\/ouvidoria\/wp-json\/wp\/v2\/pages"}],"about":[{"href":"https:\/\/www2.unifap.br\/ouvidoria\/wp-json\/wp\/v2\/types\/page"}],"author":[{"embeddable":true,"href":"https:\/\/www2.unifap.br\/ouvidoria\/wp-json\/wp\/v2\/users\/3861"}],"replies":[{"embeddable":true,"href":"https:\/\/www2.unifap.br\/ouvidoria\/wp-json\/wp\/v2\/comments?post=944"}],"version-history":[{"count":10,"href":"https:\/\/www2.unifap.br\/ouvidoria\/wp-json\/wp\/v2\/pages\/944\/revisions"}],"predecessor-version":[{"id":959,"href":"https:\/\/www2.unifap.br\/ouvidoria\/wp-json\/wp\/v2\/pages\/944\/revisions\/959"}],"wp:attachment":[{"href":"https:\/\/www2.unifap.br\/ouvidoria\/wp-json\/wp\/v2\/media?parent=944"}],"curies":[{"name":"wp","href":"https:\/\/api.w.org\/{rel}","templated":true}]}}