{"id":102,"date":"2010-03-17T15:34:00","date_gmt":"2010-03-17T17:34:00","guid":{"rendered":"http:\/\/pororoca.unifap.br\/parfor\/?page_id=102"},"modified":"2013-06-17T14:48:13","modified_gmt":"2013-06-17T14:48:13","slug":"matrix-curricular","status":"publish","type":"page","link":"https:\/\/www2.unifap.br\/parfor\/cursos\/biologia\/matrix-curricular\/","title":{"rendered":"Matriz Curricular"},"content":{"rendered":"<table border=\"1\" cellspacing=\"0\" cellpadding=\"0\">\n<tbody>\n<tr>\n<td colspan=\"5\" width=\"467\" valign=\"top\"><strong>MATRIZ CURRICULAR DE CI\u00caNCIAS BIOL\u00d3GICAS<\/strong><\/td>\n<\/tr>\n<tr>\n<td width=\"35\" valign=\"top\"><strong>Sem.<\/strong><\/td>\n<td width=\"243\" valign=\"top\"><strong>Disciplina<\/strong><\/td>\n<td width=\"81\" valign=\"top\">\n<h4>Natureza<\/h4>\n<\/td>\n<td width=\"67\" valign=\"top\"><strong>Cred.<\/strong><\/td>\n<td width=\"41\" valign=\"top\"><strong>CH<\/strong><\/td>\n<\/tr>\n<tr>\n<td rowspan=\"7\" width=\"35\" valign=\"top\">&nbsp;<\/p>\n<p>01<\/td>\n<td width=\"243\" valign=\"top\">Biologia Celular<\/td>\n<td width=\"81\" valign=\"top\">Obrigat\u00f3ria<\/td>\n<td width=\"67\" valign=\"top\">06<\/td>\n<td width=\"41\" valign=\"top\">90<\/td>\n<\/tr>\n<tr>\n<td width=\"243\" valign=\"top\">Qu\u00edmica Geral<\/td>\n<td width=\"81\" valign=\"top\">Obrigat\u00f3ria<\/td>\n<td width=\"67\" valign=\"top\">04<\/td>\n<td width=\"41\" valign=\"top\">60<\/td>\n<\/tr>\n<tr>\n<td width=\"243\" valign=\"top\">Matem\u00e1tica P\/ as C. Biol\u00f3gicas.<\/td>\n<td width=\"81\" valign=\"top\">Obrigat\u00f3ria<\/td>\n<td width=\"67\" valign=\"top\">04<\/td>\n<td width=\"41\" valign=\"top\">60<\/td>\n<\/tr>\n<tr>\n<td width=\"243\" valign=\"top\">F\u00edsica Geral E Experim. P\/ C.Biol\u00f3gicas<\/td>\n<td width=\"81\" valign=\"top\">Obrigat\u00f3ria<\/td>\n<td width=\"67\" valign=\"top\">06<\/td>\n<td width=\"41\" valign=\"top\">90<\/td>\n<\/tr>\n<tr>\n<td width=\"243\" valign=\"top\">Geologia B\u00e1sica<\/td>\n<td width=\"81\" valign=\"top\">Obrigat\u00f3ria<\/td>\n<td width=\"67\" valign=\"top\">04<\/td>\n<td width=\"41\" valign=\"top\">60<\/td>\n<\/tr>\n<tr>\n<td width=\"243\" valign=\"top\">Metod. E T\u00e9cnicas de Inv. Cient\u00edfica<\/td>\n<td width=\"81\" valign=\"top\">Obrigat\u00f3ria<\/td>\n<td width=\"67\" valign=\"top\">04<\/td>\n<td width=\"41\" valign=\"top\">60<\/td>\n<\/tr>\n<tr>\n<td width=\"243\" valign=\"top\">LPC<\/td>\n<td width=\"81\" valign=\"top\">Obrigat\u00f3ria<\/td>\n<td width=\"67\" valign=\"top\">04<\/td>\n<td width=\"41\" valign=\"top\">60<\/td>\n<\/tr>\n<tr>\n<td rowspan=\"7\" width=\"35\" valign=\"top\">&nbsp;<\/p>\n<p>02<\/td>\n<td width=\"243\" valign=\"top\">Qu\u00edmica Org\u00e2nica<\/td>\n<td width=\"81\" valign=\"top\">Obrigat\u00f3ria<\/td>\n<td width=\"67\" valign=\"top\">06<\/td>\n<td width=\"41\" valign=\"top\">90<\/td>\n<\/tr>\n<tr>\n<td width=\"243\" valign=\"top\">Anatomia Comparada<\/td>\n<td width=\"81\" valign=\"top\">Obrigat\u00f3ria<\/td>\n<td width=\"67\" valign=\"top\">08<\/td>\n<td width=\"41\" valign=\"top\">120<\/td>\n<\/tr>\n<tr>\n<td width=\"243\" valign=\"top\">Embriologia Comparada<\/td>\n<td width=\"81\" valign=\"top\">Obrigat\u00f3ria<\/td>\n<td width=\"67\" valign=\"top\">04<\/td>\n<td width=\"41\" valign=\"top\">60<\/td>\n<\/tr>\n<tr>\n<td width=\"243\" valign=\"top\">Bioestat\u00edstica<\/td>\n<td width=\"81\" valign=\"top\">Obrigat\u00f3ria<\/td>\n<td width=\"67\" valign=\"top\">04<\/td>\n<td width=\"41\" valign=\"top\">60<\/td>\n<\/tr>\n<tr>\n<td width=\"243\" valign=\"top\">Did\u00e1tica Geral<\/td>\n<td width=\"81\" valign=\"top\">Obrigat\u00f3ria<\/td>\n<td width=\"67\" valign=\"top\">04<\/td>\n<td width=\"41\" valign=\"top\">60<\/td>\n<\/tr>\n<tr>\n<td width=\"243\">Estrut e Func. do Ens.B\u00e1sico e Super.<\/td>\n<td width=\"81\">Obrigat\u00f3ria<\/td>\n<td width=\"67\">06<\/td>\n<td width=\"41\">90<\/td>\n<\/tr>\n<tr>\n<td width=\"243\" valign=\"top\">Pr\u00e1tica de Ensino I<\/td>\n<td width=\"81\" valign=\"top\">Obrigat\u00f3ria<\/td>\n<td width=\"67\" valign=\"top\">08<\/td>\n<td width=\"41\" valign=\"top\">120<\/td>\n<\/tr>\n<tr>\n<td rowspan=\"7\" width=\"35\">03<\/td>\n<td width=\"243\">Bioqu\u00edmica I<\/td>\n<td width=\"81\">Obrigat\u00f3ria<\/td>\n<td width=\"67\">04<\/td>\n<td width=\"41\">60<\/td>\n<\/tr>\n<tr>\n<td width=\"243\" valign=\"top\">Biofisica<\/td>\n<td width=\"81\" valign=\"top\">Obrigat\u00f3ria<\/td>\n<td width=\"67\" valign=\"top\">04<\/td>\n<td width=\"41\" valign=\"top\">60<\/td>\n<\/tr>\n<tr>\n<td width=\"243\" valign=\"top\">Histologia Comparada<\/td>\n<td width=\"81\" valign=\"top\">Obrigat\u00f3ria<\/td>\n<td width=\"67\" valign=\"top\">06<\/td>\n<td width=\"41\" valign=\"top\">90<\/td>\n<\/tr>\n<tr>\n<td width=\"243\" valign=\"top\">Evolu\u00e7\u00e3o<\/td>\n<td width=\"81\" valign=\"top\">Obrigat\u00f3ria<\/td>\n<td width=\"67\" valign=\"top\">04<\/td>\n<td width=\"41\" valign=\"top\">60<\/td>\n<\/tr>\n<tr>\n<td width=\"243\" valign=\"top\">F\u00edsico-Qu\u00edmica<\/td>\n<td width=\"81\" valign=\"top\">Obrigat\u00f3ria<\/td>\n<td width=\"67\" valign=\"top\">04<\/td>\n<td width=\"41\" valign=\"top\">60<\/td>\n<\/tr>\n<tr>\n<td width=\"243\" valign=\"top\">Sociologia da Educa\u00e7\u00e3o<\/td>\n<td width=\"81\" valign=\"top\">Obrigat\u00f3ria<\/td>\n<td width=\"67\" valign=\"top\">04<\/td>\n<td width=\"41\" valign=\"top\">60<\/td>\n<\/tr>\n<tr>\n<td width=\"243\" valign=\"top\">Pratica de Ensino II<\/td>\n<td width=\"81\" valign=\"top\">Obrigat\u00f3ria<\/td>\n<td width=\"67\" valign=\"top\">08<\/td>\n<td width=\"41\" valign=\"top\">120<\/td>\n<\/tr>\n<tr>\n<td rowspan=\"7\" width=\"35\">04<\/td>\n<td width=\"243\">Bioqu\u00edmica II<\/td>\n<td width=\"81\">Obrigat\u00f3ria<\/td>\n<td width=\"67\">04<\/td>\n<td width=\"41\">60<\/td>\n<\/tr>\n<tr>\n<td width=\"243\" valign=\"top\">Biologia Molecular<strong> <\/strong><\/td>\n<td width=\"81\" valign=\"top\">Obrigat\u00f3ria<\/td>\n<td width=\"67\" valign=\"top\">04<\/td>\n<td width=\"41\" valign=\"top\">60<\/td>\n<\/tr>\n<tr>\n<td width=\"243\">Gen\u00e9tica Geral<\/td>\n<td width=\"81\">Obrigat\u00f3ria<\/td>\n<td width=\"67\">04<\/td>\n<td width=\"41\">60<\/td>\n<\/tr>\n<tr>\n<td width=\"243\" valign=\"top\">Educa\u00e7\u00e3o Ambiental<\/td>\n<td width=\"81\" valign=\"top\">Obrigat\u00f3ria<\/td>\n<td width=\"67\" valign=\"top\">04<\/td>\n<td width=\"41\" valign=\"top\">60<\/td>\n<\/tr>\n<tr>\n<td width=\"243\" valign=\"top\">Zoologia I<\/td>\n<td width=\"81\" valign=\"top\">Obrigat\u00f3ria<\/td>\n<td width=\"67\" valign=\"top\">08<\/td>\n<td width=\"41\" valign=\"top\">120<\/td>\n<\/tr>\n<tr>\n<td width=\"243\" valign=\"top\">Psicologia da Educa\u00e7\u00e3o<\/td>\n<td width=\"81\" valign=\"top\">Obrigat\u00f3ria<\/td>\n<td width=\"67\" valign=\"top\">04<\/td>\n<td width=\"41\" valign=\"top\">60<\/td>\n<\/tr>\n<tr>\n<td width=\"243\" valign=\"top\">Pr\u00e1tica de Ensino III<\/td>\n<td width=\"81\" valign=\"top\">Obrigat\u00f3ria<\/td>\n<td width=\"67\" valign=\"top\">08<\/td>\n<td width=\"41\" valign=\"top\">120<\/td>\n<\/tr>\n<tr>\n<td rowspan=\"6\" width=\"35\" valign=\"top\">&nbsp;<\/p>\n<p>05<\/td>\n<td width=\"243\" valign=\"top\">Zoologia II<\/td>\n<td width=\"81\" valign=\"top\">Obrigat\u00f3ria<\/td>\n<td width=\"67\" valign=\"top\">08<\/td>\n<td width=\"41\" valign=\"top\">120<\/td>\n<\/tr>\n<tr>\n<td width=\"243\" valign=\"top\">Fisiologia Geral<\/td>\n<td width=\"81\" valign=\"top\">Obrigat\u00f3ria<\/td>\n<td width=\"67\" valign=\"top\">06<\/td>\n<td width=\"41\" valign=\"top\">90<\/td>\n<\/tr>\n<tr>\n<td width=\"243\" valign=\"top\">Paleontologia<\/td>\n<td width=\"81\" valign=\"top\">Obrigat\u00f3ria<\/td>\n<td width=\"67\" valign=\"top\">04<\/td>\n<td width=\"41\" valign=\"top\">60<\/td>\n<\/tr>\n<tr>\n<td width=\"243\" valign=\"top\">Parasitologia Geral<\/td>\n<td width=\"81\" valign=\"top\">Obrigat\u00f3ria<\/td>\n<td width=\"67\" valign=\"top\">06<\/td>\n<td width=\"41\" valign=\"top\">90<\/td>\n<\/tr>\n<tr>\n<td width=\"243\" valign=\"top\">Bot\u00e2nica I<\/td>\n<td width=\"81\" valign=\"top\">Obrigat\u00f3ria<\/td>\n<td width=\"67\" valign=\"top\">06<\/td>\n<td width=\"41\" valign=\"top\">90<\/td>\n<\/tr>\n<tr>\n<td width=\"243\" valign=\"top\">Pr\u00e1tica de Ensino IV<\/td>\n<td width=\"81\" valign=\"top\">Obrigat\u00f3ria<\/td>\n<td width=\"67\" valign=\"top\">08<\/td>\n<td width=\"41\" valign=\"top\">120<\/td>\n<\/tr>\n<tr>\n<td rowspan=\"6\" width=\"35\" valign=\"top\">&nbsp;<\/p>\n<p>06<\/td>\n<td width=\"243\" valign=\"top\">Atividades Complementares I<\/td>\n<td width=\"81\" valign=\"top\">Obrigat\u00f3ria<\/td>\n<td width=\"67\" valign=\"top\">04<\/td>\n<td width=\"41\" valign=\"top\">50<\/td>\n<\/tr>\n<tr>\n<td width=\"243\">Zoologia III<\/td>\n<td width=\"81\">Obrigat\u00f3ria<\/td>\n<td width=\"67\">08<\/td>\n<td width=\"41\">120<\/td>\n<\/tr>\n<tr>\n<td width=\"243\" valign=\"top\">Oceanografia e Limnologia<\/td>\n<td width=\"81\" valign=\"top\">Obrigat\u00f3ria<\/td>\n<td width=\"67\" valign=\"top\">04<\/td>\n<td width=\"41\" valign=\"top\">60<\/td>\n<\/tr>\n<tr>\n<td width=\"243\" valign=\"top\">Bot\u00e2nica II<\/td>\n<td width=\"81\" valign=\"top\">Obrigat\u00f3ria<\/td>\n<td width=\"67\" valign=\"top\">06<\/td>\n<td width=\"41\" valign=\"top\">90<\/td>\n<\/tr>\n<tr>\n<td width=\"243\" valign=\"top\">Est\u00e1gio Supervisionado I e II<\/td>\n<td width=\"81\" valign=\"top\">Obrigat\u00f3ria<\/td>\n<td width=\"67\" valign=\"top\">12<\/td>\n<td width=\"41\" valign=\"top\">200<\/td>\n<\/tr>\n<tr>\n<td width=\"243\" valign=\"top\">Atividades Complementares II<\/td>\n<td width=\"81\" valign=\"top\">Obrigat\u00f3ria<\/td>\n<td width=\"67\" valign=\"top\">04<\/td>\n<td width=\"41\" valign=\"top\">50<\/td>\n<\/tr>\n<tr>\n<td rowspan=\"6\" width=\"35\">07<\/td>\n<td width=\"243\">Met. do Ens. de Biologia e de Ci\u00eancias<\/td>\n<td width=\"81\">Obrigat\u00f3ria<\/td>\n<td width=\"67\">08<\/td>\n<td width=\"41\">120<\/td>\n<\/tr>\n<tr>\n<td width=\"243\" valign=\"top\">Ecologia Geral<\/td>\n<td width=\"81\" valign=\"top\">Obrigat\u00f3ria<\/td>\n<td width=\"67\" valign=\"top\">08<\/td>\n<td width=\"41\" valign=\"top\">120<\/td>\n<\/tr>\n<tr>\n<td width=\"243\" valign=\"top\">Antropologia Biol\u00f3gica<\/td>\n<td width=\"81\" valign=\"top\">Obrigat\u00f3ria<\/td>\n<td width=\"67\" valign=\"top\">04<\/td>\n<td width=\"41\" valign=\"top\">60<\/td>\n<\/tr>\n<tr>\n<td width=\"243\" valign=\"top\">Biogeografia<\/td>\n<td width=\"81\" valign=\"top\">Obrigat\u00f3ria<\/td>\n<td width=\"67\" valign=\"top\">04<\/td>\n<td width=\"41\" valign=\"top\">60<\/td>\n<\/tr>\n<tr>\n<td width=\"243\" valign=\"top\">Est\u00e1gio Supervisionado III e IV<\/td>\n<td width=\"81\" valign=\"top\">Obrigat\u00f3ria<\/td>\n<td width=\"67\" valign=\"top\">12<\/td>\n<td width=\"41\" valign=\"top\">200<\/td>\n<\/tr>\n<tr>\n<td width=\"243\" valign=\"top\">Atividades Complementares III<\/td>\n<td width=\"81\" valign=\"top\">Obrigat\u00f3ria<\/td>\n<td width=\"67\" valign=\"top\">04<\/td>\n<td width=\"41\" valign=\"top\">50<\/td>\n<\/tr>\n<tr>\n<td rowspan=\"5\" width=\"35\" valign=\"top\">&nbsp;<\/p>\n<p>08<\/td>\n<td width=\"243\" valign=\"top\">Trabalho de Conclus\u00e3o de Curso<\/td>\n<td width=\"81\" valign=\"top\">Obrigat\u00f3ria<\/td>\n<td width=\"67\" valign=\"top\">08<\/td>\n<td width=\"41\" valign=\"top\">120<\/td>\n<\/tr>\n<tr>\n<td width=\"243\" valign=\"top\">Microbiologia e Imunologia<\/td>\n<td width=\"81\" valign=\"top\">Obrigat\u00f3ria<\/td>\n<td width=\"67\" valign=\"top\">06<\/td>\n<td width=\"41\" valign=\"top\">90<\/td>\n<\/tr>\n<tr>\n<td width=\"243\" valign=\"top\">Biologia da Educa\u00e7\u00e3o<\/td>\n<td width=\"81\" valign=\"top\">Obrigat\u00f3ria<\/td>\n<td width=\"67\" valign=\"top\">04<\/td>\n<td width=\"41\" valign=\"top\">60<\/td>\n<\/tr>\n<tr>\n<td width=\"243\" valign=\"top\">Atividades Complementares IV<\/td>\n<td width=\"81\" valign=\"top\">Obrigat\u00f3ria<\/td>\n<td width=\"67\" valign=\"top\">06<\/td>\n<td width=\"41\" valign=\"top\">50<\/td>\n<\/tr>\n<tr>\n<td width=\"243\" valign=\"top\"><\/td>\n<td width=\"81\" valign=\"top\"><strong>TOTAL<\/strong><\/td>\n<td width=\"67\" valign=\"top\"><strong>282 <\/strong><\/td>\n<td width=\"41\" valign=\"top\"><strong>4200 <\/strong><\/td>\n<\/tr>\n<\/tbody>\n<\/table>\n","protected":false},"excerpt":{"rendered":"<p>MATRIZ CURRICULAR DE CI\u00caNCIAS BIOL\u00d3GICAS Sem. Disciplina Natureza Cred. CH &nbsp; 01 Biologia Celular Obrigat\u00f3ria 06 90 Qu\u00edmica Geral Obrigat\u00f3ria 04 60 Matem\u00e1tica P\/ as C. Biol\u00f3gicas. Obrigat\u00f3ria 04 60 F\u00edsica Geral E Experim. P\/ C.Biol\u00f3gicas Obrigat\u00f3ria 06 90 Geologia B\u00e1sica Obrigat\u00f3ria 04 60 Metod. E T\u00e9cnicas de Inv. Cient\u00edfica Obrigat\u00f3ria 04 60 LPC Obrigat\u00f3ria&#8230;<\/p>\n","protected":false},"author":29,"featured_media":0,"parent":50,"menu_order":1,"comment_status":"closed","ping_status":"closed","template":"template-onecolumn.php","meta":{"inline_featured_image":false,"ngg_post_thumbnail":0,"footnotes":""},"class_list":["post-102","page","type-page","status-publish","hentry","entry"],"_links":{"self":[{"href":"https:\/\/www2.unifap.br\/parfor\/wp-json\/wp\/v2\/pages\/102","targetHints":{"allow":["GET"]}}],"collection":[{"href":"https:\/\/www2.unifap.br\/parfor\/wp-json\/wp\/v2\/pages"}],"about":[{"href":"https:\/\/www2.unifap.br\/parfor\/wp-json\/wp\/v2\/types\/page"}],"author":[{"embeddable":true,"href":"https:\/\/www2.unifap.br\/parfor\/wp-json\/wp\/v2\/users\/29"}],"replies":[{"embeddable":true,"href":"https:\/\/www2.unifap.br\/parfor\/wp-json\/wp\/v2\/comments?post=102"}],"version-history":[{"count":1,"href":"https:\/\/www2.unifap.br\/parfor\/wp-json\/wp\/v2\/pages\/102\/revisions"}],"predecessor-version":[{"id":983,"href":"https:\/\/www2.unifap.br\/parfor\/wp-json\/wp\/v2\/pages\/102\/revisions\/983"}],"up":[{"embeddable":true,"href":"https:\/\/www2.unifap.br\/parfor\/wp-json\/wp\/v2\/pages\/50"}],"wp:attachment":[{"href":"https:\/\/www2.unifap.br\/parfor\/wp-json\/wp\/v2\/media?parent=102"}],"curies":[{"name":"wp","href":"https:\/\/api.w.org\/{rel}","templated":true}]}}