{"id":1108,"date":"2013-06-25T20:12:51","date_gmt":"2013-06-25T20:12:51","guid":{"rendered":"http:\/\/www2.unifap.br\/parfor\/?page_id=1108"},"modified":"2025-01-16T19:07:46","modified_gmt":"2025-01-16T19:07:46","slug":"pedagogia","status":"publish","type":"page","link":"https:\/\/www2.unifap.br\/parfor\/cursos\/pedagogia\/","title":{"rendered":"Pedagogia"},"content":{"rendered":"\t\t<div data-elementor-type=\"wp-page\" data-elementor-id=\"1108\" class=\"elementor elementor-1108\">\n\t\t\t\t\t\t<section class=\"elementor-section elementor-top-section elementor-element elementor-element-55cd2819 elementor-section-boxed elementor-section-height-default elementor-section-height-default\" data-id=\"55cd2819\" data-element_type=\"section\" data-e-type=\"section\">\n\t\t\t\t\t\t<div class=\"elementor-container elementor-column-gap-default\">\n\t\t\t\t\t<div class=\"elementor-column elementor-col-100 elementor-top-column elementor-element elementor-element-43e0ce6a\" data-id=\"43e0ce6a\" data-element_type=\"column\" data-e-type=\"column\">\n\t\t\t<div class=\"elementor-widget-wrap elementor-element-populated\">\n\t\t\t\t\t\t<div class=\"elementor-element elementor-element-3cab9df elementor-widget elementor-widget-image\" data-id=\"3cab9df\" data-element_type=\"widget\" data-e-type=\"widget\" data-widget_type=\"image.default\">\n\t\t\t\t<div class=\"elementor-widget-container\">\n\t\t\t\t\t\t\t\t\t\t\t\t\t\t\t<img decoding=\"async\" width=\"150\" height=\"150\" src=\"https:\/\/www2.unifap.br\/parfor\/files\/2025\/01\/pedagogia2-285x300-1-150x150.png\" class=\"attachment-thumbnail size-thumbnail wp-image-8025\" alt=\"\" srcset=\"https:\/\/www2.unifap.br\/parfor\/files\/2025\/01\/pedagogia2-285x300-1-150x150.png 150w, https:\/\/www2.unifap.br\/parfor\/files\/2025\/01\/pedagogia2-285x300-1-70x70.png 70w\" sizes=\"(max-width: 150px) 100vw, 150px\" \/>\t\t\t\t\t\t\t\t\t\t\t\t\t\t\t<\/div>\n\t\t\t\t<\/div>\n\t\t\t\t<div class=\"elementor-element elementor-element-67c2f8f5 elementor-widget elementor-widget-text-editor\" data-id=\"67c2f8f5\" data-element_type=\"widget\" data-e-type=\"widget\" data-widget_type=\"text-editor.default\">\n\t\t\t\t<div class=\"elementor-widget-container\">\n\t\t\t\t\t\t\t\t\t<p><strong><em>Curso de Licenciatura Pedagogia\/PARFOR<\/em><\/strong><\/p><hr \/><p><strong>MARIA LUCIA TEIXEIRA BORGES<\/strong><\/p><p>Coordenadora do Curso de Pedagogia\/PARFOR\/MARCO ZERO<\/p><p><em> N\u00ba 1803\/2022<\/em><\/p><blockquote><strong>CONTATO:<\/strong> parforunifap2022@hotmail.com<strong><br \/><\/strong><\/blockquote><hr \/><hr \/><div>\u00a0<\/div><hr \/><p style=\"text-align: center\">\u00a0<\/p>\t\t\t\t\t\t\t\t<\/div>\n\t\t\t\t<\/div>\n\t\t\t\t<div class=\"elementor-element elementor-element-839c8a6 elementor-widget elementor-widget-text-editor\" data-id=\"839c8a6\" data-element_type=\"widget\" data-e-type=\"widget\" data-widget_type=\"text-editor.default\">\n\t\t\t\t<div class=\"elementor-widget-container\">\n\t\t\t\t\t\t\t\t\t<p><strong><em>Curso de Licenciatura Pedagogia\/PARFOR<\/em><\/strong><\/p><hr \/><p><strong>Prof. Dr. Almiro Alves de Abreu<\/strong><\/p><p>Coordenadora do Curso de Pedagogia\/PARFOR\/P\u00f3lo Cal\u00e7oene e Pracu\u00faba<\/p><p>PORTARIA N\u00ba 1804\/2022<\/p><hr \/><hr \/><div><a href=\"http:\/\/www2.unifap.br\/parfor\/files\/2024\/01\/UNIFAP-PROJETO-DE-PEDAGOGIA-DO-CAMPO-PARFOR-TERRIORIO-Resumo.pdf\">UNIFAP-PROJETO DE PEDAGOGIA DO CAMPO-PARFOR-TERRI\u00d3RIO Resumo<\/a><\/div><hr \/><p style=\"text-align: center\">\u00a0<\/p>\t\t\t\t\t\t\t\t<\/div>\n\t\t\t\t<\/div>\n\t\t\t\t\t<\/div>\n\t\t<\/div>\n\t\t\t\t\t<\/div>\n\t\t<\/section>\n\t\t\t\t<\/div>\n\t\t","protected":false},"excerpt":{"rendered":"<p>Curso de Licenciatura Pedagogia\/PARFOR MARIA LUCIA TEIXEIRA BORGES Coordenadora do Curso de Pedagogia\/PARFOR\/MARCO ZERO N\u00ba 1803\/2022 CONTATO: parforunifap2022@hotmail.com \u00a0 \u00a0 Curso de Licenciatura Pedagogia\/PARFOR Prof. Dr. Almiro Alves de Abreu Coordenadora do Curso de Pedagogia\/PARFOR\/P\u00f3lo Cal\u00e7oene e Pracu\u00faba PORTARIA N\u00ba 1804\/2022 UNIFAP-PROJETO DE PEDAGOGIA DO CAMPO-PARFOR-TERRI\u00d3RIO Resumo \u00a0<\/p>\n","protected":false},"author":859,"featured_media":0,"parent":19,"menu_order":8,"comment_status":"closed","ping_status":"closed","template":"","meta":{"inline_featured_image":false,"ngg_post_thumbnail":0,"footnotes":""},"class_list":["post-1108","page","type-page","status-publish","hentry","entry"],"_links":{"self":[{"href":"https:\/\/www2.unifap.br\/parfor\/wp-json\/wp\/v2\/pages\/1108","targetHints":{"allow":["GET"]}}],"collection":[{"href":"https:\/\/www2.unifap.br\/parfor\/wp-json\/wp\/v2\/pages"}],"about":[{"href":"https:\/\/www2.unifap.br\/parfor\/wp-json\/wp\/v2\/types\/page"}],"author":[{"embeddable":true,"href":"https:\/\/www2.unifap.br\/parfor\/wp-json\/wp\/v2\/users\/859"}],"replies":[{"embeddable":true,"href":"https:\/\/www2.unifap.br\/parfor\/wp-json\/wp\/v2\/comments?post=1108"}],"version-history":[{"count":27,"href":"https:\/\/www2.unifap.br\/parfor\/wp-json\/wp\/v2\/pages\/1108\/revisions"}],"predecessor-version":[{"id":8031,"href":"https:\/\/www2.unifap.br\/parfor\/wp-json\/wp\/v2\/pages\/1108\/revisions\/8031"}],"up":[{"embeddable":true,"href":"https:\/\/www2.unifap.br\/parfor\/wp-json\/wp\/v2\/pages\/19"}],"wp:attachment":[{"href":"https:\/\/www2.unifap.br\/parfor\/wp-json\/wp\/v2\/media?parent=1108"}],"curies":[{"name":"wp","href":"https:\/\/api.w.org\/{rel}","templated":true}]}}