{"id":1513,"date":"2013-08-19T17:11:55","date_gmt":"2013-08-19T17:11:55","guid":{"rendered":"http:\/\/www2.unifap.br\/parfor\/?page_id=1513"},"modified":"2013-12-28T12:15:52","modified_gmt":"2013-12-28T12:15:52","slug":"edital_032_2013_anexos","status":"publish","type":"page","link":"https:\/\/www2.unifap.br\/parfor\/atos-administrativos\/plataforma-freire-2013\/edital_032_2013_anexos\/","title":{"rendered":"EDITAL 032\/2013-PARFOR\/PROGRAD\/UNIFAP (ESTAGI\u00c1RIO)"},"content":{"rendered":"<h1><a href=\"http:\/\/www2.unifap.br\/parfor\/files\/2013\/07\/logo_oficial_PARFOR2.png\"><img fetchpriority=\"high\" decoding=\"async\" src=\"http:\/\/www2.unifap.br\/parfor\/files\/2013\/07\/logo_oficial_PARFOR2.png\" alt=\"\" width=\"936\" height=\"114\" \/><\/a><\/h1>\n<h1>SELE\u00c7\u00c3O INTERNA\u00a0PARA ESTAGI\u00c1RIOS \u00a0PARFOR\/PROGRAD\/UNIFAP<\/h1>\n<div>\n<div>A Pr\u00f3-Reitoria de Ensino de Gradua\u00e7\u00e3o, por interm\u00e9dio da Coordena\u00e7\u00e3o Geral do\u00a0PARFOR, torna p\u00fablica a abertura do Processo de Sele\u00e7\u00e3o Interna para estagi\u00e1rios dos\u00a0Cursos de Gradua\u00e7\u00e3o da Universidade Federal do Amap\u00e1 nos termos da Lei n\u00ba 11.788, de\u00a025 de Setembro de 2008, para desenvolverem as atividades de apoio administrativo nos\u00a0ambientes de trabalho desta Institui\u00e7\u00e3o para o alcance dos objetivos do PARFOR\/UNIFAP\u00a0observadas \u00e0s disposi\u00e7\u00f5es constantes neste Edital e seus anexos.<\/div>\n<div>As inscri\u00e7\u00f5es dever\u00e3o ser realizadas no per\u00edodo de 20 a 25 de agosto de 2013,\u00a0exclusivamente na p\u00e1gina do\u00a0<strong>PARFOR\/UNIFAP<\/strong>, sito\u00a0<a href=\"http:\/\/www2.unifap.br\/parfor\/\" target=\"_blank\">http:\/\/www2.unifap.br\/parfor\/<\/a><\/div>\n<div><\/div>\n<div><strong>Arquivos<\/strong><\/div>\n<div><\/div>\n<div><strong><\/p>\n<div>\n<div>\n<p><img decoding=\"async\" src=\"http:\/\/www.prap.mpf.mp.br\/img\/ico_firefox.png\" alt=\"\" \/> <strong><a title=\"ACOMPANHAMENTO\" href=\"http:\/\/depsec.unifap.br\/2013\/parfor\/\" target=\"_blank\">Acompanhamento<\/a><\/strong><\/p>\n<\/div>\n<div><strong>Arquivos<\/strong><\/div>\n<\/div>\n<dl>\n<ol>\n<li><a title=\"Edital N\u00ba 32\/2013 - PARFOR\/PROGRAD\" href=\"http:\/\/www.unifap.br\/?fileId=70198\" target=\"_blank\"><\/a><a href=\"http:\/\/www2.unifap.br\/parfor\/files\/2013\/08\/2013-08-17_Edital-N%C2%BA-32-2013_PARFOR-PROGRAD.pdf\">2013-08-17_Edital N\u00ba 32-2013_PARFOR-PROGRAD<\/a><\/li>\n<li><a title=\"Manual PARFOR\" href=\"http:\/\/www.unifap.br\/?fileId=70284\" target=\"_blanck\"><\/a><a title=\"MANUAL \" href=\"http:\/\/www2.unifap.br\/parfor\/files\/2013\/08\/Manual-PARFOR_2013-08-18www.unifap.pdf\" target=\"_blank\">2013-08-18_Manual PARFOR<\/a><\/li>\n<li><a title=\"EDITAL DE RETIFICA\u00c7\u00c3O\" href=\"http:\/\/www.unifap.br\/?fileId=70305\" target=\"_blanck\"><\/a><a href=\"http:\/\/www2.unifap.br\/parfor\/files\/2013\/08\/2013-08-19_EDITAL_DE_RETIFICA%C3%87%C3%83O.pdf\">2013-08-19_EDITAL_DE_RETIFICA\u00c7\u00c3O<\/a><\/li>\n<li><a href=\"http:\/\/www2.unifap.br\/parfor\/files\/2013\/08\/2013-09-02_LOCAIS-DE-PROVA_ESTAGI%C3%81RIO-PARFOR.pdf\">2013-09-02_LOCAIS DE PROVA_ESTAGI\u00c1RIO PARFOR<\/a><\/li>\n<li><a href=\"http:\/\/www2.unifap.br\/parfor\/files\/2013\/08\/2013-09-04_-Informativo-sobre-a-PROVA.pdf\">2013-09-04_ Informativo sobre a PROVA<\/a><\/li>\n<li><a href=\"http:\/\/www2.unifap.br\/parfor\/files\/2013\/08\/2013-09-05_INFORMATIVO-SOBRE-A-PROVA-II.pdf\">2013-09-05_INFORMATIVO SOBRE A PROVA \u2013 II<\/a><\/li>\n<li><a href=\"http:\/\/www2.unifap.br\/parfor\/files\/2013\/08\/2013-09-09_GABARITO-PROVIS%C3%93RIO.pdf\">2013-09-09_GABARITO PROVIS\u00d3RIO<\/a><\/li>\n<li><a href=\"http:\/\/www2.unifap.br\/parfor\/files\/2013\/08\/2013-09-12_GABARITO-DEFINITIVO.pdf\">2013-09-12_GABARITO DEFINITIVO<\/a><\/li>\n<li><a href=\"http:\/\/www2.unifap.br\/parfor\/files\/2013\/08\/2013-09-17_RETIFICA%C3%87%C3%83O-N%C2%BA-02-CRONOGRAMA-DO-RESULTADO.pdf\">2013-09-17_RETIFICA\u00c7\u00c3O N\u00ba 02 CRONOGRAMA DO RESULTADO<\/a><\/li>\n<li><a href=\"http:\/\/www2.unifap.br\/parfor\/files\/2013\/08\/2013-09-24_RESULTADO-FINAL.pdf\">2013-09-24_RESULTADO FINAL<\/a><\/li>\n<li><a href=\"http:\/\/www2.unifap.br\/parfor\/files\/2013\/08\/2013-10-03_CONVOCA%C3%87%C3%83O_I.pdf\">2013-10-03_CONVOCA\u00c7\u00c3O_I<\/a><\/li>\n<li><a href=\"http:\/\/www2.unifap.br\/parfor\/files\/2013\/08\/2013-11-13_CONVOCACAO_II.pdf\">2013-11-13_CONVOCA\u00c7\u00c3O_II<\/a><\/li>\n<li><a href=\"http:\/\/www2.unifap.br\/parfor\/files\/2013\/08\/2013-12-11_CONVOCAT%C3%93RIA_III.pdf\">2013-12-11_CONVOCAT\u00d3RIA_III<\/a> <img decoding=\"async\" src=\"http:\/\/depsec.unifap.br\/novo.gif\" alt=\"\" \/><\/li>\n<\/ol>\n<\/dl>\n<p><\/strong><\/div>\n<div><strong><br \/>\n<\/strong><\/div>\n<\/div>\n<div><span style=\"color: #ff0000\"><strong>Inscri\u00e7\u00e3o<\/strong><\/span><\/div>\n<p><img decoding=\"async\" style=\"font-size: 16px\" src=\"http:\/\/www.prap.mpf.mp.br\/img\/ico_firefox.png\" alt=\"\" \/><strong> <\/strong>N\u00e3o \u00e9 poss\u00edvel efetuar inscri\u00e7\u00e3o neste momento.<\/p>\n","protected":false},"excerpt":{"rendered":"<p>SELE\u00c7\u00c3O INTERNA\u00a0PARA ESTAGI\u00c1RIOS \u00a0PARFOR\/PROGRAD\/UNIFAP A Pr\u00f3-Reitoria de Ensino de Gradua\u00e7\u00e3o, por interm\u00e9dio da Coordena\u00e7\u00e3o Geral do\u00a0PARFOR, torna p\u00fablica a abertura do Processo de Sele\u00e7\u00e3o Interna para estagi\u00e1rios dos\u00a0Cursos de Gradua\u00e7\u00e3o da Universidade Federal do Amap\u00e1 nos termos da Lei n\u00ba 11.788, de\u00a025 de Setembro de 2008, para desenvolverem as atividades de apoio administrativo nos\u00a0ambientes de&#8230;<\/p>\n","protected":false},"author":117,"featured_media":0,"parent":926,"menu_order":1,"comment_status":"closed","ping_status":"closed","template":"template-onecolumn.php","meta":{"inline_featured_image":false,"ngg_post_thumbnail":0,"footnotes":""},"class_list":["post-1513","page","type-page","status-publish","hentry","entry"],"_links":{"self":[{"href":"https:\/\/www2.unifap.br\/parfor\/wp-json\/wp\/v2\/pages\/1513","targetHints":{"allow":["GET"]}}],"collection":[{"href":"https:\/\/www2.unifap.br\/parfor\/wp-json\/wp\/v2\/pages"}],"about":[{"href":"https:\/\/www2.unifap.br\/parfor\/wp-json\/wp\/v2\/types\/page"}],"author":[{"embeddable":true,"href":"https:\/\/www2.unifap.br\/parfor\/wp-json\/wp\/v2\/users\/117"}],"replies":[{"embeddable":true,"href":"https:\/\/www2.unifap.br\/parfor\/wp-json\/wp\/v2\/comments?post=1513"}],"version-history":[{"count":13,"href":"https:\/\/www2.unifap.br\/parfor\/wp-json\/wp\/v2\/pages\/1513\/revisions"}],"predecessor-version":[{"id":2570,"href":"https:\/\/www2.unifap.br\/parfor\/wp-json\/wp\/v2\/pages\/1513\/revisions\/2570"}],"up":[{"embeddable":true,"href":"https:\/\/www2.unifap.br\/parfor\/wp-json\/wp\/v2\/pages\/926"}],"wp:attachment":[{"href":"https:\/\/www2.unifap.br\/parfor\/wp-json\/wp\/v2\/media?parent=1513"}],"curies":[{"name":"wp","href":"https:\/\/api.w.org\/{rel}","templated":true}]}}