{"id":4,"date":"2012-10-22T12:54:28","date_gmt":"2012-10-22T12:54:28","guid":{"rendered":"http:\/\/www2.unifap.br\/parfor\/coordenacao\/"},"modified":"2022-05-31T17:56:56","modified_gmt":"2022-05-31T17:56:56","slug":"coordenacao","status":"publish","type":"page","link":"https:\/\/www2.unifap.br\/parfor\/coordenacao\/","title":{"rendered":"Coordena\u00e7\u00e3o Geral"},"content":{"rendered":"<h3 style=\"text-align: center\"><a style=\"font-size: 1.17em;line-height: 1.5em\" href=\"http:\/\/www2.unifap.br\/parfor\/files\/2013\/07\/logo_oficial_PARFOR.png\"><img fetchpriority=\"high\" decoding=\"async\" class=\"alignnone size-full wp-image-1429\" src=\"http:\/\/www2.unifap.br\/parfor\/files\/2013\/07\/logo_oficial_PARFOR.png\" alt=\"logo_oficial_PARFOR.png\" width=\"1100\" height=\"120\" srcset=\"https:\/\/www2.unifap.br\/parfor\/files\/2013\/07\/logo_oficial_PARFOR.png 1100w, https:\/\/www2.unifap.br\/parfor\/files\/2013\/07\/logo_oficial_PARFOR-300x32.png 300w, https:\/\/www2.unifap.br\/parfor\/files\/2013\/07\/logo_oficial_PARFOR-1024x111.png 1024w, https:\/\/www2.unifap.br\/parfor\/files\/2013\/07\/logo_oficial_PARFOR-250x27.png 250w\" sizes=\"(max-width: 1100px) 100vw, 1100px\" \/><\/a><\/h3>\n<h3 style=\"text-align: center\">Equipe<\/h3>\n<h4 style=\"text-align: left\"><strong>Pr\u00f3-Reitor de Ensino de Gradua\u00e7\u00e3o:<\/strong><\/h4>\n<h4>Prof. Almiro Alves de Abreu<span style=\"color: #333399\"><br \/>\n<\/span><\/h4>\n<h4><strong>Coordenador Geral:<\/strong><\/h4>\n<h4>Prof. Dr. Ronaldo Manass\u00e9s.<\/h4>\n<h4><strong>Coordenador Administrativo\/Financeiro:<\/strong><\/h4>\n<h4><span style=\"font-size: 1em;line-height: 1.5em\">Rosilene Seabra de Aguiar &#8211; Portaria n\u00ba 1695\/2016<\/span><\/h4>\n<h4>&nbsp;<\/h4>\n<p>&nbsp;<\/p>\n<p>&nbsp;<\/p>\n<h4><a href=\"http:\/\/www2.unifap.br\/parfor\/files\/2019\/06\/Listagem-completa-completa-dos-estagi\u00e1rios-vinculados-ao-PARFOR-UNIFAP-2019.pdf\">Listagem completa completa dos estagi\u00e1rios vinculados ao PARFOR\/UNIFAP<\/a><\/h4>\n<p><strong>&nbsp;<\/strong><\/p>\n","protected":false},"excerpt":{"rendered":"<p>Equipe Pr\u00f3-Reitor de Ensino de Gradua\u00e7\u00e3o: Prof. Almiro Alves de Abreu Coordenador Geral: Prof. Dr. Ronaldo Manass\u00e9s. Coordenador Administrativo\/Financeiro: Rosilene Seabra de Aguiar &#8211; Portaria n\u00ba 1695\/2016 &nbsp; &nbsp; &nbsp; Listagem completa completa dos estagi\u00e1rios vinculados ao PARFOR\/UNIFAP &nbsp;<\/p>\n","protected":false},"author":1,"featured_media":0,"parent":0,"menu_order":1,"comment_status":"closed","ping_status":"closed","template":"","meta":{"inline_featured_image":false,"ngg_post_thumbnail":0,"footnotes":""},"class_list":["post-4","page","type-page","status-publish","hentry","entry"],"_links":{"self":[{"href":"https:\/\/www2.unifap.br\/parfor\/wp-json\/wp\/v2\/pages\/4","targetHints":{"allow":["GET"]}}],"collection":[{"href":"https:\/\/www2.unifap.br\/parfor\/wp-json\/wp\/v2\/pages"}],"about":[{"href":"https:\/\/www2.unifap.br\/parfor\/wp-json\/wp\/v2\/types\/page"}],"author":[{"embeddable":true,"href":"https:\/\/www2.unifap.br\/parfor\/wp-json\/wp\/v2\/users\/1"}],"replies":[{"embeddable":true,"href":"https:\/\/www2.unifap.br\/parfor\/wp-json\/wp\/v2\/comments?post=4"}],"version-history":[{"count":59,"href":"https:\/\/www2.unifap.br\/parfor\/wp-json\/wp\/v2\/pages\/4\/revisions"}],"predecessor-version":[{"id":7818,"href":"https:\/\/www2.unifap.br\/parfor\/wp-json\/wp\/v2\/pages\/4\/revisions\/7818"}],"wp:attachment":[{"href":"https:\/\/www2.unifap.br\/parfor\/wp-json\/wp\/v2\/media?parent=4"}],"curies":[{"name":"wp","href":"https:\/\/api.w.org\/{rel}","templated":true}]}}