{"id":41,"date":"2010-03-17T13:38:40","date_gmt":"2010-03-17T13:38:40","guid":{"rendered":"http:\/\/pororoca.unifap.br\/parfor\/?page_id=41"},"modified":"2017-08-28T14:00:01","modified_gmt":"2017-08-28T14:00:01","slug":"cronograma-matricula","status":"publish","type":"page","link":"https:\/\/www2.unifap.br\/parfor\/portal-academico\/cronograma-matricula\/","title":{"rendered":"Cronograma de Matr\u00edcula"},"content":{"rendered":"<p><a href=\"http:\/\/www2.unifap.br\/parfor\/files\/2010\/03\/Cronograma-de-Matr\u00edcula-Janeiro-a-Mar\u00e7o-de-2018.pdf\">Calend\u00e1rio PARFOR 2017.2 &#8211; 03 de Janeiro a 03 de Mar\u00e7o de 2017<\/a><\/p>\n<p>&nbsp;<\/p>\n<p><a href=\"http:\/\/www2.unifap.br\/parfor\/files\/2010\/03\/Cronograma-de-Matr\u00edcula-Janeiro-a-Mar\u00e7o-de-2018-1.png\"><img fetchpriority=\"high\" decoding=\"async\" class=\"alignnone size-full wp-image-7261\" alt=\"Cronograma de Matr\u00edcula - Janeiro a Mar\u00e7o de 2018-1\" src=\"http:\/\/www2.unifap.br\/parfor\/files\/2010\/03\/Cronograma-de-Matr\u00edcula-Janeiro-a-Mar\u00e7o-de-2018-1.png\" width=\"2132\" height=\"11868\" \/><\/a><\/p>\n<p><a href=\"http:\/\/www2.unifap.br\/parfor\/files\/2010\/03\/Cronograma-de-Matr\u00edcula-Julho-e-Agosto-de-2017.pdf\">Calend\u00e1rio PARFOR 2017.1 &#8211; 03 de Julho a 05 de Agosto de 2017<\/a><\/p>\n<p>&nbsp;<\/p>\n<p><img decoding=\"async\" class=\"alignnone\" alt=\"\" src=\"http:\/\/www2.unifap.br\/parfor\/files\/2017\/03\/Sem-T%C3%ADtulo-1.png\" width=\"2986\" height=\"9680\" \/><\/p>\n","protected":false},"excerpt":{"rendered":"<p>Calend\u00e1rio PARFOR 2017.2 &#8211; 03 de Janeiro a 03 de Mar\u00e7o de 2017 &nbsp; Calend\u00e1rio PARFOR 2017.1 &#8211; 03 de Julho a 05 de Agosto de 2017 &nbsp;<\/p>\n","protected":false},"author":29,"featured_media":0,"parent":38,"menu_order":1,"comment_status":"closed","ping_status":"closed","template":"","meta":{"inline_featured_image":false,"ngg_post_thumbnail":0,"footnotes":""},"class_list":["post-41","page","type-page","status-publish","hentry","entry"],"_links":{"self":[{"href":"https:\/\/www2.unifap.br\/parfor\/wp-json\/wp\/v2\/pages\/41","targetHints":{"allow":["GET"]}}],"collection":[{"href":"https:\/\/www2.unifap.br\/parfor\/wp-json\/wp\/v2\/pages"}],"about":[{"href":"https:\/\/www2.unifap.br\/parfor\/wp-json\/wp\/v2\/types\/page"}],"author":[{"embeddable":true,"href":"https:\/\/www2.unifap.br\/parfor\/wp-json\/wp\/v2\/users\/29"}],"replies":[{"embeddable":true,"href":"https:\/\/www2.unifap.br\/parfor\/wp-json\/wp\/v2\/comments?post=41"}],"version-history":[{"count":20,"href":"https:\/\/www2.unifap.br\/parfor\/wp-json\/wp\/v2\/pages\/41\/revisions"}],"predecessor-version":[{"id":7265,"href":"https:\/\/www2.unifap.br\/parfor\/wp-json\/wp\/v2\/pages\/41\/revisions\/7265"}],"up":[{"embeddable":true,"href":"https:\/\/www2.unifap.br\/parfor\/wp-json\/wp\/v2\/pages\/38"}],"wp:attachment":[{"href":"https:\/\/www2.unifap.br\/parfor\/wp-json\/wp\/v2\/media?parent=41"}],"curies":[{"name":"wp","href":"https:\/\/api.w.org\/{rel}","templated":true}]}}