{"id":501,"date":"2012-10-28T19:29:28","date_gmt":"2012-10-28T19:29:28","guid":{"rendered":"http:\/\/www2.unifap.br\/parfor\/?page_id=501"},"modified":"2014-02-05T11:55:35","modified_gmt":"2014-02-05T11:55:35","slug":"atos-administrativos","status":"publish","type":"page","link":"https:\/\/www2.unifap.br\/parfor\/atos-administrativos\/","title":{"rendered":"Atos Administrativos"},"content":{"rendered":"<h1 style=\"text-align: center\"><span style=\"text-decoration: underline\">Atos Administrativo<\/span><\/h1>\n<ol>\n<li><strong>Retifica\u00e7\u00e3o n\u00ba 01 do Anexo I<\/strong> o cronograma de Matricula do PARFOR\/UNIFAP, 2\u00ba M\u00d3DULO DE 2012 (2012.2).<\/li>\n<li><a href=\"http:\/\/www2.unifap.br\/parfor\/files\/2012\/10\/CRONOGRAMA-DE-MATR\u00cdCULA_retificado_17-10-2012.pdf\">CRONOGRAMA  DE MATR\u00cdCULA_retificado_17-10-2012<\/a><\/li>\n<li><a href=\"http:\/\/www2.unifap.br\/parfor\/files\/2012\/10\/Informe-Nr\u00ba-04-2012-PARFOR-UNIFAP.pdf\">Informe Nr\u00ba 04-2012-PARFOR-UNIFAP<\/a><\/li>\n<li><a href=\"http:\/\/www2.unifap.br\/parfor\/files\/2012\/10\/Informe-Nr\u00ba-06-2012-PARFOR-UNIFAP.pdf\">Informe Nr\u00ba 06-2012- Formulario Est\u00e1gio Hist\u00f3ria PARFOR\/UNIFAP<\/a><\/li>\n<li><a href=\"http:\/\/www2.unifap.br\/parfor\/files\/2012\/10\/Informe-Nr\u00ba-07-2012-PARFOR-UNIFAP-retif_ofertasdisciplinas.pdf\">Informe Nr\u00ba 07-2012-PARFOR-UNIFAP-retif_ofertas,disciplinas<\/a><\/li>\n<li>\n<table border=\"1\" cellspacing=\"0\" cellpadding=\"0\">\n<tbody>\n<tr>\n<td width=\"110\" valign=\"top\">DATA<\/td>\n<td width=\"397\" valign=\"top\">Arquivo<\/td>\n<\/tr>\n<tr>\n<td width=\"110\" valign=\"top\">05-11-2012<\/td>\n<td width=\"397\" valign=\"top\"><a href=\"http:\/\/www2.unifap.br\/parfor\/files\/2012\/11\/Informe-Nr\u00ba-11-2012-estagi\u00e1rios.docx\">Informe Nr\u00ba 11-2012-estagi\u00e1rios[Doc.Senha]<\/a><\/td>\n<\/tr>\n<tr>\n<td width=\"110\" valign=\"top\">05-11-2012<\/td>\n<td width=\"397\" valign=\"top\"><a href=\"http:\/\/www2.unifap.br\/parfor\/files\/2012\/11\/Informe-Nr\u00ba-11-2012-estagi\u00e1rios.pdf\">Informe Nr\u00ba 11-2012-estagi\u00e1rios[pdf]<\/a><\/td>\n<\/tr>\n<\/tbody>\n<\/table>\n<\/li>\n<li> <a href=\"http:\/\/www2.unifap.br\/parfor\/files\/2012\/10\/Convoca\u00e7\u00e3o-2.pdf\">Convoca\u00e7\u00e3o 2<\/a> para os Estagi\u00e1rios do PARFOR III<\/li>\n<li><a href=\"http:\/\/www2.unifap.br\/parfor\/files\/2012\/10\/Informe-Nr\u00ba-14-2012-acad\u00eamicos-do-PARFOR.pdf\">Termino do prazo de matr\u00edcula-2012.2<\/a><\/li>\n<li><a href=\"http:\/\/www2.unifap.br\/parfor\/files\/2012\/10\/Informe-Nr\u00ba-15-2012-estagiarios-do-PARFOR.pdf\">Informe Nr\u00ba 15-2012- folha de ponto estagi\u00e1rios<\/a><\/li>\n<li><a href=\"http:\/\/www2.unifap.br\/parfor\/files\/2012\/12\/Informe-Nr\u00ba-16-2012-retificacao-1-local-endereco-das-aulas-parfor-1.pdf\">Ato Nr\u00ba 16-2012- retificacao n\u00ba 01- local endereco das aulas parfor<\/a><\/li>\n<li>Ato Nr\u00ba 018-\u00a0<a href=\"http:\/\/www2.unifap.br\/parfor\/files\/2012\/12\/Informe-Nr\u00ba-18-2012-retificacao-2-local-das-aulas-parfor-frente.pdf\">retifica\u00e7\u00e3o Nr\u00ba 02- local das aulas PARFOR\/UNIFAP &#8211; 2012.2<\/a><\/li>\n<\/ol>\n<p>&nbsp;<\/p>\n<p>&nbsp;<\/p>\n","protected":false},"excerpt":{"rendered":"<p>Atos Administrativo Retifica\u00e7\u00e3o n\u00ba 01 do Anexo I o cronograma de Matricula do PARFOR\/UNIFAP, 2\u00ba M\u00d3DULO DE 2012 (2012.2). CRONOGRAMA DE MATR\u00cdCULA_retificado_17-10-2012 Informe Nr\u00ba 04-2012-PARFOR-UNIFAP Informe Nr\u00ba 06-2012- Formulario Est\u00e1gio Hist\u00f3ria PARFOR\/UNIFAP Informe Nr\u00ba 07-2012-PARFOR-UNIFAP-retif_ofertas,disciplinas DATA Arquivo 05-11-2012 Informe Nr\u00ba 11-2012-estagi\u00e1rios[Doc.Senha] 05-11-2012 Informe Nr\u00ba 11-2012-estagi\u00e1rios[pdf] Convoca\u00e7\u00e3o 2 para os Estagi\u00e1rios do PARFOR III Termino do&#8230;<\/p>\n","protected":false},"author":117,"featured_media":0,"parent":0,"menu_order":3,"comment_status":"open","ping_status":"closed","template":"template-onecolumn.php","meta":{"inline_featured_image":false,"ngg_post_thumbnail":0,"footnotes":""},"class_list":["post-501","page","type-page","status-publish","hentry","entry"],"_links":{"self":[{"href":"https:\/\/www2.unifap.br\/parfor\/wp-json\/wp\/v2\/pages\/501","targetHints":{"allow":["GET"]}}],"collection":[{"href":"https:\/\/www2.unifap.br\/parfor\/wp-json\/wp\/v2\/pages"}],"about":[{"href":"https:\/\/www2.unifap.br\/parfor\/wp-json\/wp\/v2\/types\/page"}],"author":[{"embeddable":true,"href":"https:\/\/www2.unifap.br\/parfor\/wp-json\/wp\/v2\/users\/117"}],"replies":[{"embeddable":true,"href":"https:\/\/www2.unifap.br\/parfor\/wp-json\/wp\/v2\/comments?post=501"}],"version-history":[{"count":41,"href":"https:\/\/www2.unifap.br\/parfor\/wp-json\/wp\/v2\/pages\/501\/revisions"}],"predecessor-version":[{"id":3397,"href":"https:\/\/www2.unifap.br\/parfor\/wp-json\/wp\/v2\/pages\/501\/revisions\/3397"}],"wp:attachment":[{"href":"https:\/\/www2.unifap.br\/parfor\/wp-json\/wp\/v2\/media?parent=501"}],"curies":[{"name":"wp","href":"https:\/\/api.w.org\/{rel}","templated":true}]}}