{"id":5953,"date":"2015-04-23T21:52:12","date_gmt":"2015-04-23T21:52:12","guid":{"rendered":"http:\/\/www2.unifap.br\/parfor\/?page_id=5953"},"modified":"2016-05-30T12:27:22","modified_gmt":"2016-05-30T12:27:22","slug":"matriz-curricular","status":"publish","type":"page","link":"https:\/\/www2.unifap.br\/parfor\/cursos\/matematica\/primeira-licenciatura\/matriz-curricular\/","title":{"rendered":"Matriz Curricular do Curso de Matem\u00e1tica PARFOR &#8211; Primeira Licenciatura"},"content":{"rendered":"<table width=\"388\" border=\"1\" cellspacing=\"0\" cellpadding=\"0\">\n<tbody>\n<tr>\n<td colspan=\"3\" width=\"388\">\n<p align=\"center\"><b>MATRIZ CURRICULAR DO CURSO DE MATEM\u00c1TICA\/PARFOR<\/b><\/p>\n<\/td>\n<\/tr>\n<tr>\n<td width=\"76\">\n<p align=\"center\"><b>SEM.<\/b><\/p>\n<\/td>\n<td width=\"272\">\n<p align=\"center\"><b>DISCIPLINA<\/b><\/p>\n<\/td>\n<td width=\"40\">\n<p align=\"center\"><b>CH<\/b><\/p>\n<\/td>\n<\/tr>\n<tr>\n<td rowspan=\"5\" width=\"76\">\n<p align=\"center\"><b>01<\/b><\/p>\n<\/td>\n<td width=\"272\"><a href=\"http:\/\/www2.unifap.br\/parfor\/files\/2015\/04\/PORTUGU%C3%8AS-INSTRUMENTAL.pdf\">Portugu\u00eas Instrumental<\/a><\/td>\n<td width=\"40\">\n<p align=\"center\">60<\/p>\n<\/td>\n<\/tr>\n<tr>\n<td width=\"272\"><a href=\"http:\/\/www2.unifap.br\/parfor\/files\/2015\/04\/%C3%81LGEBRA-ELEMENTAR.pdf\">\u00c1lgebra Elementar<\/a><\/td>\n<td width=\"40\">\n<p align=\"center\">60<\/p>\n<\/td>\n<\/tr>\n<tr>\n<td width=\"272\"><a href=\"http:\/\/www2.unifap.br\/parfor\/files\/2015\/04\/ARITM%C3%89TICA-B%C3%81SICA.pdf\">Aritm\u00e9tica B\u00e1sica<\/a><\/td>\n<td width=\"40\">\n<p align=\"center\">60<\/p>\n<\/td>\n<\/tr>\n<tr>\n<td width=\"272\"><a href=\"http:\/\/www2.unifap.br\/parfor\/files\/2015\/04\/INICIA%C3%87%C3%83O-%C3%80-MATEM%C3%81TICA.pdf\">Inicia\u00e7\u00e3o \u00e0 Matem\u00e1tica<\/a><\/td>\n<td width=\"40\">\n<p align=\"center\">60<\/p>\n<\/td>\n<\/tr>\n<tr>\n<td width=\"272\"><b>TOTAL<\/b><\/td>\n<td width=\"40\">\n<p align=\"center\"><b>240<\/b><\/p>\n<\/td>\n<\/tr>\n<tr>\n<td rowspan=\"8\" width=\"76\">\n<p align=\"center\"><b>02<\/b><\/p>\n<\/td>\n<td width=\"272\"><a href=\"http:\/\/www2.unifap.br\/parfor\/files\/2015\/04\/PSICOLOGIA-DA-EDUCA%C3%87%C3%83O.pdf\">Psicologia da Educa\u00e7\u00e3o<\/a><\/td>\n<td width=\"40\">\n<p align=\"center\">60<\/p>\n<\/td>\n<\/tr>\n<tr>\n<td width=\"272\"><a href=\"http:\/\/www2.unifap.br\/parfor\/files\/2015\/04\/ESTAT%C3%8DSTICA.pdf\">Estat\u00edstica<\/a><\/td>\n<td width=\"40\">\n<p align=\"center\">60<\/p>\n<\/td>\n<\/tr>\n<tr>\n<td width=\"272\"><a href=\"http:\/\/www2.unifap.br\/parfor\/files\/2015\/04\/CONJUNTOS-E-FUN%C3%87%C3%95ES.pdf\">Conjuntos e Fun\u00e7\u00f5es<\/a><\/td>\n<td width=\"40\">\n<p align=\"center\">60<\/p>\n<\/td>\n<\/tr>\n<tr>\n<td width=\"272\"><a href=\"http:\/\/www2.unifap.br\/parfor\/files\/2015\/04\/CONSTRU%C3%87%C3%95ES-GEOM%C3%89TRICAS.pdf\">Constru\u00e7\u00f5es Geom\u00e9tricas<\/a><\/td>\n<td width=\"40\">\n<p align=\"center\">60<\/p>\n<\/td>\n<\/tr>\n<tr>\n<td width=\"272\"><a href=\"http:\/\/www2.unifap.br\/parfor\/files\/2015\/04\/GEOMETRIA-PLANA.pdf\">Geometria Plana<\/a><\/td>\n<td width=\"40\">\n<p align=\"center\">60<\/p>\n<\/td>\n<\/tr>\n<tr>\n<td width=\"272\"><a href=\"http:\/\/www2.unifap.br\/parfor\/files\/2015\/04\/EDUCA%C3%87%C3%83O-MATEM%C3%81TICA.pdf\">Educa\u00e7\u00e3o Matem\u00e1tica<\/a><\/td>\n<td width=\"40\">\n<p align=\"center\">60<\/p>\n<\/td>\n<\/tr>\n<tr>\n<td width=\"272\"><a href=\"http:\/\/www2.unifap.br\/parfor\/files\/2015\/04\/METODOLOGIA-DE-PESQUISA-CIENT%C3%8DFICA.pdf\">Metodologia da Pesquisa Cient\u00edfica<\/a><\/td>\n<td width=\"40\">\n<p align=\"center\">60<\/p>\n<\/td>\n<\/tr>\n<tr>\n<td width=\"272\"><b>TOTAL<\/b><\/td>\n<td width=\"40\">\n<p align=\"center\"><b>420<\/b><\/p>\n<\/td>\n<\/tr>\n<tr>\n<td rowspan=\"7\" width=\"76\">\n<p align=\"center\"><b>03<\/b><\/p>\n<\/td>\n<td width=\"272\"><a href=\"http:\/\/www2.unifap.br\/parfor\/files\/2015\/04\/INTRODU%C3%87%C3%83O-%C3%80-EDUCA%C3%87%C3%83O.pdf\">Introdu\u00e7\u00e3o a Educa\u00e7\u00e3o<\/a><\/td>\n<td width=\"40\">\n<p align=\"center\">60<\/p>\n<\/td>\n<\/tr>\n<tr>\n<td width=\"272\"><a href=\"http:\/\/www2.unifap.br\/parfor\/files\/2015\/04\/TEORIA-DOS-N%C3%9AMEROS.pdf\">Teoria dos N\u00fameros<\/a><\/td>\n<td width=\"40\">\n<p align=\"center\">60<\/p>\n<\/td>\n<\/tr>\n<tr>\n<td width=\"272\"><a href=\"http:\/\/www2.unifap.br\/parfor\/files\/2015\/04\/%C3%81LGEBRA-LINEAR.pdf\">\u00c1lgebra Linear<\/a><\/td>\n<td width=\"40\">\n<p align=\"center\">60<\/p>\n<\/td>\n<\/tr>\n<tr>\n<td width=\"272\"><a href=\"http:\/\/www2.unifap.br\/parfor\/files\/2015\/04\/DID%C3%81TICA-DA-MATEM%C3%81TICA.pdf\">Did\u00e1tica da Matem\u00e1tica<\/a><\/td>\n<td width=\"40\">\n<p align=\"center\">60<\/p>\n<\/td>\n<\/tr>\n<tr>\n<td width=\"272\"><a href=\"http:\/\/www2.unifap.br\/parfor\/files\/2015\/04\/PR%C3%81TICA-PEDAG%C3%93GICA-I.pdf\">Pr\u00e1tica Pedag\u00f3gica I<\/a><\/td>\n<td width=\"40\">\n<p align=\"center\">60<\/p>\n<\/td>\n<\/tr>\n<tr>\n<td width=\"272\"><a href=\"http:\/\/www2.unifap.br\/parfor\/files\/2015\/04\/EST%C3%81GIO-SUPERVISIONADO-I.pdf\">Est\u00e1gio Supervisionado I<\/a><\/td>\n<td width=\"40\">\n<p align=\"center\">75<\/p>\n<\/td>\n<\/tr>\n<tr>\n<td width=\"272\"><b>TOTAL<\/b><\/td>\n<td width=\"40\">\n<p align=\"center\"><b>375<\/b><\/p>\n<\/td>\n<\/tr>\n<tr>\n<td rowspan=\"9\" width=\"76\">\n<p align=\"center\"><b>04<\/b><\/p>\n<\/td>\n<td width=\"272\"><a href=\"http:\/\/www2.unifap.br\/parfor\/files\/2015\/04\/POL%C3%8DTICA-E-LEGISLA%C3%87%C3%83O-EDUCACIONAL-BRASILEIRA.pdf\">Pol\u00edtica e Legisla\u00e7\u00e3o Educacional Brasileira<\/a><\/td>\n<td width=\"40\">\n<p align=\"center\">60<\/p>\n<\/td>\n<\/tr>\n<tr>\n<td width=\"272\"><a href=\"http:\/\/www2.unifap.br\/parfor\/files\/2015\/04\/AN%C3%81LISE-COMBINAT%C3%93RIA.pdf\">An\u00e1lise Combinat\u00f3ria<\/a><\/td>\n<td width=\"40\">\n<p align=\"center\">60<\/p>\n<\/td>\n<\/tr>\n<tr>\n<td width=\"272\"><a href=\"http:\/\/www2.unifap.br\/parfor\/files\/2015\/04\/GEOMETRIA-ESPACIAL.pdf\">Geometria Espacial<\/a><\/td>\n<td width=\"40\">\n<p align=\"center\">60<\/p>\n<\/td>\n<\/tr>\n<tr>\n<td width=\"272\"><a href=\"http:\/\/www2.unifap.br\/parfor\/files\/2015\/04\/C%C3%81LCULO-I.pdf\">C\u00e1lculo I<\/a><\/td>\n<td width=\"40\">\n<p align=\"center\">60<\/p>\n<\/td>\n<\/tr>\n<tr>\n<td width=\"272\"><a href=\"http:\/\/www2.unifap.br\/parfor\/files\/2015\/04\/PR%C3%81TICA-PEDAG%C3%93GICA-II.pdf\">Pr\u00e1tica Pedag\u00f3gica II<\/a><\/td>\n<td width=\"40\">\n<p align=\"center\">60<\/p>\n<\/td>\n<\/tr>\n<tr>\n<td width=\"272\"><a href=\"http:\/\/www2.unifap.br\/parfor\/files\/2015\/04\/PR%C3%81TICA-PEDAG%C3%93GICA-III.pdf\">Pr\u00e1tica Pedag\u00f3gica III<\/a><\/td>\n<td width=\"40\">\n<p align=\"center\">60<\/p>\n<\/td>\n<\/tr>\n<tr>\n<td width=\"272\"><a href=\"http:\/\/www2.unifap.br\/parfor\/files\/2015\/04\/PR%C3%81TICA-PEDAG%C3%93GICA-IV.pdf\">Pr\u00e1tica Pedag\u00f3gica IV<\/a><\/td>\n<td width=\"40\">\n<p align=\"center\">60<\/p>\n<\/td>\n<\/tr>\n<tr>\n<td width=\"272\"><a href=\"http:\/\/www2.unifap.br\/parfor\/files\/2015\/04\/EST%C3%81GIO-SUPERVISIONADO-II.pdf\">Est\u00e1gio Supervisionado II<\/a><\/td>\n<td width=\"40\">\n<p align=\"center\">75<\/p>\n<\/td>\n<\/tr>\n<tr>\n<td width=\"272\"><b>TOTAL<\/b><\/td>\n<td width=\"40\">\n<p align=\"center\"><b>495<\/b><\/p>\n<\/td>\n<\/tr>\n<tr>\n<td rowspan=\"5\" width=\"76\">\n<p align=\"center\"><b>05<\/b><\/p>\n<\/td>\n<td width=\"272\"><a href=\"http:\/\/www2.unifap.br\/parfor\/files\/2015\/04\/C%C3%81LCULO-II.pdf\">C\u00e1lculo II<\/a><\/td>\n<td width=\"40\">\n<p align=\"center\">60<\/p>\n<\/td>\n<\/tr>\n<tr>\n<td width=\"272\"><a href=\"http:\/\/www2.unifap.br\/parfor\/files\/2015\/04\/PR%C3%81TICA-PEDAG%C3%93GICA-V.pdf\">Pr\u00e1tica Pedag\u00f3gica V<\/a><\/td>\n<td width=\"40\">\n<p align=\"center\">60<\/p>\n<\/td>\n<\/tr>\n<tr>\n<td width=\"272\"><a href=\"http:\/\/www2.unifap.br\/parfor\/files\/2015\/04\/PR%C3%81TICA-PEDAG%C3%93GICA-VI.pdf\">Pr\u00e1tica Pedag\u00f3gica VI<\/a><\/td>\n<td width=\"40\">\n<p align=\"center\">60<\/p>\n<\/td>\n<\/tr>\n<tr>\n<td width=\"272\"><a href=\"http:\/\/www2.unifap.br\/parfor\/files\/2015\/04\/EST%C3%81GIO-SUPERVISIONADO-III.pdf\">Est\u00e1gio Supervisionado III<\/a><\/td>\n<td width=\"40\">\n<p align=\"center\">105<\/p>\n<\/td>\n<\/tr>\n<tr>\n<td width=\"272\"><b>TOTAL<\/b><\/td>\n<td width=\"40\">\n<p align=\"center\"><b>285<\/b><\/p>\n<\/td>\n<\/tr>\n<tr>\n<td rowspan=\"8\" width=\"76\">\n<p align=\"center\"><b>06<\/b><\/p>\n<\/td>\n<td width=\"272\"><a href=\"http:\/\/www2.unifap.br\/parfor\/files\/2015\/04\/MATEM%C3%81TICA-FINANCEIRA.pdf\">Matem\u00e1tica Financeira<\/a><\/td>\n<td width=\"40\">\n<p align=\"center\">60<\/p>\n<\/td>\n<\/tr>\n<tr>\n<td width=\"272\"><a href=\"http:\/\/www2.unifap.br\/parfor\/files\/2015\/04\/L%C3%8DNGUA-BRASILEIRA-DE-SINAIS.pdf\">L\u00edngua Brasileira de Sinais<\/a><\/td>\n<td width=\"40\">\n<p align=\"center\">60<\/p>\n<\/td>\n<\/tr>\n<tr>\n<td width=\"272\"><a href=\"http:\/\/www2.unifap.br\/parfor\/files\/2015\/04\/TRIGONOMETRIA-E-N%C3%9AMEROS-COMPLEXOS.pdf\">Trigonometria e N\u00fameros Complexos<\/a><\/td>\n<td width=\"40\">\n<p align=\"center\">60<\/p>\n<\/td>\n<\/tr>\n<tr>\n<td width=\"272\"><a href=\"http:\/\/www2.unifap.br\/parfor\/files\/2015\/04\/C%C3%81LCULO-III.pdf\">C\u00e1lculo III<\/a><\/td>\n<td width=\"40\">\n<p align=\"center\">60<\/p>\n<\/td>\n<\/tr>\n<tr>\n<td width=\"272\"><a href=\"http:\/\/www2.unifap.br\/parfor\/files\/2015\/04\/GEOMETRIA-ANAL%C3%8DTICA-I.pdf\">Geometria Anal\u00edtica I<\/a><\/td>\n<td width=\"40\">\n<p align=\"center\">60<\/p>\n<\/td>\n<\/tr>\n<tr>\n<td width=\"272\"><a href=\"http:\/\/www2.unifap.br\/parfor\/files\/2015\/04\/HIST%C3%93RIA-DA-MATEM%C3%81TICA.pdf\">Hist\u00f3ria da Matem\u00e1tica<\/a><\/td>\n<td width=\"40\">\n<p align=\"center\">60<\/p>\n<\/td>\n<\/tr>\n<tr>\n<td width=\"272\"><a href=\"http:\/\/www2.unifap.br\/parfor\/files\/2015\/04\/EST%C3%81GIO-SUPERVISIONADO-IV.pdf\">Est\u00e1gio Supervisionado IV<\/a><\/td>\n<td width=\"40\">\n<p align=\"center\">105<\/p>\n<\/td>\n<\/tr>\n<tr>\n<td width=\"272\"><b>TOTAL<\/b><\/td>\n<td width=\"40\">\n<p align=\"center\"><b>465<\/b><\/p>\n<\/td>\n<\/tr>\n<tr>\n<td rowspan=\"5\" width=\"76\">\n<p align=\"center\"><b>07<\/b><\/p>\n<\/td>\n<td width=\"272\"><a href=\"http:\/\/www2.unifap.br\/parfor\/files\/2015\/04\/C%C3%81LCULO-IV.pdf\">C\u00e1lculo IV<\/a><\/td>\n<td width=\"40\">\n<p align=\"center\">60<\/p>\n<\/td>\n<\/tr>\n<tr>\n<td width=\"272\"><a href=\"http:\/\/www2.unifap.br\/parfor\/files\/2015\/04\/INTRODU%C3%87%C3%83O-%C3%80-%C3%81LGEBRA.pdf\">Introdu\u00e7\u00e3o \u00e0 \u00c1lgebra<\/a><\/td>\n<td width=\"40\">\n<p align=\"center\">60<\/p>\n<\/td>\n<\/tr>\n<tr>\n<td width=\"272\"><a href=\"http:\/\/www2.unifap.br\/parfor\/files\/2015\/04\/PR%C3%81TICA-PEDAG%C3%93GICA-VII.pdf\">Pr\u00e1tica Pedag\u00f3gica VII<\/a><\/td>\n<td width=\"40\">\n<p align=\"center\">60<\/p>\n<\/td>\n<\/tr>\n<tr>\n<td width=\"272\"><a href=\"http:\/\/www2.unifap.br\/parfor\/files\/2015\/04\/EST%C3%81GIO-SUPERVISIONADO-V.pdf\">Est\u00e1gio Supervisionado V<\/a><\/td>\n<td width=\"40\">\n<p align=\"center\">120<\/p>\n<\/td>\n<\/tr>\n<tr>\n<td width=\"272\"><b>TOTAL<\/b><\/td>\n<td width=\"40\">\n<p align=\"center\"><b>300<\/b><\/p>\n<\/td>\n<\/tr>\n<tr>\n<td rowspan=\"8\" width=\"76\">\n<p align=\"center\"><b>08<\/b><\/p>\n<\/td>\n<td width=\"272\"><a href=\"http:\/\/www2.unifap.br\/parfor\/files\/2015\/04\/TRABALHO-DE-CONCLUS%C3%83O-DE-CURSO.pdf\">Trabalho se Conclus\u00e3o de Curso<\/a><\/td>\n<td width=\"40\">\n<p align=\"center\">60<\/p>\n<\/td>\n<\/tr>\n<tr>\n<td width=\"272\"><a href=\"http:\/\/www2.unifap.br\/parfor\/cursos\/matematica\/regulamentos\/regulamento-de-aacc\/\">Atividades Complementares<\/a><\/td>\n<td width=\"40\">\n<p align=\"center\">240<\/p>\n<\/td>\n<\/tr>\n<tr>\n<td width=\"272\"><a href=\"http:\/\/www2.unifap.br\/parfor\/files\/2015\/04\/EQUA%C3%87%C3%95ES-DIFERENCIAIS-ORDIN%C3%81RIAS.pdf\">Equa\u00e7\u00f5es Diferenciais e Ordin\u00e1rias<\/a><\/td>\n<td width=\"40\">\n<p align=\"center\">60<\/p>\n<\/td>\n<\/tr>\n<tr>\n<td width=\"272\"><a href=\"http:\/\/www2.unifap.br\/parfor\/files\/2015\/04\/GEOMETRIA-ANAL%C3%8DTICA-II.pdf\">Geometria Anal\u00edtica II<\/a><\/td>\n<td width=\"40\">\n<p align=\"center\">60<\/p>\n<\/td>\n<\/tr>\n<tr>\n<td width=\"272\"><a href=\"http:\/\/www2.unifap.br\/parfor\/files\/2015\/04\/INTRODU%C3%87%C3%83O-%C3%80-AN%C3%81LISE-REAL.pdf\">Introdu\u00e7\u00e3o a An\u00e1lise Real<\/a><\/td>\n<td width=\"40\">\n<p align=\"center\">60<\/p>\n<\/td>\n<\/tr>\n<tr>\n<td width=\"272\"><a href=\"http:\/\/www2.unifap.br\/parfor\/files\/2015\/04\/EDUCA%C3%87%C3%83O-AMBIENTAL-E-ETNOMATEM%C3%81TICA.pdf\">Educa\u00e7\u00e3o Ambiental e Etnomatem\u00e1tica<\/a><\/td>\n<td width=\"40\">\n<p align=\"center\">60<\/p>\n<\/td>\n<\/tr>\n<tr>\n<td width=\"272\"><a href=\"http:\/\/www2.unifap.br\/parfor\/files\/2015\/04\/PR%C3%81TICA-PEDAG%C3%93GICA-VIII.pdf\">Pr\u00e1tica Pedag\u00f3gica VIII<\/a><\/td>\n<td width=\"40\">\n<p align=\"center\">60<\/p>\n<\/td>\n<\/tr>\n<tr>\n<td width=\"272\"><b>TOTAL<\/b><\/td>\n<td width=\"40\">\n<p align=\"center\"><b>600<\/b><\/p>\n<\/td>\n<\/tr>\n<tr>\n<td rowspan=\"17\" width=\"76\">\n<p align=\"center\"><b>Optativas<\/b><\/p>\n<\/td>\n<td width=\"272\"><a href=\"http:\/\/www2.unifap.br\/parfor\/files\/2015\/04\/L%C3%93GICA-MATEM%C3%81TICA-OPTATIVA.pdf\">L\u00f3gica Matem\u00e1tica<\/a><\/td>\n<td width=\"40\">\n<p align=\"center\">60<\/p>\n<\/td>\n<\/tr>\n<tr>\n<td width=\"272\">T\u00f3picos Especiais de Matem\u00e1tica Aplicada<\/td>\n<td width=\"40\">\n<p align=\"center\">60<\/p>\n<\/td>\n<\/tr>\n<tr>\n<td width=\"272\"><a href=\"http:\/\/www2.unifap.br\/parfor\/files\/2015\/04\/INTRODU%C3%87%C3%83O-%C3%80-FILOSOFIA-OPTATIVA.pdf\">Introdu\u00e7\u00e3o \u00e0 Filosofia<\/a><\/td>\n<td width=\"40\">\n<p align=\"center\">60<\/p>\n<\/td>\n<\/tr>\n<tr>\n<td width=\"272\"><a href=\"http:\/\/www2.unifap.br\/parfor\/files\/2015\/04\/INTRODU%C3%87%C3%83O-%C3%80-SOCIOLOGIA-OPTATIVA.pdf\">Introdu\u00e7\u00e3o \u00e0 Sociologia<\/a><\/td>\n<td width=\"40\">\n<p align=\"center\">60<\/p>\n<\/td>\n<\/tr>\n<tr>\n<td width=\"272\"><a href=\"http:\/\/www2.unifap.br\/parfor\/files\/2015\/04\/C%C3%81LCULO-DE-PROBABILIDADE-CP-OPTATIVA.pdf\">C\u00e1lculo de Probabilidade<\/a><\/td>\n<td width=\"40\">\n<p align=\"center\">60<\/p>\n<\/td>\n<\/tr>\n<tr>\n<td width=\"272\">T\u00f3picos de \u00c1lgebra<\/td>\n<td width=\"40\">\n<p align=\"center\">60<\/p>\n<\/td>\n<\/tr>\n<tr>\n<td width=\"272\"><a href=\"http:\/\/www2.unifap.br\/parfor\/files\/2015\/04\/T%C3%93PICOS-EM-EDUCA%C3%87%C3%83O.pdf\">T\u00f3picos em Educa\u00e7\u00e3o<\/a><\/td>\n<td width=\"40\">\n<p align=\"center\">60<\/p>\n<\/td>\n<\/tr>\n<tr>\n<td width=\"272\"><a href=\"http:\/\/www2.unifap.br\/parfor\/files\/2015\/04\/INTRODU%C3%87%C3%83O-%C3%80-VARIEDADES-OPTATIVA.pdf\">Introdu\u00e7\u00e3o \u00e0 Variedades<\/a><\/td>\n<td width=\"40\">\n<p align=\"center\">60<\/p>\n<\/td>\n<\/tr>\n<tr>\n<td width=\"272\"><a href=\"http:\/\/www2.unifap.br\/parfor\/files\/2015\/04\/INFER%C3%8ANCIA-ESTAT%C3%8DSTICA-OPTATIVA.pdf\">Infer\u00eancia Estat\u00edstica<\/a><\/td>\n<td width=\"40\">\n<p align=\"center\">60<\/p>\n<\/td>\n<\/tr>\n<tr>\n<td width=\"272\"><a href=\"http:\/\/www2.unifap.br\/parfor\/files\/2015\/04\/INTRODU%C3%87%C3%83O-AOS-PROCESSOS-ESTOC%C3%81STICOS-OPTATIVA.pdf\">Introdu\u00e7\u00e3o a Processos Estat\u00edsticos<\/a><\/td>\n<td width=\"40\">\n<p align=\"center\">60<\/p>\n<\/td>\n<\/tr>\n<tr>\n<td width=\"272\">S\u00e9ries Temporais<\/td>\n<td width=\"40\">\n<p align=\"center\">60<\/p>\n<\/td>\n<\/tr>\n<tr>\n<td width=\"272\"><a href=\"http:\/\/www2.unifap.br\/parfor\/files\/2015\/04\/%C3%81LGEBRA-MATRICIAL-E-COMPUTACIONAL-AMC-OPTATIVA.pdf\">\u00c1lgebra Matricial e Computacional<\/a><\/td>\n<td width=\"40\">\n<p align=\"center\">60<\/p>\n<\/td>\n<\/tr>\n<tr>\n<td width=\"272\">Psicologia da Aprendizagem<\/td>\n<td width=\"40\">\n<p align=\"center\">60<\/p>\n<\/td>\n<\/tr>\n<tr>\n<td width=\"272\">F\u00edsica Geral II (Teoria e Pr\u00e1tica)<\/td>\n<td width=\"40\">\n<p align=\"center\">60<\/p>\n<\/td>\n<\/tr>\n<tr>\n<td width=\"272\"><a href=\"http:\/\/www2.unifap.br\/parfor\/files\/2015\/04\/C%C3%81LCULO-NUM%C3%89RICO-CN-OPTATIVA.pdf\">C\u00e1lculo Num\u00e9rico<\/a><\/td>\n<td width=\"40\">\n<p align=\"center\">60<\/p>\n<\/td>\n<\/tr>\n<tr>\n<td width=\"272\"><a href=\"http:\/\/www2.unifap.br\/parfor\/files\/2015\/04\/ALGORITMOS-E-LINGUAGENS-DE-PROGRAMA%C3%87%C3%83O-ALP-OPTATIVA.pdf\">Algoritmos e Linguagem de Programa\u00e7\u00e3o<\/a><\/td>\n<td width=\"40\">\n<p align=\"center\">60<\/p>\n<\/td>\n<\/tr>\n<tr>\n<td width=\"272\"><b>TOTAL<\/b><\/td>\n<td width=\"40\">\n<p align=\"center\"><b>960<\/b><\/p>\n<\/td>\n<\/tr>\n<\/tbody>\n<\/table>\n<p>&nbsp;<\/p>\n<p>&nbsp;<\/p>\n<p>&nbsp;<\/p>\n<p><a href=\"http:\/\/www2.unifap.br\/parfor\/files\/2015\/04\/GEOMETRIA-HIPERB\u00d3LICA-OPTATIVA.pdf\">GEOMETRIA HIPERB\u00d3LICA &#8211; OPTATIVA<\/a><\/p>\n<p><a href=\"http:\/\/www2.unifap.br\/parfor\/files\/2015\/04\/INTRODU\u00c7\u00c3O-\u00c0-GEOMETRIA-DIFERENCIAL.pdf\">INTRODU\u00c7\u00c3O \u00c0 GEOMETRIA DIFERENCIAL<\/a><\/p>\n<p><a href=\"http:\/\/www2.unifap.br\/parfor\/files\/2015\/04\/L\u00d3GICA-MATEM\u00c1TICA-OPTATIVA.pdf\">L\u00d3GICA MATEM\u00c1TICA &#8211; OPTATIVA<\/a><\/p>\n<p>&nbsp;<\/p>\n","protected":false},"excerpt":{"rendered":"<p>MATRIZ CURRICULAR DO CURSO DE MATEM\u00c1TICA\/PARFOR SEM. DISCIPLINA CH 01 Portugu\u00eas Instrumental 60 \u00c1lgebra Elementar 60 Aritm\u00e9tica B\u00e1sica 60 Inicia\u00e7\u00e3o \u00e0 Matem\u00e1tica 60 TOTAL 240 02 Psicologia da Educa\u00e7\u00e3o 60 Estat\u00edstica 60 Conjuntos e Fun\u00e7\u00f5es 60 Constru\u00e7\u00f5es Geom\u00e9tricas 60 Geometria Plana 60 Educa\u00e7\u00e3o Matem\u00e1tica 60 Metodologia da Pesquisa Cient\u00edfica 60 TOTAL 420 03 Introdu\u00e7\u00e3o a&#8230;<\/p>\n","protected":false},"author":641,"featured_media":0,"parent":6686,"menu_order":1,"comment_status":"open","ping_status":"open","template":"","meta":{"inline_featured_image":false,"ngg_post_thumbnail":0,"footnotes":""},"class_list":["post-5953","page","type-page","status-publish","hentry","entry"],"_links":{"self":[{"href":"https:\/\/www2.unifap.br\/parfor\/wp-json\/wp\/v2\/pages\/5953","targetHints":{"allow":["GET"]}}],"collection":[{"href":"https:\/\/www2.unifap.br\/parfor\/wp-json\/wp\/v2\/pages"}],"about":[{"href":"https:\/\/www2.unifap.br\/parfor\/wp-json\/wp\/v2\/types\/page"}],"author":[{"embeddable":true,"href":"https:\/\/www2.unifap.br\/parfor\/wp-json\/wp\/v2\/users\/641"}],"replies":[{"embeddable":true,"href":"https:\/\/www2.unifap.br\/parfor\/wp-json\/wp\/v2\/comments?post=5953"}],"version-history":[{"count":11,"href":"https:\/\/www2.unifap.br\/parfor\/wp-json\/wp\/v2\/pages\/5953\/revisions"}],"predecessor-version":[{"id":6690,"href":"https:\/\/www2.unifap.br\/parfor\/wp-json\/wp\/v2\/pages\/5953\/revisions\/6690"}],"up":[{"embeddable":true,"href":"https:\/\/www2.unifap.br\/parfor\/wp-json\/wp\/v2\/pages\/6686"}],"wp:attachment":[{"href":"https:\/\/www2.unifap.br\/parfor\/wp-json\/wp\/v2\/media?parent=5953"}],"curies":[{"name":"wp","href":"https:\/\/api.w.org\/{rel}","templated":true}]}}