{"id":5992,"date":"2015-04-24T19:33:28","date_gmt":"2015-04-24T19:33:28","guid":{"rendered":"http:\/\/www2.unifap.br\/parfor\/?page_id=5992"},"modified":"2015-04-28T19:08:27","modified_gmt":"2015-04-28T19:08:27","slug":"ppc","status":"publish","type":"page","link":"https:\/\/www2.unifap.br\/parfor\/cursos\/geografia\/ppc\/","title":{"rendered":"PPC"},"content":{"rendered":"<p>Este documento est\u00e1 sujeito a modifica\u00e7\u00f5es do Curso de Geografia &#8211; PARFOR.<\/p>\n<p><a href=\"http:\/\/www2.unifap.br\/parfor\/files\/2015\/04\/PPC-licenciatura-em-Geografia-PARFOR.pdf\">Projeto Pol\u00edtico Pedag\u00f3gico do Curso de Geografia &#8211; PARFOR<\/a><\/p>\n","protected":false},"excerpt":{"rendered":"<p>Este documento est\u00e1 sujeito a modifica\u00e7\u00f5es do Curso de Geografia &#8211; PARFOR. Projeto Pol\u00edtico Pedag\u00f3gico do Curso de Geografia &#8211; PARFOR<\/p>\n","protected":false},"author":641,"featured_media":0,"parent":54,"menu_order":4,"comment_status":"open","ping_status":"open","template":"","meta":{"inline_featured_image":false,"ngg_post_thumbnail":0,"footnotes":""},"class_list":["post-5992","page","type-page","status-publish","hentry","entry"],"_links":{"self":[{"href":"https:\/\/www2.unifap.br\/parfor\/wp-json\/wp\/v2\/pages\/5992","targetHints":{"allow":["GET"]}}],"collection":[{"href":"https:\/\/www2.unifap.br\/parfor\/wp-json\/wp\/v2\/pages"}],"about":[{"href":"https:\/\/www2.unifap.br\/parfor\/wp-json\/wp\/v2\/types\/page"}],"author":[{"embeddable":true,"href":"https:\/\/www2.unifap.br\/parfor\/wp-json\/wp\/v2\/users\/641"}],"replies":[{"embeddable":true,"href":"https:\/\/www2.unifap.br\/parfor\/wp-json\/wp\/v2\/comments?post=5992"}],"version-history":[{"count":3,"href":"https:\/\/www2.unifap.br\/parfor\/wp-json\/wp\/v2\/pages\/5992\/revisions"}],"predecessor-version":[{"id":6082,"href":"https:\/\/www2.unifap.br\/parfor\/wp-json\/wp\/v2\/pages\/5992\/revisions\/6082"}],"up":[{"embeddable":true,"href":"https:\/\/www2.unifap.br\/parfor\/wp-json\/wp\/v2\/pages\/54"}],"wp:attachment":[{"href":"https:\/\/www2.unifap.br\/parfor\/wp-json\/wp\/v2\/media?parent=5992"}],"curies":[{"name":"wp","href":"https:\/\/api.w.org\/{rel}","templated":true}]}}