{"id":648,"date":"2012-11-05T13:32:07","date_gmt":"2012-11-05T13:32:07","guid":{"rendered":"http:\/\/www2.unifap.br\/parfor\/?page_id=648"},"modified":"2013-06-17T14:48:32","modified_gmt":"2013-06-17T14:48:32","slug":"formulario-de-estagio","status":"publish","type":"page","link":"https:\/\/www2.unifap.br\/parfor\/portal-academico\/formulario-de-estagio\/","title":{"rendered":"Formul\u00e1rio de est\u00e1gio"},"content":{"rendered":"<p><strong>Ato Nr\u00ba 10\/2012-PARFOR\/UNIFAP<\/strong><strong> <\/strong><\/p>\n<p>&nbsp;<\/p>\n<p><strong>COORDENA\u00c7\u00c3O GERAL DO PARFOR\/UNIFAP \u2013 C.G.PARFOR<\/strong><strong> <\/strong><\/p>\n<p><strong> <\/strong><\/p>\n<p><strong>Resolve: <\/strong><\/p>\n<p>&nbsp;<\/p>\n<ol>\n<li><strong>Disponibilizar o relat\u00f3rio Est\u00e1gio      PARFOR.<\/strong><\/li>\n<\/ol>\n<p>1.1.\u00a0\u00a0\u00a0\u00a0\u00a0\u00a0\u00a0 Este relat\u00f3rio ser\u00e1 valido com assinatura dos professores e o carimbo da Coordena\u00e7\u00e3o Geral PARFOR.<\/p>\n<ol>\n<li><strong>2. <\/strong><strong>Os professores deste est\u00e1gio s\u00e3o:<\/strong> Edmar Neves e\u00a0 \u00a0Zuila Flexa<\/li>\n<li>As ocorr\u00eancias n\u00e3o previstas neste Ato, os casos omissos e os casos duvidosos ser\u00e3o resolvidos, em car\u00e1ter irrecorr\u00edvel, pela Coordena\u00e7\u00e3o geral do PARFOR e pela UNIFAP, no que couber a cada um.<\/li>\n<li>Quaisquer altera\u00e7\u00f5es nas regras fixadas neste ATO s\u00f3 poder\u00e3o ser feitas por meio de outro Ato administrativo.<\/li>\n<li><strong>Esta dispon\u00edvel no portal do PARFOR\/UNIFAP<\/strong><\/li>\n<li><strong>Download do Arquivo: <\/strong><\/li>\n<li><strong><a href=\"http:\/\/www2.unifap.br\/parfor\/files\/2012\/11\/Relatorio_Estagio_Parfor_history.pdf\">Relatorio_Estagio_Parfor_history<\/a><\/strong><\/li>\n<li>Esse      ato entra em vigor na data de sua publica\u00e7\u00e3o.<\/li>\n<li>De      ci\u00eancia. Publica-se.<\/li>\n<\/ol>\n<p>Macap\u00e1 (AP), 05 de novembro de 2012.<\/p>\n<p>&nbsp;<\/p>\n<p>&nbsp;<\/p>\n<p style=\"text-align: center\">Prof\u00ba Ronaldo Manasses Rodrigues Campos<\/p>\n<p style=\"text-align: center\">Coordenador Geral do PARFOR\/UNIFAP<\/p>\n<p style=\"text-align: center\">PORTARIA Nr. 096\/2012<\/p>\n<p style=\"text-align: center\">&nbsp;<\/p>\n<p style=\"text-align: center\">&nbsp;<\/p>\n<p style=\"text-align: center\">Marcos Silva Albuquerque<\/p>\n<p style=\"text-align: center\">Apoio T\u00e9cnico Administrativo Educacional ao PARFOR<\/p>\n<p style=\"text-align: center\">Matr\u00edcula SIAPE Nr\u00ba 1961971-Estagi\u00e1rio<\/p>\n<p>&nbsp;<\/p>\n<p>&nbsp;<\/p>\n","protected":false},"excerpt":{"rendered":"<p>Ato Nr\u00ba 10\/2012-PARFOR\/UNIFAP &nbsp; COORDENA\u00c7\u00c3O GERAL DO PARFOR\/UNIFAP \u2013 C.G.PARFOR Resolve: &nbsp; Disponibilizar o relat\u00f3rio Est\u00e1gio PARFOR. 1.1.\u00a0\u00a0\u00a0\u00a0\u00a0\u00a0\u00a0 Este relat\u00f3rio ser\u00e1 valido com assinatura dos professores e o carimbo da Coordena\u00e7\u00e3o Geral PARFOR. 2. Os professores deste est\u00e1gio s\u00e3o: Edmar Neves e\u00a0 \u00a0Zuila Flexa As ocorr\u00eancias n\u00e3o previstas neste Ato, os casos omissos e os&#8230;<\/p>\n","protected":false},"author":117,"featured_media":0,"parent":38,"menu_order":3,"comment_status":"closed","ping_status":"closed","template":"template-onecolumn.php","meta":{"inline_featured_image":false,"ngg_post_thumbnail":0,"footnotes":""},"class_list":["post-648","page","type-page","status-publish","hentry","entry"],"_links":{"self":[{"href":"https:\/\/www2.unifap.br\/parfor\/wp-json\/wp\/v2\/pages\/648","targetHints":{"allow":["GET"]}}],"collection":[{"href":"https:\/\/www2.unifap.br\/parfor\/wp-json\/wp\/v2\/pages"}],"about":[{"href":"https:\/\/www2.unifap.br\/parfor\/wp-json\/wp\/v2\/types\/page"}],"author":[{"embeddable":true,"href":"https:\/\/www2.unifap.br\/parfor\/wp-json\/wp\/v2\/users\/117"}],"replies":[{"embeddable":true,"href":"https:\/\/www2.unifap.br\/parfor\/wp-json\/wp\/v2\/comments?post=648"}],"version-history":[{"count":10,"href":"https:\/\/www2.unifap.br\/parfor\/wp-json\/wp\/v2\/pages\/648\/revisions"}],"predecessor-version":[{"id":657,"href":"https:\/\/www2.unifap.br\/parfor\/wp-json\/wp\/v2\/pages\/648\/revisions\/657"}],"up":[{"embeddable":true,"href":"https:\/\/www2.unifap.br\/parfor\/wp-json\/wp\/v2\/pages\/38"}],"wp:attachment":[{"href":"https:\/\/www2.unifap.br\/parfor\/wp-json\/wp\/v2\/media?parent=648"}],"curies":[{"name":"wp","href":"https:\/\/api.w.org\/{rel}","templated":true}]}}