{"id":6504,"date":"2016-02-26T11:39:07","date_gmt":"2016-02-26T11:39:07","guid":{"rendered":"http:\/\/www2.unifap.br\/parfor\/?page_id=6504"},"modified":"2016-02-26T11:39:07","modified_gmt":"2016-02-26T11:39:07","slug":"edivaldo-pinto-dos-santos","status":"publish","type":"page","link":"https:\/\/www2.unifap.br\/parfor\/cursos\/matematica\/docentes-2\/edivaldo-pinto-dos-santos\/","title":{"rendered":"Edivaldo Pinto dos Santos"},"content":{"rendered":"<p>Licenciado em matem\u00e1tica pela Universidade do Estado do Par\u00e1 (UEPA), possui mestrado em Educa\u00e7\u00e3o Matem\u00e1tica pela Pontif\u00edcia Universidade Cat\u00f3lica de S\u00e3o Paulo (PUC-SP). Tem experi\u00eancia na \u00e1rea de Matem\u00e1tica e Estat\u00edstica (ensino Superior, M\u00e9dio e Fundamental), com \u00eanfase em Educa\u00e7\u00e3o Matem\u00e1tica, atuando principalmente nos seguintes temas: Algebra Linear, Estat\u00edstica, Matem\u00e1tica Aplicada, c\u00e1lculo diferencial e integral, Linguagem matem\u00e1tica aplicada a diversas \u00e1reas do conhecimento, software educativo, representa\u00e7\u00f5es gr\u00e1ficas e alg\u00e9bricas, teoria do registro de representa\u00e7\u00e3o de Duval e jogos educacionais em 2D e 3D.<\/p>\n<p><a href=\"http:\/\/lattes.cnpq.br\/8064635805825899\">Curriculum Lattes<\/a><\/p>\n<p>Email:\u00a0<strong>edivaldo@unifap.br<\/strong><\/p>\n","protected":false},"excerpt":{"rendered":"<p>Licenciado em matem\u00e1tica pela Universidade do Estado do Par\u00e1 (UEPA), possui mestrado em Educa\u00e7\u00e3o Matem\u00e1tica pela Pontif\u00edcia Universidade Cat\u00f3lica de S\u00e3o Paulo (PUC-SP). Tem experi\u00eancia na \u00e1rea de Matem\u00e1tica e Estat\u00edstica (ensino Superior, M\u00e9dio e Fundamental), com \u00eanfase em Educa\u00e7\u00e3o Matem\u00e1tica, atuando principalmente nos seguintes temas: Algebra Linear, Estat\u00edstica, Matem\u00e1tica Aplicada, c\u00e1lculo diferencial e integral,&#8230;<\/p>\n","protected":false},"author":859,"featured_media":0,"parent":5957,"menu_order":0,"comment_status":"open","ping_status":"open","template":"","meta":{"inline_featured_image":false,"ngg_post_thumbnail":0,"footnotes":""},"class_list":["post-6504","page","type-page","status-publish","hentry","entry"],"_links":{"self":[{"href":"https:\/\/www2.unifap.br\/parfor\/wp-json\/wp\/v2\/pages\/6504","targetHints":{"allow":["GET"]}}],"collection":[{"href":"https:\/\/www2.unifap.br\/parfor\/wp-json\/wp\/v2\/pages"}],"about":[{"href":"https:\/\/www2.unifap.br\/parfor\/wp-json\/wp\/v2\/types\/page"}],"author":[{"embeddable":true,"href":"https:\/\/www2.unifap.br\/parfor\/wp-json\/wp\/v2\/users\/859"}],"replies":[{"embeddable":true,"href":"https:\/\/www2.unifap.br\/parfor\/wp-json\/wp\/v2\/comments?post=6504"}],"version-history":[{"count":1,"href":"https:\/\/www2.unifap.br\/parfor\/wp-json\/wp\/v2\/pages\/6504\/revisions"}],"predecessor-version":[{"id":6505,"href":"https:\/\/www2.unifap.br\/parfor\/wp-json\/wp\/v2\/pages\/6504\/revisions\/6505"}],"up":[{"embeddable":true,"href":"https:\/\/www2.unifap.br\/parfor\/wp-json\/wp\/v2\/pages\/5957"}],"wp:attachment":[{"href":"https:\/\/www2.unifap.br\/parfor\/wp-json\/wp\/v2\/media?parent=6504"}],"curies":[{"name":"wp","href":"https:\/\/api.w.org\/{rel}","templated":true}]}}