{"id":6518,"date":"2016-02-26T12:02:30","date_gmt":"2016-02-26T12:02:30","guid":{"rendered":"http:\/\/www2.unifap.br\/parfor\/?page_id=6518"},"modified":"2016-02-26T12:02:30","modified_gmt":"2016-02-26T12:02:30","slug":"kelmem-da-cruz-barroso","status":"publish","type":"page","link":"https:\/\/www2.unifap.br\/parfor\/cursos\/matematica\/docentes-2\/kelmem-da-cruz-barroso\/","title":{"rendered":"Kelmem da Cruz Barroso"},"content":{"rendered":"<p>Possui gradua\u00e7\u00e3o em Licenciatura em Matem\u00e1tica pela Universidade Federal do Par\u00e1 (2009) e mestrado em Matem\u00e1tica pela Universidade Federal de Campina Grande (2011). Atualmente \u00e9 professor da Universidade Federal do Amap\u00e1.<\/p>\n<p><a href=\"http:\/\/lattes.cnpq.br\/3077698684980935\">Curriculum Lattes<\/a><\/p>\n<p>Email:\u00a0<strong>kelmem@unifap.br<\/strong><\/p>\n","protected":false},"excerpt":{"rendered":"<p>Possui gradua\u00e7\u00e3o em Licenciatura em Matem\u00e1tica pela Universidade Federal do Par\u00e1 (2009) e mestrado em Matem\u00e1tica pela Universidade Federal de Campina Grande (2011). Atualmente \u00e9 professor da Universidade Federal do Amap\u00e1. Curriculum Lattes Email:\u00a0kelmem@unifap.br<\/p>\n","protected":false},"author":859,"featured_media":0,"parent":5957,"menu_order":0,"comment_status":"open","ping_status":"open","template":"","meta":{"inline_featured_image":false,"ngg_post_thumbnail":0,"footnotes":""},"class_list":["post-6518","page","type-page","status-publish","hentry","entry"],"_links":{"self":[{"href":"https:\/\/www2.unifap.br\/parfor\/wp-json\/wp\/v2\/pages\/6518","targetHints":{"allow":["GET"]}}],"collection":[{"href":"https:\/\/www2.unifap.br\/parfor\/wp-json\/wp\/v2\/pages"}],"about":[{"href":"https:\/\/www2.unifap.br\/parfor\/wp-json\/wp\/v2\/types\/page"}],"author":[{"embeddable":true,"href":"https:\/\/www2.unifap.br\/parfor\/wp-json\/wp\/v2\/users\/859"}],"replies":[{"embeddable":true,"href":"https:\/\/www2.unifap.br\/parfor\/wp-json\/wp\/v2\/comments?post=6518"}],"version-history":[{"count":1,"href":"https:\/\/www2.unifap.br\/parfor\/wp-json\/wp\/v2\/pages\/6518\/revisions"}],"predecessor-version":[{"id":6519,"href":"https:\/\/www2.unifap.br\/parfor\/wp-json\/wp\/v2\/pages\/6518\/revisions\/6519"}],"up":[{"embeddable":true,"href":"https:\/\/www2.unifap.br\/parfor\/wp-json\/wp\/v2\/pages\/5957"}],"wp:attachment":[{"href":"https:\/\/www2.unifap.br\/parfor\/wp-json\/wp\/v2\/media?parent=6518"}],"curies":[{"name":"wp","href":"https:\/\/api.w.org\/{rel}","templated":true}]}}