{"id":6522,"date":"2016-02-26T12:14:50","date_gmt":"2016-02-26T12:14:50","guid":{"rendered":"http:\/\/www2.unifap.br\/parfor\/?page_id=6522"},"modified":"2016-02-26T12:14:50","modified_gmt":"2016-02-26T12:14:50","slug":"melque-da-costa-lima","status":"publish","type":"page","link":"https:\/\/www2.unifap.br\/parfor\/cursos\/matematica\/docentes-2\/melque-da-costa-lima\/","title":{"rendered":"Melque da Costa Lima"},"content":{"rendered":"<p>Pesquisador e Docente efetivo da Universidade Federal do Amap\u00e1 &#8211; Unifap, possui mestrando em estudos da tradu\u00e7\u00e3o pela Universidade Federal de Santa Catarina &#8211; UFSC , graduado em Pedagogia pela Faculdade Atual &#8211; FAAT, especialista em Psicopedagogia Institucional, especialista em Libras, Tradutor e int\u00e9rprete de Libras com profici\u00eancia do MEC.<\/p>\n<p><a href=\"http:\/\/lattes.cnpq.br\/2386122748308000\">Curriculum Lattes<\/a><\/p>\n<p>Email:\u00a0<strong>melqueap@hotmail.com<\/strong><\/p>\n","protected":false},"excerpt":{"rendered":"<p>Pesquisador e Docente efetivo da Universidade Federal do Amap\u00e1 &#8211; Unifap, possui mestrando em estudos da tradu\u00e7\u00e3o pela Universidade Federal de Santa Catarina &#8211; UFSC , graduado em Pedagogia pela Faculdade Atual &#8211; FAAT, especialista em Psicopedagogia Institucional, especialista em Libras, Tradutor e int\u00e9rprete de Libras com profici\u00eancia do MEC. Curriculum Lattes Email:\u00a0melqueap@hotmail.com<\/p>\n","protected":false},"author":859,"featured_media":0,"parent":5957,"menu_order":0,"comment_status":"open","ping_status":"open","template":"","meta":{"inline_featured_image":false,"ngg_post_thumbnail":0,"footnotes":""},"class_list":["post-6522","page","type-page","status-publish","hentry","entry"],"_links":{"self":[{"href":"https:\/\/www2.unifap.br\/parfor\/wp-json\/wp\/v2\/pages\/6522","targetHints":{"allow":["GET"]}}],"collection":[{"href":"https:\/\/www2.unifap.br\/parfor\/wp-json\/wp\/v2\/pages"}],"about":[{"href":"https:\/\/www2.unifap.br\/parfor\/wp-json\/wp\/v2\/types\/page"}],"author":[{"embeddable":true,"href":"https:\/\/www2.unifap.br\/parfor\/wp-json\/wp\/v2\/users\/859"}],"replies":[{"embeddable":true,"href":"https:\/\/www2.unifap.br\/parfor\/wp-json\/wp\/v2\/comments?post=6522"}],"version-history":[{"count":1,"href":"https:\/\/www2.unifap.br\/parfor\/wp-json\/wp\/v2\/pages\/6522\/revisions"}],"predecessor-version":[{"id":6523,"href":"https:\/\/www2.unifap.br\/parfor\/wp-json\/wp\/v2\/pages\/6522\/revisions\/6523"}],"up":[{"embeddable":true,"href":"https:\/\/www2.unifap.br\/parfor\/wp-json\/wp\/v2\/pages\/5957"}],"wp:attachment":[{"href":"https:\/\/www2.unifap.br\/parfor\/wp-json\/wp\/v2\/media?parent=6522"}],"curies":[{"name":"wp","href":"https:\/\/api.w.org\/{rel}","templated":true}]}}