{"id":6524,"date":"2016-02-26T12:18:55","date_gmt":"2016-02-26T12:18:55","guid":{"rendered":"http:\/\/www2.unifap.br\/parfor\/?page_id=6524"},"modified":"2016-02-26T12:18:55","modified_gmt":"2016-02-26T12:18:55","slug":"naralina-viana-soares-da-silva","status":"publish","type":"page","link":"https:\/\/www2.unifap.br\/parfor\/cursos\/matematica\/docentes-2\/naralina-viana-soares-da-silva\/","title":{"rendered":"Naralina Viana Soares da Silva"},"content":{"rendered":"<p>Possui gradua\u00e7\u00e3o em Licenciatura em Matem\u00e1tica pela Universidade Federal de Pernambuco (2000), Especializa\u00e7\u00e3o em Ensino de Matem\u00e1tica pela FAINTVISA(2003) e Mestrado em Matem\u00e1tica (PROFMAT) pela Universidade Federal do Amap\u00e1. Atualmente \u00e9 professora assistente I da Universidade Federal do Amap\u00e1 (UNIFAP) no curso de Licenciatura em Matem\u00e1tica. Tem experi\u00eancia na \u00e1rea de Educa\u00e7\u00e3o, com \u00eanfase em Ensino-Aprendizagem, atuando principalmente nos seguintes temas: uso de tecnologias digitais, geogebra, c\u00f4nicas, software educacionais e representa\u00e7\u00e3o semi\u00f3tica.<\/p>\n<p><a href=\"http:\/\/lattes.cnpq.br\/4498037849511434\">Curriculum Lattes<\/a><\/p>\n<p>Email:\u00a0<strong>naralina@gmail.com<\/strong><\/p>\n","protected":false},"excerpt":{"rendered":"<p>Possui gradua\u00e7\u00e3o em Licenciatura em Matem\u00e1tica pela Universidade Federal de Pernambuco (2000), Especializa\u00e7\u00e3o em Ensino de Matem\u00e1tica pela FAINTVISA(2003) e Mestrado em Matem\u00e1tica (PROFMAT) pela Universidade Federal do Amap\u00e1. Atualmente \u00e9 professora assistente I da Universidade Federal do Amap\u00e1 (UNIFAP) no curso de Licenciatura em Matem\u00e1tica. Tem experi\u00eancia na \u00e1rea de Educa\u00e7\u00e3o, com \u00eanfase em&#8230;<\/p>\n","protected":false},"author":859,"featured_media":0,"parent":5957,"menu_order":0,"comment_status":"open","ping_status":"open","template":"","meta":{"inline_featured_image":false,"ngg_post_thumbnail":0,"footnotes":""},"class_list":["post-6524","page","type-page","status-publish","hentry","entry"],"_links":{"self":[{"href":"https:\/\/www2.unifap.br\/parfor\/wp-json\/wp\/v2\/pages\/6524","targetHints":{"allow":["GET"]}}],"collection":[{"href":"https:\/\/www2.unifap.br\/parfor\/wp-json\/wp\/v2\/pages"}],"about":[{"href":"https:\/\/www2.unifap.br\/parfor\/wp-json\/wp\/v2\/types\/page"}],"author":[{"embeddable":true,"href":"https:\/\/www2.unifap.br\/parfor\/wp-json\/wp\/v2\/users\/859"}],"replies":[{"embeddable":true,"href":"https:\/\/www2.unifap.br\/parfor\/wp-json\/wp\/v2\/comments?post=6524"}],"version-history":[{"count":1,"href":"https:\/\/www2.unifap.br\/parfor\/wp-json\/wp\/v2\/pages\/6524\/revisions"}],"predecessor-version":[{"id":6525,"href":"https:\/\/www2.unifap.br\/parfor\/wp-json\/wp\/v2\/pages\/6524\/revisions\/6525"}],"up":[{"embeddable":true,"href":"https:\/\/www2.unifap.br\/parfor\/wp-json\/wp\/v2\/pages\/5957"}],"wp:attachment":[{"href":"https:\/\/www2.unifap.br\/parfor\/wp-json\/wp\/v2\/media?parent=6524"}],"curies":[{"name":"wp","href":"https:\/\/api.w.org\/{rel}","templated":true}]}}