{"id":6579,"date":"2016-03-03T12:22:49","date_gmt":"2016-03-03T12:22:49","guid":{"rendered":"http:\/\/www2.unifap.br\/parfor\/?page_id=6579"},"modified":"2016-03-03T12:22:49","modified_gmt":"2016-03-03T12:22:49","slug":"modulo-v","status":"publish","type":"page","link":"https:\/\/www2.unifap.br\/parfor\/cursos\/matematica\/primeira-licenciatura\/modulos-ofertados\/modulo-v\/","title":{"rendered":"M\u00f3dulo V"},"content":{"rendered":"<p>Segue a oferta de disciplinas do m\u00f3dulo V (2015.1) com per\u00edodo de 29 de junho a 30 de julho de 2015.<\/p>\n<p><a href=\"http:\/\/www2.unifap.br\/parfor\/files\/2016\/03\/Mod.-5-Matem\u00e1tica.png\"><img fetchpriority=\"high\" decoding=\"async\" class=\"alignnone size-full wp-image-6591\" alt=\"Mod. 5 - Matem\u00e1tica\" src=\"http:\/\/www2.unifap.br\/parfor\/files\/2016\/03\/Mod.-5-Matem\u00e1tica.png\" width=\"1654\" height=\"2339\" srcset=\"https:\/\/www2.unifap.br\/parfor\/files\/2016\/03\/Mod.-5-Matem\u00e1tica.png 1654w, https:\/\/www2.unifap.br\/parfor\/files\/2016\/03\/Mod.-5-Matem\u00e1tica-212x300.png 212w, https:\/\/www2.unifap.br\/parfor\/files\/2016\/03\/Mod.-5-Matem\u00e1tica-724x1024.png 724w\" sizes=\"(max-width: 1654px) 100vw, 1654px\" \/><\/a><\/p>\n","protected":false},"excerpt":{"rendered":"<p>Segue a oferta de disciplinas do m\u00f3dulo V (2015.1) com per\u00edodo de 29 de junho a 30 de julho de 2015.<\/p>\n","protected":false},"author":859,"featured_media":0,"parent":6575,"menu_order":0,"comment_status":"open","ping_status":"open","template":"","meta":{"inline_featured_image":false,"ngg_post_thumbnail":0,"footnotes":""},"class_list":["post-6579","page","type-page","status-publish","hentry","entry"],"_links":{"self":[{"href":"https:\/\/www2.unifap.br\/parfor\/wp-json\/wp\/v2\/pages\/6579","targetHints":{"allow":["GET"]}}],"collection":[{"href":"https:\/\/www2.unifap.br\/parfor\/wp-json\/wp\/v2\/pages"}],"about":[{"href":"https:\/\/www2.unifap.br\/parfor\/wp-json\/wp\/v2\/types\/page"}],"author":[{"embeddable":true,"href":"https:\/\/www2.unifap.br\/parfor\/wp-json\/wp\/v2\/users\/859"}],"replies":[{"embeddable":true,"href":"https:\/\/www2.unifap.br\/parfor\/wp-json\/wp\/v2\/comments?post=6579"}],"version-history":[{"count":1,"href":"https:\/\/www2.unifap.br\/parfor\/wp-json\/wp\/v2\/pages\/6579\/revisions"}],"predecessor-version":[{"id":6592,"href":"https:\/\/www2.unifap.br\/parfor\/wp-json\/wp\/v2\/pages\/6579\/revisions\/6592"}],"up":[{"embeddable":true,"href":"https:\/\/www2.unifap.br\/parfor\/wp-json\/wp\/v2\/pages\/6575"}],"wp:attachment":[{"href":"https:\/\/www2.unifap.br\/parfor\/wp-json\/wp\/v2\/media?parent=6579"}],"curies":[{"name":"wp","href":"https:\/\/api.w.org\/{rel}","templated":true}]}}