{"id":728,"date":"2012-11-14T20:53:04","date_gmt":"2012-11-14T20:53:04","guid":{"rendered":"http:\/\/www2.unifap.br\/parfor\/?page_id=728"},"modified":"2015-04-23T22:05:31","modified_gmt":"2015-04-23T22:05:31","slug":"processo-seletivo","status":"publish","type":"page","link":"https:\/\/www2.unifap.br\/parfor\/atos-administrativos\/processo-seletivo\/","title":{"rendered":"Processo Seletivo"},"content":{"rendered":"<h2>Documentos para download:<\/h2>\n<h4><span style=\"color: #0000ff\"><strong>EDITAL 023\/2013 PROGRAD\/UNIFAP\/PARFOR<\/strong><\/span><\/h4>\n<h4>PROCESSO SELETIVO SIMPLIFICADO DE DOCENTES PARA O PARFOR<\/h4>\n<div>A Pr\u00f3-Reitoria de Ensino de Gradua\u00e7\u00e3o torna p\u00fablica a abertura do Processo Seletivo Simplificado de Docentes para o Plano Nacional de Forma\u00e7\u00e3o de Professores da Educa\u00e7\u00e3o B\u00e1sica &#8211; PARFOR.<\/p>\n<div>Inscri\u00e7\u00e3o: 14 a 17\/06\/2013.<\/div>\n<div>Local: Coordena\u00e7\u00e3o Geral do PARFOR\/UNIFAP<\/div>\n<\/div>\n<dl>\n<dt>Arquivos<\/dt>\n<dt><\/dt>\n<\/dl>\n<p><a title=\"EDITAL 023\/2013\" href=\"http:\/\/www.unifap.br\/?fileId=64024\" target=\"_blank\"><img decoding=\"async\" alt=\"?fileId=64024\" src=\"http:\/\/www.unifap.br\/imagens\/icon\/pdf.png\" border=\"0\" \/> 2013-06-12 18:06:05 &#8211; EDITAL 023\/2013\u00a0PROGRAD\/UNIFAP\/PARFOR<\/a><br \/>\n<a title=\"Resultado do Edital 023\/2013\" href=\"http:\/\/www.unifap.br\/?fileId=65160\" target=\"_blank\"><img decoding=\"async\" alt=\"?fileId=65160\" src=\"http:\/\/www.unifap.br\/imagens\/icon\/pdf.png\" border=\"0\" \/> 2013-06-20 21:06:09 &#8211; Resultado do Edital 023\/2013<\/a><br \/>\n<a title=\"Resultado do Edital 023\/2013\" href=\"http:\/\/www2.unifap.br\/parfor\/files\/2013\/06\/Retifica%C3%A7%C3%A3o-N-01.Resultado-Pro.-Simplificado-Edital-023-2013.27.06-C%C3%B3pia.pdf\" target=\"_blank\"><img decoding=\"async\" alt=\"?fileId=65160\" src=\"http:\/\/www.unifap.br\/imagens\/icon\/pdf.png\" border=\"0\" \/><\/a><strong><a href=\"http:\/\/www2.unifap.br\/parfor\/files\/2013\/06\/Retifica%C3%A7%C3%A3o-N-01.Resultado-Pro.-Simplificado-Edital-023-2013.27.06-C%C3%B3pia.pdf\" target=\"_blank\">2013-06-27 14:13:15 Retifica\u00e7\u00e3o_N\u00ba01_Resultado_PSS_Edita_023\/2013<\/a> <a href=\"http:\/\/www2.unifap.br\/parfor\/files\/2013\/06\/Retifica%C3%A7%C3%A3o-N-01.Resultado-Pro.-Simplificado-Edital-023-2013.27.06-C%C3%B3pia.pdf\" target=\"_blank\"><img decoding=\"async\" alt=\"\" src=\"http:\/\/depsec.unifap.br\/novo.gif\" \/><\/a><\/strong><\/p>\n<div>Total de Arquivos: 3<\/div>\n<div>Fonte 1:\u00a0<a href=\"http:\/\/www.unifap.br\/?postagem=4863\">http:\/\/www.unifap.br\/?postagem=4863<\/a> (Com adapta\u00e7\u00f5es)<\/div>\n<p>Fonte 2:\u00a0<a href=\"http:\/\/www.unifap.br\/?postagem=4896\">http:\/\/www.unifap.br\/?postagem=4896<\/a>Com adapta\u00e7\u00f5es)<\/p>\n<p>&nbsp;<\/p>\n<p><!--more--><\/p>\n<p><strong>EDITAL N\u00ba. 038\/2012 PROGRAD\/UNIFAP\/PARFOR<\/strong><\/p>\n<p>Retifica\u00e7\u00e3o N\u00ba 02<\/p>\n<p>PROCESSO SELETIVO SIMPLIFICADO DE DOCENTES PARA O PARFOR A Pr\u00f3-Reitora de Ensino de Gradua\u00e7\u00e3o da Universidade Federal do Amap\u00e1 \u2013 UNIFAP, no uso de suas atribui\u00e7\u00f5es legais e estatut\u00e1rias, para atender o disposto no Termo de Ades\u00e3o do Plano Nacional de Forma\u00e7\u00e3o de Professores da Educa\u00e7\u00e3o B\u00e1sica \u2013 PARFOR institu\u00eddo pela Portaria Normativa N\u00ba 09, de 30 de junho de 2009 do MEC, torna p\u00fablico o RESULTADO FINAL ap\u00f3s AN\u00c1LISE DE RECURSOS do Processo Seletivo Simplificado de Docentes para o PARFOR, em car\u00e1ter tempor\u00e1rio, cujas regras est\u00e3o estabelecidas neste Edital e em seus anexos.<\/p>\n<p>&nbsp;<\/p>\n<p>RESULTADO FINAL DO PROCESSO SELETIVO SIMPLIFICADO DE DOCENTES AP\u00d3S AN\u00c1LISE DE RECURSOS PARFOR\/UNIFAP EDITAL N\u00ba 038\/2012<\/p>\n<p>&nbsp;<\/p>\n<p>Documentos para download:<\/p>\n<p>14-11-2012 &#8211;\u00a0<a href=\"http:\/\/www2.unifap.br\/parfor\/files\/2012\/12\/Edital-038-Simplificado-Parfor-novembro-2012.pdf\">Edital 038 Simplificado Parfor novembro 2012<\/a><\/p>\n<p>13-12-2012-\u00a0<a href=\"http:\/\/www2.unifap.br\/parfor\/files\/2012\/12\/Resultado-Pro.-Simplificado-Edital-038-2012.pdf\">Resultado<\/a><\/p>\n<p>14-12-2012-\u00a0<a href=\"http:\/\/www2.unifap.br\/parfor\/files\/2012\/12\/retificacao-n-01-Resultado-Pro.-Simplificado-Edital-038-2012.pdf\">retifica\u00e7\u00e3o n 01-Resultado<\/a><\/p>\n<p>18-12-2012-<a href=\"http:\/\/www2.unifap.br\/parfor\/files\/2012\/12\/Resultado-Pro.-Simplificado-Edital-038-2012-ap%C3%B3s-recurso.pdf\">Retifica\u00e7\u00e3o n\u00b0 02-Resultado -Ap\u00f3s Recurso<\/a><\/p>\n<p>&nbsp;<\/p>\n<p>&nbsp;<\/p>\n","protected":false},"excerpt":{"rendered":"<p>Documentos para download: EDITAL 023\/2013 PROGRAD\/UNIFAP\/PARFOR PROCESSO SELETIVO SIMPLIFICADO DE DOCENTES PARA O PARFOR A Pr\u00f3-Reitoria de Ensino de Gradua\u00e7\u00e3o torna p\u00fablica a abertura do Processo Seletivo Simplificado de Docentes para o Plano Nacional de Forma\u00e7\u00e3o de Professores da Educa\u00e7\u00e3o B\u00e1sica &#8211; PARFOR. Inscri\u00e7\u00e3o: 14 a 17\/06\/2013. Local: Coordena\u00e7\u00e3o Geral do PARFOR\/UNIFAP Arquivos 2013-06-12 18:06:05&#8230;<\/p>\n","protected":false},"author":117,"featured_media":0,"parent":501,"menu_order":4,"comment_status":"closed","ping_status":"closed","template":"","meta":{"inline_featured_image":false,"ngg_post_thumbnail":0,"footnotes":""},"class_list":["post-728","page","type-page","status-publish","hentry","entry"],"_links":{"self":[{"href":"https:\/\/www2.unifap.br\/parfor\/wp-json\/wp\/v2\/pages\/728","targetHints":{"allow":["GET"]}}],"collection":[{"href":"https:\/\/www2.unifap.br\/parfor\/wp-json\/wp\/v2\/pages"}],"about":[{"href":"https:\/\/www2.unifap.br\/parfor\/wp-json\/wp\/v2\/types\/page"}],"author":[{"embeddable":true,"href":"https:\/\/www2.unifap.br\/parfor\/wp-json\/wp\/v2\/users\/117"}],"replies":[{"embeddable":true,"href":"https:\/\/www2.unifap.br\/parfor\/wp-json\/wp\/v2\/comments?post=728"}],"version-history":[{"count":7,"href":"https:\/\/www2.unifap.br\/parfor\/wp-json\/wp\/v2\/pages\/728\/revisions"}],"predecessor-version":[{"id":5967,"href":"https:\/\/www2.unifap.br\/parfor\/wp-json\/wp\/v2\/pages\/728\/revisions\/5967"}],"up":[{"embeddable":true,"href":"https:\/\/www2.unifap.br\/parfor\/wp-json\/wp\/v2\/pages\/501"}],"wp:attachment":[{"href":"https:\/\/www2.unifap.br\/parfor\/wp-json\/wp\/v2\/media?parent=728"}],"curies":[{"name":"wp","href":"https:\/\/api.w.org\/{rel}","templated":true}]}}