{"id":7924,"date":"2024-02-05T15:12:30","date_gmt":"2024-02-05T15:12:30","guid":{"rendered":"https:\/\/www2.unifap.br\/parfor\/?page_id=7924"},"modified":"2024-02-05T15:12:30","modified_gmt":"2024-02-05T15:12:30","slug":"atividades-complementares","status":"publish","type":"page","link":"https:\/\/www2.unifap.br\/parfor\/atividades-complementares\/","title":{"rendered":"ATIVIDADES COMPLEMENTARES"},"content":{"rendered":"<p>A coordena\u00e7\u00e3o Geral do Parfor, informa que para os cursistas vinculados ao Parfor dos P\u00f3los de Cal\u00e7oene, Pracu\u00faba, Mazag\u00e3o e Macap\u00e1. A disciplina de Atividades Complementares (AACC) \u00e9 ofertada em fluxo cont\u00ednuo, de acordo com o PPC dos cursos. Assim est\u00e1 aberta ao recebimento dos processos para contagem dos cr\u00e9ditos pelo e-mail: parforunifap2022@hotmail.com. Ou ainda na coordena\u00e7\u00e3o de seu curso.<\/p>\n<p>&nbsp;<\/p>\n<p>Cordialmente.<\/p>\n<p>&nbsp;<\/p>\n<p>Coordena\u00e7\u00e3o Geral<\/p>\n","protected":false},"excerpt":{"rendered":"<p>A coordena\u00e7\u00e3o Geral do Parfor, informa que para os cursistas vinculados ao Parfor dos P\u00f3los de Cal\u00e7oene, Pracu\u00faba, Mazag\u00e3o e Macap\u00e1. A disciplina de Atividades Complementares (AACC) \u00e9 ofertada em fluxo cont\u00ednuo, de acordo com o PPC dos cursos. Assim est\u00e1 aberta ao recebimento dos processos para contagem dos cr\u00e9ditos pelo e-mail: parforunifap2022@hotmail.com. Ou ainda&#8230;<\/p>\n","protected":false},"author":3807,"featured_media":0,"parent":0,"menu_order":0,"comment_status":"closed","ping_status":"closed","template":"","meta":{"inline_featured_image":false,"ngg_post_thumbnail":0,"footnotes":""},"class_list":["post-7924","page","type-page","status-publish","hentry","entry"],"_links":{"self":[{"href":"https:\/\/www2.unifap.br\/parfor\/wp-json\/wp\/v2\/pages\/7924","targetHints":{"allow":["GET"]}}],"collection":[{"href":"https:\/\/www2.unifap.br\/parfor\/wp-json\/wp\/v2\/pages"}],"about":[{"href":"https:\/\/www2.unifap.br\/parfor\/wp-json\/wp\/v2\/types\/page"}],"author":[{"embeddable":true,"href":"https:\/\/www2.unifap.br\/parfor\/wp-json\/wp\/v2\/users\/3807"}],"replies":[{"embeddable":true,"href":"https:\/\/www2.unifap.br\/parfor\/wp-json\/wp\/v2\/comments?post=7924"}],"version-history":[{"count":1,"href":"https:\/\/www2.unifap.br\/parfor\/wp-json\/wp\/v2\/pages\/7924\/revisions"}],"predecessor-version":[{"id":7925,"href":"https:\/\/www2.unifap.br\/parfor\/wp-json\/wp\/v2\/pages\/7924\/revisions\/7925"}],"wp:attachment":[{"href":"https:\/\/www2.unifap.br\/parfor\/wp-json\/wp\/v2\/media?parent=7924"}],"curies":[{"name":"wp","href":"https:\/\/api.w.org\/{rel}","templated":true}]}}