{"id":8016,"date":"2025-01-16T18:43:56","date_gmt":"2025-01-16T18:43:56","guid":{"rendered":"https:\/\/www2.unifap.br\/parfor\/?page_id=8016"},"modified":"2025-01-16T18:52:52","modified_gmt":"2025-01-16T18:52:52","slug":"calendarios","status":"publish","type":"page","link":"https:\/\/www2.unifap.br\/parfor\/calendarios\/","title":{"rendered":"CALEND\u00c1RIO"},"content":{"rendered":"\t\t<div data-elementor-type=\"wp-page\" data-elementor-id=\"8016\" class=\"elementor elementor-8016\">\n\t\t\t\t\t\t<section class=\"elementor-section elementor-top-section elementor-element elementor-element-33a3ea0 elementor-section-boxed elementor-section-height-default elementor-section-height-default\" data-id=\"33a3ea0\" data-element_type=\"section\" data-e-type=\"section\">\n\t\t\t\t\t\t<div class=\"elementor-container elementor-column-gap-default\">\n\t\t\t\t\t<div class=\"elementor-column elementor-col-100 elementor-top-column elementor-element elementor-element-51a1e43\" data-id=\"51a1e43\" data-element_type=\"column\" data-e-type=\"column\">\n\t\t\t<div class=\"elementor-widget-wrap elementor-element-populated\">\n\t\t\t\t\t\t<div class=\"elementor-element elementor-element-7ded0fb elementor-widget elementor-widget-text-editor\" data-id=\"7ded0fb\" data-element_type=\"widget\" data-e-type=\"widget\" data-widget_type=\"text-editor.default\">\n\t\t\t\t<div class=\"elementor-widget-container\">\n\t\t\t\t\t\t\t\t\t<p>Nesta se\u00e7\u00e3o encontra-se todos os calendarios dos curso ofertados pelo PARFOR<\/p>\t\t\t\t\t\t\t\t<\/div>\n\t\t\t\t<\/div>\n\t\t\t\t\t<\/div>\n\t\t<\/div>\n\t\t\t\t\t<\/div>\n\t\t<\/section>\n\t\t\t\t<section class=\"elementor-section elementor-top-section elementor-element elementor-element-51bc0db elementor-section-boxed elementor-section-height-default elementor-section-height-default\" data-id=\"51bc0db\" data-element_type=\"section\" data-e-type=\"section\">\n\t\t\t\t\t\t<div class=\"elementor-container elementor-column-gap-default\">\n\t\t\t\t\t<div class=\"elementor-column elementor-col-100 elementor-top-column elementor-element elementor-element-9a760d6\" data-id=\"9a760d6\" data-element_type=\"column\" data-e-type=\"column\">\n\t\t\t<div class=\"elementor-widget-wrap elementor-element-populated\">\n\t\t\t\t\t\t<div class=\"elementor-element elementor-element-39d7ffb elementor-widget elementor-widget-toggle\" data-id=\"39d7ffb\" data-element_type=\"widget\" data-e-type=\"widget\" data-widget_type=\"toggle.default\">\n\t\t\t\t<div class=\"elementor-widget-container\">\n\t\t\t\t\t\t\t<div class=\"elementor-toggle\">\n\t\t\t\t\t\t\t<div class=\"elementor-toggle-item\">\n\t\t\t\t\t<div id=\"elementor-tab-title-6061\" class=\"elementor-tab-title\" data-tab=\"1\" role=\"button\" aria-controls=\"elementor-tab-content-6061\" aria-expanded=\"false\">\n\t\t\t\t\t\t\t\t\t\t\t\t<span class=\"elementor-toggle-icon elementor-toggle-icon-left\" aria-hidden=\"true\">\n\t\t\t\t\t\t\t\t\t\t\t\t\t\t\t<span class=\"elementor-toggle-icon-closed\"><i class=\"fas fa-caret-right\"><\/i><\/span>\n\t\t\t\t\t\t\t\t<span class=\"elementor-toggle-icon-opened\"><i class=\"elementor-toggle-icon-opened fas fa-caret-up\"><\/i><\/span>\n\t\t\t\t\t\t\t\t\t\t\t\t\t<\/span>\n\t\t\t\t\t\t\t\t\t\t\t\t<a class=\"elementor-toggle-title\" tabindex=\"0\">CALEND\u00c1RIO 2020.2<\/a>\n\t\t\t\t\t<\/div>\n\n\t\t\t\t\t<div id=\"elementor-tab-content-6061\" class=\"elementor-tab-content elementor-clearfix\" data-tab=\"1\" role=\"region\" aria-labelledby=\"elementor-tab-title-6061\"><p>Com o desafio de manter as atividades de ensino, o Parfor\/Unifap, n\u00e3o poderia fazer diferente. Assim retomamos no \u00faltimo dia 02\/08 o m\u00f3dulo. Em anexo disponibilizamos o quadro de disciplinas sendo ofertadas neste m\u00f3dulo, nas tr\u00eas (03) turmas que fazem refer\u00eancia ao semestre 2020.2.<\/p><p><a href=\"http:\/\/www2.unifap.br\/parfor\/files\/2021\/08\/Oferta-Letras-Parfor-2020.2-Turma-01-1.pdf\">Oferta Letras-Parfor 2020.2 \u2013 Turma 01<\/a><\/p><p><a href=\"http:\/\/www2.unifap.br\/parfor\/files\/2021\/08\/Oferta-Letras-Parfor-2020.2-Turma-02.pdf\">Oferta Letras-Parfor 2020.2 \u2013 Turma 02<\/a><\/p><p><a href=\"http:\/\/www2.unifap.br\/parfor\/files\/2021\/08\/Oferta-Letras-Parfor-2020.2-Turma-03.pdf\">Oferta Letras-Parfor 2020.2 \u2013 Turma 03<\/a><\/p><p>Coordena\u00e7\u00e3o Geral do Parfor.<\/p><\/div>\n\t\t\t\t<\/div>\n\t\t\t\t\t\t\t<div class=\"elementor-toggle-item\">\n\t\t\t\t\t<div id=\"elementor-tab-title-6062\" class=\"elementor-tab-title\" data-tab=\"2\" role=\"button\" aria-controls=\"elementor-tab-content-6062\" aria-expanded=\"false\">\n\t\t\t\t\t\t\t\t\t\t\t\t<span class=\"elementor-toggle-icon elementor-toggle-icon-left\" aria-hidden=\"true\">\n\t\t\t\t\t\t\t\t\t\t\t\t\t\t\t<span class=\"elementor-toggle-icon-closed\"><i class=\"fas fa-caret-right\"><\/i><\/span>\n\t\t\t\t\t\t\t\t<span class=\"elementor-toggle-icon-opened\"><i class=\"elementor-toggle-icon-opened fas fa-caret-up\"><\/i><\/span>\n\t\t\t\t\t\t\t\t\t\t\t\t\t<\/span>\n\t\t\t\t\t\t\t\t\t\t\t\t<a class=\"elementor-toggle-title\" tabindex=\"0\">CALEND\u00c1RIO 2021.1<\/a>\n\t\t\t\t\t<\/div>\n\n\t\t\t\t\t<div id=\"elementor-tab-content-6062\" class=\"elementor-tab-content elementor-clearfix\" data-tab=\"2\" role=\"region\" aria-labelledby=\"elementor-tab-title-6062\"><p>Como anunciamos anteriormente, retornaremos nosso m\u00f3dulo presencial, atendendo a um rigoroso protocolo de biosseguran\u00e7a, incluindo a apresenta\u00e7\u00e3o de carteira de vacina\u00e7\u00e3o de professores e alunos. O in\u00edcio das aulas ser\u00e1 no pr\u00f3ximo\u00a0\u00a0<strong>dia 10\/01\/2022<\/strong>.\u00a0 Em anexo disponibilizamos o quadro de disciplinas a serem ofertadas neste m\u00f3dulo, nas tr\u00eas (03) turmas de Letras\/Parfor, que fazem refer\u00eancia ao semestre 2021.1. Importante salientar que a oferta pode sofrer altera\u00e7\u00f5es.<\/p><p>Cordialmente,<\/p><p>Prof. Dr. Ronaldo Manass\u00e9s<\/p><p>Coordenador Geral do Parfor<\/p><p>Portaria 0471\/2021<\/p><p><a href=\"http:\/\/www2.unifap.br\/parfor\/files\/2021\/12\/Oferta-Letras-Parfor-2021.1-Turma-01.pdf\">Oferta Letras-Parfor 2021.1 \u2013 Turma 01<\/a><\/p><p><a href=\"http:\/\/www2.unifap.br\/parfor\/files\/2021\/12\/Oferta-Letras-Parfor-2021.1-Turma-02.pdf\">Oferta Letras-Parfor 2021.1 \u2013 Turma 02<\/a><\/p><p><a href=\"http:\/\/www2.unifap.br\/parfor\/files\/2021\/12\/Oferta-Letras-Parfor-2021.1-Turma-03.pdf\">Oferta Letras-Parfor 2021.1 \u2013 Turma 03<\/a><\/p><p><a href=\"http:\/\/www2.unifap.br\/parfor\/files\/2022\/01\/Decr.-n%C2%BA-0042-2022-Abertura-gradativa-das-atividades-econo%CC%82micas-.pdf\">Decr. n\u00ba 0042-2022- Abertura gradativa das atividades econo\u0302micas<\/a><\/p><\/div>\n\t\t\t\t<\/div>\n\t\t\t\t\t\t\t<div class=\"elementor-toggle-item\">\n\t\t\t\t\t<div id=\"elementor-tab-title-6063\" class=\"elementor-tab-title\" data-tab=\"3\" role=\"button\" aria-controls=\"elementor-tab-content-6063\" aria-expanded=\"false\">\n\t\t\t\t\t\t\t\t\t\t\t\t<span class=\"elementor-toggle-icon elementor-toggle-icon-left\" aria-hidden=\"true\">\n\t\t\t\t\t\t\t\t\t\t\t\t\t\t\t<span class=\"elementor-toggle-icon-closed\"><i class=\"fas fa-caret-right\"><\/i><\/span>\n\t\t\t\t\t\t\t\t<span class=\"elementor-toggle-icon-opened\"><i class=\"elementor-toggle-icon-opened fas fa-caret-up\"><\/i><\/span>\n\t\t\t\t\t\t\t\t\t\t\t\t\t<\/span>\n\t\t\t\t\t\t\t\t\t\t\t\t<a class=\"elementor-toggle-title\" tabindex=\"0\">CALEND\u00c1RIO 2022.2<\/a>\n\t\t\t\t\t<\/div>\n\n\t\t\t\t\t<div id=\"elementor-tab-content-6063\" class=\"elementor-tab-content elementor-clearfix\" data-tab=\"3\" role=\"region\" aria-labelledby=\"elementor-tab-title-6063\"><p>\u00c9 com esp\u00edrito de amor pelo ensino que n\u00f3s damos boas-vindas e desejamos um semestre repleto de conhecimento, for\u00e7a e determina\u00e7\u00e3o aos nossos cursistas do Parfor. E \u00e9 com este entusiasmo que chamamos nossos cursistas para o m\u00f3dulo 2022.2 do Parfor das turmas de Pedagogia e Pedagogia do Campo, dos Campus Marco Zero, Pracu\u00faba e Mazag\u00e3o. Nosso per\u00edodo letivo ser\u00e1 de 09 de janeiro a 18 de fevereiro de 2023. Esperamos por todos!!<\/p><p><a href=\"http:\/\/www2.unifap.br\/parfor\/files\/2024\/02\/oferta-Pracuuba-2022.2.pdf\">oferta Pracu\u00faba 2022.2<\/a><\/p><p><a href=\"http:\/\/www2.unifap.br\/parfor\/files\/2024\/02\/OFERTA-PARFOR-MAZAGAO-9-JAN-A-18-FEV-2023.pdf\">OFERTA PARFOR MAZAG\u00c3O 9 JAN A 18 FEV 2023<\/a><\/p><\/div>\n\t\t\t\t<\/div>\n\t\t\t\t\t\t\t<div class=\"elementor-toggle-item\">\n\t\t\t\t\t<div id=\"elementor-tab-title-6064\" class=\"elementor-tab-title\" data-tab=\"4\" role=\"button\" aria-controls=\"elementor-tab-content-6064\" aria-expanded=\"false\">\n\t\t\t\t\t\t\t\t\t\t\t\t<span class=\"elementor-toggle-icon elementor-toggle-icon-left\" aria-hidden=\"true\">\n\t\t\t\t\t\t\t\t\t\t\t\t\t\t\t<span class=\"elementor-toggle-icon-closed\"><i class=\"fas fa-caret-right\"><\/i><\/span>\n\t\t\t\t\t\t\t\t<span class=\"elementor-toggle-icon-opened\"><i class=\"elementor-toggle-icon-opened fas fa-caret-up\"><\/i><\/span>\n\t\t\t\t\t\t\t\t\t\t\t\t\t<\/span>\n\t\t\t\t\t\t\t\t\t\t\t\t<a class=\"elementor-toggle-title\" tabindex=\"0\">CALEND\u00c1RIO 2023.1<\/a>\n\t\t\t\t\t<\/div>\n\n\t\t\t\t\t<div id=\"elementor-tab-content-6064\" class=\"elementor-tab-content elementor-clearfix\" data-tab=\"4\" role=\"region\" aria-labelledby=\"elementor-tab-title-6064\"><p>\u00c9 com esp\u00edrito de amor pelo ensino que n\u00f3s damos boas-vindas e desejamos um semestre repleto de conhecimento, for\u00e7a e determina\u00e7\u00e3o aos nossos cursistas do Parfor. E \u00e9 com este entusiasmo que chamamos nossos cursistas para o m\u00f3dulo 2023.1 do Parfor das turmas de Pedagogia e Pedagogia do Campo, dos Campus Marco Zero, Pracu\u00faba, Mazag\u00e3o e a mais nova turma em Cal\u00e7oene. Nosso per\u00edodo letivo ser\u00e1 de 03 a 29 de julho. Esperamos por todos!!<\/p><p><a href=\"http:\/\/www2.unifap.br\/parfor\/files\/2024\/01\/oferta-2023.1.pdf\">Oferta 2023.1<\/a>\u00a0P\u00f3los de Pracu\u00faba e Cal\u00e7oene.<\/p><p><a href=\"http:\/\/www2.unifap.br\/parfor\/files\/2024\/01\/OFERTA-PARFOR-MAZAGAO-9-JAN-A-18-FEV-2023.pdf\">OFERTA PARFOR MAZAG\u00c3O 9 JAN A 18 FEV 2023<\/a><\/p><\/div>\n\t\t\t\t<\/div>\n\t\t\t\t\t\t\t<div class=\"elementor-toggle-item\">\n\t\t\t\t\t<div id=\"elementor-tab-title-6065\" class=\"elementor-tab-title\" data-tab=\"5\" role=\"button\" aria-controls=\"elementor-tab-content-6065\" aria-expanded=\"false\">\n\t\t\t\t\t\t\t\t\t\t\t\t<span class=\"elementor-toggle-icon elementor-toggle-icon-left\" aria-hidden=\"true\">\n\t\t\t\t\t\t\t\t\t\t\t\t\t\t\t<span class=\"elementor-toggle-icon-closed\"><i class=\"fas fa-caret-right\"><\/i><\/span>\n\t\t\t\t\t\t\t\t<span class=\"elementor-toggle-icon-opened\"><i class=\"elementor-toggle-icon-opened fas fa-caret-up\"><\/i><\/span>\n\t\t\t\t\t\t\t\t\t\t\t\t\t<\/span>\n\t\t\t\t\t\t\t\t\t\t\t\t<a class=\"elementor-toggle-title\" tabindex=\"0\">CALEND\u00c1RIO 2023.2<\/a>\n\t\t\t\t\t<\/div>\n\n\t\t\t\t\t<div id=\"elementor-tab-content-6065\" class=\"elementor-tab-content elementor-clearfix\" data-tab=\"5\" role=\"region\" aria-labelledby=\"elementor-tab-title-6065\"><p>\u00c9 com esp\u00edrito de amor pelo ensino que n\u00f3s damos boas-vindas e desejamos um semestre repleto de conhecimento, for\u00e7a e determina\u00e7\u00e3o aos nossos cursistas do Parfor. E \u00e9 com este entusiasmo que chamamos nossos cursistas para o m\u00f3dulo 2023.2 do Parfor das turmas de Pedagogia e Pedagogia do Campo, dos Campus Marco Zero, Pracu\u00faba, Mazag\u00e3o e a mais nova turma em Cal\u00e7oene. Nosso per\u00edodo letivo ser\u00e1 de 08 de janeiro e termina em 02 de mar\u00e7o de 2024. Esperamos por todos!!<\/p><p><a href=\"http:\/\/www2.unifap.br\/parfor\/files\/2024\/02\/oferta-2023.2-polo-Macapa.pdf\">oferta 2023.2 p\u00f3lo Macap\u00e1<\/a><\/p><p><a href=\"http:\/\/www2.unifap.br\/parfor\/files\/2024\/01\/oferta-2023.2.pdf%20Oferta%20P%C3%B3los%20de%20Prac%C3%BAuba%20e%20Cal%C3%A7oene.\">oferta 2023.2 \u00a0\u00a0<\/a>\u00a0 \u00a0 \u00a0P\u00f3los de Prac\u00fauba e Cal\u00e7oene.<\/p><p>\u00a0<\/p><p>Coordena\u00e7\u00e3o Geral Parfor \u2013 Unifap.<\/p><\/div>\n\t\t\t\t<\/div>\n\t\t\t\t\t\t\t<div class=\"elementor-toggle-item\">\n\t\t\t\t\t<div id=\"elementor-tab-title-6066\" class=\"elementor-tab-title\" data-tab=\"6\" role=\"button\" aria-controls=\"elementor-tab-content-6066\" aria-expanded=\"false\">\n\t\t\t\t\t\t\t\t\t\t\t\t<span class=\"elementor-toggle-icon elementor-toggle-icon-left\" aria-hidden=\"true\">\n\t\t\t\t\t\t\t\t\t\t\t\t\t\t\t<span class=\"elementor-toggle-icon-closed\"><i class=\"fas fa-caret-right\"><\/i><\/span>\n\t\t\t\t\t\t\t\t<span class=\"elementor-toggle-icon-opened\"><i class=\"elementor-toggle-icon-opened fas fa-caret-up\"><\/i><\/span>\n\t\t\t\t\t\t\t\t\t\t\t\t\t<\/span>\n\t\t\t\t\t\t\t\t\t\t\t\t<a class=\"elementor-toggle-title\" tabindex=\"0\">CALEND\u00c1RIO 2024.1<\/a>\n\t\t\t\t\t<\/div>\n\n\t\t\t\t\t<div id=\"elementor-tab-content-6066\" class=\"elementor-tab-content elementor-clearfix\" data-tab=\"6\" role=\"region\" aria-labelledby=\"elementor-tab-title-6066\"><p>\u00c9 com esp\u00edrito de amor pelo ensino que n\u00f3s damos boas-vindas e desejamos um semestre repleto de conhecimento, for\u00e7a e determina\u00e7\u00e3o aos nossos cursistas do Parfor. E \u00e9 com este entusiasmo que chamamos nossos cursistas para o m\u00f3dulo 2024.1 do Parfor das turmas de Pedagogia e Pedagogia do Campo, dos Campus Marco Zero, Pracu\u00faba, Mazag\u00e3o e\u00a0 Cal\u00e7oene. Nosso per\u00edodo letivo ser\u00e1 de 06 de janeiro a 26 de fevereiro de 2025. Esperamos por todos!!<\/p><p><a href=\"http:\/\/www2.unifap.br\/parfor\/files\/2024\/12\/oferta-2024.1.pdf\">Marco Zero oferta 2024.1<\/a><\/p><p><a href=\"http:\/\/www2.unifap.br\/parfor\/files\/2024\/12\/ofertas.pdf\">Cal\u00e7oene e Pracu\u00faba ofertas<\/a><\/p><p><a href=\"http:\/\/www2.unifap.br\/parfor\/files\/2024\/12\/oferta-2024.1-1.pdf\">Mazag\u00e3o oferta 2024.1<\/a><\/p><p><a href=\"http:\/\/www2.unifap.br\/parfor\/files\/2024\/12\/Calendario-academico-1-semestre-2025-02-12-24-Pagina-Inicial.pdf\">Calendario academico \u2013 1 semestre \u2013 2025 \u2013 02-12-24 \u2013 P\u00e1gina Inicial<\/a> &#8211; PARFOR EQUIDADE<\/p><\/div>\n\t\t\t\t<\/div>\n\t\t\t\t\t\t\t\t<\/div>\n\t\t\t\t\t\t<\/div>\n\t\t\t\t<\/div>\n\t\t\t\t\t<\/div>\n\t\t<\/div>\n\t\t\t\t\t<\/div>\n\t\t<\/section>\n\t\t\t\t<\/div>\n\t\t","protected":false},"excerpt":{"rendered":"<p>Nesta se\u00e7\u00e3o encontra-se todos os calendarios dos curso ofertados pelo PARFOR CALEND\u00c1RIO 2020.2 Com o desafio de manter as atividades de ensino, o Parfor\/Unifap, n\u00e3o poderia fazer diferente. Assim retomamos no \u00faltimo dia 02\/08 o m\u00f3dulo. Em anexo disponibilizamos o quadro de disciplinas sendo ofertadas neste m\u00f3dulo, nas tr\u00eas (03) turmas que fazem refer\u00eancia ao&#8230;<\/p>\n","protected":false},"author":3807,"featured_media":0,"parent":0,"menu_order":0,"comment_status":"closed","ping_status":"closed","template":"","meta":{"inline_featured_image":false,"ngg_post_thumbnail":0,"footnotes":""},"class_list":["post-8016","page","type-page","status-publish","hentry","entry"],"_links":{"self":[{"href":"https:\/\/www2.unifap.br\/parfor\/wp-json\/wp\/v2\/pages\/8016","targetHints":{"allow":["GET"]}}],"collection":[{"href":"https:\/\/www2.unifap.br\/parfor\/wp-json\/wp\/v2\/pages"}],"about":[{"href":"https:\/\/www2.unifap.br\/parfor\/wp-json\/wp\/v2\/types\/page"}],"author":[{"embeddable":true,"href":"https:\/\/www2.unifap.br\/parfor\/wp-json\/wp\/v2\/users\/3807"}],"replies":[{"embeddable":true,"href":"https:\/\/www2.unifap.br\/parfor\/wp-json\/wp\/v2\/comments?post=8016"}],"version-history":[{"count":8,"href":"https:\/\/www2.unifap.br\/parfor\/wp-json\/wp\/v2\/pages\/8016\/revisions"}],"predecessor-version":[{"id":8024,"href":"https:\/\/www2.unifap.br\/parfor\/wp-json\/wp\/v2\/pages\/8016\/revisions\/8024"}],"wp:attachment":[{"href":"https:\/\/www2.unifap.br\/parfor\/wp-json\/wp\/v2\/media?parent=8016"}],"curies":[{"name":"wp","href":"https:\/\/api.w.org\/{rel}","templated":true}]}}