{"id":8211,"date":"2025-02-07T23:34:14","date_gmt":"2025-02-07T23:34:14","guid":{"rendered":"https:\/\/www2.unifap.br\/parfor\/?page_id=8211"},"modified":"2025-02-07T23:34:45","modified_gmt":"2025-02-07T23:34:45","slug":"sobre-o-curso-equidade","status":"publish","type":"page","link":"https:\/\/www2.unifap.br\/parfor\/cursos\/equidade\/sobre-o-curso-equidade\/","title":{"rendered":"Sobre o Curso Equidade"},"content":{"rendered":"<p><strong>Sobre o curso de Licenciatura Intercultural Ind\u00edgena<\/strong><\/p>\n<p>O Parfor Equidade visa formar professores em licenciaturas espec\u00edficas para atender \u00e0 rede p\u00fablica de educa\u00e7\u00e3o b\u00e1sica ou \u00e0s redes comunit\u00e1rias de forma\u00e7\u00e3o por altern\u00e2ncia, que oferecem educa\u00e7\u00e3o escolar ind\u00edgena, quilombola e do campo, assim como educa\u00e7\u00e3o especial inclusiva e educa\u00e7\u00e3o bil\u00edngue para pessoas surdas.<\/p>\n<p>No estado do Amap\u00e1, mais especificamente na Universidade Federal do Amap\u00e1 (UNIFAP), foi aprovada, atrav\u00e9s do edital n. 23\/2023\/CAPES\/MEC, a oferta de 70 vagas para o curso de Licenciatura Intercultural Ind\u00edgena. Este curso visa atender estudantes ind\u00edgenas de diferentes povos situados no Amap\u00e1 e no norte do Par\u00e1, como os povos Apalai, Wayana, Tiriy\u00f3, Kaxuyana, Waj\u00e3pi, Galibi-Marworno, Karipuna, Palikur e Galibi Kali\u2019n\u00e3, oriundos das Terras Ind\u00edgenas Ua\u00e7\u00e1, Jumin\u00e3 e Galibi, na regi\u00e3o de Oiapoque, da Terra Ind\u00edgena Waj\u00e3pi e do Parque Nacional Montanhas do Tumucumaque.<\/p>\n<p>O primeiro Processo Seletivo Especial do PARFOR Equidade ocorreu no primeiro semestre de 2024 para ingresso no Curso de Licenciatura Intercultural Ind\u00edgena, institu\u00eddo por meio do Edital n. 01, de 12 de abril de 2024\/UNIFAP (Processo Seletivo Licenciatura Intercultural Ind\u00edgena). As aulas presenciais ser\u00e3o realizadas no Campus Marco Zero da UNIFAP, localizado em Macap\u00e1-AP. Durante os per\u00edodos intercalados, nos meses de janeiro, fevereiro e junho de 2024, ser\u00e3o realizadas atividades pr\u00e1ticas e vivenciais nas aldeias polos selecionadas pelos discentes ind\u00edgenas.<\/p>\n<p>O Curso de Licenciatura Intercultural Ind\u00edgena possibilita a forma\u00e7\u00e3o espec\u00edfica em Educa\u00e7\u00e3o Escolar Ind\u00edgena, bem como em Linguagens e C\u00f3digos, Ci\u00eancias Humanas e Ci\u00eancias Exatas e da Natureza. Os egressos estar\u00e3o habilitados para atuar como docentes da educa\u00e7\u00e3o b\u00e1sica em escolas ind\u00edgenas de suas aldeias de origem. O objetivo do curso \u00e9 formar, em n\u00edvel de Educa\u00e7\u00e3o Superior e do Ensino M\u00e9dio, docentes e gestores ind\u00edgenas para atuar na Educa\u00e7\u00e3o Escolar Ind\u00edgena, com vistas ao exerc\u00edcio integrado da doc\u00eancia, da gest\u00e3o e da pesquisa, assumida como princ\u00edpio pedag\u00f3gico.<\/p>\n","protected":false},"excerpt":{"rendered":"<p>Sobre o curso de Licenciatura Intercultural Ind\u00edgena O Parfor Equidade visa formar professores em licenciaturas espec\u00edficas para atender \u00e0 rede p\u00fablica de educa\u00e7\u00e3o b\u00e1sica ou \u00e0s redes comunit\u00e1rias de forma\u00e7\u00e3o por altern\u00e2ncia, que oferecem educa\u00e7\u00e3o escolar ind\u00edgena, quilombola e do campo, assim como educa\u00e7\u00e3o especial inclusiva e educa\u00e7\u00e3o bil\u00edngue para pessoas surdas. No estado do&#8230;<\/p>\n","protected":false},"author":3807,"featured_media":0,"parent":7983,"menu_order":0,"comment_status":"closed","ping_status":"closed","template":"","meta":{"inline_featured_image":false,"ngg_post_thumbnail":0,"footnotes":""},"class_list":["post-8211","page","type-page","status-publish","hentry","entry"],"_links":{"self":[{"href":"https:\/\/www2.unifap.br\/parfor\/wp-json\/wp\/v2\/pages\/8211","targetHints":{"allow":["GET"]}}],"collection":[{"href":"https:\/\/www2.unifap.br\/parfor\/wp-json\/wp\/v2\/pages"}],"about":[{"href":"https:\/\/www2.unifap.br\/parfor\/wp-json\/wp\/v2\/types\/page"}],"author":[{"embeddable":true,"href":"https:\/\/www2.unifap.br\/parfor\/wp-json\/wp\/v2\/users\/3807"}],"replies":[{"embeddable":true,"href":"https:\/\/www2.unifap.br\/parfor\/wp-json\/wp\/v2\/comments?post=8211"}],"version-history":[{"count":2,"href":"https:\/\/www2.unifap.br\/parfor\/wp-json\/wp\/v2\/pages\/8211\/revisions"}],"predecessor-version":[{"id":8213,"href":"https:\/\/www2.unifap.br\/parfor\/wp-json\/wp\/v2\/pages\/8211\/revisions\/8213"}],"up":[{"embeddable":true,"href":"https:\/\/www2.unifap.br\/parfor\/wp-json\/wp\/v2\/pages\/7983"}],"wp:attachment":[{"href":"https:\/\/www2.unifap.br\/parfor\/wp-json\/wp\/v2\/media?parent=8211"}],"curies":[{"name":"wp","href":"https:\/\/api.w.org\/{rel}","templated":true}]}}