{"id":13,"date":"2009-09-08T12:04:42","date_gmt":"2009-09-08T15:04:42","guid":{"rendered":"http:\/\/pororoca.unifap.br\/pdi\/?page_id=13"},"modified":"2019-08-28T20:52:13","modified_gmt":"2019-08-28T20:52:13","slug":"sistematizadora","status":"publish","type":"page","link":"https:\/\/www2.unifap.br\/pdi\/sistematizadora\/","title":{"rendered":"Comiss\u00f5es"},"content":{"rendered":"<p><strong>Comiss\u00e3o Gestora<\/strong><\/p>\n<p>A Comiss\u00e3o Gestora \u00e9 respons\u00e1vel por coordenar, orientar, acompanhar e monitorar todos os trabalhos realizados pelas Comiss\u00f5es Sistematizadora e Tem\u00e1ticas.<\/p>\n<p><strong>Composi\u00e7\u00e3o:&nbsp;<a href=\"http:\/\/www2.unifap.br\/pdi\/files\/2019\/08\/PORTARIA-N%C2%BA-1645-2019.pdf\" target=\"_blank\" rel=\"noopener\">Portaria n\u00ba 1645\/2019<\/a><\/strong><\/p>\n<p>&nbsp;<\/p>\n<p><strong>Comiss\u00e3o Sistematizadora<\/strong><\/p>\n<p>A Comiss\u00e3o Sistematizadora&nbsp;\u00e9 respons\u00e1vel pela coordena\u00e7\u00e3o geral dos trabalhos de elabora\u00e7\u00e3o do PDI 2020-2024, institui\u00e7\u00e3o e coordena\u00e7\u00e3o dos trabalhos das Comiss\u00f5es Tem\u00e1ticas (eixos), supervis\u00e3o do desenvolvimento das a\u00e7\u00f5es, eventos e etapas do processo de elabora\u00e7\u00e3o do PDI, articula\u00e7\u00e3o entre o Conselho Universit\u00e1rio \u2013 CONSU e os demais \u00f3rg\u00e3os colegiados e consolida\u00e7\u00e3o do documento final do PDI 2020-2024.<\/p>\n<p><strong>Composi\u00e7\u00e3o:&nbsp;<\/strong><strong><a href=\"http:\/\/www2.unifap.br\/pdi\/files\/2019\/08\/portaria-11.pdf\">Portaria n\u00ba 1509\/2019<\/a><\/strong><\/p>\n<p>&nbsp;<\/p>\n<p><strong>Comiss\u00f5es Tem\u00e1ticas<\/strong><\/p>\n<p>As comiss\u00f5es tem\u00e1ticas sistematizam as proposi\u00e7\u00f5es da comunidade, provenientes de ferramenta de comunica\u00e7\u00e3o virtual, organizam e desenvolvem as discuss\u00f5es tem\u00e1ticas que subsidiar\u00e3o o texto do PDI e elaboram as minutas parciais do PDI.<\/p>\n<p><strong>Composi\u00e7\u00e3o:&nbsp;<a href=\"http:\/\/www2.unifap.br\/pdi\/files\/2019\/08\/PORTARIA-N%C2%BA-1643-2019.pdf\" target=\"_blank\" rel=\"noopener\">Portaria n\u00ba 1643\/2019<\/a><\/strong><\/p>\n","protected":false},"excerpt":{"rendered":"<p>Comiss\u00e3o Gestora A Comiss\u00e3o Gestora \u00e9 respons\u00e1vel por coordenar, orientar, acompanhar e monitorar todos os trabalhos realizados pelas Comiss\u00f5es Sistematizadora e Tem\u00e1ticas. Composi\u00e7\u00e3o:&nbsp;Portaria n\u00ba 1645\/2019 &nbsp; Comiss\u00e3o Sistematizadora A Comiss\u00e3o Sistematizadora&nbsp;\u00e9 respons\u00e1vel pela coordena\u00e7\u00e3o geral dos trabalhos de elabora\u00e7\u00e3o do&hellip; <\/p>\n<p><a href=\"https:\/\/www2.unifap.br\/pdi\/sistematizadora\/\" class=\"readmore-button\">Continue Reading<\/a><\/p>\n","protected":false},"author":44,"featured_media":0,"parent":0,"menu_order":2,"comment_status":"open","ping_status":"open","template":"","meta":{"inline_featured_image":false,"ngg_post_thumbnail":0,"footnotes":""},"class_list":["post-13","page","type-page","status-publish","hentry"],"_links":{"self":[{"href":"https:\/\/www2.unifap.br\/pdi\/wp-json\/wp\/v2\/pages\/13","targetHints":{"allow":["GET"]}}],"collection":[{"href":"https:\/\/www2.unifap.br\/pdi\/wp-json\/wp\/v2\/pages"}],"about":[{"href":"https:\/\/www2.unifap.br\/pdi\/wp-json\/wp\/v2\/types\/page"}],"author":[{"embeddable":true,"href":"https:\/\/www2.unifap.br\/pdi\/wp-json\/wp\/v2\/users\/44"}],"replies":[{"embeddable":true,"href":"https:\/\/www2.unifap.br\/pdi\/wp-json\/wp\/v2\/comments?post=13"}],"version-history":[{"count":43,"href":"https:\/\/www2.unifap.br\/pdi\/wp-json\/wp\/v2\/pages\/13\/revisions"}],"predecessor-version":[{"id":459,"href":"https:\/\/www2.unifap.br\/pdi\/wp-json\/wp\/v2\/pages\/13\/revisions\/459"}],"wp:attachment":[{"href":"https:\/\/www2.unifap.br\/pdi\/wp-json\/wp\/v2\/media?parent=13"}],"curies":[{"name":"wp","href":"https:\/\/api.w.org\/{rel}","templated":true}]}}