{"id":34,"date":"2009-09-08T16:19:57","date_gmt":"2009-09-08T19:19:57","guid":{"rendered":"http:\/\/pororoca.unifap.br\/pdi\/?page_id=34"},"modified":"2019-08-29T14:50:09","modified_gmt":"2019-08-29T14:50:09","slug":"downloads","status":"publish","type":"page","link":"https:\/\/www2.unifap.br\/pdi\/downloads\/","title":{"rendered":"PDI 2015-2019"},"content":{"rendered":"<p><strong>PDI<\/strong><strong>&nbsp;Vigente<\/strong><\/p>\n<p><a href=\"http:\/\/www2.unifap.br\/pdi\/files\/2009\/08\/PDI-2015-2019-UNIFAP.pdf\" target=\"_blank\" rel=\"noopener\">PDI UNIFAP \u2013 2015-2019<\/a><\/p>\n<p><strong>Documentos de Refer\u00eancia<\/strong><\/p>\n<p><a href=\"http:\/\/www2.unifap.br\/pdi\/files\/2009\/08\/PDI-UNIFAP-2010-e-2014.pdf\" target=\"_blank\" rel=\"noopener\">PDI UNIFAP \u2013 2010 e 2014<\/a><\/p>\n<p><a href=\"http:\/\/www2.unifap.br\/pdi\/files\/2009\/09\/LDB.pdf\">Lei de Diretrizes e Bases da Educa\u00e7\u00e3o Nacional<\/a><\/p>\n<p><a href=\"http:\/\/www2.unifap.br\/pdi\/files\/2009\/09\/LEI-13005-2014-PNE.pdf\">LEI 13005-2014 &#8211; PNE<\/a><\/p>\n<p><a href=\"http:\/\/www2.unifap.br\/pdi\/files\/2009\/09\/LEI_n10861_14_4_04_SINAES.pdf\">LEI N\u00ba 10.861, DE 14 DE ABRIL DE 2004<\/a><\/p>\n<p><a href=\"http:\/\/www2.unifap.br\/pdi\/files\/2009\/09\/Portaria_2051_2004_SINAES_regulamentacao.pdf\">PORTARIA N\u00ba 2.051, DE 9 DE JULHO DE 2004<\/a><\/p>\n<p><a href=\"http:\/\/www2.unifap.br\/pdi\/files\/2009\/09\/Relatorio-Autoavalia\u00e7\u00e3o-PARCIAL-CPA-2014.pdf\">Relatorio Autoavalia\u00e7\u00e3o PARCIAL &#8211; CPA 2014<\/a><\/p>\n<p><a href=\"http:\/\/www2.unifap.br\/pdi\/files\/2009\/09\/Relatorio-Autoavalia\u00e7\u00e3o-2011-FINAL.pdf\">Relatorio Autoavalia\u00e7\u00e3o 2011<\/a><\/p>\n<p><a href=\"http:\/\/www2.unifap.br\/pdi\/files\/2009\/09\/Relatorio-Autoavalia\u00e7\u00e3o-2013-UNIFAP.pdf\">Relatorio Autoavalia\u00e7\u00e3o 2013 UNIFAP<\/a><\/p>\n<p><a href=\"http:\/\/www2.unifap.br\/pdi\/files\/2009\/09\/RELAT\u00d3RIO-DE-GEST\u00c3O-UNIFAP-EXERC\u00cdCIO-2010.pdf\">RELAT\u00d3RIO DE GEST\u00c3O UNIFAP EXERC\u00cdCIO 2010<\/a><\/p>\n<p>&nbsp;<\/p>\n","protected":false},"excerpt":{"rendered":"<p>PDI&nbsp;Vigente PDI UNIFAP \u2013 2015-2019 Documentos de Refer\u00eancia PDI UNIFAP \u2013 2010 e 2014 Lei de Diretrizes e Bases da Educa\u00e7\u00e3o Nacional LEI 13005-2014 &#8211; PNE LEI N\u00ba 10.861, DE 14 DE ABRIL DE 2004 PORTARIA N\u00ba 2.051, DE 9&hellip; <\/p>\n<p><a href=\"https:\/\/www2.unifap.br\/pdi\/downloads\/\" class=\"readmore-button\">Continue Reading<\/a><\/p>\n","protected":false},"author":44,"featured_media":0,"parent":0,"menu_order":5,"comment_status":"open","ping_status":"open","template":"","meta":{"inline_featured_image":false,"ngg_post_thumbnail":0,"footnotes":""},"class_list":["post-34","page","type-page","status-publish","hentry"],"_links":{"self":[{"href":"https:\/\/www2.unifap.br\/pdi\/wp-json\/wp\/v2\/pages\/34","targetHints":{"allow":["GET"]}}],"collection":[{"href":"https:\/\/www2.unifap.br\/pdi\/wp-json\/wp\/v2\/pages"}],"about":[{"href":"https:\/\/www2.unifap.br\/pdi\/wp-json\/wp\/v2\/types\/page"}],"author":[{"embeddable":true,"href":"https:\/\/www2.unifap.br\/pdi\/wp-json\/wp\/v2\/users\/44"}],"replies":[{"embeddable":true,"href":"https:\/\/www2.unifap.br\/pdi\/wp-json\/wp\/v2\/comments?post=34"}],"version-history":[{"count":16,"href":"https:\/\/www2.unifap.br\/pdi\/wp-json\/wp\/v2\/pages\/34\/revisions"}],"predecessor-version":[{"id":461,"href":"https:\/\/www2.unifap.br\/pdi\/wp-json\/wp\/v2\/pages\/34\/revisions\/461"}],"wp:attachment":[{"href":"https:\/\/www2.unifap.br\/pdi\/wp-json\/wp\/v2\/media?parent=34"}],"curies":[{"name":"wp","href":"https:\/\/api.w.org\/{rel}","templated":true}]}}