{"id":448,"date":"2019-08-28T16:44:32","date_gmt":"2019-08-28T16:44:32","guid":{"rendered":"http:\/\/www2.unifap.br\/pdi\/?page_id=448"},"modified":"2019-10-24T12:02:52","modified_gmt":"2019-10-24T12:02:52","slug":"oficina-pdi-slides","status":"publish","type":"page","link":"https:\/\/www2.unifap.br\/pdi\/oficina-pdi-slides\/","title":{"rendered":"Documentos"},"content":{"rendered":"<p><a href=\"https:\/\/prezi.com\/opyyxdazyajx\/?utm_campaign=share&amp;utm_medium=copy\"><span style=\"color: #ffffff\">[[ * https:\/\/prezi.com\/opyyxdazyajx\/?utm_campaign=share&amp;utm_medium=copy ]]<\/span><\/a><\/p>\n<p><a href=\"http:\/\/www2.unifap.br\/pdi\/files\/2019\/08\/Frequ\u00eancia-Oficinas.pdf\">Frequ\u00eancia das Oficinas 28 e 29\/08\/2019<\/a><\/p>\n<p><a href=\"http:\/\/www2.unifap.br\/pdi\/files\/2019\/09\/Frequ\u00eancia-das-oficinas-09-a-12-09-2019.pdf\">Frequ\u00eancia das oficinas 09 a 12\/09\/2019<\/a><\/p>\n<p><a href=\"http:\/\/www2.unifap.br\/pdi\/files\/2019\/09\/Frequ\u00eancia-das-Oficinas-23-a-27-09-2019.pdf\">Frequ\u00eancia das Oficinas 23 a 27-09-2019<\/a><\/p>\n<p>====================================================================================<\/p>\n<p><strong>28 de agosto de 2019<\/strong><\/p>\n<p>1. Perfil Institucional<\/p>\n<ul>\n<li><a href=\"http:\/\/www2.unifap.br\/pdi\/files\/2019\/08\/01-PERFIL-INSTITUCIONAL-PDI-2020-2024.pdf\">Miss\u00e3o, Vis\u00e3o e Valores; SWOT<\/a><\/li>\n<li><a href=\"http:\/\/www2.unifap.br\/pdi\/files\/2019\/08\/Apresenta\u00e7\u00e3o-pdi-2.pdf\">BSC<\/a><\/li>\n<li><a href=\"http:\/\/www2.unifap.br\/pdi\/files\/2019\/08\/slides_indicadores.pdf\">Indicadores<\/a><\/li>\n<\/ul>\n<p>2. <a href=\"http:\/\/www2.unifap.br\/pdi\/files\/2019\/09\/Pol\u00edtica-de-atendimento-aos-discentes.pdf\">Pol\u00edtica de atendimento aos discentes<\/a><\/p>\n<p>3. <a href=\"http:\/\/www2.unifap.br\/pdi\/files\/2019\/09\/Infraestrutura.pdf\">Infraestrutura<\/a><\/p>\n<p>4. Perfil de Pessoal<\/p>\n<ul>\n<li><a href=\"http:\/\/www2.unifap.br\/pdi\/files\/2019\/09\/Perfil-do-Corpo-Docente.pdf\">Perfil do Corpo Docente<\/a><\/li>\n<\/ul>\n<p><strong>29 de agosto de 2019<\/strong><\/p>\n<p>1. <a href=\"http:\/\/www2.unifap.br\/pdi\/files\/2019\/09\/PPI.pdf\">PPI<\/a><\/p>\n<p>2. <a href=\"https:\/\/www2.unifap.br\/cpa\/instrumentos-de-autoavaliacao\/\">Avalia\u00e7\u00e3o Institucional<\/a><\/p>\n<p>3. <a href=\"http:\/\/www2.unifap.br\/pdi\/files\/2019\/09\/Cronograma-de-Implanta\u00e7\u00e3o-de-Curso.pdf\">Cronograma de Implanta\u00e7\u00e3o de Curso e Desenvolvimento da Institui\u00e7\u00e3o<\/a><\/p>\n<p>4. <a href=\"http:\/\/www2.unifap.br\/pdi\/files\/2019\/08\/Organiza\u00e7\u00e3o-Administrativa.pdf\">Organiza\u00e7\u00e3o Administrativa<\/a><\/p>\n<p>5. Gest\u00e3o Financeira e Or\u00e7ament\u00e1ria<\/p>\n<ul>\n<li><a href=\"http:\/\/www2.unifap.br\/pdi\/files\/2019\/09\/Aspectos-financeiros-e-or\u00e7ament\u00e1rios.pdf\">Aspectos financeiros e or\u00e7ament\u00e1rios<\/a><\/li>\n<li><a href=\"http:\/\/www2.unifap.br\/pdi\/files\/2019\/09\/Dados-do-orc\u0327amento-Unifap-1.pdf\">Dados do orc\u0327amento Unifap<\/a><\/li>\n<\/ul>\n<p>&nbsp;<\/p>\n<p><strong>Constru\u00e7\u00e3o da Miss\u00e3o, Vis\u00e3o e Valores<\/strong><\/p>\n<ul>\n<li><a href=\"http:\/\/www2.unifap.br\/pdi\/files\/2019\/09\/An\u00e1lise-de-SWOT-Matriz-GUT-Diagrama-de-Causa-e-Efeito.pdf\">An\u00e1lise de SWOT &#8211; Matriz GUT &#8211; Diagrama de Causa e Efeito<\/a><\/li>\n<li><a href=\"http:\/\/www2.unifap.br\/pdi\/files\/2019\/09\/PREFIL-INSTITUCIONAL-MISS\u00c3O-VIS\u00c3O-E-VALORES-PDI-2020-2024-1.docx\">Perfil Institucional Miss\u00e3o, Vis\u00e3o e Valores &#8211; PDI 2020-2024 (1)<\/a><\/li>\n<\/ul>\n<p><strong>Constru\u00e7\u00e3o dos Objetivos Estrat\u00e9gicos<\/strong><\/p>\n<ul>\n<li><a href=\"http:\/\/www2.unifap.br\/pdi\/files\/2019\/09\/Slides-objetivos-e-mapa-estrat\u00e9gicos-1.pptx\">Slides objetivos e mapa estrat\u00e9gicos<\/a><\/li>\n<li><a href=\"http:\/\/www2.unifap.br\/pdi\/files\/2019\/10\/Constru\u00e7\u00e3o-dos-objetivos-estra\u00e9gicos.pdf\">Constru\u00e7\u00e3o dos objetivos estra\u00e9gicos<\/a><\/li>\n<li><a href=\"http:\/\/www2.unifap.br\/pdi\/files\/2019\/10\/Mapa-Estrat\u00e9gico-Unifap-PDI-2020-2024.pdf\">Mapa Estrat\u00e9gico Unifap &#8211; PDI &#8211; 2020-2024<\/a><\/li>\n<\/ul>\n<p><strong>Documentos de&nbsp;<\/strong><b>Refer\u00eancia<\/b><\/p>\n<ul>\n<li><a href=\"http:\/\/www2.unifap.br\/pdi\/files\/2019\/09\/Estatuto-Unifap-1999.pdf\">Estatuto Unifap &#8211; 1999 (vigente)<\/a><\/li>\n<li><a href=\"http:\/\/www2.unifap.br\/pdi\/files\/2019\/09\/Estatuto-Unifap-em-revis\u00e3o.pdf\">Estatuto Unifap &#8211; (em revis\u00e3o)<\/a><\/li>\n<li><a href=\"https:\/\/docs.google.com\/spreadsheets\/d\/12iCo1gzyrtB1U2ypWNwt9eq8K_X1uwXm\/edit#gid=2074406964\">Estrutura do PDI 2020-2024<\/a><\/li>\n<li><a href=\"http:\/\/www2.unifap.br\/pdi\/files\/2019\/09\/PDI-2015-2019-UNIFAP.pdf\">PDI-2015-2019-UNIFAP<\/a><\/li>\n<li><a href=\"http:\/\/www2.unifap.br\/pdi\/files\/2019\/09\/Projeto-Pedag\u00f3gico-Institucional-Unifap.pdf\">Projeto Pedag\u00f3gico Institucional &#8211; Unifap<\/a><\/li>\n<li><a href=\"https:\/\/depsec.unifap.br\/intranet\/arquivos\/arq4065.pdf\">Regimento Geral da Unifap<\/a><\/li>\n<li><a href=\"https:\/\/www2.unifap.br\/cpa\/relatorios\/\">Relat\u00f3rios da Comiss\u00e3o Pr\u00f3pria de Avalia\u00e7\u00e3o &#8211; CPA<\/a><\/li>\n<li><a href=\"https:\/\/www2.unifap.br\/deavi\/avaliacao-de-cursos\/avaliacao-externa-graduacao\/\">Relat\u00f3rios de Avalia\u00e7\u00e3o Externa dos cursos de gradua\u00e7\u00e3o da Unifap<\/a><\/li>\n<li><a href=\"https:\/\/www2.unifap.br\/deplan\/relatorios-de-gestao\/\">Relat\u00f3rios Anuais de Gest\u00e3o da Unifap<\/a><\/li>\n<\/ul>\n<p>&nbsp;<\/p>\n<p><strong>Estrutura do PDI<\/strong><\/p>\n<ul>\n<li><a href=\"http:\/\/www2.unifap.br\/pdi\/files\/2019\/09\/01-FICHA-T\u00c9CNICA.docx\">01 FICHA T\u00c9CNICA<\/a><\/li>\n<li><a href=\"http:\/\/www2.unifap.br\/pdi\/files\/2019\/09\/02-HIST\u00d3RICO-DE-VERS\u00d5ES.docx\">02 HIST\u00d3RICO DE VERS\u00d5ES<\/a><\/li>\n<li><a href=\"http:\/\/www2.unifap.br\/pdi\/files\/2019\/09\/03-LISTA-DE-ABREVIATURAS.docx\">03 LISTA DE ABREVIATURAS<\/a><\/li>\n<li><a href=\"http:\/\/www2.unifap.br\/pdi\/files\/2019\/09\/04-APRESENTA\u00c7\u00c3O.docx\">04 APRESENTA\u00c7\u00c3O<\/a><\/li>\n<li><a href=\"http:\/\/www2.unifap.br\/pdi\/files\/2019\/09\/05-INTRODU\u00c7\u00c3O.docx\">05 INTRODU\u00c7\u00c3O<\/a><\/li>\n<li><a href=\"http:\/\/www2.unifap.br\/pdi\/files\/2019\/09\/05.1-M\u00c9TODO.docx\">05.1 M\u00c9TODO<\/a><\/li>\n<li><a href=\"http:\/\/www2.unifap.br\/pdi\/files\/2019\/09\/05.2-DOCUMENTOS-DE-REFER\u00caNCIA.docx\">05.2 DOCUMENTOS DE REFER\u00caNCIA<\/a><\/li>\n<li><a href=\"http:\/\/www2.unifap.br\/pdi\/files\/2019\/09\/05.3-RESULTADOS-DO-PDI-ANTERIOR.docx\">05.3 RESULTADOS DO PDI ANTERIOR<\/a><\/li>\n<li><a href=\"http:\/\/www2.unifap.br\/pdi\/files\/2019\/09\/06-PERFIL-INSTITUCIONAL.docx\">06 PERFIL INSTITUCIONAL<\/a><\/li>\n<li><a href=\"http:\/\/www2.unifap.br\/pdi\/files\/2019\/09\/07-PROJETO-PEDAG\u00d3GICO-INSTITUCIONAL.docx\">07 PROJETO PEDAG\u00d3GICO INSTITUCIONAL<\/a><\/li>\n<li><a href=\"http:\/\/www2.unifap.br\/pdi\/files\/2019\/09\/08-CRONOGRAMA-DE-IMPLANTA\u00c7\u00c3O.docx\">08 CRONOGRAMA DE IMPLANTA\u00c7\u00c3O<\/a><\/li>\n<li><a href=\"http:\/\/www2.unifap.br\/pdi\/files\/2019\/09\/09-PERFIL-DO-CORPO-DOCENTE.docx\">09 PERFIL DO CORPO DOCENTE<\/a><\/li>\n<li><a href=\"http:\/\/www2.unifap.br\/pdi\/files\/2019\/09\/10-PERFIL-DO-CORPO-T\u00c9CNICO-ADMINISTRATIVO.docx\">10 PERFIL DO CORPO T\u00c9CNICO ADMINISTRATIVO<\/a><\/li>\n<li><a href=\"http:\/\/www2.unifap.br\/pdi\/files\/2019\/09\/11-ORGANIZA\u00c7\u00c3O-ADMINISTRATIVA-DA-IES.docx\">11 ORGANIZA\u00c7\u00c3O ADMINISTRATIVA DA IES<\/a><\/li>\n<li><a href=\"http:\/\/www2.unifap.br\/pdi\/files\/2019\/09\/12-POL\u00cdTICAS-DE-ATENDIMENTO-AOS-DISCENTES.docx\">12 POL\u00cdTICAS DE ATENDIMENTO AOS DISCENTES<\/a><\/li>\n<li><a href=\"http:\/\/www2.unifap.br\/pdi\/files\/2019\/09\/13-INFRAESTRUTURA.docx\">13 INFRAESTRUTURA<\/a><\/li>\n<li><a href=\"http:\/\/www2.unifap.br\/pdi\/files\/2019\/09\/14-AVALIA\u00c7\u00c3O-E-ACOMPANHAMENTO-DO-DESENVOLVIMENTO-INSTITUCIONAL.docx\">14 AVALIA\u00c7\u00c3O E ACOMPANHAMENTO DO DESENVOLVIMENTO INSTITUCIONAL<\/a><\/li>\n<li><a href=\"http:\/\/www2.unifap.br\/pdi\/files\/2019\/09\/15-GEST\u00c3O-FINANCEIRA-E-OR\u00c7AMENT\u00c1RIA.docx\">15 GEST\u00c3O FINANCEIRA E OR\u00c7AMENT\u00c1RIA<\/a><\/li>\n<li><a href=\"http:\/\/www2.unifap.br\/pdi\/files\/2019\/09\/16-PROCESSO-DE-MONITORAMENTO-E-CONTROLE.docx\">16 PROCESSO DE MONITORAMENTO E CONTROLE<\/a><\/li>\n<\/ul>\n<p>=====================================================================================<\/p>\n<p><strong>Leis e Normas<\/strong><\/p>\n<ul>\n<li><a href=\"http:\/\/www.planalto.gov.br\/ccivil_03\/_ato2015-2018\/2017\/decreto\/D9235.htm\">Decreto n\u00ba 9.235, de 15 de dezembro de 2017 &#8211;&nbsp;Disp\u00f5e sobre o exerc\u00edcio das fun\u00e7\u00f5es de regula\u00e7\u00e3o, supervis\u00e3o e avalia\u00e7\u00e3o das institui\u00e7\u00f5es de educa\u00e7\u00e3o superior<\/a><\/li>\n<li><a href=\"http:\/\/www.planalto.gov.br\/ccivil_03\/_ato2011-2014\/2014\/lei\/l13005.htm\">Lei n\u00ba 13.005, de 25 de junho de 2014&nbsp; &#8211; Plano Nacional de Educa\u00e7\u00e3o<\/a><\/li>\n<li><a href=\"http:\/\/www.planalto.gov.br\/ccivil_03\/_ato2004-2006\/2004\/lei\/l10.861.htm\">Lei n\u00ba 10.861, de 14 de abril de 2004 &#8211;&nbsp;Sistema Nacional de Avalia\u00e7\u00e3o da Educa\u00e7\u00e3o Superior&nbsp;<\/a><\/li>\n<li><a href=\"http:\/\/www.planalto.gov.br\/ccivil_03\/leis\/L9394compilado.htm\">Lei n\u00ba 9.394, de 20 de dezembro de 1996 &#8211;&nbsp;Estabelece as diretrizes e bases da educa\u00e7\u00e3o nacional.<\/a><\/li>\n<\/ul>\n<p>=====================================================================================<\/p>\n<p><strong>Resumo dos Question\u00e1rios Aplicado \u00e0 Comunidade Acad\u00eamica [Atualizado em 17\/09\/2019]<br \/>\n<\/strong><\/p>\n<ul>\n<li><a href=\"https:\/\/docs.google.com\/spreadsheets\/d\/1HC4XEwgP7pQRiZD9pYBisnNC4Z0SLLA0czOdIkKR-ZQ\/edit?usp=sharing\">Dados Brutos: For\u00e7as, Fraquezas, Oportunidades e Amea\u00e7as<\/a><\/li>\n<li><a href=\"http:\/\/www2.unifap.br\/pdi\/files\/2019\/09\/for\u00e7as_fraquezas.html_-1.zip\">S\u00edntese: For\u00e7as e Fraquezas;&nbsp;Oportunidades e Amea\u00e7as<\/a><\/li>\n<li><a href=\"http:\/\/www2.unifap.br\/pdi\/files\/2019\/10\/Resposta-Consult-P\u00fablica-Mapa-Estrat\u00e9gico.pdf\">Resposta Consulta P\u00fablica Mapa Estrat\u00e9gico<\/a><\/li>\n<\/ul>\n<p>=====================================================================================<\/p>\n<p><a href=\"https:\/\/mega.nz\/#F!NY5UDIAB!cLSQig1QV0_7xgyABV9Ctw\">Material orientador para constru\u00e7\u00e3o dos indicadores e metas<\/a><\/p>\n","protected":false},"excerpt":{"rendered":"<p>[[ * https:\/\/prezi.com\/opyyxdazyajx\/?utm_campaign=share&amp;utm_medium=copy ]] Frequ\u00eancia das Oficinas 28 e 29\/08\/2019 Frequ\u00eancia das oficinas 09 a 12\/09\/2019 Frequ\u00eancia das Oficinas 23 a 27-09-2019 ==================================================================================== 28 de agosto de 2019 1. Perfil Institucional Miss\u00e3o, Vis\u00e3o e Valores; SWOT BSC Indicadores 2. Pol\u00edtica&hellip; <\/p>\n<p><a href=\"https:\/\/www2.unifap.br\/pdi\/oficina-pdi-slides\/\" class=\"readmore-button\">Continue Reading<\/a><\/p>\n","protected":false},"author":539,"featured_media":0,"parent":0,"menu_order":5,"comment_status":"closed","ping_status":"closed","template":"","meta":{"inline_featured_image":false,"ngg_post_thumbnail":0,"footnotes":""},"class_list":["post-448","page","type-page","status-publish","hentry"],"_links":{"self":[{"href":"https:\/\/www2.unifap.br\/pdi\/wp-json\/wp\/v2\/pages\/448","targetHints":{"allow":["GET"]}}],"collection":[{"href":"https:\/\/www2.unifap.br\/pdi\/wp-json\/wp\/v2\/pages"}],"about":[{"href":"https:\/\/www2.unifap.br\/pdi\/wp-json\/wp\/v2\/types\/page"}],"author":[{"embeddable":true,"href":"https:\/\/www2.unifap.br\/pdi\/wp-json\/wp\/v2\/users\/539"}],"replies":[{"embeddable":true,"href":"https:\/\/www2.unifap.br\/pdi\/wp-json\/wp\/v2\/comments?post=448"}],"version-history":[{"count":59,"href":"https:\/\/www2.unifap.br\/pdi\/wp-json\/wp\/v2\/pages\/448\/revisions"}],"predecessor-version":[{"id":596,"href":"https:\/\/www2.unifap.br\/pdi\/wp-json\/wp\/v2\/pages\/448\/revisions\/596"}],"wp:attachment":[{"href":"https:\/\/www2.unifap.br\/pdi\/wp-json\/wp\/v2\/media?parent=448"}],"curies":[{"name":"wp","href":"https:\/\/api.w.org\/{rel}","templated":true}]}}