{"id":113,"date":"2025-05-05T20:32:08","date_gmt":"2025-05-05T23:32:08","guid":{"rendered":"https:\/\/www2.unifap.br\/pdiffamapa\/?page_id=113"},"modified":"2025-07-27T22:41:38","modified_gmt":"2025-07-28T01:41:38","slug":"laranjal-do-jari","status":"publish","type":"page","link":"https:\/\/www2.unifap.br\/pdiffamapa\/cidades\/laranjal-do-jari\/","title":{"rendered":"Laranjal do Jari"},"content":{"rendered":"\t\t<div data-elementor-type=\"wp-page\" data-elementor-id=\"113\" class=\"elementor elementor-113\">\n\t\t\t\t<div class=\"elementor-element elementor-element-43043511 e-flex e-con-boxed e-con e-parent\" data-id=\"43043511\" data-element_type=\"container\" data-e-type=\"container\" data-settings=\"{&quot;background_background&quot;:&quot;classic&quot;}\">\n\t\t\t\t\t<div class=\"e-con-inner\">\n\t\t\t\t<div class=\"elementor-element elementor-element-5a88454 elementor-widget__width-initial elementor-arrows-position-inside elementor-widget elementor-widget-image-carousel\" data-id=\"5a88454\" data-element_type=\"widget\" data-e-type=\"widget\" data-settings=\"{&quot;slides_to_show&quot;:&quot;1&quot;,&quot;navigation&quot;:&quot;arrows&quot;,&quot;autoplay_speed&quot;:&quot;4000&quot;,&quot;autoplay&quot;:&quot;yes&quot;,&quot;pause_on_hover&quot;:&quot;yes&quot;,&quot;pause_on_interaction&quot;:&quot;yes&quot;,&quot;infinite&quot;:&quot;yes&quot;,&quot;effect&quot;:&quot;slide&quot;,&quot;speed&quot;:500}\" data-widget_type=\"image-carousel.default\">\n\t\t\t\t<div class=\"elementor-widget-container\">\n\t\t\t\t\t\t\t<div class=\"elementor-image-carousel-wrapper swiper\" role=\"region\" aria-roledescription=\"carousel\" aria-label=\"Carrossel de imagens\" dir=\"ltr\">\n\t\t\t<div class=\"elementor-image-carousel swiper-wrapper\" aria-live=\"off\">\n\t\t\t\t\t\t\t\t<div class=\"swiper-slide\" role=\"group\" aria-roledescription=\"slide\" aria-label=\"1 de 4\"><figure class=\"swiper-slide-inner\"><img decoding=\"async\" class=\"swiper-slide-image\" src=\"https:\/\/www2.unifap.br\/pdiffamapa\/files\/2025\/05\/laranjal4.png\" alt=\"laranjal4\" \/><\/figure><\/div><div class=\"swiper-slide\" role=\"group\" aria-roledescription=\"slide\" aria-label=\"2 de 4\"><figure class=\"swiper-slide-inner\"><img decoding=\"async\" class=\"swiper-slide-image\" src=\"https:\/\/www2.unifap.br\/pdiffamapa\/files\/2025\/05\/laranjal2-1.png\" alt=\"laranjal2\" \/><\/figure><\/div><div class=\"swiper-slide\" role=\"group\" aria-roledescription=\"slide\" aria-label=\"3 de 4\"><figure class=\"swiper-slide-inner\"><img decoding=\"async\" class=\"swiper-slide-image\" src=\"https:\/\/www2.unifap.br\/pdiffamapa\/files\/2025\/05\/laranjal-1.png\" alt=\"laranjal\" \/><\/figure><\/div><div class=\"swiper-slide\" role=\"group\" aria-roledescription=\"slide\" aria-label=\"4 de 4\"><figure class=\"swiper-slide-inner\"><img decoding=\"async\" class=\"swiper-slide-image\" src=\"https:\/\/www2.unifap.br\/pdiffamapa\/files\/2025\/05\/laranjal3-1.png\" alt=\"laranjal3\" \/><\/figure><\/div>\t\t\t<\/div>\n\t\t\t\t\t\t\t\t\t\t\t\t<div class=\"elementor-swiper-button elementor-swiper-button-prev\" role=\"button\" tabindex=\"0\">\n\t\t\t\t\t\t<svg aria-hidden=\"true\" class=\"e-font-icon-svg e-eicon-chevron-left\" viewBox=\"0 0 1000 1000\" xmlns=\"http:\/\/www.w3.org\/2000\/svg\"><path d=\"M646 125C629 125 613 133 604 142L308 442C296 454 292 471 292 487 292 504 296 521 308 533L604 854C617 867 629 875 646 875 663 875 679 871 692 858 704 846 713 829 713 812 713 796 708 779 692 767L438 487 692 225C700 217 708 204 708 187 708 171 704 154 692 142 675 129 663 125 646 125Z\"><\/path><\/svg>\t\t\t\t\t<\/div>\n\t\t\t\t\t<div class=\"elementor-swiper-button elementor-swiper-button-next\" role=\"button\" tabindex=\"0\">\n\t\t\t\t\t\t<svg aria-hidden=\"true\" class=\"e-font-icon-svg e-eicon-chevron-right\" viewBox=\"0 0 1000 1000\" xmlns=\"http:\/\/www.w3.org\/2000\/svg\"><path d=\"M696 533C708 521 713 504 713 487 713 471 708 454 696 446L400 146C388 133 375 125 354 125 338 125 325 129 313 142 300 154 292 171 292 187 292 204 296 221 308 233L563 492 304 771C292 783 288 800 288 817 288 833 296 850 308 863 321 871 338 875 354 875 371 875 388 867 400 854L696 533Z\"><\/path><\/svg>\t\t\t\t\t<\/div>\n\t\t\t\t\n\t\t\t\t\t\t\t\t\t<\/div>\n\t\t\t\t\t\t<\/div>\n\t\t\t\t<\/div>\n\t\t\t\t\t<\/div>\n\t\t\t\t<\/div>\n\t\t<div class=\"elementor-element elementor-element-16c2d4c e-flex e-con-boxed e-con e-parent\" data-id=\"16c2d4c\" data-element_type=\"container\" data-e-type=\"container\">\n\t\t\t\t\t<div class=\"e-con-inner\">\n\t\t<div class=\"elementor-element elementor-element-723f82a4 e-flex e-con-boxed e-con e-child\" data-id=\"723f82a4\" data-element_type=\"container\" data-e-type=\"container\">\n\t\t\t\t\t<div class=\"e-con-inner\">\n\t\t\t\t<div class=\"elementor-element elementor-element-c3e5cdc elementor-widget elementor-widget-heading\" data-id=\"c3e5cdc\" data-element_type=\"widget\" data-e-type=\"widget\" data-widget_type=\"heading.default\">\n\t\t\t\t<div class=\"elementor-widget-container\">\n\t\t\t\t\t<h2 class=\"elementor-heading-title elementor-size-default\">LARANJAL DO JARI\n<\/h2>\t\t\t\t<\/div>\n\t\t\t\t<\/div>\n\t\t\t\t<div class=\"elementor-element elementor-element-5945baaa elementor-widget elementor-widget-heading\" data-id=\"5945baaa\" data-element_type=\"widget\" data-e-type=\"widget\" data-widget_type=\"heading.default\">\n\t\t\t\t<div class=\"elementor-widget-container\">\n\t\t\t\t\t<h4 class=\"elementor-heading-title elementor-size-default\">DADOS GERAIS<\/h4>\t\t\t\t<\/div>\n\t\t\t\t<\/div>\n\t\t\t\t<div class=\"elementor-element elementor-element-1b9040b8 elementor-widget elementor-widget-eael-adv-accordion\" data-id=\"1b9040b8\" data-element_type=\"widget\" data-e-type=\"widget\" data-widget_type=\"eael-adv-accordion.default\">\n\t\t\t\t<div class=\"elementor-widget-container\">\n\t\t\t\t\t        <div class=\"eael-adv-accordion\" id=\"eael-adv-accordion-1b9040b8\" data-scroll-on-click=\"\" data-scroll-speed=\"300\" data-accordion-id=\"1b9040b8\" data-accordion-type=\"accordion\" data-toogle-speed=\"300\">\n    <div class=\"eael-accordion-list\">\n                <div id=\"localizao-do-municpio-de-laranjal-do-jari\" class=\"elementor-tab-title eael-accordion-header\" tabindex=\"0\" data-tab=\"1\" aria-controls=\"elementor-tab-content-4621\"><svg aria-hidden=\"true\" class=\"fa-toggle e-font-icon-svg e-fas-angle-right\" viewBox=\"0 0 256 512\" xmlns=\"http:\/\/www.w3.org\/2000\/svg\"><path d=\"M224.3 273l-136 136c-9.4 9.4-24.6 9.4-33.9 0l-22.6-22.6c-9.4-9.4-9.4-24.6 0-33.9l96.4-96.4-96.4-96.4c-9.4-9.4-9.4-24.6 0-33.9L54.3 103c9.4-9.4 24.6-9.4 33.9 0l136 136c9.5 9.4 9.5 24.6.1 34z\"><\/path><\/svg><span class=\"eael-accordion-tab-title\">Localiza\u00e7\u00e3o do munic\u00edpio de Laranjal do Jari<\/span><span class=\"eael-advanced-accordion-icon-closed\"><svg aria-hidden=\"true\" class=\"fa-accordion-icon e-font-icon-svg e-fas-plus\" viewBox=\"0 0 448 512\" xmlns=\"http:\/\/www.w3.org\/2000\/svg\"><path d=\"M416 208H272V64c0-17.67-14.33-32-32-32h-32c-17.67 0-32 14.33-32 32v144H32c-17.67 0-32 14.33-32 32v32c0 17.67 14.33 32 32 32h144v144c0 17.67 14.33 32 32 32h32c17.67 0 32-14.33 32-32V304h144c17.67 0 32-14.33 32-32v-32c0-17.67-14.33-32-32-32z\"><\/path><\/svg><\/span><span class=\"eael-advanced-accordion-icon-opened\"><svg aria-hidden=\"true\" class=\"fa-accordion-icon e-font-icon-svg e-fas-minus\" viewBox=\"0 0 448 512\" xmlns=\"http:\/\/www.w3.org\/2000\/svg\"><path d=\"M416 208H32c-17.67 0-32 14.33-32 32v32c0 17.67 14.33 32 32 32h384c17.67 0 32-14.33 32-32v-32c0-17.67-14.33-32-32-32z\"><\/path><\/svg><\/span><\/div><div id=\"elementor-tab-content-4621\" class=\"eael-accordion-content clearfix\" data-tab=\"1\" aria-labelledby=\"localizao-do-municpio-de-laranjal-do-jari\"><p style=\"text-align: left\"><span style=\"font-weight: 400\">O munic\u00edpio de Laranjal do Jari (Figura 09) est\u00e1 localizado no sudoeste do estado do Amap\u00e1. Seus limites municipais s\u00e3o com os munic\u00edpios de Oiapoque, Pedra Branca do Amapari e Almeirim (PA), al\u00e9m de fazer fronteira com a Guiana Francesa e o Suriname. Foi criado pelo Decreto n.\u00ba 7.639, de 17 de dezembro de 1987, a partir do desmembramento do munic\u00edpio de Mazag\u00e3o (Prefeitura Municipal de Laranjal do Jari, 2025).<\/span><\/p><p><span style=\"font-weight: 400\">Figura 09 &#8211; Mapa de localiza\u00e7\u00e3o do munic\u00edpio de Laranjal do Jari<\/span><\/p><figure id=\"attachment_997\" aria-describedby=\"caption-attachment-997\" style=\"width: 396px\" class=\"wp-caption alignnone\"><a href=\"http:\/\/www2.unifap.br\/pdiffamapa\/files\/2025\/05\/municipio-de-laranjal-do-jari.png\"><img fetchpriority=\"high\" decoding=\"async\" class=\"wp-image-997 size-full\" src=\"http:\/\/www2.unifap.br\/pdiffamapa\/files\/2025\/05\/municipio-de-laranjal-do-jari.png\" alt=\"\" width=\"396\" height=\"558\" srcset=\"https:\/\/www2.unifap.br\/pdiffamapa\/files\/2025\/05\/municipio-de-laranjal-do-jari.png 396w, https:\/\/www2.unifap.br\/pdiffamapa\/files\/2025\/05\/municipio-de-laranjal-do-jari-213x300.png 213w\" sizes=\"(max-width: 396px) 100vw, 396px\" \/><\/a><figcaption id=\"caption-attachment-997\" class=\"wp-caption-text\">Organiza\u00e7\u00e3o: PDIFF-AP, 2025.<\/figcaption><\/figure><p><span style=\"font-weight: 400\">O munic\u00edpio de Laranjal do Jari est\u00e1 localizado a aproximadamente 265 km da capital Macap\u00e1, tendo como principal via de acesso \u00e0 rodovia BR-210. De acordo com o \u00faltimo censo, a popula\u00e7\u00e3o do munic\u00edpio \u00e9 marcada por 35.114 habitantes, a popula\u00e7\u00e3o estimada para o ano de 2024 \u00e9 de 37.969 pessoas (IBGE, 2024). Possui uma \u00e1rea territorial de 30.782,99 km\u00b2. O gent\u00edlico adotado \u00e9 \u201claranjalense\u201d. <\/span><\/p><\/div>\n                <\/div><div class=\"eael-accordion-list\">\n                <div id=\"breve-histrico-do-municpio-de-laranjal-do-jari\" class=\"elementor-tab-title eael-accordion-header\" tabindex=\"0\" data-tab=\"2\" aria-controls=\"elementor-tab-content-4622\"><svg aria-hidden=\"true\" class=\"fa-toggle e-font-icon-svg e-fas-angle-right\" viewBox=\"0 0 256 512\" xmlns=\"http:\/\/www.w3.org\/2000\/svg\"><path d=\"M224.3 273l-136 136c-9.4 9.4-24.6 9.4-33.9 0l-22.6-22.6c-9.4-9.4-9.4-24.6 0-33.9l96.4-96.4-96.4-96.4c-9.4-9.4-9.4-24.6 0-33.9L54.3 103c9.4-9.4 24.6-9.4 33.9 0l136 136c9.5 9.4 9.5 24.6.1 34z\"><\/path><\/svg><span class=\"eael-accordion-tab-title\">Breve hist\u00f3rico do munic\u00edpio de Laranjal do Jari<\/span><span class=\"eael-advanced-accordion-icon-closed\"><svg aria-hidden=\"true\" class=\"fa-accordion-icon e-font-icon-svg e-fas-plus\" viewBox=\"0 0 448 512\" xmlns=\"http:\/\/www.w3.org\/2000\/svg\"><path d=\"M416 208H272V64c0-17.67-14.33-32-32-32h-32c-17.67 0-32 14.33-32 32v144H32c-17.67 0-32 14.33-32 32v32c0 17.67 14.33 32 32 32h144v144c0 17.67 14.33 32 32 32h32c17.67 0 32-14.33 32-32V304h144c17.67 0 32-14.33 32-32v-32c0-17.67-14.33-32-32-32z\"><\/path><\/svg><\/span><span class=\"eael-advanced-accordion-icon-opened\"><svg aria-hidden=\"true\" class=\"fa-accordion-icon e-font-icon-svg e-fas-minus\" viewBox=\"0 0 448 512\" xmlns=\"http:\/\/www.w3.org\/2000\/svg\"><path d=\"M416 208H32c-17.67 0-32 14.33-32 32v32c0 17.67 14.33 32 32 32h384c17.67 0 32-14.33 32-32v-32c0-17.67-14.33-32-32-32z\"><\/path><\/svg><\/span><\/div><div id=\"elementor-tab-content-4622\" class=\"eael-accordion-content clearfix\" data-tab=\"2\" aria-labelledby=\"breve-histrico-do-municpio-de-laranjal-do-jari\"><p><span style=\"font-weight: 400\">Laranjal do Jari teve origem ligada ao Projeto Jari, empreendimento do empres\u00e1rio norte-americano Daniel Ludwig, implantado na regi\u00e3o de Monte Dourado, distrito de Almeirim (PA). A ocupa\u00e7\u00e3o das margens do rio Jari, antes habitadas por povos ind\u00edgenas como os Waj\u00e3pi e Apara\u00eds, intensificou-se com a migra\u00e7\u00e3o de trabalhadores, principalmente nordestinos dos estados do Maranh\u00e3o, Piau\u00ed e Cear\u00e1, atra\u00eddos por oportunidades de emprego e melhores condi\u00e7\u00f5es de vida (Clareto, 2003).\u00a0\u00a0<\/span><\/p><p><span style=\"font-weight: 400\">Ludwig implementou uma estrutura empresarial inovadora ao projetar a cidade de Monte Dourado nos moldes norte-americanos e ao importar do Jap\u00e3o plataformas flutuantes para produ\u00e7\u00e3o de celulose e energia, rebocadas at\u00e9 a regi\u00e3o amaz\u00f4nica (Teixeira, 2002). Com isso, estabeleceu-se uma base industrial que moldaria o desenvolvimento urbano e econ\u00f4mico do Vale do Jari nas d\u00e9cadas seguintes (Ferreira, 2008).<\/span><\/p><\/div>\n                <\/div><div class=\"eael-accordion-list\">\n                <div id=\"aspectos-socioeconmicos-do-municpio-de-laranjal-do-jari\" class=\"elementor-tab-title eael-accordion-header\" tabindex=\"0\" data-tab=\"3\" aria-controls=\"elementor-tab-content-4623\"><svg aria-hidden=\"true\" class=\"fa-toggle e-font-icon-svg e-fas-angle-right\" viewBox=\"0 0 256 512\" xmlns=\"http:\/\/www.w3.org\/2000\/svg\"><path d=\"M224.3 273l-136 136c-9.4 9.4-24.6 9.4-33.9 0l-22.6-22.6c-9.4-9.4-9.4-24.6 0-33.9l96.4-96.4-96.4-96.4c-9.4-9.4-9.4-24.6 0-33.9L54.3 103c9.4-9.4 24.6-9.4 33.9 0l136 136c9.5 9.4 9.5 24.6.1 34z\"><\/path><\/svg><span class=\"eael-accordion-tab-title\">Aspectos socioecon\u00f4micos do munic\u00edpio de Laranjal do Jari<\/span><span class=\"eael-advanced-accordion-icon-closed\"><svg aria-hidden=\"true\" class=\"fa-accordion-icon e-font-icon-svg e-fas-plus\" viewBox=\"0 0 448 512\" xmlns=\"http:\/\/www.w3.org\/2000\/svg\"><path d=\"M416 208H272V64c0-17.67-14.33-32-32-32h-32c-17.67 0-32 14.33-32 32v144H32c-17.67 0-32 14.33-32 32v32c0 17.67 14.33 32 32 32h144v144c0 17.67 14.33 32 32 32h32c17.67 0 32-14.33 32-32V304h144c17.67 0 32-14.33 32-32v-32c0-17.67-14.33-32-32-32z\"><\/path><\/svg><\/span><span class=\"eael-advanced-accordion-icon-opened\"><svg aria-hidden=\"true\" class=\"fa-accordion-icon e-font-icon-svg e-fas-minus\" viewBox=\"0 0 448 512\" xmlns=\"http:\/\/www.w3.org\/2000\/svg\"><path d=\"M416 208H32c-17.67 0-32 14.33-32 32v32c0 17.67 14.33 32 32 32h384c17.67 0 32-14.33 32-32v-32c0-17.67-14.33-32-32-32z\"><\/path><\/svg><\/span><\/div><div id=\"elementor-tab-content-4623\" class=\"eael-accordion-content clearfix\" data-tab=\"3\" aria-labelledby=\"aspectos-socioeconmicos-do-municpio-de-laranjal-do-jari\"><p><span style=\"font-weight: 400\">Em 2021, o munic\u00edpio de Laranjal do Jari registrou um Produto Interno Bruto (PIB) de R$ 1,13 bilh\u00e3o ocupando a 3\u00aa posi\u00e7\u00e3o entre os munic\u00edpios do Amap\u00e1 e destacando-se como um dos principais centros econ\u00f4micos do estado, com participa\u00e7\u00e3o de 5,64% no PIB total do estado (IBGE, 2023).\u00a0\u00a0<\/span><\/p><p><span style=\"font-weight: 400\">O munic\u00edpio de Laranjal do Jari apresenta um panorama produtivo marcado pela diversidade de atividades prim\u00e1rias, com destaque para a extra\u00e7\u00e3o vegetal, a silvicultura, a pecu\u00e1ria e a agricultura de base familiar. Esses setores s\u00e3o fundamentais para a subsist\u00eancia, gera\u00e7\u00e3o de renda e dinamiza\u00e7\u00e3o econ\u00f4mica local, especialmente em \u00e1reas rurais e ribeirinhas. <\/span><\/p><\/div>\n                <\/div><div class=\"eael-accordion-list\">\n                <div id=\"oportunidades-estratgicas-para-o-desenvolvimento-de-laranjal-do-jari\" class=\"elementor-tab-title eael-accordion-header\" tabindex=\"0\" data-tab=\"4\" aria-controls=\"elementor-tab-content-4624\"><svg aria-hidden=\"true\" class=\"fa-toggle e-font-icon-svg e-fas-angle-right\" viewBox=\"0 0 256 512\" xmlns=\"http:\/\/www.w3.org\/2000\/svg\"><path d=\"M224.3 273l-136 136c-9.4 9.4-24.6 9.4-33.9 0l-22.6-22.6c-9.4-9.4-9.4-24.6 0-33.9l96.4-96.4-96.4-96.4c-9.4-9.4-9.4-24.6 0-33.9L54.3 103c9.4-9.4 24.6-9.4 33.9 0l136 136c9.5 9.4 9.5 24.6.1 34z\"><\/path><\/svg><span class=\"eael-accordion-tab-title\">Oportunidades estrat\u00e9gicas para o desenvolvimento de Laranjal do Jari<\/span><span class=\"eael-advanced-accordion-icon-closed\"><svg aria-hidden=\"true\" class=\"fa-accordion-icon e-font-icon-svg e-fas-plus\" viewBox=\"0 0 448 512\" xmlns=\"http:\/\/www.w3.org\/2000\/svg\"><path d=\"M416 208H272V64c0-17.67-14.33-32-32-32h-32c-17.67 0-32 14.33-32 32v144H32c-17.67 0-32 14.33-32 32v32c0 17.67 14.33 32 32 32h144v144c0 17.67 14.33 32 32 32h32c17.67 0 32-14.33 32-32V304h144c17.67 0 32-14.33 32-32v-32c0-17.67-14.33-32-32-32z\"><\/path><\/svg><\/span><span class=\"eael-advanced-accordion-icon-opened\"><svg aria-hidden=\"true\" class=\"fa-accordion-icon e-font-icon-svg e-fas-minus\" viewBox=\"0 0 448 512\" xmlns=\"http:\/\/www.w3.org\/2000\/svg\"><path d=\"M416 208H32c-17.67 0-32 14.33-32 32v32c0 17.67 14.33 32 32 32h384c17.67 0 32-14.33 32-32v-32c0-17.67-14.33-32-32-32z\"><\/path><\/svg><\/span><\/div><div id=\"elementor-tab-content-4624\" class=\"eael-accordion-content clearfix\" data-tab=\"4\" aria-labelledby=\"oportunidades-estratgicas-para-o-desenvolvimento-de-laranjal-do-jari\"><p><span style=\"font-weight: 400\">Situado \u00e0s margens do rio Jari, Laranjal apresenta um conjunto de oportunidades estrat\u00e9gicas para o seu desenvolvimento socioecon\u00f4mico, com destaque para o fortalecimento das cadeias produtivas florestal, agroextrativista e agropecu\u00e1ria familiar. A produ\u00e7\u00e3o significativa de madeira em tora e lenha, somadas a produtos como a\u00e7a\u00ed e castanha-do-par\u00e1, reafirma o protagonismo do munic\u00edpio no setor florestal e extrativista.\u00a0<\/span><\/p><p><span style=\"font-weight: 400\">A presen\u00e7a da Reserva Extrativista do Rio Cajari, oferece grande potencial para iniciativas de manejo sustent\u00e1vel, agrega\u00e7\u00e3o de valor a produtos da sociobiodiversidade e acesso a mercados diferenciados por meio de certifica\u00e7\u00f5es ambientais e de com\u00e9rcio justo. A comunidade \u00e9 reconhecida pela tradi\u00e7\u00e3o na extra\u00e7\u00e3o, beneficiamento e comercializa\u00e7\u00e3o da castanha-do-par\u00e1. O Festival da Castanha, realizado anualmente, refor\u00e7a a import\u00e2ncia econ\u00f4mica e simb\u00f3lica desse produto, al\u00e9m de atrair visitantes e valorizar o conhecimento tradicional associado ao seu uso culin\u00e1rio e medicinal.\u00a0<\/span><\/p><p><span style=\"font-weight: 400\">No campo da agricultura familiar, destaca-se a produ\u00e7\u00e3o de mandioca, banana, abacaxi, milho e feij\u00e3o, com um setor agr\u00edcola diversificado e potencial de amplia\u00e7\u00e3o da produtividade mediante incentivos \u00e0 agroecologia, acesso a assist\u00eancia t\u00e9cnica, cr\u00e9dito rural e pol\u00edticas p\u00fablicas de compras institucionais. A aquicultura vem ganhando espa\u00e7o, com produ\u00e7\u00e3o expressiva de tambaqui, tambacu e pirapitinga. A cria\u00e7\u00e3o de alevinos refor\u00e7a a estrutura\u00e7\u00e3o dessa cadeia produtiva e indica oportunidades de integra\u00e7\u00e3o com a agricultura e a alimenta\u00e7\u00e3o escolar local.\u00a0<\/span><\/p><p><span style=\"font-weight: 400\">A posi\u00e7\u00e3o geogr\u00e1fica do munic\u00edpio, aliada \u00e0 integra\u00e7\u00e3o fluvial e \u00e0 poss\u00edvel conclus\u00e3o da ponte sobre o rio Jari, configura uma vantagem log\u00edstica estrat\u00e9gica. Esses fatores ampliam o potencial para investimentos em infraestrutura urbana, transporte, armazenamento e escoamento da produ\u00e7\u00e3o local.\u00a0<\/span><\/p><p><span style=\"font-weight: 400\">O turismo de aventura, ecoturismo e o turismo de base comunit\u00e1ria representam uma oportunidade estrat\u00e9gica para Laranjal. A biodiversidade local, os rios, as reservas naturais e o modo de vida das comunidades criam um cen\u00e1rio favor\u00e1vel para o desenvolvimento de roteiros tur\u00edsticos sustent\u00e1veis, que podem gerar renda e promover a conserva\u00e7\u00e3o ambiental. Pontos tur\u00edsticos como a Cachoeira de Santo Ant\u00f4nio e a Praia da Sama\u00fama s\u00e3o destacados como importantes atrativos da cidade. <\/span><\/p><\/div>\n                <\/div><\/div>\t\t\t\t<\/div>\n\t\t\t\t<\/div>\n\t\t\t\t\t<\/div>\n\t\t\t\t<\/div>\n\t\t\t\t\t<\/div>\n\t\t\t\t<\/div>\n\t\t<div class=\"elementor-element elementor-element-874ee4f e-flex e-con-boxed e-con e-parent\" data-id=\"874ee4f\" data-element_type=\"container\" data-e-type=\"container\">\n\t\t\t\t\t<div class=\"e-con-inner\">\n\t\t\t\t<div class=\"elementor-element elementor-element-377f26a9 elementor-widget elementor-widget-heading\" data-id=\"377f26a9\" data-element_type=\"widget\" data-e-type=\"widget\" data-widget_type=\"heading.default\">\n\t\t\t\t<div class=\"elementor-widget-container\">\n\t\t\t\t\t<h3 class=\"elementor-heading-title elementor-size-default\">Localiza\u00e7\u00e3o<\/h3>\t\t\t\t<\/div>\n\t\t\t\t<\/div>\n\t\t\t\t<div class=\"elementor-element elementor-element-3948e887 elementor-widget elementor-widget-google_maps\" data-id=\"3948e887\" data-element_type=\"widget\" data-e-type=\"widget\" data-widget_type=\"google_maps.default\">\n\t\t\t\t<div class=\"elementor-widget-container\">\n\t\t\t\t\t\t\t<div class=\"elementor-custom-embed\">\n\t\t\t<iframe loading=\"lazy\"\n\t\t\t\t\tsrc=\"https:\/\/maps.google.com\/maps?q=-0.8388089457320368%2C%20-52.51916993671993&#038;t=m&#038;z=15&#038;output=embed&#038;iwloc=near\"\n\t\t\t\t\ttitle=\"-0.8388089457320368, -52.51916993671993\"\n\t\t\t\t\taria-label=\"-0.8388089457320368, -52.51916993671993\"\n\t\t\t><\/iframe>\n\t\t<\/div>\n\t\t\t\t\t\t<\/div>\n\t\t\t\t<\/div>\n\t\t\t\t\t<\/div>\n\t\t\t\t<\/div>\n\t\t\t\t<\/div>\n\t\t","protected":false},"excerpt":{"rendered":"<p>LARANJAL DO JARI DADOS GERAIS Localiza\u00e7\u00e3o do munic\u00edpio de Laranjal do Jari O munic\u00edpio de Laranjal do Jari (Figura 09)&#8230;<\/p>\n","protected":false},"author":4048,"featured_media":0,"parent":60,"menu_order":0,"comment_status":"closed","ping_status":"closed","template":"","meta":{"inline_featured_image":false,"site-sidebar-layout":"no-sidebar","site-content-layout":"","ast-site-content-layout":"full-width-container","site-content-style":"default","site-sidebar-style":"default","ast-global-header-display":"","ast-banner-title-visibility":"","ast-main-header-display":"","ast-hfb-above-header-display":"","ast-hfb-below-header-display":"","ast-hfb-mobile-header-display":"","site-post-title":"disabled","ast-breadcrumbs-content":"","ast-featured-img":"disabled","footer-sml-layout":"","theme-transparent-header-meta":"","adv-header-id-meta":"","stick-header-meta":"","header-above-stick-meta":"","header-main-stick-meta":"","header-below-stick-meta":"","astra-migrate-meta-layouts":"default","ast-page-background-enabled":"default","ast-page-background-meta":{"desktop":{"background-color":"var(--ast-global-color-4)","background-image":"","background-repeat":"repeat","background-position":"center center","background-size":"auto","background-attachment":"scroll","background-type":"","background-media":"","overlay-type":"","overlay-color":"","overlay-opacity":"","overlay-gradient":""},"tablet":{"background-color":"","background-image":"","background-repeat":"repeat","background-position":"center center","background-size":"auto","background-attachment":"scroll","background-type":"","background-media":"","overlay-type":"","overlay-color":"","overlay-opacity":"","overlay-gradient":""},"mobile":{"background-color":"","background-image":"","background-repeat":"repeat","background-position":"center center","background-size":"auto","background-attachment":"scroll","background-type":"","background-media":"","overlay-type":"","overlay-color":"","overlay-opacity":"","overlay-gradient":""}},"ast-content-background-meta":{"desktop":{"background-color":"var(--ast-global-color-5)","background-image":"","background-repeat":"repeat","background-position":"center center","background-size":"auto","background-attachment":"scroll","background-type":"","background-media":"","overlay-type":"","overlay-color":"","overlay-opacity":"","overlay-gradient":""},"tablet":{"background-color":"var(--ast-global-color-5)","background-image":"","background-repeat":"repeat","background-position":"center center","background-size":"auto","background-attachment":"scroll","background-type":"","background-media":"","overlay-type":"","overlay-color":"","overlay-opacity":"","overlay-gradient":""},"mobile":{"background-color":"var(--ast-global-color-5)","background-image":"","background-repeat":"repeat","background-position":"center center","background-size":"auto","background-attachment":"scroll","background-type":"","background-media":"","overlay-type":"","overlay-color":"","overlay-opacity":"","overlay-gradient":""}},"footnotes":""},"class_list":["post-113","page","type-page","status-publish","hentry"],"_links":{"self":[{"href":"https:\/\/www2.unifap.br\/pdiffamapa\/wp-json\/wp\/v2\/pages\/113","targetHints":{"allow":["GET"]}}],"collection":[{"href":"https:\/\/www2.unifap.br\/pdiffamapa\/wp-json\/wp\/v2\/pages"}],"about":[{"href":"https:\/\/www2.unifap.br\/pdiffamapa\/wp-json\/wp\/v2\/types\/page"}],"author":[{"embeddable":true,"href":"https:\/\/www2.unifap.br\/pdiffamapa\/wp-json\/wp\/v2\/users\/4048"}],"replies":[{"embeddable":true,"href":"https:\/\/www2.unifap.br\/pdiffamapa\/wp-json\/wp\/v2\/comments?post=113"}],"version-history":[{"count":16,"href":"https:\/\/www2.unifap.br\/pdiffamapa\/wp-json\/wp\/v2\/pages\/113\/revisions"}],"predecessor-version":[{"id":1437,"href":"https:\/\/www2.unifap.br\/pdiffamapa\/wp-json\/wp\/v2\/pages\/113\/revisions\/1437"}],"up":[{"embeddable":true,"href":"https:\/\/www2.unifap.br\/pdiffamapa\/wp-json\/wp\/v2\/pages\/60"}],"wp:attachment":[{"href":"https:\/\/www2.unifap.br\/pdiffamapa\/wp-json\/wp\/v2\/media?parent=113"}],"curies":[{"name":"wp","href":"https:\/\/api.w.org\/{rel}","templated":true}]}}