{"id":116,"date":"2025-05-05T20:32:08","date_gmt":"2025-05-05T23:32:08","guid":{"rendered":"https:\/\/www2.unifap.br\/pdiffamapa\/?page_id=116"},"modified":"2025-07-27T22:42:35","modified_gmt":"2025-07-28T01:42:35","slug":"oiapoque","status":"publish","type":"page","link":"https:\/\/www2.unifap.br\/pdiffamapa\/cidades\/oiapoque\/","title":{"rendered":"Oiapoque"},"content":{"rendered":"\t\t<div data-elementor-type=\"wp-page\" data-elementor-id=\"116\" class=\"elementor elementor-116\">\n\t\t\t\t<div class=\"elementor-element elementor-element-79f3b87d e-flex e-con-boxed e-con e-parent\" data-id=\"79f3b87d\" data-element_type=\"container\" data-e-type=\"container\" data-settings=\"{&quot;background_background&quot;:&quot;classic&quot;}\">\n\t\t\t\t\t<div class=\"e-con-inner\">\n\t\t\t\t<div class=\"elementor-element elementor-element-523ae831 elementor-widget__width-initial elementor-arrows-position-inside elementor-widget elementor-widget-image-carousel\" data-id=\"523ae831\" data-element_type=\"widget\" data-e-type=\"widget\" data-settings=\"{&quot;slides_to_show&quot;:&quot;1&quot;,&quot;navigation&quot;:&quot;arrows&quot;,&quot;autoplay_speed&quot;:&quot;4000&quot;,&quot;autoplay&quot;:&quot;yes&quot;,&quot;pause_on_hover&quot;:&quot;yes&quot;,&quot;pause_on_interaction&quot;:&quot;yes&quot;,&quot;infinite&quot;:&quot;yes&quot;,&quot;effect&quot;:&quot;slide&quot;,&quot;speed&quot;:500}\" data-widget_type=\"image-carousel.default\">\n\t\t\t\t<div class=\"elementor-widget-container\">\n\t\t\t\t\t\t\t<div class=\"elementor-image-carousel-wrapper swiper\" role=\"region\" aria-roledescription=\"carousel\" aria-label=\"Carrossel de imagens\" dir=\"ltr\">\n\t\t\t<div class=\"elementor-image-carousel swiper-wrapper\" aria-live=\"off\">\n\t\t\t\t\t\t\t\t<div class=\"swiper-slide\" role=\"group\" aria-roledescription=\"slide\" aria-label=\"1 de 5\"><figure class=\"swiper-slide-inner\"><img decoding=\"async\" class=\"swiper-slide-image\" src=\"https:\/\/www2.unifap.br\/pdiffamapa\/files\/2025\/05\/oiapoque4.png\" alt=\"oiapoque4\" \/><\/figure><\/div><div class=\"swiper-slide\" role=\"group\" aria-roledescription=\"slide\" aria-label=\"2 de 5\"><figure class=\"swiper-slide-inner\"><img decoding=\"async\" class=\"swiper-slide-image\" src=\"https:\/\/www2.unifap.br\/pdiffamapa\/files\/2025\/05\/oiapoque-1.png\" alt=\"oiapoque\" \/><\/figure><\/div><div class=\"swiper-slide\" role=\"group\" aria-roledescription=\"slide\" aria-label=\"3 de 5\"><figure class=\"swiper-slide-inner\"><img decoding=\"async\" class=\"swiper-slide-image\" src=\"https:\/\/www2.unifap.br\/pdiffamapa\/files\/2025\/05\/oiapoque2.png\" alt=\"oiapoque2\" \/><\/figure><\/div><div class=\"swiper-slide\" role=\"group\" aria-roledescription=\"slide\" aria-label=\"4 de 5\"><figure class=\"swiper-slide-inner\"><img decoding=\"async\" class=\"swiper-slide-image\" src=\"https:\/\/www2.unifap.br\/pdiffamapa\/files\/2025\/05\/oiapoque3.png\" alt=\"oiapoque3\" \/><\/figure><\/div><div class=\"swiper-slide\" role=\"group\" aria-roledescription=\"slide\" aria-label=\"5 de 5\"><figure class=\"swiper-slide-inner\"><img decoding=\"async\" class=\"swiper-slide-image\" src=\"https:\/\/www2.unifap.br\/pdiffamapa\/files\/2025\/05\/oiapoque5.png\" alt=\"oiapoque5\" \/><\/figure><\/div>\t\t\t<\/div>\n\t\t\t\t\t\t\t\t\t\t\t\t<div class=\"elementor-swiper-button elementor-swiper-button-prev\" role=\"button\" tabindex=\"0\">\n\t\t\t\t\t\t<svg aria-hidden=\"true\" class=\"e-font-icon-svg e-eicon-chevron-left\" viewBox=\"0 0 1000 1000\" xmlns=\"http:\/\/www.w3.org\/2000\/svg\"><path d=\"M646 125C629 125 613 133 604 142L308 442C296 454 292 471 292 487 292 504 296 521 308 533L604 854C617 867 629 875 646 875 663 875 679 871 692 858 704 846 713 829 713 812 713 796 708 779 692 767L438 487 692 225C700 217 708 204 708 187 708 171 704 154 692 142 675 129 663 125 646 125Z\"><\/path><\/svg>\t\t\t\t\t<\/div>\n\t\t\t\t\t<div class=\"elementor-swiper-button elementor-swiper-button-next\" role=\"button\" tabindex=\"0\">\n\t\t\t\t\t\t<svg aria-hidden=\"true\" class=\"e-font-icon-svg e-eicon-chevron-right\" viewBox=\"0 0 1000 1000\" xmlns=\"http:\/\/www.w3.org\/2000\/svg\"><path d=\"M696 533C708 521 713 504 713 487 713 471 708 454 696 446L400 146C388 133 375 125 354 125 338 125 325 129 313 142 300 154 292 171 292 187 292 204 296 221 308 233L563 492 304 771C292 783 288 800 288 817 288 833 296 850 308 863 321 871 338 875 354 875 371 875 388 867 400 854L696 533Z\"><\/path><\/svg>\t\t\t\t\t<\/div>\n\t\t\t\t\n\t\t\t\t\t\t\t\t\t<\/div>\n\t\t\t\t\t\t<\/div>\n\t\t\t\t<\/div>\n\t\t\t\t\t<\/div>\n\t\t\t\t<\/div>\n\t\t<div class=\"elementor-element elementor-element-7eded929 e-flex e-con-boxed e-con e-parent\" data-id=\"7eded929\" data-element_type=\"container\" data-e-type=\"container\">\n\t\t\t\t\t<div class=\"e-con-inner\">\n\t\t<div class=\"elementor-element elementor-element-749ad33d e-flex e-con-boxed e-con e-child\" data-id=\"749ad33d\" data-element_type=\"container\" data-e-type=\"container\">\n\t\t\t\t\t<div class=\"e-con-inner\">\n\t\t\t\t<div class=\"elementor-element elementor-element-36641409 elementor-widget elementor-widget-heading\" data-id=\"36641409\" data-element_type=\"widget\" data-e-type=\"widget\" data-widget_type=\"heading.default\">\n\t\t\t\t<div class=\"elementor-widget-container\">\n\t\t\t\t\t<h2 class=\"elementor-heading-title elementor-size-default\">OIAPOQUE\n<\/h2>\t\t\t\t<\/div>\n\t\t\t\t<\/div>\n\t\t\t\t<div class=\"elementor-element elementor-element-60f85931 elementor-widget elementor-widget-heading\" data-id=\"60f85931\" data-element_type=\"widget\" data-e-type=\"widget\" data-widget_type=\"heading.default\">\n\t\t\t\t<div class=\"elementor-widget-container\">\n\t\t\t\t\t<h4 class=\"elementor-heading-title elementor-size-default\">DADOS GERAIS<\/h4>\t\t\t\t<\/div>\n\t\t\t\t<\/div>\n\t\t\t\t<div class=\"elementor-element elementor-element-503d1623 elementor-widget elementor-widget-eael-adv-accordion\" data-id=\"503d1623\" data-element_type=\"widget\" data-e-type=\"widget\" data-widget_type=\"eael-adv-accordion.default\">\n\t\t\t\t<div class=\"elementor-widget-container\">\n\t\t\t\t\t        <div class=\"eael-adv-accordion\" id=\"eael-adv-accordion-503d1623\" data-scroll-on-click=\"\" data-scroll-speed=\"300\" data-accordion-id=\"503d1623\" data-accordion-type=\"accordion\" data-toogle-speed=\"300\">\n    <div class=\"eael-accordion-list\">\n                <div id=\"localizao-do-municpio-de-oiapoque\" class=\"elementor-tab-title eael-accordion-header\" tabindex=\"0\" data-tab=\"1\" aria-controls=\"elementor-tab-content-1341\"><svg aria-hidden=\"true\" class=\"fa-toggle e-font-icon-svg e-fas-angle-right\" viewBox=\"0 0 256 512\" xmlns=\"http:\/\/www.w3.org\/2000\/svg\"><path d=\"M224.3 273l-136 136c-9.4 9.4-24.6 9.4-33.9 0l-22.6-22.6c-9.4-9.4-9.4-24.6 0-33.9l96.4-96.4-96.4-96.4c-9.4-9.4-9.4-24.6 0-33.9L54.3 103c9.4-9.4 24.6-9.4 33.9 0l136 136c9.5 9.4 9.5 24.6.1 34z\"><\/path><\/svg><span class=\"eael-accordion-tab-title\">Localiza\u00e7\u00e3o do munic\u00edpio de Oiapoque<\/span><span class=\"eael-advanced-accordion-icon-closed\"><svg aria-hidden=\"true\" class=\"fa-accordion-icon e-font-icon-svg e-fas-plus\" viewBox=\"0 0 448 512\" xmlns=\"http:\/\/www.w3.org\/2000\/svg\"><path d=\"M416 208H272V64c0-17.67-14.33-32-32-32h-32c-17.67 0-32 14.33-32 32v144H32c-17.67 0-32 14.33-32 32v32c0 17.67 14.33 32 32 32h144v144c0 17.67 14.33 32 32 32h32c17.67 0 32-14.33 32-32V304h144c17.67 0 32-14.33 32-32v-32c0-17.67-14.33-32-32-32z\"><\/path><\/svg><\/span><span class=\"eael-advanced-accordion-icon-opened\"><svg aria-hidden=\"true\" class=\"fa-accordion-icon e-font-icon-svg e-fas-minus\" viewBox=\"0 0 448 512\" xmlns=\"http:\/\/www.w3.org\/2000\/svg\"><path d=\"M416 208H32c-17.67 0-32 14.33-32 32v32c0 17.67 14.33 32 32 32h384c17.67 0 32-14.33 32-32v-32c0-17.67-14.33-32-32-32z\"><\/path><\/svg><\/span><\/div><div id=\"elementor-tab-content-1341\" class=\"eael-accordion-content clearfix\" data-tab=\"1\" aria-labelledby=\"localizao-do-municpio-de-oiapoque\"><p style=\"text-align: left\"><span style=\"font-weight: 400\">O munic\u00edpio de Oiapoque (Figura 10), localizado no extremo norte do estado do Amap\u00e1, tem origem no termo tupi-guarani &#8220;oiap-oca&#8221;, que significa &#8220;casa dos Wai\u00e3pi&#8221;. Sua cria\u00e7\u00e3o foi formalizada pela Lei n. 7.578, de 23 de maio de 1945, e faz limite com os munic\u00edpios de Cal\u00e7oene, Serra do Navio, Pedra Branca e Laranjal do Jari (Prefeitura Municipal de Oiapoque, 2025).<\/span><\/p><p><span style=\"font-weight: 400\">Figura 10 <\/span><i><span style=\"font-weight: 400\">&#8211; <\/span><\/i><span style=\"font-weight: 400\">Mapa de localiza\u00e7\u00e3o do munic\u00edpio de Oiapoque<\/span><\/p><figure id=\"attachment_1016\" aria-describedby=\"caption-attachment-1016\" style=\"width: 395px\" class=\"wp-caption alignnone\"><a href=\"http:\/\/www2.unifap.br\/pdiffamapa\/files\/2025\/05\/municipio-de-oiapoque.png\"><img fetchpriority=\"high\" decoding=\"async\" class=\"wp-image-1016 size-full\" src=\"http:\/\/www2.unifap.br\/pdiffamapa\/files\/2025\/05\/municipio-de-oiapoque.png\" alt=\"\" width=\"395\" height=\"559\" srcset=\"https:\/\/www2.unifap.br\/pdiffamapa\/files\/2025\/05\/municipio-de-oiapoque.png 395w, https:\/\/www2.unifap.br\/pdiffamapa\/files\/2025\/05\/municipio-de-oiapoque-212x300.png 212w\" sizes=\"(max-width: 395px) 100vw, 395px\" \/><\/a><figcaption id=\"caption-attachment-1016\" class=\"wp-caption-text\">Organiza\u00e7\u00e3o: PDIFF-AP, 2025.<\/figcaption><\/figure><p><span style=\"font-weight: 400\">O munic\u00edpio de Oiapoque est\u00e1 localizado a aproximadamente 590 km da capital Macap\u00e1, tendo como principal via de acesso \u00e0 rodovia BR-156. De acordo com o \u00faltimo censo, a popula\u00e7\u00e3o do munic\u00edpio \u00e9 marcada por 27.482 habitantes, a popula\u00e7\u00e3o estimada para o ano de 2024 \u00e9 de 30.481 pessoas (IBGE, 2024). Possui uma \u00e1rea territorial de 23.034,392 km\u00b2. O gent\u00edlico adotado \u00e9 \u201coiapoquense\u201d.\u00a0<\/span><\/p><\/div>\n                <\/div><div class=\"eael-accordion-list\">\n                <div id=\"breve-histrico-do-municpio-de-oiapoque\" class=\"elementor-tab-title eael-accordion-header\" tabindex=\"0\" data-tab=\"2\" aria-controls=\"elementor-tab-content-1342\"><svg aria-hidden=\"true\" class=\"fa-toggle e-font-icon-svg e-fas-angle-right\" viewBox=\"0 0 256 512\" xmlns=\"http:\/\/www.w3.org\/2000\/svg\"><path d=\"M224.3 273l-136 136c-9.4 9.4-24.6 9.4-33.9 0l-22.6-22.6c-9.4-9.4-9.4-24.6 0-33.9l96.4-96.4-96.4-96.4c-9.4-9.4-9.4-24.6 0-33.9L54.3 103c9.4-9.4 24.6-9.4 33.9 0l136 136c9.5 9.4 9.5 24.6.1 34z\"><\/path><\/svg><span class=\"eael-accordion-tab-title\">Breve hist\u00f3rico do munic\u00edpio de Oiapoque<\/span><span class=\"eael-advanced-accordion-icon-closed\"><svg aria-hidden=\"true\" class=\"fa-accordion-icon e-font-icon-svg e-fas-plus\" viewBox=\"0 0 448 512\" xmlns=\"http:\/\/www.w3.org\/2000\/svg\"><path d=\"M416 208H272V64c0-17.67-14.33-32-32-32h-32c-17.67 0-32 14.33-32 32v144H32c-17.67 0-32 14.33-32 32v32c0 17.67 14.33 32 32 32h144v144c0 17.67 14.33 32 32 32h32c17.67 0 32-14.33 32-32V304h144c17.67 0 32-14.33 32-32v-32c0-17.67-14.33-32-32-32z\"><\/path><\/svg><\/span><span class=\"eael-advanced-accordion-icon-opened\"><svg aria-hidden=\"true\" class=\"fa-accordion-icon e-font-icon-svg e-fas-minus\" viewBox=\"0 0 448 512\" xmlns=\"http:\/\/www.w3.org\/2000\/svg\"><path d=\"M416 208H32c-17.67 0-32 14.33-32 32v32c0 17.67 14.33 32 32 32h384c17.67 0 32-14.33 32-32v-32c0-17.67-14.33-32-32-32z\"><\/path><\/svg><\/span><\/div><div id=\"elementor-tab-content-1342\" class=\"eael-accordion-content clearfix\" data-tab=\"2\" aria-labelledby=\"breve-histrico-do-municpio-de-oiapoque\"><p><span style=\"font-weight: 400\">Durante a \u00e9poca colonial, Oiapoque fazia parte da Capitania do Cabo Norte. Nos primeiros anos do s\u00e9culo XVI, os portugueses se envolveram em conflitos com outras pot\u00eancias europeias para estabelecer o controle territorial ao sul do rio Oiapoque (na \u00e9poca conhecido como Vicente Pinz\u00f3n) e ao norte do rio Amazonas, com o objetivo de expandir os imp\u00e9rios colonizadores. Os povos origin\u00e1rios da regi\u00e3o, como os Wai\u00e3pi, ocupavam as terras ao longo do rio Oiapoque, enquanto os Galibi e Palikur habitavam o vale do rio Ua\u00e7\u00e1 e seus afluentes (Rodrigues, 2022).\u00a0\u00a0<\/span><\/p><p><span style=\"font-weight: 400\">Em 1907, o Governo Federal estabeleceu o Primeiro Destacamento Militar no munic\u00edpio, que servia como local para prisioneiros pol\u00edticos. Anos mais tarde, esse destacamento foi transferido para Santo Ant\u00f4nio, atual distrito de Clevel\u00e2ndia do Norte, sob o nome de Col\u00f4nia Militar (Rodrigues, <\/span><i><span style=\"font-weight: 400\">op.cit<\/span><\/i><span style=\"font-weight: 400\">).\u00a0\u00a0\u00a0<\/span><\/p><p><span style=\"font-weight: 400\">A inaugura\u00e7\u00e3o da Ponte Binacional, em 18 de mar\u00e7o de 2017, cuja concep\u00e7\u00e3o remonta a 1997, marcou a conex\u00e3o terrestre entre Oiapoque e Saint-Georges, representando um avan\u00e7o significativo na mitiga\u00e7\u00e3o do isolamento geogr\u00e1fico do Amap\u00e1. Tal isolamento decorre de barreiras naturais impostas pela floresta amaz\u00f4nica e por sua complexa rede hidrogr\u00e1fica (Assun\u00e7\u00e3o, 2020).\u00a0\u00a0<\/span><\/p><p><span style=\"font-weight: 400\">No entanto, as restri\u00e7\u00f5es impostas pelo lado franc\u00eas \u00e0 travessia de brasileiros pela ponte binacional contribuem para a manuten\u00e7\u00e3o da atividade dos catraieiros, al\u00e9m de estimular o com\u00e9rcio informal em Oiapoque. Logo, ambos os lados da fronteira desempenham um papel importante na din\u00e2mica econ\u00f4mica local.\u00a0\u00a0<\/span><\/p><p><span style=\"font-weight: 400\">Essa liga\u00e7\u00e3o internacional tamb\u00e9m configura uma oportunidade estrat\u00e9gica para o estado, que, com acesso direto ao Oceano Atl\u00e2ntico, pode estabelecer rela\u00e7\u00f5es privilegiadas com a Europa e o Caribe. Esse diferencial geogr\u00e1fico abre caminhos para a cria\u00e7\u00e3o de uma rota tur\u00edstica e comercial internacional, contribuindo para ampliar a inser\u00e7\u00e3o do Amap\u00e1 em circuitos econ\u00f4micos e culturais globais.\u00a0<\/span><\/p><\/div>\n                <\/div><div class=\"eael-accordion-list\">\n                <div id=\"aspectos-socioeconmicos-do-municpio-de-oiapoque\" class=\"elementor-tab-title eael-accordion-header\" tabindex=\"0\" data-tab=\"3\" aria-controls=\"elementor-tab-content-1343\"><svg aria-hidden=\"true\" class=\"fa-toggle e-font-icon-svg e-fas-angle-right\" viewBox=\"0 0 256 512\" xmlns=\"http:\/\/www.w3.org\/2000\/svg\"><path d=\"M224.3 273l-136 136c-9.4 9.4-24.6 9.4-33.9 0l-22.6-22.6c-9.4-9.4-9.4-24.6 0-33.9l96.4-96.4-96.4-96.4c-9.4-9.4-9.4-24.6 0-33.9L54.3 103c9.4-9.4 24.6-9.4 33.9 0l136 136c9.5 9.4 9.5 24.6.1 34z\"><\/path><\/svg><span class=\"eael-accordion-tab-title\">Aspectos socioecon\u00f4micos do munic\u00edpio de Oiapoque<\/span><span class=\"eael-advanced-accordion-icon-closed\"><svg aria-hidden=\"true\" class=\"fa-accordion-icon e-font-icon-svg e-fas-plus\" viewBox=\"0 0 448 512\" xmlns=\"http:\/\/www.w3.org\/2000\/svg\"><path d=\"M416 208H272V64c0-17.67-14.33-32-32-32h-32c-17.67 0-32 14.33-32 32v144H32c-17.67 0-32 14.33-32 32v32c0 17.67 14.33 32 32 32h144v144c0 17.67 14.33 32 32 32h32c17.67 0 32-14.33 32-32V304h144c17.67 0 32-14.33 32-32v-32c0-17.67-14.33-32-32-32z\"><\/path><\/svg><\/span><span class=\"eael-advanced-accordion-icon-opened\"><svg aria-hidden=\"true\" class=\"fa-accordion-icon e-font-icon-svg e-fas-minus\" viewBox=\"0 0 448 512\" xmlns=\"http:\/\/www.w3.org\/2000\/svg\"><path d=\"M416 208H32c-17.67 0-32 14.33-32 32v32c0 17.67 14.33 32 32 32h384c17.67 0 32-14.33 32-32v-32c0-17.67-14.33-32-32-32z\"><\/path><\/svg><\/span><\/div><div id=\"elementor-tab-content-1343\" class=\"eael-accordion-content clearfix\" data-tab=\"3\" aria-labelledby=\"aspectos-socioeconmicos-do-municpio-de-oiapoque\"><p><span style=\"font-weight: 400\">O munic\u00edpio de Oiapoque, em 2021, apresentou um Produto Interno Bruto (PIB) de R$ 528,9 milh\u00f5es, ocupando a 5\u00aa posi\u00e7\u00e3o no ranking estadual do Amap\u00e1, com participa\u00e7\u00e3o de 2,63% no PIB total do estado (IBGE, 2023).\u00a0 De modo geral, a base produtiva de Oiapoque reflete a presen\u00e7a de atividades tradicionais, com potencial de desenvolvimento em setores como aquicultura e fruticultura, desde que articulados a pol\u00edticas de apoio t\u00e9cnico, infraestrutura rural e acesso a mercados. <\/span><\/p><\/div>\n                <\/div><div class=\"eael-accordion-list\">\n                <div id=\"oportunidades-estratgicas-para-o-desenvolvimento-de-oiapoque\" class=\"elementor-tab-title eael-accordion-header\" tabindex=\"0\" data-tab=\"4\" aria-controls=\"elementor-tab-content-1344\"><svg aria-hidden=\"true\" class=\"fa-toggle e-font-icon-svg e-fas-angle-right\" viewBox=\"0 0 256 512\" xmlns=\"http:\/\/www.w3.org\/2000\/svg\"><path d=\"M224.3 273l-136 136c-9.4 9.4-24.6 9.4-33.9 0l-22.6-22.6c-9.4-9.4-9.4-24.6 0-33.9l96.4-96.4-96.4-96.4c-9.4-9.4-9.4-24.6 0-33.9L54.3 103c9.4-9.4 24.6-9.4 33.9 0l136 136c9.5 9.4 9.5 24.6.1 34z\"><\/path><\/svg><span class=\"eael-accordion-tab-title\">Oportunidades estrat\u00e9gicas para o desenvolvimento de Oiapoque<\/span><span class=\"eael-advanced-accordion-icon-closed\"><svg aria-hidden=\"true\" class=\"fa-accordion-icon e-font-icon-svg e-fas-plus\" viewBox=\"0 0 448 512\" xmlns=\"http:\/\/www.w3.org\/2000\/svg\"><path d=\"M416 208H272V64c0-17.67-14.33-32-32-32h-32c-17.67 0-32 14.33-32 32v144H32c-17.67 0-32 14.33-32 32v32c0 17.67 14.33 32 32 32h144v144c0 17.67 14.33 32 32 32h32c17.67 0 32-14.33 32-32V304h144c17.67 0 32-14.33 32-32v-32c0-17.67-14.33-32-32-32z\"><\/path><\/svg><\/span><span class=\"eael-advanced-accordion-icon-opened\"><svg aria-hidden=\"true\" class=\"fa-accordion-icon e-font-icon-svg e-fas-minus\" viewBox=\"0 0 448 512\" xmlns=\"http:\/\/www.w3.org\/2000\/svg\"><path d=\"M416 208H32c-17.67 0-32 14.33-32 32v32c0 17.67 14.33 32 32 32h384c17.67 0 32-14.33 32-32v-32c0-17.67-14.33-32-32-32z\"><\/path><\/svg><\/span><\/div><div id=\"elementor-tab-content-1344\" class=\"eael-accordion-content clearfix\" data-tab=\"4\" aria-labelledby=\"oportunidades-estratgicas-para-o-desenvolvimento-de-oiapoque\"><p><span style=\"font-weight: 400\">Oiapoque, devido \u00e0 sua localiza\u00e7\u00e3o geogr\u00e1fica na fronteira com a Guiana Francesa, apresenta um conjunto de oportunidades para o desenvolvimento regional, especialmente nos setores de com\u00e9rcio transfronteiri\u00e7o e turismo. A cidade tem se destacado pela atividade no setor de servi\u00e7os com \u00eanfase no com\u00e9rcio varejista, turismo e artesanato, especialmente o artesanato ind\u00edgena que contribui para a gera\u00e7\u00e3o de renda local e preserva\u00e7\u00e3o das tradi\u00e7\u00f5es culturais.\u00a0<\/span><\/p><p><span style=\"font-weight: 400\">A presen\u00e7a de comunidades ind\u00edgenas na regi\u00e3o, com uma diversidade lingu\u00edstica, oferece uma base para o fortalecimento do Turismo de Base Comunit\u00e1ria (TBC), j\u00e1 praticado em algumas localidades, a exemplo de experi\u00eancias com o suporte do Projeto Garupa e outras a\u00e7\u00f5es. A iniciativa pode estimular novas discuss\u00f5es e a implementa\u00e7\u00e3o de experi\u00eancias semelhantes em outras aldeias.\u00a0<\/span><\/p><p><span style=\"font-weight: 400\">O ecoturismo e o turismo de aventura despontam como atividades promissoras em Oiapoque, devido \u00e0 presen\u00e7a de atrativos naturais como a Cachoeira Grand Roche e a Pedra do Abacaxi. Al\u00e9m disso, o munic\u00edpio abriga o Parque Nacional Montanhas do Tumucumaque e o Parque Nacional do Cabo Orange \u2014 unidades de conserva\u00e7\u00e3o de prote\u00e7\u00e3o integral que, mesmo com restri\u00e7\u00f5es, possibilitam atividades de pesquisa cient\u00edfica e turismo ecol\u00f3gico controlado.\u00a0<\/span><\/p><p><span style=\"font-weight: 400\">Em termos produtivos, Oiapoque tem uma base agropecu\u00e1ria voltada \u00e0 subsist\u00eancia e abastecimento local, com destaque para a produ\u00e7\u00e3o de mandioca, banana e abacaxi. A cadeia produtiva do cacau tamb\u00e9m mostra um potencial de desenvolvimento, a exemplo do empreendimento Chocolates Cassipor\u00e9, que j\u00e1 utiliza o cacau produzido na regi\u00e3o. Al\u00e9m disso, a cidade apresenta um setor extrativista relevante, com a produ\u00e7\u00e3o de a\u00e7a\u00ed, madeira e carv\u00e3o vegetal.\u00a0<\/span><\/p><\/div>\n                <\/div><\/div>\t\t\t\t<\/div>\n\t\t\t\t<\/div>\n\t\t\t\t\t<\/div>\n\t\t\t\t<\/div>\n\t\t\t\t\t<\/div>\n\t\t\t\t<\/div>\n\t\t<div class=\"elementor-element elementor-element-59d2d2a8 e-flex e-con-boxed e-con e-parent\" data-id=\"59d2d2a8\" data-element_type=\"container\" data-e-type=\"container\">\n\t\t\t\t\t<div class=\"e-con-inner\">\n\t\t\t\t<div class=\"elementor-element elementor-element-3e7375b2 elementor-widget elementor-widget-heading\" data-id=\"3e7375b2\" data-element_type=\"widget\" data-e-type=\"widget\" data-widget_type=\"heading.default\">\n\t\t\t\t<div class=\"elementor-widget-container\">\n\t\t\t\t\t<h3 class=\"elementor-heading-title elementor-size-default\">Localiza\u00e7\u00e3o<\/h3>\t\t\t\t<\/div>\n\t\t\t\t<\/div>\n\t\t\t\t<div class=\"elementor-element elementor-element-1f2fd5b2 elementor-widget elementor-widget-google_maps\" data-id=\"1f2fd5b2\" data-element_type=\"widget\" data-e-type=\"widget\" data-widget_type=\"google_maps.default\">\n\t\t\t\t<div class=\"elementor-widget-container\">\n\t\t\t\t\t\t\t<div class=\"elementor-custom-embed\">\n\t\t\t<iframe loading=\"lazy\"\n\t\t\t\t\tsrc=\"https:\/\/maps.google.com\/maps?q=3.842945865738874%2C%20-51.83441387708791&#038;t=m&#038;z=15&#038;output=embed&#038;iwloc=near\"\n\t\t\t\t\ttitle=\"3.842945865738874, -51.83441387708791\"\n\t\t\t\t\taria-label=\"3.842945865738874, -51.83441387708791\"\n\t\t\t><\/iframe>\n\t\t<\/div>\n\t\t\t\t\t\t<\/div>\n\t\t\t\t<\/div>\n\t\t\t\t\t<\/div>\n\t\t\t\t<\/div>\n\t\t\t\t<\/div>\n\t\t","protected":false},"excerpt":{"rendered":"<p>OIAPOQUE DADOS GERAIS Localiza\u00e7\u00e3o do munic\u00edpio de Oiapoque O munic\u00edpio de Oiapoque (Figura 10), localizado no extremo norte do estado&#8230;<\/p>\n","protected":false},"author":4048,"featured_media":0,"parent":60,"menu_order":0,"comment_status":"closed","ping_status":"closed","template":"","meta":{"inline_featured_image":false,"site-sidebar-layout":"no-sidebar","site-content-layout":"","ast-site-content-layout":"full-width-container","site-content-style":"default","site-sidebar-style":"default","ast-global-header-display":"","ast-banner-title-visibility":"","ast-main-header-display":"","ast-hfb-above-header-display":"","ast-hfb-below-header-display":"","ast-hfb-mobile-header-display":"","site-post-title":"disabled","ast-breadcrumbs-content":"","ast-featured-img":"disabled","footer-sml-layout":"","theme-transparent-header-meta":"","adv-header-id-meta":"","stick-header-meta":"","header-above-stick-meta":"","header-main-stick-meta":"","header-below-stick-meta":"","astra-migrate-meta-layouts":"default","ast-page-background-enabled":"default","ast-page-background-meta":{"desktop":{"background-color":"var(--ast-global-color-4)","background-image":"","background-repeat":"repeat","background-position":"center center","background-size":"auto","background-attachment":"scroll","background-type":"","background-media":"","overlay-type":"","overlay-color":"","overlay-opacity":"","overlay-gradient":""},"tablet":{"background-color":"","background-image":"","background-repeat":"repeat","background-position":"center center","background-size":"auto","background-attachment":"scroll","background-type":"","background-media":"","overlay-type":"","overlay-color":"","overlay-opacity":"","overlay-gradient":""},"mobile":{"background-color":"","background-image":"","background-repeat":"repeat","background-position":"center center","background-size":"auto","background-attachment":"scroll","background-type":"","background-media":"","overlay-type":"","overlay-color":"","overlay-opacity":"","overlay-gradient":""}},"ast-content-background-meta":{"desktop":{"background-color":"var(--ast-global-color-5)","background-image":"","background-repeat":"repeat","background-position":"center center","background-size":"auto","background-attachment":"scroll","background-type":"","background-media":"","overlay-type":"","overlay-color":"","overlay-opacity":"","overlay-gradient":""},"tablet":{"background-color":"var(--ast-global-color-5)","background-image":"","background-repeat":"repeat","background-position":"center center","background-size":"auto","background-attachment":"scroll","background-type":"","background-media":"","overlay-type":"","overlay-color":"","overlay-opacity":"","overlay-gradient":""},"mobile":{"background-color":"var(--ast-global-color-5)","background-image":"","background-repeat":"repeat","background-position":"center center","background-size":"auto","background-attachment":"scroll","background-type":"","background-media":"","overlay-type":"","overlay-color":"","overlay-opacity":"","overlay-gradient":""}},"footnotes":""},"class_list":["post-116","page","type-page","status-publish","hentry"],"_links":{"self":[{"href":"https:\/\/www2.unifap.br\/pdiffamapa\/wp-json\/wp\/v2\/pages\/116","targetHints":{"allow":["GET"]}}],"collection":[{"href":"https:\/\/www2.unifap.br\/pdiffamapa\/wp-json\/wp\/v2\/pages"}],"about":[{"href":"https:\/\/www2.unifap.br\/pdiffamapa\/wp-json\/wp\/v2\/types\/page"}],"author":[{"embeddable":true,"href":"https:\/\/www2.unifap.br\/pdiffamapa\/wp-json\/wp\/v2\/users\/4048"}],"replies":[{"embeddable":true,"href":"https:\/\/www2.unifap.br\/pdiffamapa\/wp-json\/wp\/v2\/comments?post=116"}],"version-history":[{"count":7,"href":"https:\/\/www2.unifap.br\/pdiffamapa\/wp-json\/wp\/v2\/pages\/116\/revisions"}],"predecessor-version":[{"id":1440,"href":"https:\/\/www2.unifap.br\/pdiffamapa\/wp-json\/wp\/v2\/pages\/116\/revisions\/1440"}],"up":[{"embeddable":true,"href":"https:\/\/www2.unifap.br\/pdiffamapa\/wp-json\/wp\/v2\/pages\/60"}],"wp:attachment":[{"href":"https:\/\/www2.unifap.br\/pdiffamapa\/wp-json\/wp\/v2\/media?parent=116"}],"curies":[{"name":"wp","href":"https:\/\/api.w.org\/{rel}","templated":true}]}}