{"id":117,"date":"2025-05-05T20:32:08","date_gmt":"2025-05-05T23:32:08","guid":{"rendered":"https:\/\/www2.unifap.br\/pdiffamapa\/?page_id=117"},"modified":"2025-07-27T22:43:26","modified_gmt":"2025-07-28T01:43:26","slug":"pedra-branca","status":"publish","type":"page","link":"https:\/\/www2.unifap.br\/pdiffamapa\/cidades\/pedra-branca\/","title":{"rendered":"Pedra Branca"},"content":{"rendered":"\t\t<div data-elementor-type=\"wp-page\" data-elementor-id=\"117\" class=\"elementor elementor-117\">\n\t\t\t\t<div class=\"elementor-element elementor-element-4fcb0d0b e-flex e-con-boxed e-con e-parent\" data-id=\"4fcb0d0b\" data-element_type=\"container\" data-e-type=\"container\" data-settings=\"{&quot;background_background&quot;:&quot;classic&quot;}\">\n\t\t\t\t\t<div class=\"e-con-inner\">\n\t\t\t\t<div class=\"elementor-element elementor-element-6f9a1ee1 elementor-widget__width-initial elementor-arrows-position-inside elementor-widget elementor-widget-image-carousel\" data-id=\"6f9a1ee1\" data-element_type=\"widget\" data-e-type=\"widget\" data-settings=\"{&quot;slides_to_show&quot;:&quot;1&quot;,&quot;navigation&quot;:&quot;arrows&quot;,&quot;autoplay_speed&quot;:&quot;4000&quot;,&quot;autoplay&quot;:&quot;yes&quot;,&quot;pause_on_hover&quot;:&quot;yes&quot;,&quot;pause_on_interaction&quot;:&quot;yes&quot;,&quot;infinite&quot;:&quot;yes&quot;,&quot;effect&quot;:&quot;slide&quot;,&quot;speed&quot;:500}\" data-widget_type=\"image-carousel.default\">\n\t\t\t\t<div class=\"elementor-widget-container\">\n\t\t\t\t\t\t\t<div class=\"elementor-image-carousel-wrapper swiper\" role=\"region\" aria-roledescription=\"carousel\" aria-label=\"Carrossel de imagens\" dir=\"ltr\">\n\t\t\t<div class=\"elementor-image-carousel swiper-wrapper\" aria-live=\"off\">\n\t\t\t\t\t\t\t\t<div class=\"swiper-slide\" role=\"group\" aria-roledescription=\"slide\" aria-label=\"1 de 5\"><figure class=\"swiper-slide-inner\"><img decoding=\"async\" class=\"swiper-slide-image\" src=\"https:\/\/www2.unifap.br\/pdiffamapa\/files\/2025\/05\/pedra.png\" alt=\"pedra\" \/><\/figure><\/div><div class=\"swiper-slide\" role=\"group\" aria-roledescription=\"slide\" aria-label=\"2 de 5\"><figure class=\"swiper-slide-inner\"><img decoding=\"async\" class=\"swiper-slide-image\" src=\"https:\/\/www2.unifap.br\/pdiffamapa\/files\/2025\/05\/pedra2.png\" alt=\"pedra2\" \/><\/figure><\/div><div class=\"swiper-slide\" role=\"group\" aria-roledescription=\"slide\" aria-label=\"3 de 5\"><figure class=\"swiper-slide-inner\"><img decoding=\"async\" class=\"swiper-slide-image\" src=\"https:\/\/www2.unifap.br\/pdiffamapa\/files\/2025\/05\/pedra3.png\" alt=\"pedra3\" \/><\/figure><\/div><div class=\"swiper-slide\" role=\"group\" aria-roledescription=\"slide\" aria-label=\"4 de 5\"><figure class=\"swiper-slide-inner\"><img decoding=\"async\" class=\"swiper-slide-image\" src=\"https:\/\/www2.unifap.br\/pdiffamapa\/files\/2025\/05\/pedra4.png\" alt=\"pedra4\" \/><\/figure><\/div><div class=\"swiper-slide\" role=\"group\" aria-roledescription=\"slide\" aria-label=\"5 de 5\"><figure class=\"swiper-slide-inner\"><img decoding=\"async\" class=\"swiper-slide-image\" src=\"https:\/\/www2.unifap.br\/pdiffamapa\/files\/2025\/05\/pedra5.png\" alt=\"pedra5\" \/><\/figure><\/div>\t\t\t<\/div>\n\t\t\t\t\t\t\t\t\t\t\t\t<div class=\"elementor-swiper-button elementor-swiper-button-prev\" role=\"button\" tabindex=\"0\">\n\t\t\t\t\t\t<svg aria-hidden=\"true\" class=\"e-font-icon-svg e-eicon-chevron-left\" viewBox=\"0 0 1000 1000\" xmlns=\"http:\/\/www.w3.org\/2000\/svg\"><path d=\"M646 125C629 125 613 133 604 142L308 442C296 454 292 471 292 487 292 504 296 521 308 533L604 854C617 867 629 875 646 875 663 875 679 871 692 858 704 846 713 829 713 812 713 796 708 779 692 767L438 487 692 225C700 217 708 204 708 187 708 171 704 154 692 142 675 129 663 125 646 125Z\"><\/path><\/svg>\t\t\t\t\t<\/div>\n\t\t\t\t\t<div class=\"elementor-swiper-button elementor-swiper-button-next\" role=\"button\" tabindex=\"0\">\n\t\t\t\t\t\t<svg aria-hidden=\"true\" class=\"e-font-icon-svg e-eicon-chevron-right\" viewBox=\"0 0 1000 1000\" xmlns=\"http:\/\/www.w3.org\/2000\/svg\"><path d=\"M696 533C708 521 713 504 713 487 713 471 708 454 696 446L400 146C388 133 375 125 354 125 338 125 325 129 313 142 300 154 292 171 292 187 292 204 296 221 308 233L563 492 304 771C292 783 288 800 288 817 288 833 296 850 308 863 321 871 338 875 354 875 371 875 388 867 400 854L696 533Z\"><\/path><\/svg>\t\t\t\t\t<\/div>\n\t\t\t\t\n\t\t\t\t\t\t\t\t\t<\/div>\n\t\t\t\t\t\t<\/div>\n\t\t\t\t<\/div>\n\t\t\t\t\t<\/div>\n\t\t\t\t<\/div>\n\t\t<div class=\"elementor-element elementor-element-51c04d6 e-flex e-con-boxed e-con e-parent\" data-id=\"51c04d6\" data-element_type=\"container\" data-e-type=\"container\">\n\t\t\t\t\t<div class=\"e-con-inner\">\n\t\t<div class=\"elementor-element elementor-element-4848078 e-flex e-con-boxed e-con e-child\" data-id=\"4848078\" data-element_type=\"container\" data-e-type=\"container\">\n\t\t\t\t\t<div class=\"e-con-inner\">\n\t\t\t\t<div class=\"elementor-element elementor-element-546984fd elementor-widget elementor-widget-heading\" data-id=\"546984fd\" data-element_type=\"widget\" data-e-type=\"widget\" data-widget_type=\"heading.default\">\n\t\t\t\t<div class=\"elementor-widget-container\">\n\t\t\t\t\t<h2 class=\"elementor-heading-title elementor-size-default\">PEDRA BRANCA DO AMAPARI<\/h2>\t\t\t\t<\/div>\n\t\t\t\t<\/div>\n\t\t\t\t<div class=\"elementor-element elementor-element-7319867e elementor-widget elementor-widget-heading\" data-id=\"7319867e\" data-element_type=\"widget\" data-e-type=\"widget\" data-widget_type=\"heading.default\">\n\t\t\t\t<div class=\"elementor-widget-container\">\n\t\t\t\t\t<h4 class=\"elementor-heading-title elementor-size-default\">DADOS GERAIS<\/h4>\t\t\t\t<\/div>\n\t\t\t\t<\/div>\n\t\t\t\t<div class=\"elementor-element elementor-element-1af83937 elementor-widget elementor-widget-eael-adv-accordion\" data-id=\"1af83937\" data-element_type=\"widget\" data-e-type=\"widget\" data-widget_type=\"eael-adv-accordion.default\">\n\t\t\t\t<div class=\"elementor-widget-container\">\n\t\t\t\t\t        <div class=\"eael-adv-accordion\" id=\"eael-adv-accordion-1af83937\" data-scroll-on-click=\"\" data-scroll-speed=\"300\" data-accordion-id=\"1af83937\" data-accordion-type=\"accordion\" data-toogle-speed=\"300\">\n    <div class=\"eael-accordion-list\">\n                <div id=\"localizao-do-municpio-de-pedra-branca-do-amapari\" class=\"elementor-tab-title eael-accordion-header\" tabindex=\"0\" data-tab=\"1\" aria-controls=\"elementor-tab-content-4521\"><svg aria-hidden=\"true\" class=\"fa-toggle e-font-icon-svg e-fas-angle-right\" viewBox=\"0 0 256 512\" xmlns=\"http:\/\/www.w3.org\/2000\/svg\"><path d=\"M224.3 273l-136 136c-9.4 9.4-24.6 9.4-33.9 0l-22.6-22.6c-9.4-9.4-9.4-24.6 0-33.9l96.4-96.4-96.4-96.4c-9.4-9.4-9.4-24.6 0-33.9L54.3 103c9.4-9.4 24.6-9.4 33.9 0l136 136c9.5 9.4 9.5 24.6.1 34z\"><\/path><\/svg><span class=\"eael-accordion-tab-title\">Localiza\u00e7\u00e3o do munic\u00edpio de Pedra Branca do Amapari<\/span><span class=\"eael-advanced-accordion-icon-closed\"><svg aria-hidden=\"true\" class=\"fa-accordion-icon e-font-icon-svg e-fas-plus\" viewBox=\"0 0 448 512\" xmlns=\"http:\/\/www.w3.org\/2000\/svg\"><path d=\"M416 208H272V64c0-17.67-14.33-32-32-32h-32c-17.67 0-32 14.33-32 32v144H32c-17.67 0-32 14.33-32 32v32c0 17.67 14.33 32 32 32h144v144c0 17.67 14.33 32 32 32h32c17.67 0 32-14.33 32-32V304h144c17.67 0 32-14.33 32-32v-32c0-17.67-14.33-32-32-32z\"><\/path><\/svg><\/span><span class=\"eael-advanced-accordion-icon-opened\"><svg aria-hidden=\"true\" class=\"fa-accordion-icon e-font-icon-svg e-fas-minus\" viewBox=\"0 0 448 512\" xmlns=\"http:\/\/www.w3.org\/2000\/svg\"><path d=\"M416 208H32c-17.67 0-32 14.33-32 32v32c0 17.67 14.33 32 32 32h384c17.67 0 32-14.33 32-32v-32c0-17.67-14.33-32-32-32z\"><\/path><\/svg><\/span><\/div><div id=\"elementor-tab-content-4521\" class=\"eael-accordion-content clearfix\" data-tab=\"1\" aria-labelledby=\"localizao-do-municpio-de-pedra-branca-do-amapari\"><p style=\"text-align: left\"><span style=\"font-weight: 400\">O munic\u00edpio de Pedra Branca do Amapari (Figura 11) est\u00e1 localizado na regi\u00e3o central do estado do Amap\u00e1, fazendo limite com Oiapoque ao norte, Serra do Navio a leste, Porto Grande ao sudeste, Mazag\u00e3o ao sul e Laranjal do Jari a oeste. Foi criado em 1\u00ba de maio de 1992, por meio da Lei Estadual n\u00ba 08 (Prefeitura Municipal de Pedra Branca do Amapari, 2022).<\/span><\/p><p><span style=\"font-weight: 400\">Figura 11 &#8211; Mapa de localiza\u00e7\u00e3o do munic\u00edpio de Pedra Branca do Amapari<\/span><\/p><figure id=\"attachment_1026\" aria-describedby=\"caption-attachment-1026\" style=\"width: 397px\" class=\"wp-caption alignnone\"><a href=\"http:\/\/www2.unifap.br\/pdiffamapa\/files\/2025\/05\/municipio-pedra-branca.png\"><img fetchpriority=\"high\" decoding=\"async\" class=\"wp-image-1026 size-full\" src=\"http:\/\/www2.unifap.br\/pdiffamapa\/files\/2025\/05\/municipio-pedra-branca.png\" alt=\"\" width=\"397\" height=\"562\" srcset=\"https:\/\/www2.unifap.br\/pdiffamapa\/files\/2025\/05\/municipio-pedra-branca.png 397w, https:\/\/www2.unifap.br\/pdiffamapa\/files\/2025\/05\/municipio-pedra-branca-212x300.png 212w\" sizes=\"(max-width: 397px) 100vw, 397px\" \/><\/a><figcaption id=\"caption-attachment-1026\" class=\"wp-caption-text\">Organiza\u00e7\u00e3o: PDIFF-AP, 2025.<\/figcaption><\/figure><p><span style=\"font-weight: 400\">O munic\u00edpio de Pedra Branca do Amapari est\u00e1 localizado a aproximadamente 180 km da capital Macap\u00e1, tendo como principal via de acesso \u00e0 rodovia BR-210. De acordo com o \u00faltimo censo, a popula\u00e7\u00e3o do munic\u00edpio \u00e9 marcada por 12.847 habitantes, a popula\u00e7\u00e3o estimada para o ano de 2024 \u00e9 de 13.798 pessoas (IBGE, 2024). Possui uma \u00e1rea territorial de 9.622,29 km\u00b2. O gent\u00edlico adotado \u00e9 \u201cpedrabrancaniense\u201d. <\/span><\/p><\/div>\n                <\/div><div class=\"eael-accordion-list\">\n                <div id=\"breve-histrico-do-municpio-de-pedra-branca-do-amapari\" class=\"elementor-tab-title eael-accordion-header\" tabindex=\"0\" data-tab=\"2\" aria-controls=\"elementor-tab-content-4522\"><svg aria-hidden=\"true\" class=\"fa-toggle e-font-icon-svg e-fas-angle-right\" viewBox=\"0 0 256 512\" xmlns=\"http:\/\/www.w3.org\/2000\/svg\"><path d=\"M224.3 273l-136 136c-9.4 9.4-24.6 9.4-33.9 0l-22.6-22.6c-9.4-9.4-9.4-24.6 0-33.9l96.4-96.4-96.4-96.4c-9.4-9.4-9.4-24.6 0-33.9L54.3 103c9.4-9.4 24.6-9.4 33.9 0l136 136c9.5 9.4 9.5 24.6.1 34z\"><\/path><\/svg><span class=\"eael-accordion-tab-title\">Breve hist\u00f3rico do munic\u00edpio de Pedra Branca do Amapari<\/span><span class=\"eael-advanced-accordion-icon-closed\"><svg aria-hidden=\"true\" class=\"fa-accordion-icon e-font-icon-svg e-fas-plus\" viewBox=\"0 0 448 512\" xmlns=\"http:\/\/www.w3.org\/2000\/svg\"><path d=\"M416 208H272V64c0-17.67-14.33-32-32-32h-32c-17.67 0-32 14.33-32 32v144H32c-17.67 0-32 14.33-32 32v32c0 17.67 14.33 32 32 32h144v144c0 17.67 14.33 32 32 32h32c17.67 0 32-14.33 32-32V304h144c17.67 0 32-14.33 32-32v-32c0-17.67-14.33-32-32-32z\"><\/path><\/svg><\/span><span class=\"eael-advanced-accordion-icon-opened\"><svg aria-hidden=\"true\" class=\"fa-accordion-icon e-font-icon-svg e-fas-minus\" viewBox=\"0 0 448 512\" xmlns=\"http:\/\/www.w3.org\/2000\/svg\"><path d=\"M416 208H32c-17.67 0-32 14.33-32 32v32c0 17.67 14.33 32 32 32h384c17.67 0 32-14.33 32-32v-32c0-17.67-14.33-32-32-32z\"><\/path><\/svg><\/span><\/div><div id=\"elementor-tab-content-4522\" class=\"eael-accordion-content clearfix\" data-tab=\"2\" aria-labelledby=\"breve-histrico-do-municpio-de-pedra-branca-do-amapari\"><p><span style=\"font-weight: 400\">A hist\u00f3ria do munic\u00edpio tem in\u00edcio na d\u00e9cada de 1930, com a descoberta de ouro na regi\u00e3o do rio Amapari, ent\u00e3o pertencente ao Territ\u00f3rio do Amap\u00e1. Esse achado provocou um intenso fluxo migrat\u00f3rio, atraindo pessoas em busca de ouro e outros metais preciosos. A origem do munic\u00edpio est\u00e1 diretamente ligada \u00e0 explora\u00e7\u00e3o aur\u00edfera realizada pelos Samarac\u00e1, um grupo ind\u00edgena origin\u00e1rio da Guiana Francesa, que teria batizado a regi\u00e3o ao gravar nomes nas pedras brancas dos rios locais (IBGE, 2022). <\/span><span style=\"font-weight: 400\"><br \/><\/span><\/p><p><span style=\"font-weight: 400\">Em 1953, a descoberta de mangan\u00eas na regi\u00e3o impulsionou ainda mais a movimenta\u00e7\u00e3o para o interior do Amap\u00e1. Devido \u00e0s dificuldades de acesso por terra, as viagens a\u00e9reas tornaram-se frequentes. Durante uma dessas rotas, um dos pilotos avistou uma grande forma\u00e7\u00e3o rochosa no leito do rio Amapari, que logo passou a ser utilizada como ponto de refer\u00eancia para a navega\u00e7\u00e3o e localiza\u00e7\u00e3o. Com o tempo, essa marca geogr\u00e1fica deu nome \u00e0 localidade, que passou a ser conhecida como Pedra Branca (IBGE,<\/span> <span style=\"font-weight: 400\">2022). <\/span><\/p><\/div>\n                <\/div><div class=\"eael-accordion-list\">\n                <div id=\"aspectos-socioeconmicos-do-municpio-de-pedra-branca-do-amapari\" class=\"elementor-tab-title eael-accordion-header\" tabindex=\"0\" data-tab=\"3\" aria-controls=\"elementor-tab-content-4523\"><svg aria-hidden=\"true\" class=\"fa-toggle e-font-icon-svg e-fas-angle-right\" viewBox=\"0 0 256 512\" xmlns=\"http:\/\/www.w3.org\/2000\/svg\"><path d=\"M224.3 273l-136 136c-9.4 9.4-24.6 9.4-33.9 0l-22.6-22.6c-9.4-9.4-9.4-24.6 0-33.9l96.4-96.4-96.4-96.4c-9.4-9.4-9.4-24.6 0-33.9L54.3 103c9.4-9.4 24.6-9.4 33.9 0l136 136c9.5 9.4 9.5 24.6.1 34z\"><\/path><\/svg><span class=\"eael-accordion-tab-title\">Aspectos socioecon\u00f4micos do munic\u00edpio de Pedra Branca do Amapari<\/span><span class=\"eael-advanced-accordion-icon-closed\"><svg aria-hidden=\"true\" class=\"fa-accordion-icon e-font-icon-svg e-fas-plus\" viewBox=\"0 0 448 512\" xmlns=\"http:\/\/www.w3.org\/2000\/svg\"><path d=\"M416 208H272V64c0-17.67-14.33-32-32-32h-32c-17.67 0-32 14.33-32 32v144H32c-17.67 0-32 14.33-32 32v32c0 17.67 14.33 32 32 32h144v144c0 17.67 14.33 32 32 32h32c17.67 0 32-14.33 32-32V304h144c17.67 0 32-14.33 32-32v-32c0-17.67-14.33-32-32-32z\"><\/path><\/svg><\/span><span class=\"eael-advanced-accordion-icon-opened\"><svg aria-hidden=\"true\" class=\"fa-accordion-icon e-font-icon-svg e-fas-minus\" viewBox=\"0 0 448 512\" xmlns=\"http:\/\/www.w3.org\/2000\/svg\"><path d=\"M416 208H32c-17.67 0-32 14.33-32 32v32c0 17.67 14.33 32 32 32h384c17.67 0 32-14.33 32-32v-32c0-17.67-14.33-32-32-32z\"><\/path><\/svg><\/span><\/div><div id=\"elementor-tab-content-4523\" class=\"eael-accordion-content clearfix\" data-tab=\"3\" aria-labelledby=\"aspectos-socioeconmicos-do-municpio-de-pedra-branca-do-amapari\"><p><span style=\"font-weight: 400\">O munic\u00edpio de Pedra Branca do Amapari apresentou, em 2021, um Produto Interno Bruto (PIB) de R$ 453,3 milh\u00f5es, ocupando a 6\u00aa posi\u00e7\u00e3o no ranking estadual do Amap\u00e1, com participa\u00e7\u00e3o de aproximadamente 2,53% no PIB total do estado (IBGE, 2023).\u00a0\u00a0<\/span><\/p><p><span style=\"font-weight: 400\">De maneira geral, o munic\u00edpio apresenta uma economia baseada principalmente na minera\u00e7\u00e3o, mas vem buscando diversifica\u00e7\u00e3o atrav\u00e9s da agricultura, com \u00eanfase em mandioca, banana e abacaxi, e da pecu\u00e1ria, especialmente a aquicultura. A produ\u00e7\u00e3o florestal tamb\u00e9m teve contribui\u00e7\u00e3o, com madeira, lenha e carv\u00e3o vegetal. <\/span><\/p><\/div>\n                <\/div><div class=\"eael-accordion-list\">\n                <div id=\"oportunidades-estratgicas-para-o-desenvolvimento-de-pedra-branca-do-amapari\" class=\"elementor-tab-title eael-accordion-header\" tabindex=\"0\" data-tab=\"4\" aria-controls=\"elementor-tab-content-4524\"><svg aria-hidden=\"true\" class=\"fa-toggle e-font-icon-svg e-fas-angle-right\" viewBox=\"0 0 256 512\" xmlns=\"http:\/\/www.w3.org\/2000\/svg\"><path d=\"M224.3 273l-136 136c-9.4 9.4-24.6 9.4-33.9 0l-22.6-22.6c-9.4-9.4-9.4-24.6 0-33.9l96.4-96.4-96.4-96.4c-9.4-9.4-9.4-24.6 0-33.9L54.3 103c9.4-9.4 24.6-9.4 33.9 0l136 136c9.5 9.4 9.5 24.6.1 34z\"><\/path><\/svg><span class=\"eael-accordion-tab-title\">Oportunidades estrat\u00e9gicas para o desenvolvimento de Pedra Branca do Amapari<\/span><span class=\"eael-advanced-accordion-icon-closed\"><svg aria-hidden=\"true\" class=\"fa-accordion-icon e-font-icon-svg e-fas-plus\" viewBox=\"0 0 448 512\" xmlns=\"http:\/\/www.w3.org\/2000\/svg\"><path d=\"M416 208H272V64c0-17.67-14.33-32-32-32h-32c-17.67 0-32 14.33-32 32v144H32c-17.67 0-32 14.33-32 32v32c0 17.67 14.33 32 32 32h144v144c0 17.67 14.33 32 32 32h32c17.67 0 32-14.33 32-32V304h144c17.67 0 32-14.33 32-32v-32c0-17.67-14.33-32-32-32z\"><\/path><\/svg><\/span><span class=\"eael-advanced-accordion-icon-opened\"><svg aria-hidden=\"true\" class=\"fa-accordion-icon e-font-icon-svg e-fas-minus\" viewBox=\"0 0 448 512\" xmlns=\"http:\/\/www.w3.org\/2000\/svg\"><path d=\"M416 208H32c-17.67 0-32 14.33-32 32v32c0 17.67 14.33 32 32 32h384c17.67 0 32-14.33 32-32v-32c0-17.67-14.33-32-32-32z\"><\/path><\/svg><\/span><\/div><div id=\"elementor-tab-content-4524\" class=\"eael-accordion-content clearfix\" data-tab=\"4\" aria-labelledby=\"oportunidades-estratgicas-para-o-desenvolvimento-de-pedra-branca-do-amapari\"><p><span style=\"font-weight: 400\">Embora a economia de Pedra Branca do Amapari seja predominantemente voltada para a minera\u00e7\u00e3o, o munic\u00edpio possui potencial para diversificar sua base produtiva, gerar empregos de qualidade e melhorar os indicadores sociais da popula\u00e7\u00e3o.\u00a0<\/span><\/p><p><span style=\"font-weight: 400\">A minera\u00e7\u00e3o representa um dos principais motores econ\u00f4micos do munic\u00edpio. No entanto, a diversifica\u00e7\u00e3o da economia \u00e9 fundamental para garantir um desenvolvimento equilibrado e de longo prazo. Investimentos em cadeias produtivas complementares, como a agricultura familiar, a produ\u00e7\u00e3o de alimentos org\u00e2nicos e o extrativismo sustent\u00e1vel, podem fortalecer a economia local e reduzir a depend\u00eancia exclusiva dos recursos minerais.\u00a0<\/span><\/p><p><span style=\"font-weight: 400\">Al\u00e9m disso, Pedra Branca do Amapari abriga o Eco Parque na Reserva Extrativista Beija-Flor Brilho de Fogo, que se alinha com as pr\u00e1ticas ecotur\u00edsticas. O fortalecimento de projetos voltados \u00e0 conserva\u00e7\u00e3o ambiental, ecoturismo e educa\u00e7\u00e3o ambiental pode contribuir tanto para a preserva\u00e7\u00e3o dos recursos naturais quanto para a gera\u00e7\u00e3o de renda por meio de atividades sustent\u00e1veis.\u00a0<\/span><\/p><p><span style=\"font-weight: 400\">Com planejamento estrat\u00e9gico, articula\u00e7\u00e3o entre os entes p\u00fablicos e privados, e foco na sustentabilidade, Pedra Branca do Amapari pode se consolidar como um modelo de desenvolvimento equilibrado na regi\u00e3o amaz\u00f4nica, valorizando sua popula\u00e7\u00e3o, seus recursos naturais e sua identidade cultural. <\/span><\/p><\/div>\n                <\/div><\/div>\t\t\t\t<\/div>\n\t\t\t\t<\/div>\n\t\t\t\t\t<\/div>\n\t\t\t\t<\/div>\n\t\t\t\t\t<\/div>\n\t\t\t\t<\/div>\n\t\t<div class=\"elementor-element elementor-element-16bb9a2c e-flex e-con-boxed e-con e-parent\" data-id=\"16bb9a2c\" data-element_type=\"container\" data-e-type=\"container\">\n\t\t\t\t\t<div class=\"e-con-inner\">\n\t\t\t\t<div class=\"elementor-element elementor-element-5d4cdbd4 elementor-widget elementor-widget-heading\" data-id=\"5d4cdbd4\" data-element_type=\"widget\" data-e-type=\"widget\" data-widget_type=\"heading.default\">\n\t\t\t\t<div class=\"elementor-widget-container\">\n\t\t\t\t\t<h3 class=\"elementor-heading-title elementor-size-default\">Localiza\u00e7\u00e3o<\/h3>\t\t\t\t<\/div>\n\t\t\t\t<\/div>\n\t\t\t\t<div class=\"elementor-element elementor-element-22c6c514 elementor-widget elementor-widget-google_maps\" data-id=\"22c6c514\" data-element_type=\"widget\" data-e-type=\"widget\" data-widget_type=\"google_maps.default\">\n\t\t\t\t<div class=\"elementor-widget-container\">\n\t\t\t\t\t\t\t<div class=\"elementor-custom-embed\">\n\t\t\t<iframe loading=\"lazy\"\n\t\t\t\t\tsrc=\"https:\/\/maps.google.com\/maps?q=0.7774871745439957%2C%20-51.95064918344661&#038;t=m&#038;z=15&#038;output=embed&#038;iwloc=near\"\n\t\t\t\t\ttitle=\"0.7774871745439957, -51.95064918344661\"\n\t\t\t\t\taria-label=\"0.7774871745439957, -51.95064918344661\"\n\t\t\t><\/iframe>\n\t\t<\/div>\n\t\t\t\t\t\t<\/div>\n\t\t\t\t<\/div>\n\t\t\t\t\t<\/div>\n\t\t\t\t<\/div>\n\t\t\t\t<\/div>\n\t\t","protected":false},"excerpt":{"rendered":"<p>PEDRA BRANCA DO AMAPARI DADOS GERAIS Localiza\u00e7\u00e3o do munic\u00edpio de Pedra Branca do Amapari O munic\u00edpio de Pedra Branca do&#8230;<\/p>\n","protected":false},"author":4048,"featured_media":0,"parent":60,"menu_order":0,"comment_status":"closed","ping_status":"closed","template":"","meta":{"inline_featured_image":false,"site-sidebar-layout":"no-sidebar","site-content-layout":"","ast-site-content-layout":"full-width-container","site-content-style":"default","site-sidebar-style":"default","ast-global-header-display":"","ast-banner-title-visibility":"","ast-main-header-display":"","ast-hfb-above-header-display":"","ast-hfb-below-header-display":"","ast-hfb-mobile-header-display":"","site-post-title":"disabled","ast-breadcrumbs-content":"","ast-featured-img":"disabled","footer-sml-layout":"","theme-transparent-header-meta":"","adv-header-id-meta":"","stick-header-meta":"","header-above-stick-meta":"","header-main-stick-meta":"","header-below-stick-meta":"","astra-migrate-meta-layouts":"default","ast-page-background-enabled":"default","ast-page-background-meta":{"desktop":{"background-color":"var(--ast-global-color-4)","background-image":"","background-repeat":"repeat","background-position":"center center","background-size":"auto","background-attachment":"scroll","background-type":"","background-media":"","overlay-type":"","overlay-color":"","overlay-opacity":"","overlay-gradient":""},"tablet":{"background-color":"","background-image":"","background-repeat":"repeat","background-position":"center center","background-size":"auto","background-attachment":"scroll","background-type":"","background-media":"","overlay-type":"","overlay-color":"","overlay-opacity":"","overlay-gradient":""},"mobile":{"background-color":"","background-image":"","background-repeat":"repeat","background-position":"center center","background-size":"auto","background-attachment":"scroll","background-type":"","background-media":"","overlay-type":"","overlay-color":"","overlay-opacity":"","overlay-gradient":""}},"ast-content-background-meta":{"desktop":{"background-color":"var(--ast-global-color-5)","background-image":"","background-repeat":"repeat","background-position":"center center","background-size":"auto","background-attachment":"scroll","background-type":"","background-media":"","overlay-type":"","overlay-color":"","overlay-opacity":"","overlay-gradient":""},"tablet":{"background-color":"var(--ast-global-color-5)","background-image":"","background-repeat":"repeat","background-position":"center center","background-size":"auto","background-attachment":"scroll","background-type":"","background-media":"","overlay-type":"","overlay-color":"","overlay-opacity":"","overlay-gradient":""},"mobile":{"background-color":"var(--ast-global-color-5)","background-image":"","background-repeat":"repeat","background-position":"center center","background-size":"auto","background-attachment":"scroll","background-type":"","background-media":"","overlay-type":"","overlay-color":"","overlay-opacity":"","overlay-gradient":""}},"footnotes":""},"class_list":["post-117","page","type-page","status-publish","hentry"],"_links":{"self":[{"href":"https:\/\/www2.unifap.br\/pdiffamapa\/wp-json\/wp\/v2\/pages\/117","targetHints":{"allow":["GET"]}}],"collection":[{"href":"https:\/\/www2.unifap.br\/pdiffamapa\/wp-json\/wp\/v2\/pages"}],"about":[{"href":"https:\/\/www2.unifap.br\/pdiffamapa\/wp-json\/wp\/v2\/types\/page"}],"author":[{"embeddable":true,"href":"https:\/\/www2.unifap.br\/pdiffamapa\/wp-json\/wp\/v2\/users\/4048"}],"replies":[{"embeddable":true,"href":"https:\/\/www2.unifap.br\/pdiffamapa\/wp-json\/wp\/v2\/comments?post=117"}],"version-history":[{"count":7,"href":"https:\/\/www2.unifap.br\/pdiffamapa\/wp-json\/wp\/v2\/pages\/117\/revisions"}],"predecessor-version":[{"id":1443,"href":"https:\/\/www2.unifap.br\/pdiffamapa\/wp-json\/wp\/v2\/pages\/117\/revisions\/1443"}],"up":[{"embeddable":true,"href":"https:\/\/www2.unifap.br\/pdiffamapa\/wp-json\/wp\/v2\/pages\/60"}],"wp:attachment":[{"href":"https:\/\/www2.unifap.br\/pdiffamapa\/wp-json\/wp\/v2\/media?parent=117"}],"curies":[{"name":"wp","href":"https:\/\/api.w.org\/{rel}","templated":true}]}}