{"id":121,"date":"2025-05-05T20:32:08","date_gmt":"2025-05-05T23:32:08","guid":{"rendered":"https:\/\/www2.unifap.br\/pdiffamapa\/?page_id=121"},"modified":"2025-07-27T22:45:42","modified_gmt":"2025-07-28T01:45:42","slug":"serra-do-navio","status":"publish","type":"page","link":"https:\/\/www2.unifap.br\/pdiffamapa\/cidades\/serra-do-navio\/","title":{"rendered":"Serra do Navio"},"content":{"rendered":"\t\t<div data-elementor-type=\"wp-page\" data-elementor-id=\"121\" class=\"elementor elementor-121\">\n\t\t\t\t<div class=\"elementor-element elementor-element-3d0b16ef e-flex e-con-boxed e-con e-parent\" data-id=\"3d0b16ef\" data-element_type=\"container\" data-e-type=\"container\" data-settings=\"{&quot;background_background&quot;:&quot;classic&quot;}\">\n\t\t\t\t\t<div class=\"e-con-inner\">\n\t\t\t\t<div class=\"elementor-element elementor-element-4ff93262 elementor-widget__width-initial elementor-arrows-position-inside elementor-widget elementor-widget-image-carousel\" data-id=\"4ff93262\" data-element_type=\"widget\" data-e-type=\"widget\" data-settings=\"{&quot;slides_to_show&quot;:&quot;1&quot;,&quot;navigation&quot;:&quot;arrows&quot;,&quot;autoplay_speed&quot;:&quot;4000&quot;,&quot;autoplay&quot;:&quot;yes&quot;,&quot;pause_on_hover&quot;:&quot;yes&quot;,&quot;pause_on_interaction&quot;:&quot;yes&quot;,&quot;infinite&quot;:&quot;yes&quot;,&quot;effect&quot;:&quot;slide&quot;,&quot;speed&quot;:500}\" data-widget_type=\"image-carousel.default\">\n\t\t\t\t<div class=\"elementor-widget-container\">\n\t\t\t\t\t\t\t<div class=\"elementor-image-carousel-wrapper swiper\" role=\"region\" aria-roledescription=\"carousel\" aria-label=\"Carrossel de imagens\" dir=\"ltr\">\n\t\t\t<div class=\"elementor-image-carousel swiper-wrapper\" aria-live=\"off\">\n\t\t\t\t\t\t\t\t<div class=\"swiper-slide\" role=\"group\" aria-roledescription=\"slide\" aria-label=\"1 de 4\"><figure class=\"swiper-slide-inner\"><img decoding=\"async\" class=\"swiper-slide-image\" src=\"https:\/\/www2.unifap.br\/pdiffamapa\/files\/2025\/05\/serra3.png\" alt=\"serra3\" \/><\/figure><\/div><div class=\"swiper-slide\" role=\"group\" aria-roledescription=\"slide\" aria-label=\"2 de 4\"><figure class=\"swiper-slide-inner\"><img decoding=\"async\" class=\"swiper-slide-image\" src=\"https:\/\/www2.unifap.br\/pdiffamapa\/files\/2025\/05\/serra2.png\" alt=\"serra2\" \/><\/figure><\/div><div class=\"swiper-slide\" role=\"group\" aria-roledescription=\"slide\" aria-label=\"3 de 4\"><figure class=\"swiper-slide-inner\"><img decoding=\"async\" class=\"swiper-slide-image\" src=\"https:\/\/www2.unifap.br\/pdiffamapa\/files\/2025\/05\/serra5.png\" alt=\"serra5\" \/><\/figure><\/div><div class=\"swiper-slide\" role=\"group\" aria-roledescription=\"slide\" aria-label=\"4 de 4\"><figure class=\"swiper-slide-inner\"><img decoding=\"async\" class=\"swiper-slide-image\" src=\"https:\/\/www2.unifap.br\/pdiffamapa\/files\/2025\/05\/serra.png\" alt=\"serra\" \/><\/figure><\/div>\t\t\t<\/div>\n\t\t\t\t\t\t\t\t\t\t\t\t<div class=\"elementor-swiper-button elementor-swiper-button-prev\" role=\"button\" tabindex=\"0\">\n\t\t\t\t\t\t<svg aria-hidden=\"true\" class=\"e-font-icon-svg e-eicon-chevron-left\" viewBox=\"0 0 1000 1000\" xmlns=\"http:\/\/www.w3.org\/2000\/svg\"><path d=\"M646 125C629 125 613 133 604 142L308 442C296 454 292 471 292 487 292 504 296 521 308 533L604 854C617 867 629 875 646 875 663 875 679 871 692 858 704 846 713 829 713 812 713 796 708 779 692 767L438 487 692 225C700 217 708 204 708 187 708 171 704 154 692 142 675 129 663 125 646 125Z\"><\/path><\/svg>\t\t\t\t\t<\/div>\n\t\t\t\t\t<div class=\"elementor-swiper-button elementor-swiper-button-next\" role=\"button\" tabindex=\"0\">\n\t\t\t\t\t\t<svg aria-hidden=\"true\" class=\"e-font-icon-svg e-eicon-chevron-right\" viewBox=\"0 0 1000 1000\" xmlns=\"http:\/\/www.w3.org\/2000\/svg\"><path d=\"M696 533C708 521 713 504 713 487 713 471 708 454 696 446L400 146C388 133 375 125 354 125 338 125 325 129 313 142 300 154 292 171 292 187 292 204 296 221 308 233L563 492 304 771C292 783 288 800 288 817 288 833 296 850 308 863 321 871 338 875 354 875 371 875 388 867 400 854L696 533Z\"><\/path><\/svg>\t\t\t\t\t<\/div>\n\t\t\t\t\n\t\t\t\t\t\t\t\t\t<\/div>\n\t\t\t\t\t\t<\/div>\n\t\t\t\t<\/div>\n\t\t\t\t\t<\/div>\n\t\t\t\t<\/div>\n\t\t<div class=\"elementor-element elementor-element-4f73eb66 e-flex e-con-boxed e-con e-parent\" data-id=\"4f73eb66\" data-element_type=\"container\" data-e-type=\"container\">\n\t\t\t\t\t<div class=\"e-con-inner\">\n\t\t<div class=\"elementor-element elementor-element-58f9b1e1 e-flex e-con-boxed e-con e-child\" data-id=\"58f9b1e1\" data-element_type=\"container\" data-e-type=\"container\">\n\t\t\t\t\t<div class=\"e-con-inner\">\n\t\t\t\t<div class=\"elementor-element elementor-element-4ae43620 elementor-widget elementor-widget-heading\" data-id=\"4ae43620\" data-element_type=\"widget\" data-e-type=\"widget\" data-widget_type=\"heading.default\">\n\t\t\t\t<div class=\"elementor-widget-container\">\n\t\t\t\t\t<h2 class=\"elementor-heading-title elementor-size-default\">SERRA DO NAVIO\n<\/h2>\t\t\t\t<\/div>\n\t\t\t\t<\/div>\n\t\t\t\t<div class=\"elementor-element elementor-element-7fee30f4 elementor-widget elementor-widget-heading\" data-id=\"7fee30f4\" data-element_type=\"widget\" data-e-type=\"widget\" data-widget_type=\"heading.default\">\n\t\t\t\t<div class=\"elementor-widget-container\">\n\t\t\t\t\t<h4 class=\"elementor-heading-title elementor-size-default\">DADOS GERAIS<\/h4>\t\t\t\t<\/div>\n\t\t\t\t<\/div>\n\t\t\t\t<div class=\"elementor-element elementor-element-41f89ff3 elementor-widget elementor-widget-eael-adv-accordion\" data-id=\"41f89ff3\" data-element_type=\"widget\" data-e-type=\"widget\" data-widget_type=\"eael-adv-accordion.default\">\n\t\t\t\t<div class=\"elementor-widget-container\">\n\t\t\t\t\t        <div class=\"eael-adv-accordion\" id=\"eael-adv-accordion-41f89ff3\" data-scroll-on-click=\"\" data-scroll-speed=\"300\" data-accordion-id=\"41f89ff3\" data-accordion-type=\"accordion\" data-toogle-speed=\"300\">\n    <div class=\"eael-accordion-list\">\n                <div id=\"localizao-do-municpio-de-serra-do-navio\" class=\"elementor-tab-title eael-accordion-header\" tabindex=\"0\" data-tab=\"1\" aria-controls=\"elementor-tab-content-1101\"><svg aria-hidden=\"true\" class=\"fa-toggle e-font-icon-svg e-fas-angle-right\" viewBox=\"0 0 256 512\" xmlns=\"http:\/\/www.w3.org\/2000\/svg\"><path d=\"M224.3 273l-136 136c-9.4 9.4-24.6 9.4-33.9 0l-22.6-22.6c-9.4-9.4-9.4-24.6 0-33.9l96.4-96.4-96.4-96.4c-9.4-9.4-9.4-24.6 0-33.9L54.3 103c9.4-9.4 24.6-9.4 33.9 0l136 136c9.5 9.4 9.5 24.6.1 34z\"><\/path><\/svg><span class=\"eael-accordion-tab-title\">Localiza\u00e7\u00e3o do munic\u00edpio de Serra do Navio<\/span><span class=\"eael-advanced-accordion-icon-closed\"><svg aria-hidden=\"true\" class=\"fa-accordion-icon e-font-icon-svg e-fas-plus\" viewBox=\"0 0 448 512\" xmlns=\"http:\/\/www.w3.org\/2000\/svg\"><path d=\"M416 208H272V64c0-17.67-14.33-32-32-32h-32c-17.67 0-32 14.33-32 32v144H32c-17.67 0-32 14.33-32 32v32c0 17.67 14.33 32 32 32h144v144c0 17.67 14.33 32 32 32h32c17.67 0 32-14.33 32-32V304h144c17.67 0 32-14.33 32-32v-32c0-17.67-14.33-32-32-32z\"><\/path><\/svg><\/span><span class=\"eael-advanced-accordion-icon-opened\"><svg aria-hidden=\"true\" class=\"fa-accordion-icon e-font-icon-svg e-fas-minus\" viewBox=\"0 0 448 512\" xmlns=\"http:\/\/www.w3.org\/2000\/svg\"><path d=\"M416 208H32c-17.67 0-32 14.33-32 32v32c0 17.67 14.33 32 32 32h384c17.67 0 32-14.33 32-32v-32c0-17.67-14.33-32-32-32z\"><\/path><\/svg><\/span><\/div><div id=\"elementor-tab-content-1101\" class=\"eael-accordion-content clearfix\" data-tab=\"1\" aria-labelledby=\"localizao-do-municpio-de-serra-do-navio\"><p style=\"text-align: left\"><span style=\"font-weight: 400\">O munic\u00edpio de Serra do Navio (Figura 13) est\u00e1 localizado na regi\u00e3o central do estado do Amap\u00e1, fazendo limite com os munic\u00edpios de Oiapoque, Pedra Branca do Amapari, Porto Grande, Ferreira Gomes, Pracu\u00faba e Cal\u00e7oene.<\/span><\/p><p><span style=\"font-weight: 400\">Figura 13 &#8211;<\/span> <span style=\"font-weight: 400\">Mapa de localiza\u00e7\u00e3o do munic\u00edpio de Serra do Navio<\/span><\/p><figure id=\"attachment_1054\" aria-describedby=\"caption-attachment-1054\" style=\"width: 378px\" class=\"wp-caption aligncenter\"><a href=\"http:\/\/www2.unifap.br\/pdiffamapa\/files\/2025\/05\/municipio-serra.png\"><img fetchpriority=\"high\" decoding=\"async\" class=\"wp-image-1054 size-full\" src=\"http:\/\/www2.unifap.br\/pdiffamapa\/files\/2025\/05\/municipio-serra.png\" alt=\"\" width=\"378\" height=\"536\" srcset=\"https:\/\/www2.unifap.br\/pdiffamapa\/files\/2025\/05\/municipio-serra.png 378w, https:\/\/www2.unifap.br\/pdiffamapa\/files\/2025\/05\/municipio-serra-212x300.png 212w\" sizes=\"(max-width: 378px) 100vw, 378px\" \/><\/a><figcaption id=\"caption-attachment-1054\" class=\"wp-caption-text\">Organiza\u00e7\u00e3o: PDIFF-AP, 2025.<\/figcaption><\/figure><p><span style=\"font-weight: 400\">Criado em 1992 com o nome de \u00c1gua Branca do Amapari, foi desmembrado do munic\u00edpio de Macap\u00e1 conforme o artigo 3\u00ba da Lei Complementar n\u00ba 01, de 17 de mar\u00e7o de 1992. Posteriormente, em 1\u00ba de janeiro de 1993, teve seu nome alterado para Serra do Navio, conforme a Lei Estadual n\u00ba 76, de 22 de junho de 1993 (Prefeitura Municipal de Serra do Navio, 2025).\u00a0<\/span><\/p><p><span style=\"font-weight: 400\">O munic\u00edpio de Serra do Navio est\u00e1 localizado a aproximadamente 203 km da capital Macap\u00e1, tendo como principal via de acesso \u00e0 rodovia BR-210. De acordo com o \u00faltimo censo, a popula\u00e7\u00e3o do munic\u00edpio \u00e9 marcada por 4.673 habitantes, a popula\u00e7\u00e3o estimada para o ano de 2024 \u00e9 de 4.986 pessoas (IBGE, 2024). Possui uma \u00e1rea territorial de 7.713 km\u00b2. O gent\u00edlico adotado \u00e9 \u201cserraviense\u201d. <\/span><\/p><\/div>\n                <\/div><div class=\"eael-accordion-list\">\n                <div id=\"breve-histrico-do-municpio-de-serra-do-navio\" class=\"elementor-tab-title eael-accordion-header\" tabindex=\"0\" data-tab=\"2\" aria-controls=\"elementor-tab-content-1102\"><svg aria-hidden=\"true\" class=\"fa-toggle e-font-icon-svg e-fas-angle-right\" viewBox=\"0 0 256 512\" xmlns=\"http:\/\/www.w3.org\/2000\/svg\"><path d=\"M224.3 273l-136 136c-9.4 9.4-24.6 9.4-33.9 0l-22.6-22.6c-9.4-9.4-9.4-24.6 0-33.9l96.4-96.4-96.4-96.4c-9.4-9.4-9.4-24.6 0-33.9L54.3 103c9.4-9.4 24.6-9.4 33.9 0l136 136c9.5 9.4 9.5 24.6.1 34z\"><\/path><\/svg><span class=\"eael-accordion-tab-title\">Breve hist\u00f3rico do munic\u00edpio de Serra do Navio<\/span><span class=\"eael-advanced-accordion-icon-closed\"><svg aria-hidden=\"true\" class=\"fa-accordion-icon e-font-icon-svg e-fas-plus\" viewBox=\"0 0 448 512\" xmlns=\"http:\/\/www.w3.org\/2000\/svg\"><path d=\"M416 208H272V64c0-17.67-14.33-32-32-32h-32c-17.67 0-32 14.33-32 32v144H32c-17.67 0-32 14.33-32 32v32c0 17.67 14.33 32 32 32h144v144c0 17.67 14.33 32 32 32h32c17.67 0 32-14.33 32-32V304h144c17.67 0 32-14.33 32-32v-32c0-17.67-14.33-32-32-32z\"><\/path><\/svg><\/span><span class=\"eael-advanced-accordion-icon-opened\"><svg aria-hidden=\"true\" class=\"fa-accordion-icon e-font-icon-svg e-fas-minus\" viewBox=\"0 0 448 512\" xmlns=\"http:\/\/www.w3.org\/2000\/svg\"><path d=\"M416 208H32c-17.67 0-32 14.33-32 32v32c0 17.67 14.33 32 32 32h384c17.67 0 32-14.33 32-32v-32c0-17.67-14.33-32-32-32z\"><\/path><\/svg><\/span><\/div><div id=\"elementor-tab-content-1102\" class=\"eael-accordion-content clearfix\" data-tab=\"2\" aria-labelledby=\"breve-histrico-do-municpio-de-serra-do-navio\"><p><span style=\"font-weight: 400\">Serra do Navio foi inicialmente denominada \u00c1gua Branca do Amapari, tendo seu nome alterado posteriormente para o atual. Segundo relatos de moradores antigos, a nova denomina\u00e7\u00e3o teria origem na apar\u00eancia do rio que passa em frente \u00e0 cidade, cujo contorno, visto de cima, lembra o formato de um navio (IBGE, 2023).\u00a0<\/span><\/p><p><span style=\"font-weight: 400\">Antes da cria\u00e7\u00e3o do munic\u00edpio, houve um processo de intensa articula\u00e7\u00e3o pol\u00edtica para viabilizar a implanta\u00e7\u00e3o da Ind\u00fastria e Com\u00e9rcio de Min\u00e9rios S.A (ICOMI), o que resultou na cria\u00e7\u00e3o das vilas de Serra do Navio e Amazonas (hoje em Santana), al\u00e9m da constru\u00e7\u00e3o de rodovias, da Estrada de Ferro do Amap\u00e1 (EFA), do porto de Santana e da abertura da \u00e1rea de minera\u00e7\u00e3o (Drummond, 2007).\u00a0<\/span><\/p><p><span style=\"font-weight: 400\">A Vila de Serra do Navio foi projetada para acomodar os funcion\u00e1rios envolvidos nas opera\u00e7\u00f5es da ICOMI. Toda a infraestrutura desenvolvida, incluindo as vilas, foi planejada para sustentar esse grande projeto de minera\u00e7\u00e3o (Plano Municipal de Turismo de Serra do Navio\/AP, 2019-2023).\u00a0\u00a0<\/span><\/p><p><span style=\"font-weight: 400\">A ICOMI operou em Serra do Navio por quase 50 anos, come\u00e7ando no final da d\u00e9cada de 1950 e encerrando suas atividades em 1997, sob a justificativa de que as reservas de min\u00e9rio de mangan\u00eas haviam se esgotado. A desativa\u00e7\u00e3o da mineradora marcou uma fase de transi\u00e7\u00e3o significativa em Serra do Navio, impactando sua organiza\u00e7\u00e3o econ\u00f4mica e social, antes estruturada como cidade planejada. Apesar dos desafios, o munic\u00edpio tem buscado valorizar seu patrim\u00f4nio urbano e natural por meio de atividades como o turismo (Amap\u00e1, 2023). <\/span><\/p><\/div>\n                <\/div><div class=\"eael-accordion-list\">\n                <div id=\"aspectos-socioeconmicos-do-municpio-de-serra-do-navio\" class=\"elementor-tab-title eael-accordion-header\" tabindex=\"0\" data-tab=\"3\" aria-controls=\"elementor-tab-content-1103\"><svg aria-hidden=\"true\" class=\"fa-toggle e-font-icon-svg e-fas-angle-right\" viewBox=\"0 0 256 512\" xmlns=\"http:\/\/www.w3.org\/2000\/svg\"><path d=\"M224.3 273l-136 136c-9.4 9.4-24.6 9.4-33.9 0l-22.6-22.6c-9.4-9.4-9.4-24.6 0-33.9l96.4-96.4-96.4-96.4c-9.4-9.4-9.4-24.6 0-33.9L54.3 103c9.4-9.4 24.6-9.4 33.9 0l136 136c9.5 9.4 9.5 24.6.1 34z\"><\/path><\/svg><span class=\"eael-accordion-tab-title\">Aspectos socioecon\u00f4micos do munic\u00edpio de Serra do Navio<\/span><span class=\"eael-advanced-accordion-icon-closed\"><svg aria-hidden=\"true\" class=\"fa-accordion-icon e-font-icon-svg e-fas-plus\" viewBox=\"0 0 448 512\" xmlns=\"http:\/\/www.w3.org\/2000\/svg\"><path d=\"M416 208H272V64c0-17.67-14.33-32-32-32h-32c-17.67 0-32 14.33-32 32v144H32c-17.67 0-32 14.33-32 32v32c0 17.67 14.33 32 32 32h144v144c0 17.67 14.33 32 32 32h32c17.67 0 32-14.33 32-32V304h144c17.67 0 32-14.33 32-32v-32c0-17.67-14.33-32-32-32z\"><\/path><\/svg><\/span><span class=\"eael-advanced-accordion-icon-opened\"><svg aria-hidden=\"true\" class=\"fa-accordion-icon e-font-icon-svg e-fas-minus\" viewBox=\"0 0 448 512\" xmlns=\"http:\/\/www.w3.org\/2000\/svg\"><path d=\"M416 208H32c-17.67 0-32 14.33-32 32v32c0 17.67 14.33 32 32 32h384c17.67 0 32-14.33 32-32v-32c0-17.67-14.33-32-32-32z\"><\/path><\/svg><\/span><\/div><div id=\"elementor-tab-content-1103\" class=\"eael-accordion-content clearfix\" data-tab=\"3\" aria-labelledby=\"aspectos-socioeconmicos-do-municpio-de-serra-do-navio\"><p><span style=\"font-weight: 400\">O munic\u00edpio de Serra do Navio, em 2021, apresentou um Produto Interno Bruto (PIB) de R$ 92,15 milh\u00f5es, ocupando a 14\u00aa posi\u00e7\u00e3o no ranking estadual do Amap\u00e1, com participa\u00e7\u00e3o de 0,44% no PIB total do estado (IBGE, 2023).\u00a0\u00a0<\/span><\/p><p><span style=\"font-weight: 400\">De maneira geral, a economia de Serra do Navio \u00e9 dependente da Administra\u00e7\u00e3o P\u00fablica, com os servi\u00e7os e a agropecu\u00e1ria tamb\u00e9m tendo participa\u00e7\u00e3o relevante. A ind\u00fastria tem peso menor no PIB, mas concentra a maior parte dos v\u00ednculos formais de trabalho, especialmente ligados \u00e0 minera\u00e7\u00e3o. O setor prim\u00e1rio \u00e9 diversificado, com atividades em agricultura, pecu\u00e1ria, aquicultura e extra\u00e7\u00e3o vegetal. A produ\u00e7\u00e3o agr\u00edcola \u00e9 voltada principalmente ao consumo local e \u00e0 comercializa\u00e7\u00e3o regional, com destaque para cultivos alimentares. A pecu\u00e1ria \u00e9 modesta, e a aquicultura e a silvicultura tamb\u00e9m contribuem para a economia, com foco na produ\u00e7\u00e3o de madeira e frutos regionais. <\/span><\/p><\/div>\n                <\/div><div class=\"eael-accordion-list\">\n                <div id=\"oportunidades-estratgicas-para-o-desenvolvimento-de-serra-do-navio\" class=\"elementor-tab-title eael-accordion-header\" tabindex=\"0\" data-tab=\"4\" aria-controls=\"elementor-tab-content-1104\"><svg aria-hidden=\"true\" class=\"fa-toggle e-font-icon-svg e-fas-angle-right\" viewBox=\"0 0 256 512\" xmlns=\"http:\/\/www.w3.org\/2000\/svg\"><path d=\"M224.3 273l-136 136c-9.4 9.4-24.6 9.4-33.9 0l-22.6-22.6c-9.4-9.4-9.4-24.6 0-33.9l96.4-96.4-96.4-96.4c-9.4-9.4-9.4-24.6 0-33.9L54.3 103c9.4-9.4 24.6-9.4 33.9 0l136 136c9.5 9.4 9.5 24.6.1 34z\"><\/path><\/svg><span class=\"eael-accordion-tab-title\">Oportunidades estrat\u00e9gicas para o desenvolvimento de Serra do Navio<\/span><span class=\"eael-advanced-accordion-icon-closed\"><svg aria-hidden=\"true\" class=\"fa-accordion-icon e-font-icon-svg e-fas-plus\" viewBox=\"0 0 448 512\" xmlns=\"http:\/\/www.w3.org\/2000\/svg\"><path d=\"M416 208H272V64c0-17.67-14.33-32-32-32h-32c-17.67 0-32 14.33-32 32v144H32c-17.67 0-32 14.33-32 32v32c0 17.67 14.33 32 32 32h144v144c0 17.67 14.33 32 32 32h32c17.67 0 32-14.33 32-32V304h144c17.67 0 32-14.33 32-32v-32c0-17.67-14.33-32-32-32z\"><\/path><\/svg><\/span><span class=\"eael-advanced-accordion-icon-opened\"><svg aria-hidden=\"true\" class=\"fa-accordion-icon e-font-icon-svg e-fas-minus\" viewBox=\"0 0 448 512\" xmlns=\"http:\/\/www.w3.org\/2000\/svg\"><path d=\"M416 208H32c-17.67 0-32 14.33-32 32v32c0 17.67 14.33 32 32 32h384c17.67 0 32-14.33 32-32v-32c0-17.67-14.33-32-32-32z\"><\/path><\/svg><\/span><\/div><div id=\"elementor-tab-content-1104\" class=\"eael-accordion-content clearfix\" data-tab=\"4\" aria-labelledby=\"oportunidades-estratgicas-para-o-desenvolvimento-de-serra-do-navio\"><p><span style=\"font-weight: 400\">Serra do Navio apresenta potencial de desenvolvimento baseado em suas caracter\u00edsticas geogr\u00e1ficas, hist\u00f3ricas e culturais. Com o decl\u00ednio das atividades mineradoras, torna-se estrat\u00e9gico investir em setores como o ecoturismo e o turismo de experi\u00eancia, valorizando sua arquitetura urbana singular e a biodiversidade local.\u00a0<\/span><\/p><p><span style=\"font-weight: 400\">Os valores culturais do munic\u00edpio, como a arquitetura de influ\u00eancia norte-americana e pontos tur\u00edsticos como a Corredeira da Pedra Preta e a Lagoa Azul, fortalecem as oportunidades tur\u00edsticas no munic\u00edpio (Ambiente Brasil, 2024). Com uma base hist\u00f3rica e econ\u00f4mica ligada \u00e0 minera\u00e7\u00e3o, especialmente \u00e0 explora\u00e7\u00e3o de mangan\u00eas, o munic\u00edpio enfrenta o desafio de diversificar sua economia de forma sustent\u00e1vel, aproveitando seu potencial para o turismo.\u00a0<\/span><\/p><p><span style=\"font-weight: 400\">Al\u00e9m disso, o ecoturismo \u00e9 outro setor com grande potencial. Com paisagens naturais preservadas, rios, mirantes e uma rica biodiversidade, Serra do Navio pode atrair visitantes interessados em turismo de aventura e viv\u00eancias culturais.\u00a0\u00a0<\/span><\/p><p><span style=\"font-weight: 400\">Outras oportunidades estrat\u00e9gicas relacionadas \u00e0 valoriza\u00e7\u00e3o da cadeia florestal e ao fortalecimento da aquicultura, possuem potencial para agregar valor \u00e0 produ\u00e7\u00e3o madeireira e estimular a cria\u00e7\u00e3o de peixes nativos. A diversifica\u00e7\u00e3o da agricultura familiar e o aproveitamento de produtos alimentares regionais tamb\u00e9m se configuram como vetores para gera\u00e7\u00e3o de renda e dinamiza\u00e7\u00e3o da economia local. <\/span><\/p><\/div>\n                <\/div><\/div>\t\t\t\t<\/div>\n\t\t\t\t<\/div>\n\t\t\t\t\t<\/div>\n\t\t\t\t<\/div>\n\t\t\t\t\t<\/div>\n\t\t\t\t<\/div>\n\t\t<div class=\"elementor-element elementor-element-75b012d8 e-flex e-con-boxed e-con e-parent\" data-id=\"75b012d8\" data-element_type=\"container\" data-e-type=\"container\">\n\t\t\t\t\t<div class=\"e-con-inner\">\n\t\t\t\t<div class=\"elementor-element elementor-element-76c456de elementor-widget elementor-widget-heading\" data-id=\"76c456de\" data-element_type=\"widget\" data-e-type=\"widget\" data-widget_type=\"heading.default\">\n\t\t\t\t<div class=\"elementor-widget-container\">\n\t\t\t\t\t<h3 class=\"elementor-heading-title elementor-size-default\">Localiza\u00e7\u00e3o<\/h3>\t\t\t\t<\/div>\n\t\t\t\t<\/div>\n\t\t\t\t<div class=\"elementor-element elementor-element-1e292316 elementor-widget elementor-widget-google_maps\" data-id=\"1e292316\" data-element_type=\"widget\" data-e-type=\"widget\" data-widget_type=\"google_maps.default\">\n\t\t\t\t<div class=\"elementor-widget-container\">\n\t\t\t\t\t\t\t<div class=\"elementor-custom-embed\">\n\t\t\t<iframe loading=\"lazy\"\n\t\t\t\t\tsrc=\"https:\/\/maps.google.com\/maps?q=0.9016725187623517%2C%20-52.003257736973765&#038;t=m&#038;z=15&#038;output=embed&#038;iwloc=near\"\n\t\t\t\t\ttitle=\"0.9016725187623517, -52.003257736973765\"\n\t\t\t\t\taria-label=\"0.9016725187623517, -52.003257736973765\"\n\t\t\t><\/iframe>\n\t\t<\/div>\n\t\t\t\t\t\t<\/div>\n\t\t\t\t<\/div>\n\t\t\t\t\t<\/div>\n\t\t\t\t<\/div>\n\t\t\t\t<\/div>\n\t\t","protected":false},"excerpt":{"rendered":"<p>SERRA DO NAVIO DADOS GERAIS Localiza\u00e7\u00e3o do munic\u00edpio de Serra do Navio O munic\u00edpio de Serra do Navio (Figura 13)&#8230;<\/p>\n","protected":false},"author":4048,"featured_media":0,"parent":60,"menu_order":0,"comment_status":"closed","ping_status":"closed","template":"","meta":{"inline_featured_image":false,"site-sidebar-layout":"no-sidebar","site-content-layout":"","ast-site-content-layout":"full-width-container","site-content-style":"default","site-sidebar-style":"default","ast-global-header-display":"","ast-banner-title-visibility":"","ast-main-header-display":"","ast-hfb-above-header-display":"","ast-hfb-below-header-display":"","ast-hfb-mobile-header-display":"","site-post-title":"disabled","ast-breadcrumbs-content":"","ast-featured-img":"disabled","footer-sml-layout":"","theme-transparent-header-meta":"","adv-header-id-meta":"","stick-header-meta":"","header-above-stick-meta":"","header-main-stick-meta":"","header-below-stick-meta":"","astra-migrate-meta-layouts":"default","ast-page-background-enabled":"default","ast-page-background-meta":{"desktop":{"background-color":"var(--ast-global-color-4)","background-image":"","background-repeat":"repeat","background-position":"center center","background-size":"auto","background-attachment":"scroll","background-type":"","background-media":"","overlay-type":"","overlay-color":"","overlay-opacity":"","overlay-gradient":""},"tablet":{"background-color":"","background-image":"","background-repeat":"repeat","background-position":"center center","background-size":"auto","background-attachment":"scroll","background-type":"","background-media":"","overlay-type":"","overlay-color":"","overlay-opacity":"","overlay-gradient":""},"mobile":{"background-color":"","background-image":"","background-repeat":"repeat","background-position":"center center","background-size":"auto","background-attachment":"scroll","background-type":"","background-media":"","overlay-type":"","overlay-color":"","overlay-opacity":"","overlay-gradient":""}},"ast-content-background-meta":{"desktop":{"background-color":"var(--ast-global-color-5)","background-image":"","background-repeat":"repeat","background-position":"center center","background-size":"auto","background-attachment":"scroll","background-type":"","background-media":"","overlay-type":"","overlay-color":"","overlay-opacity":"","overlay-gradient":""},"tablet":{"background-color":"var(--ast-global-color-5)","background-image":"","background-repeat":"repeat","background-position":"center center","background-size":"auto","background-attachment":"scroll","background-type":"","background-media":"","overlay-type":"","overlay-color":"","overlay-opacity":"","overlay-gradient":""},"mobile":{"background-color":"var(--ast-global-color-5)","background-image":"","background-repeat":"repeat","background-position":"center center","background-size":"auto","background-attachment":"scroll","background-type":"","background-media":"","overlay-type":"","overlay-color":"","overlay-opacity":"","overlay-gradient":""}},"footnotes":""},"class_list":["post-121","page","type-page","status-publish","hentry"],"_links":{"self":[{"href":"https:\/\/www2.unifap.br\/pdiffamapa\/wp-json\/wp\/v2\/pages\/121","targetHints":{"allow":["GET"]}}],"collection":[{"href":"https:\/\/www2.unifap.br\/pdiffamapa\/wp-json\/wp\/v2\/pages"}],"about":[{"href":"https:\/\/www2.unifap.br\/pdiffamapa\/wp-json\/wp\/v2\/types\/page"}],"author":[{"embeddable":true,"href":"https:\/\/www2.unifap.br\/pdiffamapa\/wp-json\/wp\/v2\/users\/4048"}],"replies":[{"embeddable":true,"href":"https:\/\/www2.unifap.br\/pdiffamapa\/wp-json\/wp\/v2\/comments?post=121"}],"version-history":[{"count":7,"href":"https:\/\/www2.unifap.br\/pdiffamapa\/wp-json\/wp\/v2\/pages\/121\/revisions"}],"predecessor-version":[{"id":1449,"href":"https:\/\/www2.unifap.br\/pdiffamapa\/wp-json\/wp\/v2\/pages\/121\/revisions\/1449"}],"up":[{"embeddable":true,"href":"https:\/\/www2.unifap.br\/pdiffamapa\/wp-json\/wp\/v2\/pages\/60"}],"wp:attachment":[{"href":"https:\/\/www2.unifap.br\/pdiffamapa\/wp-json\/wp\/v2\/media?parent=121"}],"curies":[{"name":"wp","href":"https:\/\/api.w.org\/{rel}","templated":true}]}}