{"id":777,"date":"2025-05-22T16:10:07","date_gmt":"2025-05-22T19:10:07","guid":{"rendered":"https:\/\/www2.unifap.br\/pdiffamapa\/?page_id=777"},"modified":"2025-05-27T19:48:00","modified_gmt":"2025-05-27T22:48:00","slug":"metodologia","status":"publish","type":"page","link":"https:\/\/www2.unifap.br\/pdiffamapa\/metodologia\/","title":{"rendered":"Metodologia"},"content":{"rendered":"\t\t<div data-elementor-type=\"wp-page\" data-elementor-id=\"777\" class=\"elementor elementor-777\">\n\t\t\t\t<div class=\"elementor-element elementor-element-3736532 e-flex e-con-boxed e-con e-parent\" data-id=\"3736532\" data-element_type=\"container\" data-e-type=\"container\">\n\t\t\t\t\t<div class=\"e-con-inner\">\n\t\t\t\t<div class=\"elementor-element elementor-element-8f5fd1c elementor-widget elementor-widget-heading\" data-id=\"8f5fd1c\" data-element_type=\"widget\" data-e-type=\"widget\" data-widget_type=\"heading.default\">\n\t\t\t\t<div class=\"elementor-widget-container\">\n\t\t\t\t\t<h2 class=\"elementor-heading-title elementor-size-default\">Proposta Metodol\u00f3gica<\/h2>\t\t\t\t<\/div>\n\t\t\t\t<\/div>\n\t\t\t\t<div class=\"elementor-element elementor-element-8e7a58d elementor-widget elementor-widget-text-editor\" data-id=\"8e7a58d\" data-element_type=\"widget\" data-e-type=\"widget\" data-widget_type=\"text-editor.default\">\n\t\t\t\t<div class=\"elementor-widget-container\">\n\t\t\t\t\t\t\t\t\t<p><span style=\"font-weight: 400\">A metodologia adotada para a constru\u00e7\u00e3o do Plano de Desenvolvimento e Integra\u00e7\u00e3o da Faixa de Fronteira no Amap\u00e1 (PDIFF-AP) foi estruturada a partir de dois eixos orientadores: a participa\u00e7\u00e3o social e as inter-rela\u00e7\u00f5es existentes na faixa de fronteira. O principal objetivo foi a elabora\u00e7\u00e3o de um diagn\u00f3stico situacional dos munic\u00edpios da faixa de fronteira, culminando na proposi\u00e7\u00e3o de uma carteira de projetos voltada ao desenvolvimento sustent\u00e1vel e integrado da regi\u00e3o. O desenvolvimento do PDIFF-AP foi realizado em 3 etapas: Capacita\u00e7\u00f5es e Levantamento de Dados, Oficinas de Diagn\u00f3stico e Oficinas de Carteira de Projetos.\u00a0\u00a0<\/span><\/p><p><span style=\"font-weight: 400\">A primeira etapa consistiu no processo de forma\u00e7\u00e3o e capacita\u00e7\u00e3o da equipe de pesquisadores, composta por servidores e estudantes de gradua\u00e7\u00e3o e p\u00f3s-gradua\u00e7\u00e3o (mestrandos) da Universidade Federal do Amap\u00e1 (UNIFAP).\u00a0\u00a0<\/span><\/p><p><span style=\"font-weight: 400\">Essa fase contemplou o nivelamento te\u00f3rico-metodol\u00f3gico da equipe, com foco nas especificidades da faixa de fronteira, nos eixos tem\u00e1ticos abordados no plano, bem como, na organiza\u00e7\u00e3o das din\u00e2micas operacionais do projeto, que contou com reuni\u00f5es semanais e acompanhamento cont\u00ednuo de forma remota atrav\u00e9s das plataformas <\/span><i><span style=\"font-weight: 400\">Google Meet <\/span><\/i><span style=\"font-weight: 400\">e<\/span><i><span style=\"font-weight: 400\"> Notion<\/span><\/i><span style=\"font-weight: 400\">.\u00a0<\/span><\/p><p><span style=\"font-weight: 400\">Al\u00e9m disso, foram realizadas reuni\u00f5es formativas com especialistas externos \u2014 representantes do Minist\u00e9rio da Integra\u00e7\u00e3o e do Desenvolvimento Regional (MIDR), professores de universidades federais (UNIFAP, UFRJ, UFRGS) e membros do Governo do Estado do Amap\u00e1 \u2014 que contribu\u00edram com importantes aportes te\u00f3ricos e metodol\u00f3gicos.\u00a0<\/span><\/p><p><span style=\"font-weight: 400\">Na primeira etapa tamb\u00e9m buscou-se elaborar um compilado bibliogr\u00e1fico desenvolvido a partir de acervos f\u00edsicos e digitais. Esse levantamento de bibliografia focou na an\u00e1lise de artigos, trabalho de conclus\u00e3o de curso (TCC), disserta\u00e7\u00f5es, teses, trabalhos t\u00e9cnicos e institucionais (IBGE, IPEA, MIDR entre outros) com recortes territoriais diversos e contemplando diversas escalas, como \u201cAmaz\u00f4nia\u201d, \u201cEstado do Amap\u00e1\u201d e \u201cmunic\u00edpios da faixa de fronteira\u201d.\u00a0<\/span><\/p><p><span style=\"font-weight: 400\">Esse agrupamento de pesquisas auxiliou na constru\u00e7\u00e3o de um diagn\u00f3stico pr\u00e9vio a partir da an\u00e1lise de dados secund\u00e1rios com a inten\u00e7\u00e3o de valid\u00e1-los posteriormente durante as visitas de campo e na sistematiza\u00e7\u00e3o de informa\u00e7\u00f5es gerando produtos como mapas, gr\u00e1ficos, tabelas e relat\u00f3rios para os oito munic\u00edpios abrangidos (Amap\u00e1, Cal\u00e7oene, Ferreira Gomes, Laranjal do Jari, Oiapoque, Pedra Branca do Amapari, Pracu\u00faba e Serra do Navio), considerando oito eixos tem\u00e1ticos: Turismo, Meio Ambiente, Sa\u00fade, Comunidades Tradicionais, Educa\u00e7\u00e3o, Seguran\u00e7a, Infraestrutura e Setor Produtivo.\u00a0<\/span><\/p><p><span style=\"font-weight: 400\">A primeira etapa foi conclu\u00edda com a elabora\u00e7\u00e3o do Relat\u00f3rio Preliminar de Diagn\u00f3stico e dois instrumentos estrat\u00e9gicos:<\/span> <span style=\"font-weight: 400\">o Mapeamento de Lideran\u00e7as Locais e o Quadro de Interseccionalidades Tem\u00e1ticas. Este \u00faltimo constituiu uma ferramenta anal\u00edtica fundamental para compreens\u00e3o das sobreposi\u00e7\u00f5es e inter-rela\u00e7\u00f5es entre os diferentes eixos tem\u00e1ticos, orientando as a\u00e7\u00f5es de campo e a formula\u00e7\u00e3o de pol\u00edticas integradas.\u00a0<\/span><\/p><p><span style=\"font-weight: 400\">A segunda etapa foi marcada pela realiza\u00e7\u00e3o da pesquisa de campo e das Oficinas de Diagn\u00f3stico com o objetivo de validar e aprofundar os dados secund\u00e1rios por meio da escuta qualificada de lideran\u00e7as e atores locais. Em Oiapoque e Laranjal do Jari foram realizadas entrevistas semi-estruturadas com atores locais, e nos demais munic\u00edpios foram promovidas oficinas de diagn\u00f3stico com a participa\u00e7\u00e3o de atores locais.\u00a0\u00a0<\/span><\/p><p><span style=\"font-weight: 400\">Cada oficina seguiu o roteiro: apresenta\u00e7\u00e3o institucional do PDIFF-AP, organiza\u00e7\u00e3o dos participantes em dois grupos tem\u00e1ticos (Grupo A: Turismo, Setor Produtivo, Infraestrutura e Meio Ambiente e Grupo B: Comunidades Tradicionais, Seguran\u00e7a Educa\u00e7\u00e3o e Sa\u00fade) para aplica\u00e7\u00e3o da metodologia SWOT\/FOFA (For\u00e7as, Oportunidades, Fraquezas e Amea\u00e7as), adaptada \u00e0 realidade local e encerramento.\u00a0\u00a0<\/span><\/p><p><span style=\"font-weight: 400\">A an\u00e1lise SWOT\/FOFA permitiu a identifica\u00e7\u00e3o de elementos internos e externos que afetam diretamente a capacidade de desenvolvimento dos munic\u00edpios, oferecendo uma an\u00e1lise estrat\u00e9gica e orientada \u00e0 constru\u00e7\u00e3o de solu\u00e7\u00f5es.\u00a0<\/span><\/p><p><span style=\"font-weight: 400\">A terceira e \u00faltima etapa consistiu nas Oficinas de Carteira de Projetos, voltadas \u00e0 formula\u00e7\u00e3o participativa da Carteira de Projetos do PDIFF-AP, com base nos diagn\u00f3sticos consolidados nas fases anteriores.\u00a0\u00a0<\/span><\/p><p><span style=\"font-weight: 400\">Inicialmente, a equipe mapeou projetos dentro dos oito eixos tem\u00e1ticos, priorizando modelos pass\u00edveis de inspira\u00e7\u00e3o ou adapta\u00e7\u00e3o, considerando a realidade dos munic\u00edpios da FF-AP, e projetos de implementa\u00e7\u00e3o imediata (acessados atrav\u00e9s de editais, como ONG\u2019s, ag\u00eancias de fomento, fundos de investimento, entre outros). Tamb\u00e9m consideramos projetos estruturantes conforme os cen\u00e1rios sociais da FF-AP, exemplo do Novo Programa de Acelera\u00e7\u00e3o do Crescimento (PAC).\u00a0<\/span><\/p><p><span style=\"font-weight: 400\">Foram elaborados formul\u00e1rios tem\u00e1ticos com listas de modelos de projetos para cada tem\u00e1tica. Durante as oficinas, os participantes foram convidados a selecionar cinco projetos, por tem\u00e1tica, considerados mais relevantes para seus respectivos munic\u00edpios. Adicionalmente, puderam sugerir novos modelos por meio de uma se\u00e7\u00e3o aberta de sugest\u00f5es, o que garantiu a incorpora\u00e7\u00e3o de perspectivas locais n\u00e3o previstas inicialmente pela equipe t\u00e9cnica.\u00a0<\/span><\/p><p><span style=\"font-weight: 400\">Todo o processo de constru\u00e7\u00e3o da carteira manteve como princ\u00edpio central a participa\u00e7\u00e3o social, assegurando que os projetos priorizados refletissem efetivamente as demandas, necessidades e potencialidades locais. Como resultado, consolidaram-se a carteira de a\u00e7\u00f5es priorit\u00e1rias para o desenvolvimento da faixa de fronteira no estado do Amap\u00e1.\u00a0\u00a0<\/span><\/p><p><span style=\"font-weight: 400\">Destaca-se, ainda, a realiza\u00e7\u00e3o de uma oficina espec\u00edfica com representantes ind\u00edgenas no Conselho de Caciques e Cacicas dos Povos Ind\u00edgenas de Oiapoque, a convite do Instituto de Pesquisa e Forma\u00e7\u00e3o Ind\u00edgena (IEP\u00c9), que contou com a participa\u00e7\u00e3o de cerca de 50 lideran\u00e7as ind\u00edgenas, sendo elas: Karipuna, Palikur, Galibi Marworno e Galibi Kalin\u00e3. Nesse encontro, foram debatidas as principais problem\u00e1ticas que afetam as aldeias, resultando na sele\u00e7\u00e3o e valida\u00e7\u00e3o de 13 projetos voltados \u00e0s comunidades tradicionais.\u00a0<\/span><\/p><p><span style=\"font-weight: 400\">A metodologia adotada na elabora\u00e7\u00e3o do PDIFF-AP caracterizou-se por sua abordagem participativa, sens\u00edvel e orientada \u00e0 realidade concreta dos munic\u00edpios fronteiri\u00e7os. Estruturada em tr\u00eas etapas interdependentes, a metodologia possibilitou a articula\u00e7\u00e3o entre conhecimento t\u00e9cnico-cient\u00edfico e saberes locais, promovendo uma leitura cr\u00edtica, integrada e estrat\u00e9gica do territ\u00f3rio.\u00a0<\/span><\/p><p><span style=\"font-weight: 400\">Mais do que um diagn\u00f3stico ou levantamento de demandas, o plano consolida uma proposta estrat\u00e9gica e vi\u00e1vel para o desenvolvimento sustent\u00e1vel e integrado da FF-AP. Trata-se de um instrumento orientador de pol\u00edticas p\u00fablicas, capaz de articular saberes, potencialidades regionais e a\u00e7\u00f5es concretas com foco na transforma\u00e7\u00e3o social e territorial da regi\u00e3o. <\/span><\/p>\t\t\t\t\t\t\t\t<\/div>\n\t\t\t\t<\/div>\n\t\t\t\t<div class=\"elementor-element elementor-element-4c87b9f elementor-widget elementor-widget-heading\" data-id=\"4c87b9f\" data-element_type=\"widget\" data-e-type=\"widget\" data-widget_type=\"heading.default\">\n\t\t\t\t<div class=\"elementor-widget-container\">\n\t\t\t\t\t<h4 class=\"elementor-heading-title elementor-size-default\">S\u00cdNTESE DA PROPOSTA METODOL\u00d3GICA<\/h4>\t\t\t\t<\/div>\n\t\t\t\t<\/div>\n\t\t\t\t<div class=\"elementor-element elementor-element-919f444 elementor-widget elementor-widget-heading\" data-id=\"919f444\" data-element_type=\"widget\" data-e-type=\"widget\" data-widget_type=\"heading.default\">\n\t\t\t\t<div class=\"elementor-widget-container\">\n\t\t\t\t\t<h5 class=\"elementor-heading-title elementor-size-default\">ETAPA 1<\/h5>\t\t\t\t<\/div>\n\t\t\t\t<\/div>\n\t\t\t\t<div class=\"elementor-element elementor-element-c262712 elementor-widget elementor-widget-image-gallery\" data-id=\"c262712\" data-element_type=\"widget\" data-e-type=\"widget\" data-widget_type=\"image-gallery.default\">\n\t\t\t\t<div class=\"elementor-widget-container\">\n\t\t\t\t\t\t\t<div class=\"elementor-image-gallery\">\n\t\t\t<div id='gallery-1' class='gallery galleryid-777 gallery-columns-1 gallery-size-medium_large'><figure class='gallery-item'>\n\t\t\t<div class='gallery-icon landscape'>\n\t\t\t\t<a data-elementor-open-lightbox=\"yes\" data-elementor-lightbox-slideshow=\"c262712\" data-elementor-lightbox-title=\"s\u00edntese da etapa 1\" data-e-action-hash=\"#elementor-action%3Aaction%3Dlightbox%26settings%3DeyJpZCI6MTA4MywidXJsIjoiaHR0cHM6XC9cL3d3dzIudW5pZmFwLmJyXC9wZGlmZmFtYXBhXC9maWxlc1wvMjAyNVwvMDVcL3NpbnRlc2UtZGEtZXRhcGEtMS5wbmciLCJzbGlkZXNob3ciOiJjMjYyNzEyIn0%3D\" href='https:\/\/www2.unifap.br\/pdiffamapa\/files\/2025\/05\/sintese-da-etapa-1.png'><img fetchpriority=\"high\" decoding=\"async\" width=\"768\" height=\"528\" src=\"https:\/\/www2.unifap.br\/pdiffamapa\/files\/2025\/05\/sintese-da-etapa-1-768x528.png\" class=\"attachment-medium_large size-medium_large\" alt=\"\" aria-describedby=\"gallery-1-1083\" srcset=\"https:\/\/www2.unifap.br\/pdiffamapa\/files\/2025\/05\/sintese-da-etapa-1-768x528.png 768w, https:\/\/www2.unifap.br\/pdiffamapa\/files\/2025\/05\/sintese-da-etapa-1-300x206.png 300w, https:\/\/www2.unifap.br\/pdiffamapa\/files\/2025\/05\/sintese-da-etapa-1.png 891w\" sizes=\"(max-width: 768px) 100vw, 768px\" \/><\/a>\n\t\t\t<\/div>\n\t\t\t\t<figcaption class='wp-caption-text gallery-caption' id='gallery-1-1083'>\n\t\t\t\tOrganiza\u00e7\u00e3o e elabora\u00e7\u00e3o: PDIFF-AP, 2025.\n\t\t\t\t<\/figcaption><\/figure>\n\t\t<\/div>\n\t\t<\/div>\n\t\t\t\t\t\t<\/div>\n\t\t\t\t<\/div>\n\t\t\t\t<div class=\"elementor-element elementor-element-c77974f elementor-widget elementor-widget-heading\" data-id=\"c77974f\" data-element_type=\"widget\" data-e-type=\"widget\" data-widget_type=\"heading.default\">\n\t\t\t\t<div class=\"elementor-widget-container\">\n\t\t\t\t\t<h5 class=\"elementor-heading-title elementor-size-default\">ETAPA 2<\/h5>\t\t\t\t<\/div>\n\t\t\t\t<\/div>\n\t\t\t\t<div class=\"elementor-element elementor-element-1bfb2cb elementor-widget elementor-widget-image-gallery\" data-id=\"1bfb2cb\" data-element_type=\"widget\" data-e-type=\"widget\" data-widget_type=\"image-gallery.default\">\n\t\t\t\t<div class=\"elementor-widget-container\">\n\t\t\t\t\t\t\t<div class=\"elementor-image-gallery\">\n\t\t\t<div id='gallery-2' class='gallery galleryid-777 gallery-columns-1 gallery-size-medium_large'><figure class='gallery-item'>\n\t\t\t<div class='gallery-icon landscape'>\n\t\t\t\t<a data-elementor-open-lightbox=\"yes\" data-elementor-lightbox-slideshow=\"1bfb2cb\" data-elementor-lightbox-title=\"s\u00edntese da etapa 2\" data-e-action-hash=\"#elementor-action%3Aaction%3Dlightbox%26settings%3DeyJpZCI6MTA4NywidXJsIjoiaHR0cHM6XC9cL3d3dzIudW5pZmFwLmJyXC9wZGlmZmFtYXBhXC9maWxlc1wvMjAyNVwvMDVcL3NpbnRlc2UtZGEtZXRhcGEtMi0yLnBuZyIsInNsaWRlc2hvdyI6IjFiZmIyY2IifQ%3D%3D\" href='https:\/\/www2.unifap.br\/pdiffamapa\/files\/2025\/05\/sintese-da-etapa-2-2.png'><img decoding=\"async\" width=\"768\" height=\"517\" src=\"https:\/\/www2.unifap.br\/pdiffamapa\/files\/2025\/05\/sintese-da-etapa-2-2-768x517.png\" class=\"attachment-medium_large size-medium_large\" alt=\"\" aria-describedby=\"gallery-2-1087\" srcset=\"https:\/\/www2.unifap.br\/pdiffamapa\/files\/2025\/05\/sintese-da-etapa-2-2-768x517.png 768w, https:\/\/www2.unifap.br\/pdiffamapa\/files\/2025\/05\/sintese-da-etapa-2-2-300x202.png 300w, https:\/\/www2.unifap.br\/pdiffamapa\/files\/2025\/05\/sintese-da-etapa-2-2.png 886w\" sizes=\"(max-width: 768px) 100vw, 768px\" \/><\/a>\n\t\t\t<\/div>\n\t\t\t\t<figcaption class='wp-caption-text gallery-caption' id='gallery-2-1087'>\n\t\t\t\tOrganiza\u00e7\u00e3o e elabora\u00e7\u00e3o: PDIFF-AP, 2025 \n\t\t\t\t<\/figcaption><\/figure>\n\t\t<\/div>\n\t\t<\/div>\n\t\t\t\t\t\t<\/div>\n\t\t\t\t<\/div>\n\t\t\t\t<div class=\"elementor-element elementor-element-24c0dd3 elementor-widget elementor-widget-heading\" data-id=\"24c0dd3\" data-element_type=\"widget\" data-e-type=\"widget\" data-widget_type=\"heading.default\">\n\t\t\t\t<div class=\"elementor-widget-container\">\n\t\t\t\t\t<h5 class=\"elementor-heading-title elementor-size-default\">ETAPA 3<\/h5>\t\t\t\t<\/div>\n\t\t\t\t<\/div>\n\t\t\t\t<div class=\"elementor-element elementor-element-8238d9f elementor-widget elementor-widget-image-gallery\" data-id=\"8238d9f\" data-element_type=\"widget\" data-e-type=\"widget\" data-widget_type=\"image-gallery.default\">\n\t\t\t\t<div class=\"elementor-widget-container\">\n\t\t\t\t\t\t\t<div class=\"elementor-image-gallery\">\n\t\t\t<div id='gallery-3' class='gallery galleryid-777 gallery-columns-1 gallery-size-medium_large'><figure class='gallery-item'>\n\t\t\t<div class='gallery-icon landscape'>\n\t\t\t\t<a data-elementor-open-lightbox=\"yes\" data-elementor-lightbox-slideshow=\"8238d9f\" data-elementor-lightbox-title=\"s\u00edntese da etapa 3\" data-e-action-hash=\"#elementor-action%3Aaction%3Dlightbox%26settings%3DeyJpZCI6MTA4OCwidXJsIjoiaHR0cHM6XC9cL3d3dzIudW5pZmFwLmJyXC9wZGlmZmFtYXBhXC9maWxlc1wvMjAyNVwvMDVcL3NpbnRlc2UtZGEtZXRhcGEtMy0xLnBuZyIsInNsaWRlc2hvdyI6IjgyMzhkOWYifQ%3D%3D\" href='https:\/\/www2.unifap.br\/pdiffamapa\/files\/2025\/05\/sintese-da-etapa-3-1.png'><img decoding=\"async\" width=\"768\" height=\"493\" src=\"https:\/\/www2.unifap.br\/pdiffamapa\/files\/2025\/05\/sintese-da-etapa-3-1-768x493.png\" class=\"attachment-medium_large size-medium_large\" alt=\"\" aria-describedby=\"gallery-3-1088\" srcset=\"https:\/\/www2.unifap.br\/pdiffamapa\/files\/2025\/05\/sintese-da-etapa-3-1-768x493.png 768w, https:\/\/www2.unifap.br\/pdiffamapa\/files\/2025\/05\/sintese-da-etapa-3-1-300x193.png 300w, https:\/\/www2.unifap.br\/pdiffamapa\/files\/2025\/05\/sintese-da-etapa-3-1.png 895w\" sizes=\"(max-width: 768px) 100vw, 768px\" \/><\/a>\n\t\t\t<\/div>\n\t\t\t\t<figcaption class='wp-caption-text gallery-caption' id='gallery-3-1088'>\n\t\t\t\tOrganiza\u00e7\u00e3o e elabora\u00e7\u00e3o: PDIFF-AP, 2025 \n\t\t\t\t<\/figcaption><\/figure>\n\t\t<\/div>\n\t\t<\/div>\n\t\t\t\t\t\t<\/div>\n\t\t\t\t<\/div>\n\t\t\t\t\t<\/div>\n\t\t\t\t<\/div>\n\t\t\t\t<\/div>\n\t\t","protected":false},"excerpt":{"rendered":"<p>\/*! elementor &#8211; v3.21.0 &#8211; 26-05-2024 *\/ .elementor-heading-title{padding:0;margin:0;line-height:1}.elementor-widget-heading .elementor-heading-title[class*=elementor-size-]&gt;a{color:inherit;font-size:inherit;line-height:inherit}.elementor-widget-heading .elementor-heading-title.elementor-size-small{font-size:15px}.elementor-widget-heading .elementor-heading-title.elementor-size-medium{font-size:19px}.elementor-widget-heading .elementor-heading-title.elementor-size-large{font-size:29px}.elementor-widget-heading .elementor-heading-title.elementor-size-xl{font-size:39px}.elementor-widget-heading .elementor-heading-title.elementor-size-xxl{font-size:59px} Proposta Metodol\u00f3gica A metodologia adotada para&#8230;<\/p>\n","protected":false},"author":4048,"featured_media":0,"parent":0,"menu_order":0,"comment_status":"closed","ping_status":"closed","template":"","meta":{"inline_featured_image":false,"site-sidebar-layout":"no-sidebar","site-content-layout":"","ast-site-content-layout":"full-width-container","site-content-style":"default","site-sidebar-style":"default","ast-global-header-display":"","ast-banner-title-visibility":"","ast-main-header-display":"","ast-hfb-above-header-display":"","ast-hfb-below-header-display":"","ast-hfb-mobile-header-display":"","site-post-title":"disabled","ast-breadcrumbs-content":"","ast-featured-img":"disabled","footer-sml-layout":"","theme-transparent-header-meta":"","adv-header-id-meta":"","stick-header-meta":"","header-above-stick-meta":"","header-main-stick-meta":"","header-below-stick-meta":"","astra-migrate-meta-layouts":"default","ast-page-background-enabled":"default","ast-page-background-meta":{"desktop":{"background-color":"var(--ast-global-color-4)","background-image":"","background-repeat":"repeat","background-position":"center center","background-size":"auto","background-attachment":"scroll","background-type":"","background-media":"","overlay-type":"","overlay-color":"","overlay-opacity":"","overlay-gradient":""},"tablet":{"background-color":"","background-image":"","background-repeat":"repeat","background-position":"center center","background-size":"auto","background-attachment":"scroll","background-type":"","background-media":"","overlay-type":"","overlay-color":"","overlay-opacity":"","overlay-gradient":""},"mobile":{"background-color":"","background-image":"","background-repeat":"repeat","background-position":"center center","background-size":"auto","background-attachment":"scroll","background-type":"","background-media":"","overlay-type":"","overlay-color":"","overlay-opacity":"","overlay-gradient":""}},"ast-content-background-meta":{"desktop":{"background-color":"var(--ast-global-color-5)","background-image":"","background-repeat":"repeat","background-position":"center center","background-size":"auto","background-attachment":"scroll","background-type":"","background-media":"","overlay-type":"","overlay-color":"","overlay-opacity":"","overlay-gradient":""},"tablet":{"background-color":"var(--ast-global-color-5)","background-image":"","background-repeat":"repeat","background-position":"center center","background-size":"auto","background-attachment":"scroll","background-type":"","background-media":"","overlay-type":"","overlay-color":"","overlay-opacity":"","overlay-gradient":""},"mobile":{"background-color":"var(--ast-global-color-5)","background-image":"","background-repeat":"repeat","background-position":"center center","background-size":"auto","background-attachment":"scroll","background-type":"","background-media":"","overlay-type":"","overlay-color":"","overlay-opacity":"","overlay-gradient":""}},"footnotes":""},"class_list":["post-777","page","type-page","status-publish","hentry"],"_links":{"self":[{"href":"https:\/\/www2.unifap.br\/pdiffamapa\/wp-json\/wp\/v2\/pages\/777","targetHints":{"allow":["GET"]}}],"collection":[{"href":"https:\/\/www2.unifap.br\/pdiffamapa\/wp-json\/wp\/v2\/pages"}],"about":[{"href":"https:\/\/www2.unifap.br\/pdiffamapa\/wp-json\/wp\/v2\/types\/page"}],"author":[{"embeddable":true,"href":"https:\/\/www2.unifap.br\/pdiffamapa\/wp-json\/wp\/v2\/users\/4048"}],"replies":[{"embeddable":true,"href":"https:\/\/www2.unifap.br\/pdiffamapa\/wp-json\/wp\/v2\/comments?post=777"}],"version-history":[{"count":17,"href":"https:\/\/www2.unifap.br\/pdiffamapa\/wp-json\/wp\/v2\/pages\/777\/revisions"}],"predecessor-version":[{"id":1412,"href":"https:\/\/www2.unifap.br\/pdiffamapa\/wp-json\/wp\/v2\/pages\/777\/revisions\/1412"}],"wp:attachment":[{"href":"https:\/\/www2.unifap.br\/pdiffamapa\/wp-json\/wp\/v2\/media?parent=777"}],"curies":[{"name":"wp","href":"https:\/\/api.w.org\/{rel}","templated":true}]}}