{"id":907,"date":"2025-05-26T16:15:13","date_gmt":"2025-05-26T19:15:13","guid":{"rendered":"https:\/\/www2.unifap.br\/pdiffamapa\/?page_id=907"},"modified":"2026-03-26T21:49:24","modified_gmt":"2026-03-27T00:49:24","slug":"projetos-para-setor-produtivo","status":"publish","type":"page","link":"https:\/\/www2.unifap.br\/pdiffamapa\/projetos-para-setor-produtivo\/","title":{"rendered":"Projetos para Setor Produtivo"},"content":{"rendered":"\t\t<div data-elementor-type=\"wp-page\" data-elementor-id=\"907\" class=\"elementor elementor-907\">\n\t\t\t\t<div class=\"elementor-element elementor-element-037dca0 e-flex e-con-boxed e-con e-parent\" data-id=\"037dca0\" data-element_type=\"container\" data-e-type=\"container\">\n\t\t\t\t\t<div class=\"e-con-inner\">\n\t\t\t\t<div class=\"elementor-element elementor-element-5a1b9ef elementor-widget elementor-widget-heading\" data-id=\"5a1b9ef\" data-element_type=\"widget\" data-e-type=\"widget\" data-widget_type=\"heading.default\">\n\t\t\t\t<div class=\"elementor-widget-container\">\n\t\t\t\t\t<h2 class=\"elementor-heading-title elementor-size-default\">CARTEIRA DE PROJETOS PARA SETOR PRODUTIVO<\/h2>\t\t\t\t<\/div>\n\t\t\t\t<\/div>\n\t\t\t\t<div class=\"elementor-element elementor-element-e086938 elementor-widget elementor-widget-text-editor\" data-id=\"e086938\" data-element_type=\"widget\" data-e-type=\"widget\" data-widget_type=\"text-editor.default\">\n\t\t\t\t<div class=\"elementor-widget-container\">\n\t\t\t\t\t\t\t\t\t<table><tbody><tr><td width=\"27\"><p><strong><b>\u00a0<\/b><\/strong><\/p><\/td><td width=\"99\"><p><strong><b>O que fazer?<\/b><\/strong><\/p><\/td><td width=\"96\"><p><strong><b>Por que fazer?<\/b><\/strong><\/p><\/td><td width=\"72\"><p><strong><b>Onde?<\/b><\/strong><\/p><\/td><td width=\"105\"><p><strong><b>Quem?<\/b><\/strong><\/p><\/td><td width=\"104\"><p><strong><b>Como?<\/b><\/strong><\/p><\/td><td width=\"114\"><p><strong><b>Fator detalhado<\/b><\/strong><\/p><\/td><\/tr><tr><td width=\"27\"><p><strong><b>1<\/b><\/strong><\/p><\/td><td width=\"99\"><p><strong><b>Centro-Escola Agroflorestal de forma\u00e7\u00e3o t\u00e9cnica em Agricultura Sustent\u00e1vel<\/b><\/strong><\/p><\/td><td width=\"96\"><p>Oferta limitada de forma\u00e7\u00e3o t\u00e9cnica e escassez de profissionais qualificados dificultam o manejo sustent\u00e1vel e a agroecologia.<\/p><\/td><td width=\"72\"><p>Toda a FF-AP<\/p><\/td><td width=\"105\"><p>IFES; SEED\/AP; Sindicato Rural; Secretarias Municipais de Educa\u00e7\u00e3o e Agricultura; DIAGRO\/AP; RURAP; SENAR\/AP; EMBRAPA<\/p><\/td><td width=\"104\"><p>Forma\u00e7\u00e3o de lideran\u00e7as estudantis e oficinas escolares de promo\u00e7\u00e3o \u00e0 sa\u00fade<\/p><\/td><td width=\"114\"><p>Sustentabilidade financeira e reten\u00e7\u00e3o de profissionais qualificados<\/p><\/td><\/tr><tr><td width=\"27\"><p><strong><b>2<\/b><\/strong><\/p><\/td><td width=\"99\"><p><strong><b>Programa de apoio t\u00e9cnico para auxiliar no CAF e pol\u00edticas de inclus\u00e3o produtiva<\/b><\/strong><\/p><\/td><td width=\"96\"><p>Morosidade na regula\u00e7\u00e3o fundi\u00e1ria e n\u00famero insuficiente de assist\u00eancia t\u00e9cnica restringem o acesso a pol\u00edticas p\u00fablicas e cr\u00e9dito rural.<\/p><\/td><td width=\"72\"><p>Toda a FF-AP<\/p><\/td><td width=\"105\"><p>AFAP; Sindicato Rural; INCRA\/AP; RURAP; EMBRAPA; IFES; ONGs<\/p><\/td><td width=\"104\"><p>Aquisi\u00e7\u00e3o de embarca\u00e7\u00f5es adaptadas e equipe m\u00f3vel de sa\u00fade<\/p><\/td><td width=\"114\"><p>Log\u00edstica e capacita\u00e7\u00e3o de equipes de campo<\/p><\/td><\/tr><tr><td width=\"27\"><p><strong><b>3<\/b><\/strong><\/p><\/td><td width=\"99\"><p><strong><b>Constru\u00e7\u00e3o de Mercados Municipais para comercializa\u00e7\u00e3o de produtores locais<\/b><\/strong><\/p><\/td><td width=\"96\"><p>Aus\u00eancia de mercados municipais e altos custos log\u00edsticos comprometem o escoamento da produ\u00e7\u00e3o local.<\/p><\/td><td width=\"72\"><p>Oiapoque, Laranjal do Jari, Ferreira Gomes e Pracu\u00faba<\/p><\/td><td width=\"105\"><p>Sindicato Rural; Secretarias Municipais de Agricultura; MIDR; DIAGRO\/AP; RURAP; EMBRAPA; AFAP<\/p><\/td><td width=\"104\"><p>Instala\u00e7\u00e3o de unidades com equipamentos digitais e conex\u00e3o de alta velocidade<\/p><\/td><td width=\"114\"><p>Gest\u00e3o local e manuten\u00e7\u00e3o dos espa\u00e7os<\/p><\/td><\/tr><tr><td width=\"27\"><p><strong><b>4<\/b><\/strong><\/p><\/td><td width=\"99\"><p><strong><b>Estrutura\u00e7\u00e3o das agroind\u00fastrias da mandioca, banana, abacaxi, cacau e castanha-do-brasil<\/b><\/strong><\/p><\/td><td width=\"96\"><p>Baixo n\u00edvel de industrializa\u00e7\u00e3o e fiscaliza\u00e7\u00e3o deficiente limitam a agrega\u00e7\u00e3o de valor e a competitividade das cadeias produtivas.<\/p><\/td><td width=\"72\"><p>Toda a FF-AP<\/p><\/td><td width=\"105\"><p>MIDR; EMBRAPA; SDR\/AP; Secretarias Municipais de Agricultura; Associa\u00e7\u00f5es; Cooperativas; MDA<\/p><\/td><td width=\"104\"><p>Constru\u00e7\u00e3o e opera\u00e7\u00e3o de unidades CAPS com equipes multiprofissionais<\/p><\/td><td width=\"114\"><p>Gest\u00e3o industrial e certifica\u00e7\u00e3o de produtos<\/p><\/td><\/tr><tr><td width=\"27\"><p><strong><b>5<\/b><\/strong><\/p><\/td><td width=\"99\"><p><strong><b>Fomento \u00e0 cria\u00e7\u00e3o de redes solid\u00e1rias para organiza\u00e7\u00e3o produtiva<\/b><\/strong><\/p><\/td><td width=\"96\"><p>Fragilidade na organiza\u00e7\u00e3o comunit\u00e1ria reduz autonomia econ\u00f4mica, capacidade de gest\u00e3o coletiva e acesso a mercados institucionais e privados<\/p><\/td><td width=\"72\"><p>Toda a FF-AP<\/p><\/td><td width=\"105\"><p>Sistema S; MTE; MDS; BASA; IFES; ONGs; OSCs; Prefeituras; Associa\u00e7\u00f5es; Cooperativas; Sindicatos<\/p><\/td><td width=\"104\"><p>Apoio t\u00e9cnico, formativo e financeiro \u00e0 constitui\u00e7\u00e3o de redes solid\u00e1rias e empreendimentos comunit\u00e1rios<\/p><\/td><td width=\"114\"><p>Governan\u00e7a comunit\u00e1ria e continuidade do apoio institucional.<\/p><\/td><\/tr><tr><td width=\"27\"><p><strong><b>6<\/b><\/strong><\/p><\/td><td width=\"99\"><p><strong><b>Aquisi\u00e7\u00e3o e manuten\u00e7\u00e3o de ve\u00edculos para escoamento da produ\u00e7\u00e3o<\/b><\/strong><\/p><\/td><td width=\"96\"><p>Altos custos log\u00edsticos, precariedade do transporte e sazonalidade comprometem a comercializa\u00e7\u00e3o da produ\u00e7\u00e3o local<\/p><\/td><td width=\"72\"><p>Toda a FF-AP<\/p><\/td><td width=\"105\"><p>DIAGRO\/AP; RURAP; Secretarias Municipais; MIDR; MDA; EMBRAPA<\/p><\/td><td width=\"104\"><p>Implanta\u00e7\u00e3o de frota log\u00edstica municipal e comunit\u00e1ria integrada ao calend\u00e1rio produtivo<\/p><\/td><td width=\"114\"><p>Manuten\u00e7\u00e3o permanente da frota, defini\u00e7\u00e3o de rotas priorit\u00e1rias e modelo de gest\u00e3o compartilhada dos ve\u00edculos<\/p><\/td><\/tr><tr><td width=\"27\"><p><strong><b>7<\/b><\/strong><\/p><\/td><td width=\"99\"><p><strong><b>Implementa\u00e7\u00e3o de assist\u00eancia t\u00e9cnica e extens\u00e3o rural (ATER)<\/b><\/strong><\/p><\/td><td width=\"96\"><p>Insufici\u00eancia de assist\u00eancia t\u00e9cnica limita produtividade, ado\u00e7\u00e3o de pr\u00e1ticas sustent\u00e1veis e acesso a pol\u00edticas p\u00fablicas<\/p><\/td><td width=\"72\"><p>Comunidades rurais e remotas da FF-AP<\/p><\/td><td width=\"105\"><p>IFES; SEED\/AP; Sindicato Rural; DIAGRO\/AP; RURAP; Secretarias Municipais; SENAR\/AP; EMBRAPA<\/p><\/td><td width=\"104\"><p>Atua\u00e7\u00e3o cont\u00ednua de equipes de ATER e capacita\u00e7\u00e3o permanente<\/p><\/td><td width=\"114\"><p>N\u00famero adequado de t\u00e9cnicos, cobertura territorial cont\u00ednua e integra\u00e7\u00e3o com pol\u00edticas de cr\u00e9dito e produ\u00e7\u00e3o<\/p><\/td><\/tr><tr><td width=\"27\"><p><strong><b>8<\/b><\/strong><\/p><\/td><td width=\"99\"><p><strong><b>Cria\u00e7\u00e3o de linha de cr\u00e9dito para apoio a startups sustent\u00e1veis<\/b><\/strong><\/p><\/td><td width=\"96\"><p>Baixa inova\u00e7\u00e3o tecnol\u00f3gica e reduzida diversifica\u00e7\u00e3o produtiva limitam agrega\u00e7\u00e3o de valor e gera\u00e7\u00e3o de renda<\/p><\/td><td width=\"72\"><p>Toda a FF-AP<\/p><\/td><td width=\"105\"><p>SUFRAMA; SDR\/AP; Secretarias Municipais; Associa\u00e7\u00f5es; Cooperativas; AFAP<\/p><\/td><td width=\"104\"><p>Oferta de cr\u00e9dito orientado, incuba\u00e7\u00e3o e acelera\u00e7\u00e3o de startups voltadas \u00e0 bioeconomia<\/p><\/td><td width=\"114\"><p>Acesso facilitado ao cr\u00e9dito, suporte t\u00e9cnico especializado e articula\u00e7\u00e3o com o ecossistema de inova\u00e7\u00e3o<\/p><\/td><\/tr><tr><td width=\"27\"><p><strong><b>9<\/b><\/strong><\/p><\/td><td width=\"99\"><p><strong><b>Apoio aos assentamentos com produ\u00e7\u00e3o sustent\u00e1vel e Pagamento por Servi\u00e7os Ambientais (PSA)<\/b><\/strong><\/p><\/td><td width=\"96\"><p>Degrada\u00e7\u00e3o ambiental, explora\u00e7\u00e3o ilegal e baixa renda fragilizam a sustentabilidade econ\u00f4mica dos assentamentos<\/p><\/td><td width=\"72\"><p>Assentamentos da FF-AP<\/p><\/td><td width=\"105\"><p>SEMA\/AP; Secretarias Municipais; INCRA\/AP; RURAP; SDR\/AP; Institutos<\/p><\/td><td width=\"104\"><p>Implementa\u00e7\u00e3o de PSA e apoio produtivo sustent\u00e1vel<\/p><\/td><td width=\"114\"><p>Monitoramento confi\u00e1vel, comprova\u00e7\u00e3o dos servi\u00e7os ambientais e regularidade dos pagamentos<\/p><\/td><\/tr><tr><td width=\"27\"><p><strong><b>10<\/b><\/strong><\/p><\/td><td width=\"99\"><p><strong><b>Constru\u00e7\u00e3o e implanta\u00e7\u00e3o de Parque Tecnol\u00f3gico de Bioeconomia<\/b><\/strong><\/p><\/td><td width=\"96\"><p>Baixa industrializa\u00e7\u00e3o e aproveitamento insuficiente do potencial bioecon\u00f4mico regional<\/p><\/td><td width=\"72\"><p>Toda a FF-AP (sede no munic\u00edpio de Amap\u00e1)<\/p><\/td><td width=\"105\"><p>SDR\/AP; DIAGRO\/AP; RURAP; Secretarias Municipais; MIDR; MDA; MCid; EMBRAPA<\/p><\/td><td width=\"104\"><p>Implanta\u00e7\u00e3o de centro tecnol\u00f3gico para pesquisa aplicada, inova\u00e7\u00e3o e incuba\u00e7\u00e3o de neg\u00f3cios<\/p><\/td><td width=\"114\"><p>Investimento estruturante e parcerias estrat\u00e9gicas com institui\u00e7\u00f5es de pesquisa e mercado<\/p><\/td><\/tr><\/tbody><\/table>\t\t\t\t\t\t\t\t<\/div>\n\t\t\t\t<\/div>\n\t\t\t\t\t<\/div>\n\t\t\t\t<\/div>\n\t\t\t\t<\/div>\n\t\t","protected":false},"excerpt":{"rendered":"<p>CARTEIRA DE PROJETOS PARA SETOR PRODUTIVO \u00a0 O que fazer? Por que fazer? Onde? Quem? Como? Fator detalhado 1 Centro-Escola&#8230;<\/p>\n","protected":false},"author":4048,"featured_media":0,"parent":0,"menu_order":0,"comment_status":"closed","ping_status":"closed","template":"","meta":{"inline_featured_image":false,"site-sidebar-layout":"no-sidebar","site-content-layout":"","ast-site-content-layout":"full-width-container","site-content-style":"default","site-sidebar-style":"default","ast-global-header-display":"","ast-banner-title-visibility":"","ast-main-header-display":"","ast-hfb-above-header-display":"","ast-hfb-below-header-display":"","ast-hfb-mobile-header-display":"","site-post-title":"disabled","ast-breadcrumbs-content":"","ast-featured-img":"disabled","footer-sml-layout":"","theme-transparent-header-meta":"","adv-header-id-meta":"","stick-header-meta":"","header-above-stick-meta":"","header-main-stick-meta":"","header-below-stick-meta":"","astra-migrate-meta-layouts":"default","ast-page-background-enabled":"default","ast-page-background-meta":{"desktop":{"background-color":"var(--ast-global-color-4)","background-image":"","background-repeat":"repeat","background-position":"center center","background-size":"auto","background-attachment":"scroll","background-type":"","background-media":"","overlay-type":"","overlay-color":"","overlay-opacity":"","overlay-gradient":""},"tablet":{"background-color":"","background-image":"","background-repeat":"repeat","background-position":"center center","background-size":"auto","background-attachment":"scroll","background-type":"","background-media":"","overlay-type":"","overlay-color":"","overlay-opacity":"","overlay-gradient":""},"mobile":{"background-color":"","background-image":"","background-repeat":"repeat","background-position":"center center","background-size":"auto","background-attachment":"scroll","background-type":"","background-media":"","overlay-type":"","overlay-color":"","overlay-opacity":"","overlay-gradient":""}},"ast-content-background-meta":{"desktop":{"background-color":"var(--ast-global-color-5)","background-image":"","background-repeat":"repeat","background-position":"center center","background-size":"auto","background-attachment":"scroll","background-type":"","background-media":"","overlay-type":"","overlay-color":"","overlay-opacity":"","overlay-gradient":""},"tablet":{"background-color":"var(--ast-global-color-5)","background-image":"","background-repeat":"repeat","background-position":"center center","background-size":"auto","background-attachment":"scroll","background-type":"","background-media":"","overlay-type":"","overlay-color":"","overlay-opacity":"","overlay-gradient":""},"mobile":{"background-color":"var(--ast-global-color-5)","background-image":"","background-repeat":"repeat","background-position":"center center","background-size":"auto","background-attachment":"scroll","background-type":"","background-media":"","overlay-type":"","overlay-color":"","overlay-opacity":"","overlay-gradient":""}},"footnotes":""},"class_list":["post-907","page","type-page","status-publish","hentry"],"_links":{"self":[{"href":"https:\/\/www2.unifap.br\/pdiffamapa\/wp-json\/wp\/v2\/pages\/907","targetHints":{"allow":["GET"]}}],"collection":[{"href":"https:\/\/www2.unifap.br\/pdiffamapa\/wp-json\/wp\/v2\/pages"}],"about":[{"href":"https:\/\/www2.unifap.br\/pdiffamapa\/wp-json\/wp\/v2\/types\/page"}],"author":[{"embeddable":true,"href":"https:\/\/www2.unifap.br\/pdiffamapa\/wp-json\/wp\/v2\/users\/4048"}],"replies":[{"embeddable":true,"href":"https:\/\/www2.unifap.br\/pdiffamapa\/wp-json\/wp\/v2\/comments?post=907"}],"version-history":[{"count":7,"href":"https:\/\/www2.unifap.br\/pdiffamapa\/wp-json\/wp\/v2\/pages\/907\/revisions"}],"predecessor-version":[{"id":1604,"href":"https:\/\/www2.unifap.br\/pdiffamapa\/wp-json\/wp\/v2\/pages\/907\/revisions\/1604"}],"wp:attachment":[{"href":"https:\/\/www2.unifap.br\/pdiffamapa\/wp-json\/wp\/v2\/media?parent=907"}],"curies":[{"name":"wp","href":"https:\/\/api.w.org\/{rel}","templated":true}]}}