{"id":97,"date":"2025-05-05T20:24:52","date_gmt":"2025-05-05T23:24:52","guid":{"rendered":"https:\/\/www2.unifap.br\/pdiffamapa\/?page_id=97"},"modified":"2025-07-27T22:36:59","modified_gmt":"2025-07-28T01:36:59","slug":"amapa","status":"publish","type":"page","link":"https:\/\/www2.unifap.br\/pdiffamapa\/cidades\/amapa\/","title":{"rendered":"Amap\u00e1"},"content":{"rendered":"\t\t<div data-elementor-type=\"wp-page\" data-elementor-id=\"97\" class=\"elementor elementor-97\">\n\t\t\t\t<div class=\"elementor-element elementor-element-58df4e3 e-flex e-con-boxed e-con e-parent\" data-id=\"58df4e3\" data-element_type=\"container\" data-e-type=\"container\" data-settings=\"{&quot;background_background&quot;:&quot;classic&quot;}\">\n\t\t\t\t\t<div class=\"e-con-inner\">\n\t\t\t\t<div class=\"elementor-element elementor-element-f934514 elementor-widget__width-initial elementor-arrows-position-inside elementor-widget elementor-widget-image-carousel\" data-id=\"f934514\" data-element_type=\"widget\" data-e-type=\"widget\" data-settings=\"{&quot;slides_to_show&quot;:&quot;1&quot;,&quot;navigation&quot;:&quot;arrows&quot;,&quot;autoplay_speed&quot;:&quot;4000&quot;,&quot;autoplay&quot;:&quot;yes&quot;,&quot;pause_on_hover&quot;:&quot;yes&quot;,&quot;pause_on_interaction&quot;:&quot;yes&quot;,&quot;infinite&quot;:&quot;yes&quot;,&quot;effect&quot;:&quot;slide&quot;,&quot;speed&quot;:500}\" data-widget_type=\"image-carousel.default\">\n\t\t\t\t<div class=\"elementor-widget-container\">\n\t\t\t\t\t\t\t<div class=\"elementor-image-carousel-wrapper swiper\" role=\"region\" aria-roledescription=\"carousel\" aria-label=\"Carrossel de imagens\" dir=\"ltr\">\n\t\t\t<div class=\"elementor-image-carousel swiper-wrapper\" aria-live=\"off\">\n\t\t\t\t\t\t\t\t<div class=\"swiper-slide\" role=\"group\" aria-roledescription=\"slide\" aria-label=\"1 de 5\"><figure class=\"swiper-slide-inner\"><img decoding=\"async\" class=\"swiper-slide-image\" src=\"https:\/\/www2.unifap.br\/pdiffamapa\/files\/2025\/05\/90E27835-8522-407A-A6F2-68B39020925B.png\" alt=\"{90E27835-8522-407A-A6F2-68B39020925B}\" \/><\/figure><\/div><div class=\"swiper-slide\" role=\"group\" aria-roledescription=\"slide\" aria-label=\"2 de 5\"><figure class=\"swiper-slide-inner\"><img decoding=\"async\" class=\"swiper-slide-image\" src=\"https:\/\/www2.unifap.br\/pdiffamapa\/files\/2025\/05\/9323BE1D-97B7-4733-84C1-D9883601886F.png\" alt=\"{9323BE1D-97B7-4733-84C1-D9883601886F}\" \/><\/figure><\/div><div class=\"swiper-slide\" role=\"group\" aria-roledescription=\"slide\" aria-label=\"3 de 5\"><figure class=\"swiper-slide-inner\"><img decoding=\"async\" class=\"swiper-slide-image\" src=\"https:\/\/www2.unifap.br\/pdiffamapa\/files\/2025\/05\/14908E58-2B0A-4782-A2A5-C4F25A30454F.png\" alt=\"{14908E58-2B0A-4782-A2A5-C4F25A30454F}\" \/><\/figure><\/div><div class=\"swiper-slide\" role=\"group\" aria-roledescription=\"slide\" aria-label=\"4 de 5\"><figure class=\"swiper-slide-inner\"><img decoding=\"async\" class=\"swiper-slide-image\" src=\"https:\/\/www2.unifap.br\/pdiffamapa\/files\/2025\/05\/E32E3C2F-28FA-4EF6-8BB9-D260CF7FBCE6.png\" alt=\"{E32E3C2F-28FA-4EF6-8BB9-D260CF7FBCE6}\" \/><\/figure><\/div><div class=\"swiper-slide\" role=\"group\" aria-roledescription=\"slide\" aria-label=\"5 de 5\"><figure class=\"swiper-slide-inner\"><img decoding=\"async\" class=\"swiper-slide-image\" src=\"https:\/\/www2.unifap.br\/pdiffamapa\/files\/2025\/05\/6379AB70-3CEE-44DE-A572-00DB6DA6F0C0.png\" alt=\"{6379AB70-3CEE-44DE-A572-00DB6DA6F0C0}\" \/><\/figure><\/div>\t\t\t<\/div>\n\t\t\t\t\t\t\t\t\t\t\t\t<div class=\"elementor-swiper-button elementor-swiper-button-prev\" role=\"button\" tabindex=\"0\">\n\t\t\t\t\t\t<svg aria-hidden=\"true\" class=\"e-font-icon-svg e-eicon-chevron-left\" viewBox=\"0 0 1000 1000\" xmlns=\"http:\/\/www.w3.org\/2000\/svg\"><path d=\"M646 125C629 125 613 133 604 142L308 442C296 454 292 471 292 487 292 504 296 521 308 533L604 854C617 867 629 875 646 875 663 875 679 871 692 858 704 846 713 829 713 812 713 796 708 779 692 767L438 487 692 225C700 217 708 204 708 187 708 171 704 154 692 142 675 129 663 125 646 125Z\"><\/path><\/svg>\t\t\t\t\t<\/div>\n\t\t\t\t\t<div class=\"elementor-swiper-button elementor-swiper-button-next\" role=\"button\" tabindex=\"0\">\n\t\t\t\t\t\t<svg aria-hidden=\"true\" class=\"e-font-icon-svg e-eicon-chevron-right\" viewBox=\"0 0 1000 1000\" xmlns=\"http:\/\/www.w3.org\/2000\/svg\"><path d=\"M696 533C708 521 713 504 713 487 713 471 708 454 696 446L400 146C388 133 375 125 354 125 338 125 325 129 313 142 300 154 292 171 292 187 292 204 296 221 308 233L563 492 304 771C292 783 288 800 288 817 288 833 296 850 308 863 321 871 338 875 354 875 371 875 388 867 400 854L696 533Z\"><\/path><\/svg>\t\t\t\t\t<\/div>\n\t\t\t\t\n\t\t\t\t\t\t\t\t\t<\/div>\n\t\t\t\t\t\t<\/div>\n\t\t\t\t<\/div>\n\t\t\t\t\t<\/div>\n\t\t\t\t<\/div>\n\t\t<div class=\"elementor-element elementor-element-c084ddc e-flex e-con-boxed e-con e-parent\" data-id=\"c084ddc\" data-element_type=\"container\" data-e-type=\"container\">\n\t\t\t\t\t<div class=\"e-con-inner\">\n\t\t<div class=\"elementor-element elementor-element-da7596a e-flex e-con-boxed e-con e-child\" data-id=\"da7596a\" data-element_type=\"container\" data-e-type=\"container\">\n\t\t\t\t\t<div class=\"e-con-inner\">\n\t\t\t\t<div class=\"elementor-element elementor-element-72d9d28 elementor-widget elementor-widget-heading\" data-id=\"72d9d28\" data-element_type=\"widget\" data-e-type=\"widget\" data-widget_type=\"heading.default\">\n\t\t\t\t<div class=\"elementor-widget-container\">\n\t\t\t\t\t<h2 class=\"elementor-heading-title elementor-size-default\">AMAP\u00c1\n<\/h2>\t\t\t\t<\/div>\n\t\t\t\t<\/div>\n\t\t\t\t<div class=\"elementor-element elementor-element-3708ceb elementor-widget elementor-widget-heading\" data-id=\"3708ceb\" data-element_type=\"widget\" data-e-type=\"widget\" data-widget_type=\"heading.default\">\n\t\t\t\t<div class=\"elementor-widget-container\">\n\t\t\t\t\t<h4 class=\"elementor-heading-title elementor-size-default\">DADOS GERAIS<\/h4>\t\t\t\t<\/div>\n\t\t\t\t<\/div>\n\t\t\t\t<div class=\"elementor-element elementor-element-fc569d7 elementor-widget elementor-widget-eael-adv-accordion\" data-id=\"fc569d7\" data-element_type=\"widget\" data-e-type=\"widget\" data-widget_type=\"eael-adv-accordion.default\">\n\t\t\t\t<div class=\"elementor-widget-container\">\n\t\t\t\t\t        <div class=\"eael-adv-accordion\" id=\"eael-adv-accordion-fc569d7\" data-scroll-on-click=\"\" data-scroll-speed=\"300\" data-accordion-id=\"fc569d7\" data-accordion-type=\"accordion\" data-toogle-speed=\"300\">\n    <div class=\"eael-accordion-list\">\n                <div id=\"localizao-do-municpio-de-amap\" class=\"elementor-tab-title eael-accordion-header\" tabindex=\"0\" data-tab=\"1\" aria-controls=\"elementor-tab-content-2641\"><svg aria-hidden=\"true\" class=\"fa-toggle e-font-icon-svg e-fas-angle-right\" viewBox=\"0 0 256 512\" xmlns=\"http:\/\/www.w3.org\/2000\/svg\"><path d=\"M224.3 273l-136 136c-9.4 9.4-24.6 9.4-33.9 0l-22.6-22.6c-9.4-9.4-9.4-24.6 0-33.9l96.4-96.4-96.4-96.4c-9.4-9.4-9.4-24.6 0-33.9L54.3 103c9.4-9.4 24.6-9.4 33.9 0l136 136c9.5 9.4 9.5 24.6.1 34z\"><\/path><\/svg><span class=\"eael-accordion-tab-title\">Localiza\u00e7\u00e3o do munic\u00edpio de Amap\u00e1<\/span><span class=\"eael-advanced-accordion-icon-closed\"><svg aria-hidden=\"true\" class=\"fa-accordion-icon e-font-icon-svg e-fas-plus\" viewBox=\"0 0 448 512\" xmlns=\"http:\/\/www.w3.org\/2000\/svg\"><path d=\"M416 208H272V64c0-17.67-14.33-32-32-32h-32c-17.67 0-32 14.33-32 32v144H32c-17.67 0-32 14.33-32 32v32c0 17.67 14.33 32 32 32h144v144c0 17.67 14.33 32 32 32h32c17.67 0 32-14.33 32-32V304h144c17.67 0 32-14.33 32-32v-32c0-17.67-14.33-32-32-32z\"><\/path><\/svg><\/span><span class=\"eael-advanced-accordion-icon-opened\"><svg aria-hidden=\"true\" class=\"fa-accordion-icon e-font-icon-svg e-fas-minus\" viewBox=\"0 0 448 512\" xmlns=\"http:\/\/www.w3.org\/2000\/svg\"><path d=\"M416 208H32c-17.67 0-32 14.33-32 32v32c0 17.67 14.33 32 32 32h384c17.67 0 32-14.33 32-32v-32c0-17.67-14.33-32-32-32z\"><\/path><\/svg><\/span><\/div><div id=\"elementor-tab-content-2641\" class=\"eael-accordion-content clearfix\" data-tab=\"1\" aria-labelledby=\"localizao-do-municpio-de-amap\"><p style=\"text-align: left\"><span style=\"font-weight: 400\">O munic\u00edpio de Amap\u00e1 (Figura 06) est\u00e1 localizado na por\u00e7\u00e3o nordeste do estado, fazendo limite com Cal\u00e7oene, Pracu\u00faba, Tartarugalzinho, Cutias e Macap\u00e1. Criado pela Lei Estadual n\u00ba 798, em 22 de outubro de 1901. O munic\u00edpio de Amap\u00e1 inicialmente foi denominado de \u201cMontenegro\u201d at\u00e9 1903, ap\u00f3s esse per\u00edodo, passou a se chamar de Amap\u00e1. Seus limites atuais foram oficialmente definidos em 22 de dezembro de 1956, por meio da Lei Federal n\u00ba 3.055 (Prefeitura Municipal de Amap\u00e1, 2025).<\/span><\/p><p><span style=\"font-weight: 400\">Figura 06- Mapa de localiza\u00e7\u00e3o do munic\u00edpio de Amap\u00e1<\/span><\/p><figure id=\"attachment_927\" aria-describedby=\"caption-attachment-927\" style=\"width: 396px\" class=\"wp-caption aligncenter\"><a href=\"http:\/\/www2.unifap.br\/pdiffamapa\/files\/2025\/05\/municipio-de-amapa.png\"><img fetchpriority=\"high\" decoding=\"async\" class=\"wp-image-927 size-full\" src=\"http:\/\/www2.unifap.br\/pdiffamapa\/files\/2025\/05\/municipio-de-amapa.png\" alt=\"Mapa de localiza\u00e7\u00e3o do munic\u00edpio de Amap\u00e1 \" width=\"396\" height=\"561\" srcset=\"https:\/\/www2.unifap.br\/pdiffamapa\/files\/2025\/05\/municipio-de-amapa.png 396w, https:\/\/www2.unifap.br\/pdiffamapa\/files\/2025\/05\/municipio-de-amapa-212x300.png 212w\" sizes=\"(max-width: 396px) 100vw, 396px\" \/><\/a><figcaption id=\"caption-attachment-927\" class=\"wp-caption-text\">Organiza\u00e7\u00e3o: PDIFF-AP, 2025.<\/figcaption><\/figure><p><span style=\"font-weight: 400\">O munic\u00edpio de Amap\u00e1 est\u00e1 localizado a aproximadamente 300 km da capital Macap\u00e1, tendo como principal via de acesso \u00e0 rodovia BR-156. De acordo com o \u00faltimo censo, a popula\u00e7\u00e3o do munic\u00edpio \u00e9 marcada por 7.943 habitantes, a popula\u00e7\u00e3o estimada para o ano de 2024 \u00e9 de 8.434 pessoas (IBGE, 2024). Possui uma \u00e1rea territorial de 8.454,846 km\u00b2. Al\u00e9m da sede municipal, na \u00e1rea do munic\u00edpio existem 12 comunidades e regi\u00f5es: Amap\u00e1 Grande, Araqui\u00e7ava, Base A\u00e9rea, Calafate, Cruzeiro, Paratu, Piqui\u00e1, Raimundo, Santo Ant\u00f4nio, Vista Alegre, Vulc\u00e3o do Norte e Sucuriju. O gent\u00edlico adotado \u00e9 \u201camapaense\u201d.<\/span><\/p><\/div>\n                <\/div><div class=\"eael-accordion-list\">\n                <div id=\"breve-histrico-do-municpio-de-amap\" class=\"elementor-tab-title eael-accordion-header\" tabindex=\"0\" data-tab=\"2\" aria-controls=\"elementor-tab-content-2642\"><svg aria-hidden=\"true\" class=\"fa-toggle e-font-icon-svg e-fas-angle-right\" viewBox=\"0 0 256 512\" xmlns=\"http:\/\/www.w3.org\/2000\/svg\"><path d=\"M224.3 273l-136 136c-9.4 9.4-24.6 9.4-33.9 0l-22.6-22.6c-9.4-9.4-9.4-24.6 0-33.9l96.4-96.4-96.4-96.4c-9.4-9.4-9.4-24.6 0-33.9L54.3 103c9.4-9.4 24.6-9.4 33.9 0l136 136c9.5 9.4 9.5 24.6.1 34z\"><\/path><\/svg><span class=\"eael-accordion-tab-title\">Breve hist\u00f3rico do munic\u00edpio de Amap\u00e1<\/span><span class=\"eael-advanced-accordion-icon-closed\"><svg aria-hidden=\"true\" class=\"fa-accordion-icon e-font-icon-svg e-fas-plus\" viewBox=\"0 0 448 512\" xmlns=\"http:\/\/www.w3.org\/2000\/svg\"><path d=\"M416 208H272V64c0-17.67-14.33-32-32-32h-32c-17.67 0-32 14.33-32 32v144H32c-17.67 0-32 14.33-32 32v32c0 17.67 14.33 32 32 32h144v144c0 17.67 14.33 32 32 32h32c17.67 0 32-14.33 32-32V304h144c17.67 0 32-14.33 32-32v-32c0-17.67-14.33-32-32-32z\"><\/path><\/svg><\/span><span class=\"eael-advanced-accordion-icon-opened\"><svg aria-hidden=\"true\" class=\"fa-accordion-icon e-font-icon-svg e-fas-minus\" viewBox=\"0 0 448 512\" xmlns=\"http:\/\/www.w3.org\/2000\/svg\"><path d=\"M416 208H32c-17.67 0-32 14.33-32 32v32c0 17.67 14.33 32 32 32h384c17.67 0 32-14.33 32-32v-32c0-17.67-14.33-32-32-32z\"><\/path><\/svg><\/span><\/div><div id=\"elementor-tab-content-2642\" class=\"eael-accordion-content clearfix\" data-tab=\"2\" aria-labelledby=\"breve-histrico-do-municpio-de-amap\"><p><span style=\"font-weight: 400\">A hist\u00f3ria do munic\u00edpio de Amap\u00e1 \u00e9 marcada por disputas territoriais no extremo norte do Brasil e pela descoberta de minerais na regi\u00e3o. Esses fatores despertaram o interesse de estrangeiros, cuja presen\u00e7a contribuiu para a consolida\u00e7\u00e3o da ocupa\u00e7\u00e3o e posterior cria\u00e7\u00e3o do munic\u00edpio (Prefeitura Municipal de Amap\u00e1, 2025).\u00a0\u00a0<\/span><\/p><p><span style=\"font-weight: 400\">Em 1894 foi institu\u00edda na Vila do Amap\u00e1, uma junta governativa denominada de Triunvirato, com o objetivo de aplicar e desenvolver normas voltadas aos assuntos socioecon\u00f4micos locais. Ap\u00f3s diversos conflitos provocados pela invas\u00e3o francesa, em 1896 ocorreu a Intend\u00eancia da Vila do Amap\u00e1. Posteriormente, em 1900, o Laudo Su\u00ed\u00e7o foi assinado, e a partir desse documento se encerra definitivamente o fim das lutas pelas posses das terras, e em decorr\u00eancia desses marcos hist\u00f3ricos, em 1901 surge o munic\u00edpio de Amap\u00e1 (Prefeitura Municipal de Amap\u00e1, op. cit.). <\/span><\/p><\/div>\n                <\/div><div class=\"eael-accordion-list\">\n                <div id=\"aspectos-socioeconmicos-do-municpio-de-amap\" class=\"elementor-tab-title eael-accordion-header\" tabindex=\"0\" data-tab=\"3\" aria-controls=\"elementor-tab-content-2643\"><svg aria-hidden=\"true\" class=\"fa-toggle e-font-icon-svg e-fas-angle-right\" viewBox=\"0 0 256 512\" xmlns=\"http:\/\/www.w3.org\/2000\/svg\"><path d=\"M224.3 273l-136 136c-9.4 9.4-24.6 9.4-33.9 0l-22.6-22.6c-9.4-9.4-9.4-24.6 0-33.9l96.4-96.4-96.4-96.4c-9.4-9.4-9.4-24.6 0-33.9L54.3 103c9.4-9.4 24.6-9.4 33.9 0l136 136c9.5 9.4 9.5 24.6.1 34z\"><\/path><\/svg><span class=\"eael-accordion-tab-title\">Aspectos socioecon\u00f4micos do munic\u00edpio de Amap\u00e1<\/span><span class=\"eael-advanced-accordion-icon-closed\"><svg aria-hidden=\"true\" class=\"fa-accordion-icon e-font-icon-svg e-fas-plus\" viewBox=\"0 0 448 512\" xmlns=\"http:\/\/www.w3.org\/2000\/svg\"><path d=\"M416 208H272V64c0-17.67-14.33-32-32-32h-32c-17.67 0-32 14.33-32 32v144H32c-17.67 0-32 14.33-32 32v32c0 17.67 14.33 32 32 32h144v144c0 17.67 14.33 32 32 32h32c17.67 0 32-14.33 32-32V304h144c17.67 0 32-14.33 32-32v-32c0-17.67-14.33-32-32-32z\"><\/path><\/svg><\/span><span class=\"eael-advanced-accordion-icon-opened\"><svg aria-hidden=\"true\" class=\"fa-accordion-icon e-font-icon-svg e-fas-minus\" viewBox=\"0 0 448 512\" xmlns=\"http:\/\/www.w3.org\/2000\/svg\"><path d=\"M416 208H32c-17.67 0-32 14.33-32 32v32c0 17.67 14.33 32 32 32h384c17.67 0 32-14.33 32-32v-32c0-17.67-14.33-32-32-32z\"><\/path><\/svg><\/span><\/div><div id=\"elementor-tab-content-2643\" class=\"eael-accordion-content clearfix\" data-tab=\"3\" aria-labelledby=\"aspectos-socioeconmicos-do-municpio-de-amap\"><p><span style=\"font-weight: 400\">O munic\u00edpio de Amap\u00e1 apresentou, em 2021, um Produto Interno Bruto (PIB) de R$ 159,5 milh\u00f5es, ocupando a 12\u00aa posi\u00e7\u00e3o entre os munic\u00edpios do estado, com participa\u00e7\u00e3o de 0,79% no PIB total do estado (IBGE, 2023).\u00a0\u00a0<\/span><\/p><p><span style=\"font-weight: 400\">De modo geral, os setores mais fortes da economia rural do munic\u00edpio de Amap\u00e1 s\u00e3o a extra\u00e7\u00e3o madeireira, a mandioca, a cana-de-a\u00e7\u00facar, a bovinocultura e a produ\u00e7\u00e3o de leite. Essas atividades concentram maior volume e valor de produ\u00e7\u00e3o, al\u00e9m de boa produtividade t\u00e9cnica. A diversidade de cultivos e a presen\u00e7a de recursos florestais conferem ao munic\u00edpio condi\u00e7\u00f5es favor\u00e1veis ao crescimento sustent\u00e1vel da produ\u00e7\u00e3o rural, desde que amparadas por pol\u00edticas p\u00fablicas voltadas ao fortalecimento da agricultura familiar, regulariza\u00e7\u00e3o fundi\u00e1ria, infraestrutura log\u00edstica e acesso a mercados.<\/span><\/p><\/div>\n                <\/div><div class=\"eael-accordion-list\">\n                <div id=\"oportunidades-estratgicas-para-o-desenvolvimento-de-amap\" class=\"elementor-tab-title eael-accordion-header\" tabindex=\"0\" data-tab=\"4\" aria-controls=\"elementor-tab-content-2644\"><svg aria-hidden=\"true\" class=\"fa-toggle e-font-icon-svg e-fas-angle-right\" viewBox=\"0 0 256 512\" xmlns=\"http:\/\/www.w3.org\/2000\/svg\"><path d=\"M224.3 273l-136 136c-9.4 9.4-24.6 9.4-33.9 0l-22.6-22.6c-9.4-9.4-9.4-24.6 0-33.9l96.4-96.4-96.4-96.4c-9.4-9.4-9.4-24.6 0-33.9L54.3 103c9.4-9.4 24.6-9.4 33.9 0l136 136c9.5 9.4 9.5 24.6.1 34z\"><\/path><\/svg><span class=\"eael-accordion-tab-title\">Oportunidades estrat\u00e9gicas para o desenvolvimento de Amap\u00e1<\/span><span class=\"eael-advanced-accordion-icon-closed\"><svg aria-hidden=\"true\" class=\"fa-accordion-icon e-font-icon-svg e-fas-plus\" viewBox=\"0 0 448 512\" xmlns=\"http:\/\/www.w3.org\/2000\/svg\"><path d=\"M416 208H272V64c0-17.67-14.33-32-32-32h-32c-17.67 0-32 14.33-32 32v144H32c-17.67 0-32 14.33-32 32v32c0 17.67 14.33 32 32 32h144v144c0 17.67 14.33 32 32 32h32c17.67 0 32-14.33 32-32V304h144c17.67 0 32-14.33 32-32v-32c0-17.67-14.33-32-32-32z\"><\/path><\/svg><\/span><span class=\"eael-advanced-accordion-icon-opened\"><svg aria-hidden=\"true\" class=\"fa-accordion-icon e-font-icon-svg e-fas-minus\" viewBox=\"0 0 448 512\" xmlns=\"http:\/\/www.w3.org\/2000\/svg\"><path d=\"M416 208H32c-17.67 0-32 14.33-32 32v32c0 17.67 14.33 32 32 32h384c17.67 0 32-14.33 32-32v-32c0-17.67-14.33-32-32-32z\"><\/path><\/svg><\/span><\/div><div id=\"elementor-tab-content-2644\" class=\"eael-accordion-content clearfix\" data-tab=\"4\" aria-labelledby=\"oportunidades-estratgicas-para-o-desenvolvimento-de-amap\"><p><span style=\"font-weight: 400\">O munic\u00edpio de Amap\u00e1 apresenta oportunidades econ\u00f4micas nas \u00e1reas de pecu\u00e1ria, agricultura e recursos florestais. A pecu\u00e1ria, em particular, com a produ\u00e7\u00e3o de leite e queijo, desempenha um papel significativo na economia local, sendo uma das maiores do estado. A amplia\u00e7\u00e3o da produ\u00e7\u00e3o de leite e a agrega\u00e7\u00e3o de valor, especialmente no queijo manteiga, pode contribuir para o fortalecimento desse setor.\u00a0\u00a0<\/span><\/p><p><span style=\"font-weight: 400\">Al\u00e9m disso, a implementa\u00e7\u00e3o da &#8220;Rota do Leite&#8221;, parte do programa &#8220;Rotas de Integra\u00e7\u00e3o Nacional&#8221; do Minist\u00e9rio da Integra\u00e7\u00e3o e do Desenvolvimento Regional (MIDR), pode impulsionar a produ\u00e7\u00e3o e comercializa\u00e7\u00e3o de leite, promovendo o desenvolvimento econ\u00f4mico e social da regi\u00e3o, representa uma oportunidade adicional para o crescimento desse segmento.\u00a0<\/span><\/p><p><span style=\"font-weight: 400\">A agricultura familiar tamb\u00e9m se destaca, com cultivos de mandioca, cana-de-a\u00e7\u00facar, milho e arroz. A diversidade de cultivos alimentares e frut\u00edferos oferece oportunidades adicionais para a agricultura familiar se expandir. Al\u00e9m disso, a extra\u00e7\u00e3o de madeira e a produ\u00e7\u00e3o de a\u00e7a\u00ed t\u00eam relev\u00e2ncia na economia local.\u00a0\u00a0<\/span><\/p><p><span style=\"font-weight: 400\">A aquicultura tamb\u00e9m representa uma oportunidade estrat\u00e9gica para o munic\u00edpio de Amap\u00e1, considerando seu potencial para o aumento da produ\u00e7\u00e3o de tambaqui, tambacu e tambatinga. Esse setor tem capacidade para expandir e impulsionar a economia local.\u00a0\u00a0<\/span><\/p><p><span style=\"font-weight: 400\">O ecoturismo e o turismo de aventura, aproveitando atra\u00e7\u00f5es naturais como a Montanha da Pluma e a Corredeira do Topeca, podem ajudar a diversificar a economia do munic\u00edpio. As \u00e1reas protegidas, como a Reserva Biol\u00f3gica do Lago Piratuba e a Esta\u00e7\u00e3o Ecol\u00f3gica de Marac\u00e1-Jipioca, podem proporcionar oportunidades para o turismo ecol\u00f3gico e de pesquisa. A valoriza\u00e7\u00e3o do turismo cultural, especialmente por meio de pontos hist\u00f3ricos como o Museu da Base A\u00e9rea do Amap\u00e1, tamb\u00e9m pode representar uma \u00e1rea de interesse para o munic\u00edpio.\u00a0 <\/span><\/p><\/div>\n                <\/div><\/div>\t\t\t\t<\/div>\n\t\t\t\t<\/div>\n\t\t\t\t\t<\/div>\n\t\t\t\t<\/div>\n\t\t\t\t\t<\/div>\n\t\t\t\t<\/div>\n\t\t<div class=\"elementor-element elementor-element-9cd60f9 e-flex e-con-boxed e-con e-parent\" data-id=\"9cd60f9\" data-element_type=\"container\" data-e-type=\"container\">\n\t\t\t\t\t<div class=\"e-con-inner\">\n\t\t\t\t<div class=\"elementor-element elementor-element-6c7796a elementor-widget elementor-widget-heading\" data-id=\"6c7796a\" data-element_type=\"widget\" data-e-type=\"widget\" data-widget_type=\"heading.default\">\n\t\t\t\t<div class=\"elementor-widget-container\">\n\t\t\t\t\t<h3 class=\"elementor-heading-title elementor-size-default\">Localiza\u00e7\u00e3o<\/h3>\t\t\t\t<\/div>\n\t\t\t\t<\/div>\n\t\t\t\t<div class=\"elementor-element elementor-element-f002369 elementor-widget elementor-widget-google_maps\" data-id=\"f002369\" data-element_type=\"widget\" data-e-type=\"widget\" data-widget_type=\"google_maps.default\">\n\t\t\t\t<div class=\"elementor-widget-container\">\n\t\t\t\t\t\t\t<div class=\"elementor-custom-embed\">\n\t\t\t<iframe loading=\"lazy\"\n\t\t\t\t\tsrc=\"https:\/\/maps.google.com\/maps?q=2.049346%2C%20-50.791759&#038;t=m&#038;z=15&#038;output=embed&#038;iwloc=near\"\n\t\t\t\t\ttitle=\"2.049346, -50.791759\"\n\t\t\t\t\taria-label=\"2.049346, -50.791759\"\n\t\t\t><\/iframe>\n\t\t<\/div>\n\t\t\t\t\t\t<\/div>\n\t\t\t\t<\/div>\n\t\t\t\t\t<\/div>\n\t\t\t\t<\/div>\n\t\t\t\t<\/div>\n\t\t","protected":false},"excerpt":{"rendered":"<p>AMAP\u00c1 DADOS GERAIS Localiza\u00e7\u00e3o do munic\u00edpio de Amap\u00e1 O munic\u00edpio de Amap\u00e1 (Figura 06) est\u00e1 localizado na por\u00e7\u00e3o nordeste do&#8230;<\/p>\n","protected":false},"author":4048,"featured_media":0,"parent":60,"menu_order":0,"comment_status":"closed","ping_status":"closed","template":"","meta":{"inline_featured_image":false,"site-sidebar-layout":"no-sidebar","site-content-layout":"","ast-site-content-layout":"full-width-container","site-content-style":"default","site-sidebar-style":"default","ast-global-header-display":"","ast-banner-title-visibility":"","ast-main-header-display":"","ast-hfb-above-header-display":"","ast-hfb-below-header-display":"","ast-hfb-mobile-header-display":"","site-post-title":"disabled","ast-breadcrumbs-content":"","ast-featured-img":"disabled","footer-sml-layout":"","theme-transparent-header-meta":"default","adv-header-id-meta":"","stick-header-meta":"","header-above-stick-meta":"","header-main-stick-meta":"","header-below-stick-meta":"","astra-migrate-meta-layouts":"set","ast-page-background-enabled":"default","ast-page-background-meta":{"desktop":{"background-color":"var(--ast-global-color-4)","background-image":"","background-repeat":"repeat","background-position":"center center","background-size":"auto","background-attachment":"scroll","background-type":"","background-media":"","overlay-type":"","overlay-color":"","overlay-opacity":"","overlay-gradient":""},"tablet":{"background-color":"","background-image":"","background-repeat":"repeat","background-position":"center center","background-size":"auto","background-attachment":"scroll","background-type":"","background-media":"","overlay-type":"","overlay-color":"","overlay-opacity":"","overlay-gradient":""},"mobile":{"background-color":"","background-image":"","background-repeat":"repeat","background-position":"center center","background-size":"auto","background-attachment":"scroll","background-type":"","background-media":"","overlay-type":"","overlay-color":"","overlay-opacity":"","overlay-gradient":""}},"ast-content-background-meta":{"desktop":{"background-color":"var(--ast-global-color-5)","background-image":"","background-repeat":"repeat","background-position":"center center","background-size":"auto","background-attachment":"scroll","background-type":"","background-media":"","overlay-type":"","overlay-color":"","overlay-opacity":"","overlay-gradient":""},"tablet":{"background-color":"var(--ast-global-color-5)","background-image":"","background-repeat":"repeat","background-position":"center center","background-size":"auto","background-attachment":"scroll","background-type":"","background-media":"","overlay-type":"","overlay-color":"","overlay-opacity":"","overlay-gradient":""},"mobile":{"background-color":"var(--ast-global-color-5)","background-image":"","background-repeat":"repeat","background-position":"center center","background-size":"auto","background-attachment":"scroll","background-type":"","background-media":"","overlay-type":"","overlay-color":"","overlay-opacity":"","overlay-gradient":""}},"footnotes":""},"class_list":["post-97","page","type-page","status-publish","hentry"],"_links":{"self":[{"href":"https:\/\/www2.unifap.br\/pdiffamapa\/wp-json\/wp\/v2\/pages\/97","targetHints":{"allow":["GET"]}}],"collection":[{"href":"https:\/\/www2.unifap.br\/pdiffamapa\/wp-json\/wp\/v2\/pages"}],"about":[{"href":"https:\/\/www2.unifap.br\/pdiffamapa\/wp-json\/wp\/v2\/types\/page"}],"author":[{"embeddable":true,"href":"https:\/\/www2.unifap.br\/pdiffamapa\/wp-json\/wp\/v2\/users\/4048"}],"replies":[{"embeddable":true,"href":"https:\/\/www2.unifap.br\/pdiffamapa\/wp-json\/wp\/v2\/comments?post=97"}],"version-history":[{"count":35,"href":"https:\/\/www2.unifap.br\/pdiffamapa\/wp-json\/wp\/v2\/pages\/97\/revisions"}],"predecessor-version":[{"id":1428,"href":"https:\/\/www2.unifap.br\/pdiffamapa\/wp-json\/wp\/v2\/pages\/97\/revisions\/1428"}],"up":[{"embeddable":true,"href":"https:\/\/www2.unifap.br\/pdiffamapa\/wp-json\/wp\/v2\/pages\/60"}],"wp:attachment":[{"href":"https:\/\/www2.unifap.br\/pdiffamapa\/wp-json\/wp\/v2\/media?parent=97"}],"curies":[{"name":"wp","href":"https:\/\/api.w.org\/{rel}","templated":true}]}}