{"id":101,"date":"2015-11-11T19:56:33","date_gmt":"2015-11-11T19:56:33","guid":{"rendered":"http:\/\/www2.unifap.br\/pedagogia-oiapoque\/?page_id=101"},"modified":"2025-02-07T00:10:48","modified_gmt":"2025-02-07T00:10:48","slug":"sobre-o-curso","status":"publish","type":"page","link":"https:\/\/www2.unifap.br\/pedagogia-oiapoque\/sobre-o-curso\/","title":{"rendered":"Sobre o Curso"},"content":{"rendered":"\t\t<div data-elementor-type=\"wp-page\" data-elementor-id=\"101\" class=\"elementor elementor-101\">\n\t\t\t\t\t\t<section class=\"elementor-section elementor-top-section elementor-element elementor-element-30322bb7 elementor-section-boxed elementor-section-height-default elementor-section-height-default\" data-id=\"30322bb7\" data-element_type=\"section\" data-e-type=\"section\">\n\t\t\t\t\t\t<div class=\"elementor-container elementor-column-gap-default\">\n\t\t\t\t\t<div class=\"elementor-column elementor-col-100 elementor-top-column elementor-element elementor-element-53af2f73\" data-id=\"53af2f73\" data-element_type=\"column\" data-e-type=\"column\">\n\t\t\t<div class=\"elementor-widget-wrap elementor-element-populated\">\n\t\t\t\t\t\t<div class=\"elementor-element elementor-element-269229dd elementor-widget elementor-widget-text-editor\" data-id=\"269229dd\" data-element_type=\"widget\" data-e-type=\"widget\" data-widget_type=\"text-editor.default\">\n\t\t\t\t<div class=\"elementor-widget-container\">\n\t\t\t\t\t\t\t\t\t<p>O Curso de Licenciatura em Pedagogia, localizado no campus Binacional na cidade de Oiapoque, estado do Amap\u00e1, teve sua implementa\u00e7\u00e3o em 2013. Este curso leva em conta as particularidades de uma institui\u00e7\u00e3o situada na\u00a0 fronteira e visa cumprir suas metas ao apresentar \u00e0 comunidade acad\u00eamica e ao Campus Binacional um Projeto Pol\u00edtico-Pedag\u00f3gico (PPC) que promova a interdisciplinaridade entre os cursos e disciplinas, al\u00e9m das pesquisas e extens\u00f5es. De maneira complementar, busca estabelecer parcerias com outras institui\u00e7\u00f5es.<\/p><p>\u00a0<\/p><p><strong>Identifica\u00e7\u00e3o:<\/strong> curso de gradua\u00e7\u00e3o em Pedagogia.<\/p><p><strong>\u00c1rea:<\/strong> Ci\u00eancias Humanas.<\/p><p><strong>Cria\u00e7\u00e3o do curso:<\/strong> 2013.<\/p><p><strong>Curr\u00edculo:<\/strong> 2013.<\/p><p><strong>Campus:<\/strong> Binacional Oiapoque.<\/p><p><strong>Local:<\/strong> Oiapoque-AP.<\/p><p><strong>Formas de ingresso:<\/strong> atrav\u00e9s de Processo Seletivo, considerando as normas estabelecidas pela Universidade Federal do Amap\u00e1 (UNIFAP). Tem como pr\u00e9-requisito o t\u00e9rmino do Ensino M\u00e9dio da Educa\u00e7\u00e3o B\u00e1sica.<\/p><p><strong>Vagas autorizadas anualmente:<\/strong> 50 (cinquenta).<\/p><p><strong>Integraliza\u00e7\u00e3o m\u00ednima:<\/strong> 08 (oito) semestres.<\/p><p><strong>Carga hor\u00e1ria m\u00ednima:<\/strong> 4.655 (quatro mil, seiscentos e cinquenta e cinco) horas.<\/p><p><strong>Turno de oferta:<\/strong> noturno.<\/p><p><strong>Modalidade de oferta:<\/strong> presencial, com disciplinas organizadas em per\u00edodos semestrais.<\/p><p><strong>Habilita\u00e7\u00e3o:<\/strong> doc\u00eancia na educa\u00e7\u00e3o infantil e nos anos iniciais do ensino fundamental, bem como nas \u00e1reas previstas nos termos do Art. 64 da Lei N. 9.394\/1996 e do Art. 14 da Resolu\u00e7\u00e3o CNE\/CP N. 1\/2006.<\/p><p><strong>Titula\u00e7\u00e3o:<\/strong> graduado em Pedagogia.<\/p><p><strong>Perfil do egresso:<\/strong> deve contemplar um profissional habilitado para desenvolver a\u00e7\u00f5es educativas de ensino, pesquisa e extens\u00e3o em ambientes escolares e n\u00e3o escolares, nos quais estejam previstos conhecimentos pedag\u00f3gicos. A forma\u00e7\u00e3o desse profissional deve ser entendida como resultante de um curso voltado para a investiga\u00e7\u00e3o dos problemas gerais das institui\u00e7\u00f5es escolares e seus agentes sociais. Nesse sentido, o curso, tamb\u00e9m, prop\u00f5e-se a oferecer uma inicia\u00e7\u00e3o \u00e0 atividade investigativa e cr\u00edtica da pr\u00e1tica, da cultura e do saber escolar necess\u00e1rio \u00e0 forma\u00e7\u00e3o de um profissional preparado para enfrentar os desafios de uma sociedade com demandas educacionais complexas e em cont\u00ednua mudan\u00e7a.<\/p><p><strong>Campos de atua\u00e7\u00e3o:<\/strong> as Diretrizes Curriculares Nacionais para o Curso de Pedagogia (2006) apontam para tr\u00eas abrang\u00eancias:<br \/>1) a doc\u00eancia, para exerc\u00edcio na Educa\u00e7\u00e3o Infantil, nos anos iniciais do Ensino Fundamental e nas disciplinas pedag\u00f3gicas do curso de Ensino M\u00e9dio na modalidade Normal;<br \/>2) a produ\u00e7\u00e3o e da difus\u00e3o do conhecimento cient\u00edfico e tecnol\u00f3gico do campo educacional; e<br \/>3) a gest\u00e3o educacional, entendida como perspectiva democr\u00e1tica, que integra as diversas atua\u00e7\u00f5es e fun\u00e7\u00f5es do trabalho pedag\u00f3gico e de processos educativos escolares e n\u00e3o escolares, especialmente no que tange ao planejamento, \u00e0 administra\u00e7\u00e3o, \u00e0 coordena\u00e7\u00e3o, ao acompanhamento, \u00e0 avalia\u00e7\u00e3o de planos e de projetos pedag\u00f3gicos, bem como na an\u00e1lise, formula\u00e7\u00e3o, implementa\u00e7\u00e3o, acompanhamento e avalia\u00e7\u00e3o de pol\u00edticas p\u00fablicas e institucionais na \u00e1rea da educa\u00e7\u00e3o.<\/p><p>Informa\u00e7\u00f5es mais detalhadas podem ser visualizadas no Projeto Pedag\u00f3gico do Curso (PPC) vigente. Este PPC se encontra em &#8220;Matriz Curricular (Grade)&#8221;, na aba &#8220;Ensino&#8221;.<\/p><p><strong>Informa\u00e7\u00f5es sobre processo seletivo:<\/strong> <a href=\"http:\/\/depsec.unifap.br\/\">http:\/\/depsec.unifap.br\/<\/a><\/p><p style=\"text-align: right\">Atualizado em: 01\/12\/2015<\/p><p>\u00a0<\/p>\t\t\t\t\t\t\t\t<\/div>\n\t\t\t\t<\/div>\n\t\t\t\t\t<\/div>\n\t\t<\/div>\n\t\t\t\t\t<\/div>\n\t\t<\/section>\n\t\t\t\t<\/div>\n\t\t","protected":false},"excerpt":{"rendered":"<p>O Curso de Licenciatura em Pedagogia, localizado no campus Binacional na cidade de Oiapoque, estado do Amap\u00e1, teve sua implementa\u00e7\u00e3o em 2013. Este curso leva em conta as particularidades de uma institui\u00e7\u00e3o situada na\u00a0 fronteira e visa cumprir suas metas&hellip; <\/p>\n<p><a href=\"https:\/\/www2.unifap.br\/pedagogia-oiapoque\/sobre-o-curso\/\" class=\"readmore-button\">Continue Reading<\/a><\/p>\n","protected":false},"author":829,"featured_media":0,"parent":0,"menu_order":1,"comment_status":"open","ping_status":"closed","template":"","meta":{"inline_featured_image":false,"ngg_post_thumbnail":0,"footnotes":""},"class_list":["post-101","page","type-page","status-publish","hentry"],"_links":{"self":[{"href":"https:\/\/www2.unifap.br\/pedagogia-oiapoque\/wp-json\/wp\/v2\/pages\/101","targetHints":{"allow":["GET"]}}],"collection":[{"href":"https:\/\/www2.unifap.br\/pedagogia-oiapoque\/wp-json\/wp\/v2\/pages"}],"about":[{"href":"https:\/\/www2.unifap.br\/pedagogia-oiapoque\/wp-json\/wp\/v2\/types\/page"}],"author":[{"embeddable":true,"href":"https:\/\/www2.unifap.br\/pedagogia-oiapoque\/wp-json\/wp\/v2\/users\/829"}],"replies":[{"embeddable":true,"href":"https:\/\/www2.unifap.br\/pedagogia-oiapoque\/wp-json\/wp\/v2\/comments?post=101"}],"version-history":[{"count":41,"href":"https:\/\/www2.unifap.br\/pedagogia-oiapoque\/wp-json\/wp\/v2\/pages\/101\/revisions"}],"predecessor-version":[{"id":2066,"href":"https:\/\/www2.unifap.br\/pedagogia-oiapoque\/wp-json\/wp\/v2\/pages\/101\/revisions\/2066"}],"wp:attachment":[{"href":"https:\/\/www2.unifap.br\/pedagogia-oiapoque\/wp-json\/wp\/v2\/media?parent=101"}],"curies":[{"name":"wp","href":"https:\/\/api.w.org\/{rel}","templated":true}]}}