{"id":1040,"date":"2016-03-16T23:00:18","date_gmt":"2016-03-16T23:00:18","guid":{"rendered":"http:\/\/www2.unifap.br\/pedagogia-oiapoque\/?page_id=1040"},"modified":"2024-10-10T18:33:10","modified_gmt":"2024-10-10T18:33:10","slug":"coordenacao-de-tcc","status":"publish","type":"page","link":"https:\/\/www2.unifap.br\/pedagogia-oiapoque\/sobre-o-curso\/coordenacoes\/coordenacao-de-tcc\/","title":{"rendered":"Coordena\u00e7\u00e3o de TCC"},"content":{"rendered":"<p><strong>ORGANIZA\u00c7\u00c3O DO TRABALHO DE CONCLUS\u00c3O DE CURSO<\/strong><\/p>\n<p>O Trabalho de Conclus\u00e3o de Curso (TCC) tem como eixo norteador da constru\u00e7\u00e3o do conhecimento acad\u00eamico vinculado a pesquisa. \u00c9 uma disciplina obrigat\u00f3ria para os cursos de gradua\u00e7\u00e3o, que tem como objetivo prover inicia\u00e7\u00e3o em atividades de pesquisa, viabilizando a rela\u00e7\u00e3o integradora e transformadora entre os saberes apropriados pelos acad\u00eamicos durante a realiza\u00e7\u00e3o do Curso.<\/p>\n<p>O Conselho Nacional de Educa\u00e7\u00e3o, no corpo do Parecer N. 9, de 08 de maio de 2001, caracteriza a pesquisa como elemento indispens\u00e1vel para a forma\u00e7\u00e3o do professor. Portanto, Trabalho de Conclus\u00e3o de Curso articulados as demais disciplinas que envolvem os fundamentos da pesquisa s\u00e3o indispens\u00e1veis para concretizar a pesquisa como princ\u00edpio educativo, conforme preconiza este Projeto Pedag\u00f3gico.<\/p>\n<p>Conforme estabelece a RESOLU\u00c7\u00c3O n\u00ba 11\/2008 \u2013 CONSU\/UNIFAP, que versa no seu Art. 2\u00ba Consideram-se como modalidades de TCC:<br \/>\nI Monografia: g\u00eanero textual\/discursivo da esfera acad\u00eamica de acordo com os par\u00e2metros da Associa\u00e7\u00e3o Brasileira de Normas T\u00e9cnicas (ABNT);<br \/>\nII Produ\u00e7\u00f5es Diversas: artigo cient\u00edfico, relat\u00f3rio t\u00e9cnico, portfolio, projeto e\/ou plano t\u00e9cnico, produ\u00e7\u00e3o de v\u00eddeo, cria\u00e7\u00e3o e\/ou exposi\u00e7\u00e3o de arte, filme, prot\u00f3tipo, invento e similares, na \u00e1rea de abrang\u00eancia de cada Curso.<\/p>\n<p>Nesse sentido, o Curso de Pedagogia poder\u00e1 adotar, a partir da an\u00e1lise do seu colegiado e com base neste Projeto Pedag\u00f3gico a modalidade de TCC mais adequada a ser desenvolvida pelos acad\u00eamicos.<\/p>\n<p>Informa\u00e7\u00e3o contida no <a href=\"http:\/\/www2.unifap.br\/pedagogia-oiapoque\/files\/2015\/11\/PPC-Pedagogia_Processo_23125.002657_2013_23.docx\">Projeto Pedag\u00f3gico do Curso (PPC)<\/a> vigente.<\/p>\n<p><strong>Coordenador:<\/strong> Prof. Mestre Fredson Vulc\u00e3o&nbsp;<br \/>\nAprovado em Ata de reuni\u00e3o de Colegiado do dia 13\/01\/2016, p. 2, l. 49-51.<\/p>\n<p style=\"text-align: right\">Atualizado em: 11\/02\/2016<\/p>\n","protected":false},"excerpt":{"rendered":"<p>ORGANIZA\u00c7\u00c3O DO TRABALHO DE CONCLUS\u00c3O DE CURSO O Trabalho de Conclus\u00e3o de Curso (TCC) tem como eixo norteador da constru\u00e7\u00e3o do conhecimento acad\u00eamico vinculado a pesquisa. \u00c9 uma disciplina obrigat\u00f3ria para os cursos de gradua\u00e7\u00e3o, que tem como objetivo prover&hellip; <\/p>\n<p><a href=\"https:\/\/www2.unifap.br\/pedagogia-oiapoque\/sobre-o-curso\/coordenacoes\/coordenacao-de-tcc\/\" class=\"readmore-button\">Continue Reading<\/a><\/p>\n","protected":false},"author":829,"featured_media":0,"parent":246,"menu_order":5,"comment_status":"open","ping_status":"open","template":"","meta":{"inline_featured_image":false,"ngg_post_thumbnail":0,"footnotes":""},"class_list":["post-1040","page","type-page","status-publish","hentry"],"_links":{"self":[{"href":"https:\/\/www2.unifap.br\/pedagogia-oiapoque\/wp-json\/wp\/v2\/pages\/1040","targetHints":{"allow":["GET"]}}],"collection":[{"href":"https:\/\/www2.unifap.br\/pedagogia-oiapoque\/wp-json\/wp\/v2\/pages"}],"about":[{"href":"https:\/\/www2.unifap.br\/pedagogia-oiapoque\/wp-json\/wp\/v2\/types\/page"}],"author":[{"embeddable":true,"href":"https:\/\/www2.unifap.br\/pedagogia-oiapoque\/wp-json\/wp\/v2\/users\/829"}],"replies":[{"embeddable":true,"href":"https:\/\/www2.unifap.br\/pedagogia-oiapoque\/wp-json\/wp\/v2\/comments?post=1040"}],"version-history":[{"count":8,"href":"https:\/\/www2.unifap.br\/pedagogia-oiapoque\/wp-json\/wp\/v2\/pages\/1040\/revisions"}],"predecessor-version":[{"id":1894,"href":"https:\/\/www2.unifap.br\/pedagogia-oiapoque\/wp-json\/wp\/v2\/pages\/1040\/revisions\/1894"}],"up":[{"embeddable":true,"href":"https:\/\/www2.unifap.br\/pedagogia-oiapoque\/wp-json\/wp\/v2\/pages\/246"}],"wp:attachment":[{"href":"https:\/\/www2.unifap.br\/pedagogia-oiapoque\/wp-json\/wp\/v2\/media?parent=1040"}],"curies":[{"name":"wp","href":"https:\/\/api.w.org\/{rel}","templated":true}]}}