{"id":114,"date":"2015-11-11T20:38:59","date_gmt":"2015-11-11T20:38:59","guid":{"rendered":"http:\/\/www2.unifap.br\/pedagogia-oiapoque\/?page_id=114"},"modified":"2016-04-06T14:03:48","modified_gmt":"2016-04-06T14:03:48","slug":"oferta-de-materias","status":"publish","type":"page","link":"https:\/\/www2.unifap.br\/pedagogia-oiapoque\/ensino\/oferta-de-materias\/","title":{"rendered":"Oferta de Mat\u00e9rias"},"content":{"rendered":"<p>Prezados alunos,<\/p>\n<p>As mat\u00e9rias ofertadas para o per\u00edodo letivo 2015.2 se encontram abaixo, em seus respectivos semestres:<\/p>\n<p>&nbsp;<\/p>\n<p><strong>1\u00ba semestre:<\/strong><\/p>\n<table width=\"1166\" border=\"0\" cellspacing=\"0\" cellpadding=\"0\">\n<col width=\"83\" \/>\n<col width=\"181\" \/>\n<col width=\"180\" \/>\n<col width=\"181\" \/>\n<col width=\"180\" \/>\n<col width=\"179\" \/>\n<col width=\"181\" \/>\n<tbody>\n<tr>\n<td style=\"text-align: center\" width=\"83\" height=\"33\">AULA<\/td>\n<td style=\"text-align: center\" width=\"181\">SEGUNDA<\/td>\n<td style=\"text-align: center\" width=\"180\">TER\u00c7A<\/td>\n<td style=\"text-align: center\" width=\"181\">QUARTA<\/td>\n<td style=\"text-align: center\" width=\"180\">QUINTA<\/td>\n<td style=\"text-align: center\" width=\"179\">SEXTA<\/td>\n<td style=\"text-align: center\" width=\"181\">S\u00c1BADO<\/td>\n<\/tr>\n<tr>\n<td style=\"text-align: center\" width=\"83\" height=\"23\">18:10 \u2013 19:00<\/td>\n<td width=\"181\">\n<p style=\"text-align: center\"><a href=\"http:\/\/www2.unifap.br\/pedagogia-oiapoque\/files\/2015\/11\/1ED1111-Plano_Ensino.pdf\">ED1111 Hist\u00f3ria da Pedagogia (90h) <\/a><\/p>\n<p style=\"text-align: center\">PROF. ADEMAR SANTOS<\/p>\n<\/td>\n<td width=\"180\">\n<p style=\"text-align: center\"><a href=\"http:\/\/www2.unifap.br\/pedagogia-oiapoque\/files\/2015\/11\/1ED1112-Plano_Ensino.pdf\">ED1112 Hist\u00f3ria da Educa\u00e7\u00e3o (90h) <\/a><\/p>\n<p style=\"text-align: center\">PROF. ADEMAR SANTOS<\/p>\n<\/td>\n<td style=\"text-align: center\" width=\"181\"><a href=\"http:\/\/www2.unifap.br\/pedagogia-oiapoque\/files\/2015\/11\/1ED1113-Plano_Ensino.pdf\">ED1113 Sociologia da Educa\u00e7\u00e3o (90h) <\/a><\/p>\n<p style=\"text-align: center\">PROFA. DORALICE ALVES<\/p>\n<\/td>\n<td style=\"text-align: center\" width=\"180\"><a href=\"http:\/\/www2.unifap.br\/pedagogia-oiapoque\/files\/2015\/11\/1ED1114-Plano_Ensino.pdf\">ED1114 Antropologia e Educa\u00e7\u00e3o (90h) <\/a><\/p>\n<p style=\"text-align: center\">PROFA. DORALICE ALVES<\/p>\n<\/td>\n<td style=\"text-align: center\" width=\"179\"><a href=\"http:\/\/www2.unifap.br\/pedagogia-oiapoque\/files\/2015\/11\/ED1116-Metodologia-do-Trabalho-Cient\u00edfico.pdf\">ED1116 Metodologia do Trabalho Cient\u00edfico (60h)<\/a>PROF. M\u00c1RIO NETO<\/td>\n<td style=\"text-align: center\" width=\"181\"><a href=\"http:\/\/www2.unifap.br\/pedagogia-oiapoque\/files\/2015\/11\/1ED1115-Plano_Ensino.pdf\">ED1115 Filosofia da Educa\u00e7\u00e3o (90h) <\/a><\/p>\n<p style=\"text-align: center\">PROFA. DORALICE ALVES<\/p>\n<\/td>\n<\/tr>\n<tr>\n<td style=\"text-align: center\" width=\"83\" height=\"15\">19:00 \u2013 19:50<\/td>\n<td style=\"text-align: center\" width=\"181\"><a href=\"http:\/\/www2.unifap.br\/pedagogia-oiapoque\/files\/2015\/11\/1ED1111-Plano_Ensino.pdf\">ED1111 Hist\u00f3ria da Pedagogia (90h)<\/a>PROF. ADEMAR SANTOS<\/td>\n<td style=\"text-align: center\" width=\"180\"><a href=\"http:\/\/www2.unifap.br\/pedagogia-oiapoque\/files\/2015\/11\/1ED1112-Plano_Ensino.pdf\">ED1112 Hist\u00f3ria da Educa\u00e7\u00e3o (90h)<\/a>PROF. ADEMAR SANTOS<\/td>\n<td style=\"text-align: center\" width=\"181\"><a href=\"http:\/\/www2.unifap.br\/pedagogia-oiapoque\/files\/2015\/11\/1ED1113-Plano_Ensino.pdf\">ED1113 Sociologia da Educa\u00e7\u00e3o (90h) <\/a><\/p>\n<p style=\"text-align: center\">PROFA. DORALICE ALVES<\/p>\n<\/td>\n<td style=\"text-align: center\" width=\"180\"><a href=\"http:\/\/www2.unifap.br\/pedagogia-oiapoque\/files\/2015\/11\/1ED1114-Plano_Ensino.pdf\">ED1114 Antropologia e Educa\u00e7\u00e3o (90h) <\/a><\/p>\n<p style=\"text-align: center\">PROFA. DORALICE ALVES<\/p>\n<\/td>\n<td style=\"text-align: center\" width=\"179\"><a href=\"http:\/\/www2.unifap.br\/pedagogia-oiapoque\/files\/2015\/11\/ED1116-Metodologia-do-Trabalho-Cient\u00edfico.pdf\">ED1116 Metodologia do Trabalho Cient\u00edfico (60h)<\/a>PROF. M\u00c1RIO NETO<\/td>\n<td style=\"text-align: center\" width=\"181\"><a href=\"http:\/\/www2.unifap.br\/pedagogia-oiapoque\/files\/2015\/11\/1ED1115-Plano_Ensino.pdf\">ED1115 Filosofia da Educa\u00e7\u00e3o (90h) <\/a><\/p>\n<p style=\"text-align: center\">PROFA. DORALICE ALVES<\/p>\n<\/td>\n<\/tr>\n<tr>\n<td style=\"text-align: center\" width=\"83\" height=\"27\">19:50 \u2013 20:40<\/td>\n<td style=\"text-align: center\" width=\"181\"><a href=\"http:\/\/www2.unifap.br\/pedagogia-oiapoque\/files\/2015\/11\/1ED1111-Plano_Ensino.pdf\">ED1111 Hist\u00f3ria da Pedagogia (90h)<\/a>PROF. ADEMAR SANTOS<\/td>\n<td style=\"text-align: center\" width=\"180\"><a href=\"http:\/\/www2.unifap.br\/pedagogia-oiapoque\/files\/2015\/11\/1ED1112-Plano_Ensino.pdf\">ED1112 Hist\u00f3ria da Educa\u00e7\u00e3o (90h)<\/a>PROF. ADEMAR SANTOS<\/td>\n<td style=\"text-align: center\" width=\"181\"><a href=\"http:\/\/www2.unifap.br\/pedagogia-oiapoque\/files\/2015\/11\/1ED1113-Plano_Ensino.pdf\">ED1113 Sociologia da Educa\u00e7\u00e3o (90h) <\/a><\/p>\n<p style=\"text-align: center\">PROFA. DORALICE ALVES<\/p>\n<\/td>\n<td style=\"text-align: center\" width=\"180\"><a href=\"http:\/\/www2.unifap.br\/pedagogia-oiapoque\/files\/2015\/11\/1ED1114-Plano_Ensino.pdf\">ED1114 Antropologia e Educa\u00e7\u00e3o (90h) <\/a><\/p>\n<p style=\"text-align: center\">PROFA. DORALICE ALVES<\/p>\n<\/td>\n<td style=\"text-align: center\" width=\"179\"><a href=\"http:\/\/www2.unifap.br\/pedagogia-oiapoque\/files\/2015\/11\/ED1116-Metodologia-do-Trabalho-Cient\u00edfico.pdf\">ED1116 Metodologia do Trabalho Cient\u00edfico (60h)<\/a>PROF. M\u00c1RIO NETO<\/td>\n<td style=\"text-align: center\" width=\"181\"><a href=\"http:\/\/www2.unifap.br\/pedagogia-oiapoque\/files\/2015\/11\/1ED1115-Plano_Ensino.pdf\">ED1115 Filosofia da Educa\u00e7\u00e3o (90h) <\/a><\/p>\n<p style=\"text-align: center\">PROFA. DORALICE ALVES<\/p>\n<\/td>\n<\/tr>\n<tr>\n<td style=\"text-align: center\" width=\"83\" height=\"22\">21:00 \u2013 20:50<\/td>\n<td style=\"text-align: center\" width=\"181\"><a href=\"http:\/\/www2.unifap.br\/pedagogia-oiapoque\/files\/2015\/11\/1ED1111-Plano_Ensino.pdf\">ED1111 Hist\u00f3ria da Pedagogia (90h)<\/a>PROF. ADEMAR SANTOS<\/td>\n<td style=\"text-align: center\" width=\"180\"><a href=\"http:\/\/www2.unifap.br\/pedagogia-oiapoque\/files\/2015\/11\/1ED1112-Plano_Ensino.pdf\">ED1112 Hist\u00f3ria da Educa\u00e7\u00e3o (90h)<\/a>PROF. ADEMAR SANTOS<\/td>\n<td style=\"text-align: center\" width=\"181\"><a href=\"http:\/\/www2.unifap.br\/pedagogia-oiapoque\/files\/2015\/11\/1ED1113-Plano_Ensino.pdf\">ED1113 Sociologia da Educa\u00e7\u00e3o (90h) <\/a><\/p>\n<p style=\"text-align: center\">PROFA. DORALICE ALVES<\/p>\n<\/td>\n<td style=\"text-align: center\" width=\"180\"><a href=\"http:\/\/www2.unifap.br\/pedagogia-oiapoque\/files\/2015\/11\/1ED1114-Plano_Ensino.pdf\">ED1114 Antropologia e Educa\u00e7\u00e3o (90h) <\/a><\/p>\n<p style=\"text-align: center\">PROFA. DORALICE ALVES<\/p>\n<\/td>\n<td width=\"179\">\n<p style=\"text-align: center\"><a href=\"http:\/\/www2.unifap.br\/pedagogia-oiapoque\/files\/2015\/11\/ED1116-Metodologia-do-Trabalho-Cient\u00edfico.pdf\">ED1116 Metodologia do Trabalho Cient\u00edfico (60h) <\/a><\/p>\n<p style=\"text-align: center\">PROF. M\u00c1RIO NETO<\/p>\n<\/td>\n<td style=\"text-align: center\" width=\"181\"><a href=\"http:\/\/www2.unifap.br\/pedagogia-oiapoque\/files\/2015\/11\/1ED1115-Plano_Ensino.pdf\">ED1115 Filosofia da Educa\u00e7\u00e3o (90h) <\/a><\/p>\n<p style=\"text-align: center\">PROFA. DORALICE ALVES<\/p>\n<\/td>\n<\/tr>\n<tr>\n<td style=\"text-align: center\" width=\"83\" height=\"45\">21:50 \u2013 22:40<\/td>\n<td style=\"text-align: center\" width=\"181\"><a href=\"http:\/\/www2.unifap.br\/pedagogia-oiapoque\/files\/2015\/11\/1ED1111-Plano_Ensino.pdf\">ED1111 Hist\u00f3ria da Pedagogia (90h)<\/a>PROF. ADEMAR SANTOS<\/td>\n<td style=\"text-align: center\" width=\"180\"><a href=\"http:\/\/www2.unifap.br\/pedagogia-oiapoque\/files\/2015\/11\/1ED1112-Plano_Ensino.pdf\">ED1112 Hist\u00f3ria da Educa\u00e7\u00e3o (90h)<\/a>PROF. ADEMAR SANTOS<\/td>\n<td style=\"text-align: center\" width=\"181\"><a href=\"http:\/\/www2.unifap.br\/pedagogia-oiapoque\/files\/2015\/11\/1ED1113-Plano_Ensino.pdf\">ED1113 Sociologia da Educa\u00e7\u00e3o (90h) <\/a><\/p>\n<p style=\"text-align: center\">PROFA. DORALICE ALVES<\/p>\n<\/td>\n<td style=\"text-align: center\" width=\"180\"><a href=\"http:\/\/www2.unifap.br\/pedagogia-oiapoque\/files\/2015\/11\/1ED1114-Plano_Ensino.pdf\">ED1114 Antropologia e Educa\u00e7\u00e3o (90h) <\/a><\/p>\n<p style=\"text-align: center\">PROFA. DORALICE ALVES<\/p>\n<\/td>\n<td style=\"text-align: center\" width=\"179\">\n<p style=\"text-align: center\"><a href=\"http:\/\/www2.unifap.br\/pedagogia-oiapoque\/files\/2015\/11\/ED1116-Metodologia-do-Trabalho-Cient\u00edfico.pdf\">ED1116 Metodologia do Trabalho Cient\u00edfico (60h) <\/a><\/p>\n<p style=\"text-align: center\">PROF. M\u00c1RIO NETO<\/p>\n<\/td>\n<td style=\"text-align: center\" width=\"181\"><a href=\"http:\/\/www2.unifap.br\/pedagogia-oiapoque\/files\/2015\/11\/1ED1115-Plano_Ensino.pdf\">ED1115 Filosofia da Educa\u00e7\u00e3o (90h) <\/a><\/p>\n<p style=\"text-align: center\">PROFA. DORALICE ALVES<\/p>\n<\/td>\n<\/tr>\n<\/tbody>\n<\/table>\n<p>&nbsp;<\/p>\n<p><strong>3\u00ba semestre:<\/strong><\/p>\n<table width=\"1195\" border=\"0\" cellspacing=\"0\" cellpadding=\"0\">\n<col width=\"83\" \/>\n<col width=\"171\" \/>\n<col width=\"173\" \/>\n<col width=\"189\" \/>\n<col width=\"245\" \/>\n<col width=\"155\" \/>\n<col width=\"179\" \/>\n<tbody>\n<tr>\n<td style=\"text-align: center\" width=\"83\" height=\"33\">AULA<\/td>\n<td style=\"text-align: center\" width=\"171\">SEGUNDA<\/td>\n<td style=\"text-align: center\" width=\"173\">TER\u00c7A<\/td>\n<td style=\"text-align: center\" width=\"189\">QUARTA<\/td>\n<td style=\"text-align: center\" width=\"245\">QUINTA<\/td>\n<td width=\"155\">SEXTA<\/td>\n<td width=\"179\">S\u00c1BADO<\/td>\n<\/tr>\n<tr>\n<td style=\"text-align: center\" width=\"83\" height=\"15\">19:00 \u2013 19:50<\/td>\n<td style=\"text-align: center\" width=\"171\">ED0582 Avalia\u00e7\u00e3o Educacional (60h)PROF. ZAQUEU MAIA<\/td>\n<td style=\"text-align: center\" width=\"173\">ED0183 Planejamento Educacional (60h)PROF. ZAQUEU MAIA<\/td>\n<td style=\"text-align: center\" width=\"189\">ED1126 Teoria e Pr\u00e1tica do Ensino na Educa\u00e7\u00e3o Infantil (60h)PROFA. K\u00c1TIA LIRA<\/td>\n<td style=\"text-align: center\" width=\"245\">ED1125 Concep\u00e7\u00e3o de Curr\u00edculo na Educa\u00e7\u00e3o Infantil e no Ensino Fundamental (60h)PROFA. K\u00c1TIA LIRA<\/td>\n<td style=\"text-align: center\" width=\"155\">ED1127 Alfabetiza\u00e7\u00e3o e Letramento (60h)PROFA. K\u00c1TIA LIRA<\/td>\n<td style=\"text-align: center\" width=\"179\"><a href=\"http:\/\/www2.unifap.br\/pedagogia-oiapoque\/files\/2015\/11\/3ED1124-Plano_Ensino.pdf\">ED1124 Pr\u00e1tica Pedag\u00f3gica II (105)<\/a><\/p>\n<p>PROF. ADEMAR SANTOS<\/td>\n<\/tr>\n<tr>\n<td style=\"text-align: center\" width=\"83\" height=\"27\">19:50 \u2013 20:40<\/td>\n<td style=\"text-align: center\" width=\"171\">ED0582 Avalia\u00e7\u00e3o Educacional (60h)PROF. ZAQUEU MAIA<\/td>\n<td style=\"text-align: center\" width=\"173\">ED0183 Planejamento Educacional (60h)PROF. ZAQUEU MAIA<\/td>\n<td style=\"text-align: center\" width=\"189\">ED1126 Teoria e Pr\u00e1tica do Ensino na Educa\u00e7\u00e3o Infantil (60h)PROFA. K\u00c1TIA LIRA<\/td>\n<td style=\"text-align: center\" width=\"245\">ED1125 Concep\u00e7\u00e3o de Curr\u00edculo na Educa\u00e7\u00e3o Infantil e no Ensino Fundamental (60h)PROFA. K\u00c1TIA LIRA<\/td>\n<td style=\"text-align: center\" width=\"155\">ED1127 Alfabetiza\u00e7\u00e3o e Letramento (60h)PROFA. K\u00c1TIA LIRA<\/td>\n<td style=\"text-align: center\" width=\"179\"><a href=\"http:\/\/www2.unifap.br\/pedagogia-oiapoque\/files\/2015\/11\/3ED1124-Plano_Ensino.pdf\">ED1124 Pr\u00e1tica Pedag\u00f3gica II (105)<\/a><\/p>\n<p>PROF. ADEMAR SANTOS<\/td>\n<\/tr>\n<tr>\n<td style=\"text-align: center\" width=\"83\" height=\"22\">21:00 \u2013 20:50<\/td>\n<td style=\"text-align: center\" width=\"171\">ED0582 Avalia\u00e7\u00e3o Educacional (60h)PROF. ZAQUEU MAIA<\/td>\n<td style=\"text-align: center\" width=\"173\">ED0183 Planejamento Educacional (60h)PROF. ZAQUEU MAIA<\/td>\n<td style=\"text-align: center\" width=\"189\">ED1126 Teoria e Pr\u00e1tica do Ensino na Educa\u00e7\u00e3o Infantil (60h)PROFA. K\u00c1TIA LIRA<\/td>\n<td style=\"text-align: center\" width=\"245\">ED1125 Concep\u00e7\u00e3o de Curr\u00edculo na Educa\u00e7\u00e3o Infantil e no Ensino Fundamental (60h)PROFA. K\u00c1TIA LIRA<\/td>\n<td style=\"text-align: center\" width=\"155\">ED1127 Alfabetiza\u00e7\u00e3o e Letramento (60h)PROFA. K\u00c1TIA LIRA<\/td>\n<td style=\"text-align: center\" width=\"179\"><a href=\"http:\/\/www2.unifap.br\/pedagogia-oiapoque\/files\/2015\/11\/3ED1124-Plano_Ensino.pdf\">ED1124 Pr\u00e1tica Pedag\u00f3gica II (105)<\/a><\/p>\n<p>PROF. ADEMAR SANTOS<\/td>\n<\/tr>\n<tr>\n<td style=\"text-align: center\" width=\"83\" height=\"22\">21:50 \u2013 22:40<\/td>\n<td style=\"text-align: center\" width=\"171\">ED0582 Avalia\u00e7\u00e3o Educacional (60h)PROF. ZAQUEU MAIA<\/td>\n<td style=\"text-align: center\" width=\"173\">ED0183 Planejamento Educacional (60h)PROF. ZAQUEU MAIA<\/td>\n<td style=\"text-align: center\" width=\"189\">ED1126 Teoria e Pr\u00e1tica do Ensino na Educa\u00e7\u00e3o Infantil (60h)PROFA. K\u00c1TIA LIRA<\/td>\n<td style=\"text-align: center\" width=\"245\">ED1125 Concep\u00e7\u00e3o de Curr\u00edculo na Educa\u00e7\u00e3o Infantil e no Ensino Fundamental (60h)PROFA. K\u00c1TIA LIRA<\/td>\n<td style=\"text-align: center\" width=\"155\">ED1127 Alfabetiza\u00e7\u00e3o e Letramento (60h)PROFA. K\u00c1TIA LIRA<\/td>\n<td style=\"text-align: center\" width=\"179\"><a href=\"http:\/\/www2.unifap.br\/pedagogia-oiapoque\/files\/2015\/11\/3ED1124-Plano_Ensino.pdf\">ED1124 Pr\u00e1tica Pedag\u00f3gica II (105)<\/a><\/p>\n<p>PROF. ADEMAR SANTOS<\/td>\n<\/tr>\n<\/tbody>\n<\/table>\n<p>&nbsp;<\/p>\n<p><strong>4\u00ba semestre:<\/strong><\/p>\n<table width=\"1212\" border=\"0\" cellspacing=\"0\" cellpadding=\"0\">\n<col width=\"83\" \/>\n<col width=\"156\" \/>\n<col width=\"173\" \/>\n<col width=\"216\" \/>\n<col width=\"215\" \/>\n<col width=\"173\" \/>\n<col width=\"196\" \/>\n<tbody>\n<tr>\n<td style=\"text-align: center\" width=\"83\" height=\"33\">AULA<\/td>\n<td style=\"text-align: center\" width=\"156\">SEGUNDA<\/td>\n<td style=\"text-align: center\" width=\"173\">TER\u00c7A<\/td>\n<td style=\"text-align: center\" width=\"216\">QUARTA<\/td>\n<td style=\"text-align: center\" width=\"215\">QUINTA<\/td>\n<td style=\"text-align: center\" width=\"173\">SEXTA<\/td>\n<td style=\"text-align: center\" width=\"196\">S\u00c1BADO<\/td>\n<\/tr>\n<tr>\n<td style=\"text-align: center\" width=\"83\" height=\"15\">19:00 \u2013 19:50<\/td>\n<td style=\"text-align: center\" width=\"156\">ED1130 Educa\u00e7\u00e3o e Ludicidade (60h)PROFA. LUZILENE CRUZ<\/td>\n<td style=\"text-align: center\" width=\"173\">ED1131 Literatura Infanto-Juvenil (60h)PROFA. LUZILENE CRUZ<\/td>\n<td style=\"text-align: center\" width=\"216\">ED1132 Teoria e Pr\u00e1tica do Ensino da L\u00edngua Portuguesa (60h)PROFA. EDMILSAN CARDOSO<\/td>\n<td style=\"text-align: center\" width=\"215\">ED1133 Teoria e Pr\u00e1tica do Ensino da Matem\u00e1tica (60h)PROFA. EDMILSAN CARDOSO<\/td>\n<td style=\"text-align: center\" width=\"173\">ED1129 Pr\u00e1tica Pedag\u00f3gica III (105h)PROFA. EDMILSAN CARDOSO<\/td>\n<td style=\"text-align: center\" width=\"196\">ED1134 Est\u00e1gio Supervisionado na Educa\u00e7\u00e3o Infantil (120h)PROFA. LUZILENE CRUZ<\/td>\n<\/tr>\n<tr>\n<td style=\"text-align: center\" width=\"83\" height=\"27\">19:50 \u2013 20:40<\/td>\n<td style=\"text-align: center\" width=\"156\">ED1130 Educa\u00e7\u00e3o e Ludicidade (60h)PROFA. LUZILENE CRUZ<\/td>\n<td style=\"text-align: center\" width=\"173\">ED1131 Literatura Infanto-Juvenil (60h)PROFA. LUZILENE CRUZ<\/td>\n<td style=\"text-align: center\" width=\"216\">ED1132 Teoria e Pr\u00e1tica do Ensino da L\u00edngua Portuguesa (60h)PROFA. EDMILSAN CARDOSO<\/td>\n<td style=\"text-align: center\" width=\"215\">ED1133 Teoria e Pr\u00e1tica do Ensino da Matem\u00e1tica (60h)PROFA. EDMILSAN CARDOSO<\/td>\n<td style=\"text-align: center\" width=\"173\">ED1129 Pr\u00e1tica Pedag\u00f3gica III (105h)PROFA. EDMILSAN CARDOSO<\/td>\n<td style=\"text-align: center\" width=\"196\">ED1134 Est\u00e1gio Supervisionado na Educa\u00e7\u00e3o Infantil (120h)PROFA. LUZILENE CRUZ<\/td>\n<\/tr>\n<tr>\n<td style=\"text-align: center\" width=\"83\" height=\"22\">21:00 \u2013 20:50<\/td>\n<td style=\"text-align: center\" width=\"156\">ED1130 Educa\u00e7\u00e3o e Ludicidade (60h)PROFA. LUZILENE CRUZ<\/td>\n<td style=\"text-align: center\" width=\"173\">ED1131 Literatura Infanto-Juvenil (60h)PROFA. LUZILENE CRUZ<\/td>\n<td style=\"text-align: center\" width=\"216\">ED1132 Teoria e Pr\u00e1tica do Ensino da L\u00edngua Portuguesa (60h)PROFA. EDMILSAN CARDOSO<\/td>\n<td style=\"text-align: center\" width=\"215\">ED1133 Teoria e Pr\u00e1tica do Ensino da Matem\u00e1tica (60h)PROFA. EDMILSAN CARDOSO<\/td>\n<td style=\"text-align: center\" width=\"173\">ED1129 Pr\u00e1tica Pedag\u00f3gica III (105h)PROFA. EDMILSAN CARDOSO<\/td>\n<td style=\"text-align: center\" width=\"196\">ED1134 Est\u00e1gio Supervisionado na Educa\u00e7\u00e3o Infantil (120h)PROFA. LUZILENE CRUZ<\/td>\n<\/tr>\n<tr>\n<td style=\"text-align: center\" width=\"83\" height=\"22\">21:50 \u2013 22:40<\/td>\n<td style=\"text-align: center\" width=\"156\">ED1130 Educa\u00e7\u00e3o e Ludicidade (60h)PROFA. LUZILENE CRUZ<\/td>\n<td style=\"text-align: center\" width=\"173\">ED1131 Literatura Infanto-Juvenil (60h)PROFA. LUZILENE CRUZ<\/td>\n<td style=\"text-align: center\" width=\"216\">ED1132 Teoria e Pr\u00e1tica do Ensino da L\u00edngua Portuguesa (60h)PROFA. EDMILSAN CARDOSO<\/td>\n<td style=\"text-align: center\" width=\"215\">ED1133 Teoria e Pr\u00e1tica do Ensino da Matem\u00e1tica (60h)PROFA. EDMILSAN CARDOSO<\/td>\n<td style=\"text-align: center\" width=\"173\">ED1129 Pr\u00e1tica Pedag\u00f3gica III (105h)PROFA. EDMILSAN CARDOSO<\/td>\n<td style=\"text-align: center\" width=\"196\">ED1134 Est\u00e1gio Supervisionado na Educa\u00e7\u00e3o Infantil (120h)PROFA. LUZILENE CRUZ<\/td>\n<\/tr>\n<\/tbody>\n<\/table>\n<p>&nbsp;<\/p>\n<p>Abaixo, encontra-se a oferta de mat\u00e9rias para o per\u00edodo letivo de 2015.1 para download:<\/p>\n<p><a href=\"http:\/\/www2.unifap.br\/pedagogia-oiapoque\/files\/2015\/11\/2015.2-Oferta-de-mat\u00e9rias.pptx\">2015.2- Oferta de mat\u00e9rias<\/a><\/p>\n<p>Apesar do SIGU apresentar outros professores no ato da matr\u00edcula, esta \u00e9 a organiza\u00e7\u00e3o oficial das turmas do Curso de Pedagogia. Posteriormente, o SIGU ter\u00e1 a mesma configura\u00e7\u00e3o exposta aqui.<\/p>\n<p>Atenciosamente,<\/p>\n<p>Coordena\u00e7\u00e3o de Pedagogia<\/p>\n<p style=\"text-align: right\">Atualizado em: 28\/01\/2016<\/p>\n","protected":false},"excerpt":{"rendered":"<p>Prezados alunos, As mat\u00e9rias ofertadas para o per\u00edodo letivo 2015.2 se encontram abaixo, em seus respectivos semestres: &nbsp; 1\u00ba semestre: AULA SEGUNDA TER\u00c7A QUARTA QUINTA SEXTA S\u00c1BADO 18:10 \u2013 19:00 ED1111 Hist\u00f3ria da Pedagogia (90h) PROF. ADEMAR SANTOS ED1112 Hist\u00f3ria&hellip; <\/p>\n<p><a href=\"https:\/\/www2.unifap.br\/pedagogia-oiapoque\/ensino\/oferta-de-materias\/\" class=\"readmore-button\">Continue Reading<\/a><\/p>\n","protected":false},"author":829,"featured_media":0,"parent":119,"menu_order":2,"comment_status":"closed","ping_status":"closed","template":"","meta":{"inline_featured_image":false,"ngg_post_thumbnail":0,"footnotes":""},"class_list":["post-114","page","type-page","status-publish","hentry"],"_links":{"self":[{"href":"https:\/\/www2.unifap.br\/pedagogia-oiapoque\/wp-json\/wp\/v2\/pages\/114","targetHints":{"allow":["GET"]}}],"collection":[{"href":"https:\/\/www2.unifap.br\/pedagogia-oiapoque\/wp-json\/wp\/v2\/pages"}],"about":[{"href":"https:\/\/www2.unifap.br\/pedagogia-oiapoque\/wp-json\/wp\/v2\/types\/page"}],"author":[{"embeddable":true,"href":"https:\/\/www2.unifap.br\/pedagogia-oiapoque\/wp-json\/wp\/v2\/users\/829"}],"replies":[{"embeddable":true,"href":"https:\/\/www2.unifap.br\/pedagogia-oiapoque\/wp-json\/wp\/v2\/comments?post=114"}],"version-history":[{"count":43,"href":"https:\/\/www2.unifap.br\/pedagogia-oiapoque\/wp-json\/wp\/v2\/pages\/114\/revisions"}],"predecessor-version":[{"id":1375,"href":"https:\/\/www2.unifap.br\/pedagogia-oiapoque\/wp-json\/wp\/v2\/pages\/114\/revisions\/1375"}],"up":[{"embeddable":true,"href":"https:\/\/www2.unifap.br\/pedagogia-oiapoque\/wp-json\/wp\/v2\/pages\/119"}],"wp:attachment":[{"href":"https:\/\/www2.unifap.br\/pedagogia-oiapoque\/wp-json\/wp\/v2\/media?parent=114"}],"curies":[{"name":"wp","href":"https:\/\/api.w.org\/{rel}","templated":true}]}}