{"id":117,"date":"2015-11-12T15:21:36","date_gmt":"2015-11-12T15:21:36","guid":{"rendered":"http:\/\/www2.unifap.br\/pedagogia-oiapoque\/?page_id=117"},"modified":"2015-11-15T22:13:02","modified_gmt":"2015-11-15T22:13:02","slug":"docentes","status":"publish","type":"page","link":"https:\/\/www2.unifap.br\/pedagogia-oiapoque\/docentes\/","title":{"rendered":"Docentes"},"content":{"rendered":"<p>Prezado internauta,<\/p>\n<p>Voc\u00ea precisa escolher uma das op\u00e7\u00f5es sobre Docentes!<\/p>\n<p>Atenciosamente,<\/p>\n<p>Coordena\u00e7\u00e3o de Pedagogia<\/p>\n","protected":false},"excerpt":{"rendered":"<p>Prezado internauta, Voc\u00ea precisa escolher uma das op\u00e7\u00f5es sobre Docentes! Atenciosamente, Coordena\u00e7\u00e3o de Pedagogia<\/p>\n","protected":false},"author":829,"featured_media":0,"parent":0,"menu_order":2,"comment_status":"open","ping_status":"open","template":"","meta":{"inline_featured_image":false,"ngg_post_thumbnail":0,"footnotes":""},"class_list":["post-117","page","type-page","status-publish","hentry"],"_links":{"self":[{"href":"https:\/\/www2.unifap.br\/pedagogia-oiapoque\/wp-json\/wp\/v2\/pages\/117","targetHints":{"allow":["GET"]}}],"collection":[{"href":"https:\/\/www2.unifap.br\/pedagogia-oiapoque\/wp-json\/wp\/v2\/pages"}],"about":[{"href":"https:\/\/www2.unifap.br\/pedagogia-oiapoque\/wp-json\/wp\/v2\/types\/page"}],"author":[{"embeddable":true,"href":"https:\/\/www2.unifap.br\/pedagogia-oiapoque\/wp-json\/wp\/v2\/users\/829"}],"replies":[{"embeddable":true,"href":"https:\/\/www2.unifap.br\/pedagogia-oiapoque\/wp-json\/wp\/v2\/comments?post=117"}],"version-history":[{"count":11,"href":"https:\/\/www2.unifap.br\/pedagogia-oiapoque\/wp-json\/wp\/v2\/pages\/117\/revisions"}],"predecessor-version":[{"id":1896,"href":"https:\/\/www2.unifap.br\/pedagogia-oiapoque\/wp-json\/wp\/v2\/pages\/117\/revisions\/1896"}],"wp:attachment":[{"href":"https:\/\/www2.unifap.br\/pedagogia-oiapoque\/wp-json\/wp\/v2\/media?parent=117"}],"curies":[{"name":"wp","href":"https:\/\/api.w.org\/{rel}","templated":true}]}}