{"id":119,"date":"2015-11-12T15:37:06","date_gmt":"2015-11-12T15:37:06","guid":{"rendered":"http:\/\/www2.unifap.br\/pedagogia-oiapoque\/?page_id=119"},"modified":"2015-11-15T22:17:23","modified_gmt":"2015-11-15T22:17:23","slug":"ensino","status":"publish","type":"page","link":"https:\/\/www2.unifap.br\/pedagogia-oiapoque\/ensino\/","title":{"rendered":"Ensino"},"content":{"rendered":"<p>As Atividades de Ensino s\u00e3o mais popularmente conhecidas da maioria das pessoas. Elas proporcionam a constru\u00e7\u00e3o do conhecimento cient\u00edfico, desde o primeiro at\u00e9 o \u00faltimo semestre. Tamb\u00e9m abordam os conte\u00fados b\u00e1sicos do Curso de Pedagogia, no intuito dos estudantes poderem compreender a amplitude do mesmo.<\/p>\n<p>Posteriormente \u00e0 finaliza\u00e7\u00e3o do curso, o estudante pode ingressar em cursos de P\u00f3s-Gradua\u00e7\u00e3o no intuito de se aprofundar mais nos conhecimentos referentes a uma determinada tem\u00e1tica. Assim como outras institui\u00e7\u00f5es, a UNIFAP oferta estes referidos cursos, os quais pode ser visualizados atrav\u00e9s do seguinte endere\u00e7o: <a href=\"http:\/\/www.unifap.br\/public\/index\/posgraduacao\">http:\/\/www.unifap.br\/public\/index\/posgraduacao<\/a>.<\/p>\n<p>Para maiores informa\u00e7\u00f5es, clique em uma das op\u00e7\u00f5es sobre Ensino.<\/p>\n<p>Atenciosamente,<\/p>\n<p>Coordena\u00e7\u00e3o de Pedagogia<\/p>\n","protected":false},"excerpt":{"rendered":"<p>As Atividades de Ensino s\u00e3o mais popularmente conhecidas da maioria das pessoas. Elas proporcionam a constru\u00e7\u00e3o do conhecimento cient\u00edfico, desde o primeiro at\u00e9 o \u00faltimo semestre. Tamb\u00e9m abordam os conte\u00fados b\u00e1sicos do Curso de Pedagogia, no intuito dos estudantes poderem&hellip; <\/p>\n<p><a href=\"https:\/\/www2.unifap.br\/pedagogia-oiapoque\/ensino\/\" class=\"readmore-button\">Continue Reading<\/a><\/p>\n","protected":false},"author":829,"featured_media":0,"parent":0,"menu_order":4,"comment_status":"open","ping_status":"closed","template":"","meta":{"inline_featured_image":false,"ngg_post_thumbnail":0,"footnotes":""},"class_list":["post-119","page","type-page","status-publish","hentry"],"_links":{"self":[{"href":"https:\/\/www2.unifap.br\/pedagogia-oiapoque\/wp-json\/wp\/v2\/pages\/119","targetHints":{"allow":["GET"]}}],"collection":[{"href":"https:\/\/www2.unifap.br\/pedagogia-oiapoque\/wp-json\/wp\/v2\/pages"}],"about":[{"href":"https:\/\/www2.unifap.br\/pedagogia-oiapoque\/wp-json\/wp\/v2\/types\/page"}],"author":[{"embeddable":true,"href":"https:\/\/www2.unifap.br\/pedagogia-oiapoque\/wp-json\/wp\/v2\/users\/829"}],"replies":[{"embeddable":true,"href":"https:\/\/www2.unifap.br\/pedagogia-oiapoque\/wp-json\/wp\/v2\/comments?post=119"}],"version-history":[{"count":8,"href":"https:\/\/www2.unifap.br\/pedagogia-oiapoque\/wp-json\/wp\/v2\/pages\/119\/revisions"}],"predecessor-version":[{"id":385,"href":"https:\/\/www2.unifap.br\/pedagogia-oiapoque\/wp-json\/wp\/v2\/pages\/119\/revisions\/385"}],"wp:attachment":[{"href":"https:\/\/www2.unifap.br\/pedagogia-oiapoque\/wp-json\/wp\/v2\/media?parent=119"}],"curies":[{"name":"wp","href":"https:\/\/api.w.org\/{rel}","templated":true}]}}