{"id":125,"date":"2015-11-12T16:01:59","date_gmt":"2015-11-12T16:01:59","guid":{"rendered":"http:\/\/www2.unifap.br\/pedagogia-oiapoque\/?page_id=125"},"modified":"2015-11-15T22:19:35","modified_gmt":"2015-11-15T22:19:35","slug":"pesquisa","status":"publish","type":"page","link":"https:\/\/www2.unifap.br\/pedagogia-oiapoque\/pesquisa\/","title":{"rendered":"Pesquisa"},"content":{"rendered":"<p>Al\u00e9m das Atividades de Ensino e Extens\u00e3o, as Atividades de Pesquisa desempenham um papel fundamental na constru\u00e7\u00e3o do conhecimento cient\u00edfico. Elas permitem, dentre in\u00fameras possibilidades, inova\u00e7\u00f5es de ordem did\u00e1ticas, metodol\u00f3gicas, tecnol\u00f3gicas&#8230;; agregando cada vez mais ao processo cultural do ser humano.<\/p>\n<p>Para maiores informa\u00e7\u00f5es, clique em uma das op\u00e7\u00f5es de Pesquisa.<\/p>\n<p>Atenciosamente,<\/p>\n<p>Coordena\u00e7\u00e3o de Pedagogia<\/p>\n","protected":false},"excerpt":{"rendered":"<p>Al\u00e9m das Atividades de Ensino e Extens\u00e3o, as Atividades de Pesquisa desempenham um papel fundamental na constru\u00e7\u00e3o do conhecimento cient\u00edfico. Elas permitem, dentre in\u00fameras possibilidades, inova\u00e7\u00f5es de ordem did\u00e1ticas, metodol\u00f3gicas, tecnol\u00f3gicas&#8230;; agregando cada vez mais ao processo cultural do ser&hellip; <\/p>\n<p><a href=\"https:\/\/www2.unifap.br\/pedagogia-oiapoque\/pesquisa\/\" class=\"readmore-button\">Continue Reading<\/a><\/p>\n","protected":false},"author":829,"featured_media":0,"parent":0,"menu_order":5,"comment_status":"open","ping_status":"closed","template":"","meta":{"inline_featured_image":false,"ngg_post_thumbnail":0,"footnotes":""},"class_list":["post-125","page","type-page","status-publish","hentry"],"_links":{"self":[{"href":"https:\/\/www2.unifap.br\/pedagogia-oiapoque\/wp-json\/wp\/v2\/pages\/125","targetHints":{"allow":["GET"]}}],"collection":[{"href":"https:\/\/www2.unifap.br\/pedagogia-oiapoque\/wp-json\/wp\/v2\/pages"}],"about":[{"href":"https:\/\/www2.unifap.br\/pedagogia-oiapoque\/wp-json\/wp\/v2\/types\/page"}],"author":[{"embeddable":true,"href":"https:\/\/www2.unifap.br\/pedagogia-oiapoque\/wp-json\/wp\/v2\/users\/829"}],"replies":[{"embeddable":true,"href":"https:\/\/www2.unifap.br\/pedagogia-oiapoque\/wp-json\/wp\/v2\/comments?post=125"}],"version-history":[{"count":3,"href":"https:\/\/www2.unifap.br\/pedagogia-oiapoque\/wp-json\/wp\/v2\/pages\/125\/revisions"}],"predecessor-version":[{"id":387,"href":"https:\/\/www2.unifap.br\/pedagogia-oiapoque\/wp-json\/wp\/v2\/pages\/125\/revisions\/387"}],"wp:attachment":[{"href":"https:\/\/www2.unifap.br\/pedagogia-oiapoque\/wp-json\/wp\/v2\/media?parent=125"}],"curies":[{"name":"wp","href":"https:\/\/api.w.org\/{rel}","templated":true}]}}