{"id":127,"date":"2015-11-12T16:09:37","date_gmt":"2015-11-12T16:09:37","guid":{"rendered":"http:\/\/www2.unifap.br\/pedagogia-oiapoque\/?page_id=127"},"modified":"2015-11-16T02:30:17","modified_gmt":"2015-11-16T02:30:17","slug":"extensao","status":"publish","type":"page","link":"https:\/\/www2.unifap.br\/pedagogia-oiapoque\/extensao\/","title":{"rendered":"Extens\u00e3o"},"content":{"rendered":"<p>Al\u00e9m das Atividades de Ensino e Pesquisa, as Atividades de Extens\u00e3o possibilitam prioritariamente um retorno dos resultados da constru\u00e7\u00e3o do conhecimento cient\u00edfico obtida no meio acad\u00eamico para a sociedade em geral. Elas permitem, dentre in\u00fameras possibilidades, tanto a participa\u00e7\u00e3o de pessoas que est\u00e3o no meio acad\u00eamico quanto pessoas da sociedade, de modo geral.<\/p>\n<p>A t\u00edtulo de exemplo, podem ser das mais variadas formas poss\u00edveis: est\u00edmulo \u00e0 competi\u00e7\u00e3o esportiva, semin\u00e1rios, simp\u00f3sios, congressos, f\u00f3runs, treinamentos, informativas, l\u00fadicas, dentre outras; sendo elas espor\u00e1dicas ou constantes e de curta ou longa dura\u00e7\u00e3o.<\/p>\n<p>Para maiores informa\u00e7\u00f5es, clique em uma das op\u00e7\u00f5es de Extens\u00e3o.<\/p>\n<p>Atenciosamente,<\/p>\n<p>Coordena\u00e7\u00e3o de Pedagogia<\/p>\n","protected":false},"excerpt":{"rendered":"<p>Al\u00e9m das Atividades de Ensino e Pesquisa, as Atividades de Extens\u00e3o possibilitam prioritariamente um retorno dos resultados da constru\u00e7\u00e3o do conhecimento cient\u00edfico obtida no meio acad\u00eamico para a sociedade em geral. Elas permitem, dentre in\u00fameras possibilidades, tanto a participa\u00e7\u00e3o de&hellip; <\/p>\n<p><a href=\"https:\/\/www2.unifap.br\/pedagogia-oiapoque\/extensao\/\" class=\"readmore-button\">Continue Reading<\/a><\/p>\n","protected":false},"author":829,"featured_media":0,"parent":0,"menu_order":6,"comment_status":"open","ping_status":"closed","template":"","meta":{"inline_featured_image":false,"ngg_post_thumbnail":0,"footnotes":""},"class_list":["post-127","page","type-page","status-publish","hentry"],"_links":{"self":[{"href":"https:\/\/www2.unifap.br\/pedagogia-oiapoque\/wp-json\/wp\/v2\/pages\/127","targetHints":{"allow":["GET"]}}],"collection":[{"href":"https:\/\/www2.unifap.br\/pedagogia-oiapoque\/wp-json\/wp\/v2\/pages"}],"about":[{"href":"https:\/\/www2.unifap.br\/pedagogia-oiapoque\/wp-json\/wp\/v2\/types\/page"}],"author":[{"embeddable":true,"href":"https:\/\/www2.unifap.br\/pedagogia-oiapoque\/wp-json\/wp\/v2\/users\/829"}],"replies":[{"embeddable":true,"href":"https:\/\/www2.unifap.br\/pedagogia-oiapoque\/wp-json\/wp\/v2\/comments?post=127"}],"version-history":[{"count":13,"href":"https:\/\/www2.unifap.br\/pedagogia-oiapoque\/wp-json\/wp\/v2\/pages\/127\/revisions"}],"predecessor-version":[{"id":428,"href":"https:\/\/www2.unifap.br\/pedagogia-oiapoque\/wp-json\/wp\/v2\/pages\/127\/revisions\/428"}],"wp:attachment":[{"href":"https:\/\/www2.unifap.br\/pedagogia-oiapoque\/wp-json\/wp\/v2\/media?parent=127"}],"curies":[{"name":"wp","href":"https:\/\/api.w.org\/{rel}","templated":true}]}}