{"id":2071,"date":"2025-02-07T00:16:45","date_gmt":"2025-02-07T00:16:45","guid":{"rendered":"https:\/\/www2.unifap.br\/pedagogia-oiapoque\/?page_id=2071"},"modified":"2025-02-07T00:16:45","modified_gmt":"2025-02-07T00:16:45","slug":"coordenacao","status":"publish","type":"page","link":"https:\/\/www2.unifap.br\/pedagogia-oiapoque\/coordenacao\/","title":{"rendered":"Coordena\u00e7\u00e3o"},"content":{"rendered":"<p><strong>Coordena\u00e7\u00e3o do Curso de Pedagogia<\/strong><br \/>\nAtendimento ao P\u00fablico: De segunda a sexta-feira. (Atendimento presencial e remoto) das 15h \u00e0s 19h<\/p>\n<p><strong>Coordenadora:<\/strong> Profa. Dra. Leyla Menezes de Santana<\/p>\n<p><strong>Vice-Coordenadora:<\/strong> Profa. Esp. Maelen Cristina Azevedo dos Santos Alzate<\/p>\n","protected":false},"excerpt":{"rendered":"<p>Coordena\u00e7\u00e3o do Curso de Pedagogia Atendimento ao P\u00fablico: De segunda a sexta-feira. (Atendimento presencial e remoto) das 15h \u00e0s 19h Coordenadora: Profa. Dra. Leyla Menezes de Santana Vice-Coordenadora: Profa. Esp. Maelen Cristina Azevedo dos Santos Alzate<\/p>\n","protected":false},"author":527,"featured_media":0,"parent":0,"menu_order":0,"comment_status":"closed","ping_status":"closed","template":"","meta":{"inline_featured_image":false,"ngg_post_thumbnail":0,"footnotes":""},"class_list":["post-2071","page","type-page","status-publish","hentry"],"_links":{"self":[{"href":"https:\/\/www2.unifap.br\/pedagogia-oiapoque\/wp-json\/wp\/v2\/pages\/2071","targetHints":{"allow":["GET"]}}],"collection":[{"href":"https:\/\/www2.unifap.br\/pedagogia-oiapoque\/wp-json\/wp\/v2\/pages"}],"about":[{"href":"https:\/\/www2.unifap.br\/pedagogia-oiapoque\/wp-json\/wp\/v2\/types\/page"}],"author":[{"embeddable":true,"href":"https:\/\/www2.unifap.br\/pedagogia-oiapoque\/wp-json\/wp\/v2\/users\/527"}],"replies":[{"embeddable":true,"href":"https:\/\/www2.unifap.br\/pedagogia-oiapoque\/wp-json\/wp\/v2\/comments?post=2071"}],"version-history":[{"count":1,"href":"https:\/\/www2.unifap.br\/pedagogia-oiapoque\/wp-json\/wp\/v2\/pages\/2071\/revisions"}],"predecessor-version":[{"id":2072,"href":"https:\/\/www2.unifap.br\/pedagogia-oiapoque\/wp-json\/wp\/v2\/pages\/2071\/revisions\/2072"}],"wp:attachment":[{"href":"https:\/\/www2.unifap.br\/pedagogia-oiapoque\/wp-json\/wp\/v2\/media?parent=2071"}],"curies":[{"name":"wp","href":"https:\/\/api.w.org\/{rel}","templated":true}]}}