{"id":268,"date":"2015-11-14T16:36:45","date_gmt":"2015-11-14T16:36:45","guid":{"rendered":"http:\/\/www2.unifap.br\/pedagogia-oiapoque\/?page_id=268"},"modified":"2025-05-01T02:24:46","modified_gmt":"2025-05-01T02:24:46","slug":"corpo-docente-atual","status":"publish","type":"page","link":"https:\/\/www2.unifap.br\/pedagogia-oiapoque\/docentes\/corpo-docente-atual\/","title":{"rendered":"Corpo docente atual"},"content":{"rendered":"<h2>PROFESSOR EFETIVO<\/h2>\n<figure><a href=\"http:\/\/www2.unifap.br\/pedagogia-oiapoque\/files\/2025\/05\/Imagem-do-WhatsApp-de-2025-02-01-as-12.38.17_2a702ae7.jpg\"><img fetchpriority=\"high\" decoding=\"async\" class=\"alignnone size-medium wp-image-2095\" src=\"http:\/\/www2.unifap.br\/pedagogia-oiapoque\/files\/2025\/05\/Imagem-do-WhatsApp-de-2025-02-01-as-12.38.17_2a702ae7-199x300.jpg\" alt=\"\" width=\"199\" height=\"300\" srcset=\"https:\/\/www2.unifap.br\/pedagogia-oiapoque\/files\/2025\/05\/Imagem-do-WhatsApp-de-2025-02-01-as-12.38.17_2a702ae7-199x300.jpg 199w, https:\/\/www2.unifap.br\/pedagogia-oiapoque\/files\/2025\/05\/Imagem-do-WhatsApp-de-2025-02-01-as-12.38.17_2a702ae7.jpg 344w\" sizes=\"(max-width: 199px) 100vw, 199px\" \/><\/a><\/figure>\n<h2>Profa. Edmilsan de Jesus Cardoso<\/h2>\n<h3>Titula\u00e7\u00e3o: Especialista<\/h3>\n<ul>\n<li><a target=\"_blank\" rel=\"noopener\">&nbsp;<\/a><\/li>\n<\/ul>\n<p>\u00c1rea de Atua\u00e7\u00e3o: Educa\u00e7\u00e3o (Educa\u00e7\u00e3o Inclusiva para a PNEE; Avalia\u00e7\u00e3o e Interven\u00e7\u00e3o Pedag\u00f3gica para o PNEE; Educa\u00e7\u00e3o em Comunidades Afrodescendentes; Educa\u00e7\u00e3o Ind\u00edgena; Pr\u00e1tica Pedag\u00f3gica)<br \/>\nMembro do colegiado: 12\/2015<br \/>\nE-mail: edmilsan@unifap.br<\/p>\n<figure><img decoding=\"async\" src=\"https:\/\/www2.unifap.br\/pedagogia-oiapoque\/wp-content\/plugins\/elementor\/assets\/images\/placeholder.png\" alt=\"\"><\/figure>\n<h2>Prof. Fredson Costa Vulc\u00e3o<\/h2>\n<h3>Titula\u00e7\u00e3o: Mestre<\/h3>\n<ul>\n<li><a target=\"_blank\" rel=\"noopener\">&nbsp;<\/a><\/li>\n<\/ul>\n<p>\u00c1rea de Atua\u00e7\u00e3o: Educa\u00e7\u00e3o<br \/>\nMembro do colegiado: 04\/2014<br \/>\nE-mail: phredson@unifap.br<\/p>\n<figure><a href=\"http:\/\/www2.unifap.br\/pedagogia-oiapoque\/files\/2025\/05\/Imagem-do-WhatsApp-de-2025-01-30-as-18.24.44_8247d906.jpg\"><img decoding=\"async\" class=\"alignnone size-medium wp-image-2097\" src=\"http:\/\/www2.unifap.br\/pedagogia-oiapoque\/files\/2025\/05\/Imagem-do-WhatsApp-de-2025-01-30-as-18.24.44_8247d906-191x300.jpg\" alt=\"\" width=\"191\" height=\"300\" srcset=\"https:\/\/www2.unifap.br\/pedagogia-oiapoque\/files\/2025\/05\/Imagem-do-WhatsApp-de-2025-01-30-as-18.24.44_8247d906-191x300.jpg 191w, https:\/\/www2.unifap.br\/pedagogia-oiapoque\/files\/2025\/05\/Imagem-do-WhatsApp-de-2025-01-30-as-18.24.44_8247d906-653x1024.jpg 653w, https:\/\/www2.unifap.br\/pedagogia-oiapoque\/files\/2025\/05\/Imagem-do-WhatsApp-de-2025-01-30-as-18.24.44_8247d906-768x1205.jpg 768w, https:\/\/www2.unifap.br\/pedagogia-oiapoque\/files\/2025\/05\/Imagem-do-WhatsApp-de-2025-01-30-as-18.24.44_8247d906-979x1536.jpg 979w, https:\/\/www2.unifap.br\/pedagogia-oiapoque\/files\/2025\/05\/Imagem-do-WhatsApp-de-2025-01-30-as-18.24.44_8247d906.jpg 1020w\" sizes=\"(max-width: 191px) 100vw, 191px\" \/><\/a><\/figure>\n<h2>Profa. Leyla Menezes de Santana<\/h2>\n<h3>Titula\u00e7\u00e3o: Doutora<\/h3>\n<ul>\n<li><a target=\"_blank\" rel=\"noopener\">&nbsp;<\/a><\/li>\n<\/ul>\n<p>\u00c1rea de Atua\u00e7\u00e3o: Educa\u00e7\u00e3o<br \/>\nMembro do colegiado: 04\/2023<br \/>\nE-mail: leylasantana@unifap.br<\/p>\n<figure><a href=\"http:\/\/www2.unifap.br\/pedagogia-oiapoque\/files\/2025\/05\/Imagem-do-WhatsApp-de-2025-01-30-as-18.25.07_62e34bdc.jpg\"><img decoding=\"async\" class=\"alignnone size-medium wp-image-2098\" src=\"http:\/\/www2.unifap.br\/pedagogia-oiapoque\/files\/2025\/05\/Imagem-do-WhatsApp-de-2025-01-30-as-18.25.07_62e34bdc-169x300.jpg\" alt=\"\" width=\"169\" height=\"300\" srcset=\"https:\/\/www2.unifap.br\/pedagogia-oiapoque\/files\/2025\/05\/Imagem-do-WhatsApp-de-2025-01-30-as-18.25.07_62e34bdc-169x300.jpg 169w, https:\/\/www2.unifap.br\/pedagogia-oiapoque\/files\/2025\/05\/Imagem-do-WhatsApp-de-2025-01-30-as-18.25.07_62e34bdc-576x1024.jpg 576w, https:\/\/www2.unifap.br\/pedagogia-oiapoque\/files\/2025\/05\/Imagem-do-WhatsApp-de-2025-01-30-as-18.25.07_62e34bdc.jpg 648w\" sizes=\"(max-width: 169px) 100vw, 169px\" \/><\/a><\/figure>\n<h2>Prof. Luiz Eduardo Paulino da Silva<\/h2>\n<h3>Titula\u00e7\u00e3o: Mestre<\/h3>\n<ul>\n<li><a target=\"_blank\" rel=\"noopener\">&nbsp;<\/a><\/li>\n<\/ul>\n<p>\u00c1rea de Atua\u00e7\u00e3o: Educa\u00e7\u00e3o<br \/>\nMembro do colegiado: 22\/2022<br \/>\nE-mail: paulino.jesus@unifap.br<\/p>\n<figure><a href=\"http:\/\/www2.unifap.br\/pedagogia-oiapoque\/files\/2025\/05\/Imagem-do-WhatsApp-de-2025-01-30-as-19.18.12_4d5f91e7.jpg\"><img loading=\"lazy\" decoding=\"async\" class=\"alignnone size-medium wp-image-2094\" src=\"http:\/\/www2.unifap.br\/pedagogia-oiapoque\/files\/2025\/05\/Imagem-do-WhatsApp-de-2025-01-30-as-19.18.12_4d5f91e7-169x300.jpg\" alt=\"\" width=\"169\" height=\"300\" srcset=\"https:\/\/www2.unifap.br\/pedagogia-oiapoque\/files\/2025\/05\/Imagem-do-WhatsApp-de-2025-01-30-as-19.18.12_4d5f91e7-169x300.jpg 169w, https:\/\/www2.unifap.br\/pedagogia-oiapoque\/files\/2025\/05\/Imagem-do-WhatsApp-de-2025-01-30-as-19.18.12_4d5f91e7-576x1024.jpg 576w, https:\/\/www2.unifap.br\/pedagogia-oiapoque\/files\/2025\/05\/Imagem-do-WhatsApp-de-2025-01-30-as-19.18.12_4d5f91e7.jpg 720w\" sizes=\"(max-width: 169px) 100vw, 169px\" \/><\/a><\/figure>\n<h2>Profa. Maelen Cristina Azevedo dos Santos<\/h2>\n<h3>Titula\u00e7\u00e3o: Mestranda<\/h3>\n<ul>\n<li><a target=\"_blank\" rel=\"noopener\">&nbsp;<\/a><\/li>\n<\/ul>\n<p>\u00c1rea de Atua\u00e7\u00e3o: Educa\u00e7\u00e3o<br \/>\nMembro do colegiado: 04\/2023<br \/>\nE-mail: maelen@unifap.br<\/p>\n<p><a href=\"http:\/\/www2.unifap.br\/pedagogia-oiapoque\/files\/2025\/05\/Imagem-do-WhatsApp-de-2025-02-01-as-19.40.02_bbf1cc6d.jpg\"><img loading=\"lazy\" decoding=\"async\" class=\"alignnone size-medium wp-image-2092\" src=\"http:\/\/www2.unifap.br\/pedagogia-oiapoque\/files\/2025\/05\/Imagem-do-WhatsApp-de-2025-02-01-as-19.40.02_bbf1cc6d-225x300.jpg\" alt=\"\" width=\"225\" height=\"300\" srcset=\"https:\/\/www2.unifap.br\/pedagogia-oiapoque\/files\/2025\/05\/Imagem-do-WhatsApp-de-2025-02-01-as-19.40.02_bbf1cc6d-225x300.jpg 225w, https:\/\/www2.unifap.br\/pedagogia-oiapoque\/files\/2025\/05\/Imagem-do-WhatsApp-de-2025-02-01-as-19.40.02_bbf1cc6d-768x1024.jpg 768w, https:\/\/www2.unifap.br\/pedagogia-oiapoque\/files\/2025\/05\/Imagem-do-WhatsApp-de-2025-02-01-as-19.40.02_bbf1cc6d-1152x1536.jpg 1152w, https:\/\/www2.unifap.br\/pedagogia-oiapoque\/files\/2025\/05\/Imagem-do-WhatsApp-de-2025-02-01-as-19.40.02_bbf1cc6d.jpg 1200w\" sizes=\"(max-width: 225px) 100vw, 225px\" \/><\/a><\/p>\n<h2>PROF. HERBETH JONATHAN MAIA DE ALMEIDA<\/h2>\n<p>&nbsp;<\/p>\n<p>TITULA\u00c7\u00c3O: ESPECIALISTA<\/p>\n<ul>\n<li>&nbsp;<\/li>\n<\/ul>\n<p>\u00c1rea de Atua\u00e7\u00e3o: Educa\u00e7\u00e3o<\/p>\n<p>Membro do colegiado: 12\/2024<br \/>\nE-mail: almeidaherbeth@unifap.br<\/p>\n<p>&nbsp;<\/p>\n<h2>PROFESSOR SUBSTITUTO<\/h2>\n<figure><a href=\"http:\/\/www2.unifap.br\/pedagogia-oiapoque\/files\/2025\/05\/Imagem-do-WhatsApp-de-2025-01-30-as-18.24.08_71a4cb66.jpg\"><img loading=\"lazy\" decoding=\"async\" class=\"alignnone size-medium wp-image-2096\" src=\"http:\/\/www2.unifap.br\/pedagogia-oiapoque\/files\/2025\/05\/Imagem-do-WhatsApp-de-2025-01-30-as-18.24.08_71a4cb66-164x300.jpg\" alt=\"\" width=\"164\" height=\"300\" srcset=\"https:\/\/www2.unifap.br\/pedagogia-oiapoque\/files\/2025\/05\/Imagem-do-WhatsApp-de-2025-01-30-as-18.24.08_71a4cb66-164x300.jpg 164w, https:\/\/www2.unifap.br\/pedagogia-oiapoque\/files\/2025\/05\/Imagem-do-WhatsApp-de-2025-01-30-as-18.24.08_71a4cb66.jpg 344w\" sizes=\"(max-width: 164px) 100vw, 164px\" \/><\/a><\/figure>\n<h2>Profa. Mislene Azevedo dos Santos<\/h2>\n<h3>Titula\u00e7\u00e3o: Especialista<\/h3>\n<ul>\n<li><a target=\"_blank\" rel=\"noopener\">&nbsp;<\/a><\/li>\n<\/ul>\n<p>\u00c1rea de Atua\u00e7\u00e3o: Pedagogia &#8211; Did\u00e1tica, Curr\u00edculo, Planejamento, Avalia\u00e7\u00e3o, Semin\u00e1rio de Pesquisa<br \/>\nMembro do colegiado: 28 de janeiro de 2025<br \/>\nE-mail: azevedodossantosmislene@gmail.com<\/p>\n<figure><img decoding=\"async\" src=\"https:\/\/www2.unifap.br\/pedagogia-oiapoque\/wp-content\/plugins\/elementor\/assets\/images\/placeholder.png\" alt=\"\"><\/figure>\n<h2>Prof. Rafael dos Santos Rocha<\/h2>\n<h3>Titula\u00e7\u00e3o: Mestre<\/h3>\n<ul>\n<li><a target=\"_blank\" rel=\"noopener\">&nbsp;<\/a><\/li>\n<\/ul>\n<p>\u00c1rea de Atua\u00e7\u00e3o: Pedagogia &#8211; Did\u00e1tica da Educa\u00e7\u00e3o Infantil e do Ensino Fundamental; Concep\u00e7\u00e3o de Curr\u00edculo na Educa\u00e7\u00e3o Infantil e no Ensino Fundamental; Educa\u00e7\u00e3o, Ludicidade e Musicalidade; Est\u00e1gio Supervisionado na Educa\u00e7\u00e3o Infantil e Alfabetiza\u00e7\u00e3o e Letramento<br \/>\nMembro do colegiado: 17 de janeiro de 2025<br \/>\nE-mail: diflenrafael@gmail.com<\/p>\n<h2>PROFESSOR AFASTADO<\/h2>\n<figure><img decoding=\"async\" src=\"https:\/\/www2.unifap.br\/pedagogia-oiapoque\/wp-content\/plugins\/elementor\/assets\/images\/placeholder.png\" alt=\"\"><\/figure>\n<h2>Profa. K\u00e1tia L\u00edgia Vieira Lira<\/h2>\n<h3>Titula\u00e7\u00e3o: Doutoranda<\/h3>\n<ul>\n<li><a target=\"_blank\" rel=\"noopener\">&nbsp;<\/a><\/li>\n<\/ul>\n<p>\u00c1rea de Atua\u00e7\u00e3o: id\u00e1tica da Educa\u00e7\u00e3o Infantil e do Ensino Fundamental; Concep\u00e7\u00e3o de Curr\u00edculo na Educa\u00e7\u00e3o Infantil e no Ensino Fundamental; Educa\u00e7\u00e3o, Ludicidade e Musicalidade; Est\u00e1gio Supervisionado na Educa\u00e7\u00e3o Infantil e Alfabetiza\u00e7\u00e3o e Letramento.<br \/>\nMembro do colegiado:<br \/>\nE-mail: katialira@unifap.br<\/p>\n<figure><img decoding=\"async\" src=\"https:\/\/www2.unifap.br\/pedagogia-oiapoque\/wp-content\/plugins\/elementor\/assets\/images\/placeholder.png\" alt=\"\"><\/figure>\n<h2>Prof. Zaqueu dos Santos Maia<\/h2>\n<h3>Titula\u00e7\u00e3o: Especialista<\/h3>\n<ul>\n<li><a target=\"_blank\" rel=\"noopener\">&nbsp;<\/a><\/li>\n<\/ul>\n<p>Titula\u00e7\u00e3o: Especialista<br \/>\n\u00c1rea de Atua\u00e7\u00e3o: Pedagogia &#8211; Did\u00e1tica, Curr\u00edculo, Planejamento, Avalia\u00e7\u00e3o, Semin\u00e1rio de Pesquisa<br \/>\nMembro do colegiado:<\/p>\n","protected":false},"excerpt":{"rendered":"<p>PROFESSOR EFETIVO Profa. Edmilsan de Jesus Cardoso Titula\u00e7\u00e3o: Especialista &nbsp; \u00c1rea de Atua\u00e7\u00e3o: Educa\u00e7\u00e3o (Educa\u00e7\u00e3o Inclusiva para a PNEE; Avalia\u00e7\u00e3o e Interven\u00e7\u00e3o Pedag\u00f3gica para o PNEE; Educa\u00e7\u00e3o em Comunidades Afrodescendentes; Educa\u00e7\u00e3o Ind\u00edgena; Pr\u00e1tica Pedag\u00f3gica) Membro do colegiado: 12\/2015 E-mail: edmilsan@unifap.br&hellip; <\/p>\n<p><a href=\"https:\/\/www2.unifap.br\/pedagogia-oiapoque\/docentes\/corpo-docente-atual\/\" class=\"readmore-button\">Continue Reading<\/a><\/p>\n","protected":false},"author":829,"featured_media":0,"parent":117,"menu_order":1,"comment_status":"open","ping_status":"closed","template":"","meta":{"inline_featured_image":false,"ngg_post_thumbnail":0,"footnotes":""},"class_list":["post-268","page","type-page","status-publish","hentry"],"_links":{"self":[{"href":"https:\/\/www2.unifap.br\/pedagogia-oiapoque\/wp-json\/wp\/v2\/pages\/268","targetHints":{"allow":["GET"]}}],"collection":[{"href":"https:\/\/www2.unifap.br\/pedagogia-oiapoque\/wp-json\/wp\/v2\/pages"}],"about":[{"href":"https:\/\/www2.unifap.br\/pedagogia-oiapoque\/wp-json\/wp\/v2\/types\/page"}],"author":[{"embeddable":true,"href":"https:\/\/www2.unifap.br\/pedagogia-oiapoque\/wp-json\/wp\/v2\/users\/829"}],"replies":[{"embeddable":true,"href":"https:\/\/www2.unifap.br\/pedagogia-oiapoque\/wp-json\/wp\/v2\/comments?post=268"}],"version-history":[{"count":79,"href":"https:\/\/www2.unifap.br\/pedagogia-oiapoque\/wp-json\/wp\/v2\/pages\/268\/revisions"}],"predecessor-version":[{"id":2099,"href":"https:\/\/www2.unifap.br\/pedagogia-oiapoque\/wp-json\/wp\/v2\/pages\/268\/revisions\/2099"}],"up":[{"embeddable":true,"href":"https:\/\/www2.unifap.br\/pedagogia-oiapoque\/wp-json\/wp\/v2\/pages\/117"}],"wp:attachment":[{"href":"https:\/\/www2.unifap.br\/pedagogia-oiapoque\/wp-json\/wp\/v2\/media?parent=268"}],"curies":[{"name":"wp","href":"https:\/\/api.w.org\/{rel}","templated":true}]}}