{"id":306,"date":"2015-11-14T17:42:02","date_gmt":"2015-11-14T17:42:02","guid":{"rendered":"http:\/\/www2.unifap.br\/pedagogia-oiapoque\/?page_id=306"},"modified":"2024-10-10T19:30:13","modified_gmt":"2024-10-10T19:30:13","slug":"corpo-docente-em-qualificacao-afastamento-e-deslocamento","status":"publish","type":"page","link":"https:\/\/www2.unifap.br\/pedagogia-oiapoque\/docentes\/corpo-docente-em-qualificacao-afastamento-e-deslocamento\/","title":{"rendered":"Corpo docente em qualifica\u00e7\u00e3o (afastamento e deslocamento)"},"content":{"rendered":"<ul>\n<li>Prof. <a href=\"http:\/\/lattes.cnpq.br\/7734463211681601\">Zaqueu dos Santos Maia <\/a><\/li>\n<li><strong>Titula\u00e7\u00e3o:<\/strong> Mestra<\/li>\n<li>\u00c1rea: Educa\u00e7\u00e3o (Did\u00e1tica, Curr\u00edculo, Planejamento, Avalia\u00e7\u00e3o e Semin\u00e1rio de Pesquisa)<\/li>\n<li>Membro desde 09\/2013<\/li>\n<li><strong>E-mail:<\/strong> zaqueumaia@unifap.br&nbsp;<\/li>\n<\/ul>\n<p>&nbsp;<\/p>\n<p><!--more--><\/p>\n<ul>\n<li>Prof. <a href=\"http:\/\/lattes.cnpq.br\/9972896293347028\">Katia Ligia Vieira Lira <\/a><\/li>\n<li><strong>Titula\u00e7\u00e3o:<\/strong> Mestra<\/li>\n<li>\u00c1rea: Educa\u00e7\u00e3o (Did\u00e1tica da Ed. Inf. e Ens. Fund.; Concep. de Curr\u00edculo na Ed. Inf. e Ens. Fund.; Ed., Ludicidade e Musicalidade; Est. Superv. na Ed. Inf.; Alfabetiza\u00e7\u00e3o e Letramento)<\/li>\n<li>Membro desde 06\/2015<\/li>\n<li><strong>E-mail:<\/strong> katialira@unifap.br<\/li>\n<\/ul>\n<p style=\"text-align: right\">Atualizado em: 26\/09\/2019<\/p>\n","protected":false},"excerpt":{"rendered":"<p>Prof. Zaqueu dos Santos Maia Titula\u00e7\u00e3o: Mestra \u00c1rea: Educa\u00e7\u00e3o (Did\u00e1tica, Curr\u00edculo, Planejamento, Avalia\u00e7\u00e3o e Semin\u00e1rio de Pesquisa) Membro desde 09\/2013 E-mail: zaqueumaia@unifap.br&nbsp; &nbsp;<\/p>\n","protected":false},"author":829,"featured_media":0,"parent":117,"menu_order":2,"comment_status":"open","ping_status":"closed","template":"","meta":{"inline_featured_image":false,"ngg_post_thumbnail":0,"footnotes":""},"class_list":["post-306","page","type-page","status-publish","hentry"],"_links":{"self":[{"href":"https:\/\/www2.unifap.br\/pedagogia-oiapoque\/wp-json\/wp\/v2\/pages\/306","targetHints":{"allow":["GET"]}}],"collection":[{"href":"https:\/\/www2.unifap.br\/pedagogia-oiapoque\/wp-json\/wp\/v2\/pages"}],"about":[{"href":"https:\/\/www2.unifap.br\/pedagogia-oiapoque\/wp-json\/wp\/v2\/types\/page"}],"author":[{"embeddable":true,"href":"https:\/\/www2.unifap.br\/pedagogia-oiapoque\/wp-json\/wp\/v2\/users\/829"}],"replies":[{"embeddable":true,"href":"https:\/\/www2.unifap.br\/pedagogia-oiapoque\/wp-json\/wp\/v2\/comments?post=306"}],"version-history":[{"count":6,"href":"https:\/\/www2.unifap.br\/pedagogia-oiapoque\/wp-json\/wp\/v2\/pages\/306\/revisions"}],"predecessor-version":[{"id":1905,"href":"https:\/\/www2.unifap.br\/pedagogia-oiapoque\/wp-json\/wp\/v2\/pages\/306\/revisions\/1905"}],"up":[{"embeddable":true,"href":"https:\/\/www2.unifap.br\/pedagogia-oiapoque\/wp-json\/wp\/v2\/pages\/117"}],"wp:attachment":[{"href":"https:\/\/www2.unifap.br\/pedagogia-oiapoque\/wp-json\/wp\/v2\/media?parent=306"}],"curies":[{"name":"wp","href":"https:\/\/api.w.org\/{rel}","templated":true}]}}