{"id":318,"date":"2015-11-14T17:51:36","date_gmt":"2015-11-14T17:51:36","guid":{"rendered":"http:\/\/www2.unifap.br\/pedagogia-oiapoque\/?page_id=318"},"modified":"2015-11-15T22:20:53","modified_gmt":"2015-11-15T22:20:53","slug":"grupos-de-pesquisa","status":"publish","type":"page","link":"https:\/\/www2.unifap.br\/pedagogia-oiapoque\/pesquisa\/grupos-de-pesquisa\/","title":{"rendered":"Grupos de Pesquisa"},"content":{"rendered":"<p>Prezado internauta,<\/p>\n<p>Voc\u00ea precisa escolher uma das op\u00e7\u00f5es sobre Grupos de Pesquisa!<\/p>\n<p>Atenciosamente,<\/p>\n<p>Coordena\u00e7\u00e3o de Pedagogia<\/p>\n","protected":false},"excerpt":{"rendered":"<p>Prezado internauta, Voc\u00ea precisa escolher uma das op\u00e7\u00f5es sobre Grupos de Pesquisa! Atenciosamente, Coordena\u00e7\u00e3o de Pedagogia<\/p>\n","protected":false},"author":829,"featured_media":0,"parent":125,"menu_order":2,"comment_status":"open","ping_status":"open","template":"","meta":{"inline_featured_image":false,"ngg_post_thumbnail":0,"footnotes":""},"class_list":["post-318","page","type-page","status-publish","hentry"],"_links":{"self":[{"href":"https:\/\/www2.unifap.br\/pedagogia-oiapoque\/wp-json\/wp\/v2\/pages\/318","targetHints":{"allow":["GET"]}}],"collection":[{"href":"https:\/\/www2.unifap.br\/pedagogia-oiapoque\/wp-json\/wp\/v2\/pages"}],"about":[{"href":"https:\/\/www2.unifap.br\/pedagogia-oiapoque\/wp-json\/wp\/v2\/types\/page"}],"author":[{"embeddable":true,"href":"https:\/\/www2.unifap.br\/pedagogia-oiapoque\/wp-json\/wp\/v2\/users\/829"}],"replies":[{"embeddable":true,"href":"https:\/\/www2.unifap.br\/pedagogia-oiapoque\/wp-json\/wp\/v2\/comments?post=318"}],"version-history":[{"count":2,"href":"https:\/\/www2.unifap.br\/pedagogia-oiapoque\/wp-json\/wp\/v2\/pages\/318\/revisions"}],"predecessor-version":[{"id":389,"href":"https:\/\/www2.unifap.br\/pedagogia-oiapoque\/wp-json\/wp\/v2\/pages\/318\/revisions\/389"}],"up":[{"embeddable":true,"href":"https:\/\/www2.unifap.br\/pedagogia-oiapoque\/wp-json\/wp\/v2\/pages\/125"}],"wp:attachment":[{"href":"https:\/\/www2.unifap.br\/pedagogia-oiapoque\/wp-json\/wp\/v2\/media?parent=318"}],"curies":[{"name":"wp","href":"https:\/\/api.w.org\/{rel}","templated":true}]}}