{"id":334,"date":"2015-11-14T18:00:48","date_gmt":"2015-11-14T18:00:48","guid":{"rendered":"http:\/\/www2.unifap.br\/pedagogia-oiapoque\/?page_id=334"},"modified":"2015-11-15T22:23:27","modified_gmt":"2015-11-15T22:23:27","slug":"projetos-de-extensao","status":"publish","type":"page","link":"https:\/\/www2.unifap.br\/pedagogia-oiapoque\/extensao\/projetos-de-extensao\/","title":{"rendered":"Projetos de Extens\u00e3o"},"content":{"rendered":"<p>Prezado internauta,<\/p>\n<p>Voc\u00ea precisa escolher uma das op\u00e7\u00f5es sobre Projetos de Extens\u00e3o!<\/p>\n<p>Atenciosamente,<\/p>\n<p>Coordena\u00e7\u00e3o de Pedagogia<\/p>\n","protected":false},"excerpt":{"rendered":"<p>Prezado internauta, Voc\u00ea precisa escolher uma das op\u00e7\u00f5es sobre Projetos de Extens\u00e3o! Atenciosamente, Coordena\u00e7\u00e3o de Pedagogia<\/p>\n","protected":false},"author":829,"featured_media":0,"parent":127,"menu_order":1,"comment_status":"open","ping_status":"closed","template":"","meta":{"inline_featured_image":false,"ngg_post_thumbnail":0,"footnotes":""},"class_list":["post-334","page","type-page","status-publish","hentry"],"_links":{"self":[{"href":"https:\/\/www2.unifap.br\/pedagogia-oiapoque\/wp-json\/wp\/v2\/pages\/334","targetHints":{"allow":["GET"]}}],"collection":[{"href":"https:\/\/www2.unifap.br\/pedagogia-oiapoque\/wp-json\/wp\/v2\/pages"}],"about":[{"href":"https:\/\/www2.unifap.br\/pedagogia-oiapoque\/wp-json\/wp\/v2\/types\/page"}],"author":[{"embeddable":true,"href":"https:\/\/www2.unifap.br\/pedagogia-oiapoque\/wp-json\/wp\/v2\/users\/829"}],"replies":[{"embeddable":true,"href":"https:\/\/www2.unifap.br\/pedagogia-oiapoque\/wp-json\/wp\/v2\/comments?post=334"}],"version-history":[{"count":3,"href":"https:\/\/www2.unifap.br\/pedagogia-oiapoque\/wp-json\/wp\/v2\/pages\/334\/revisions"}],"predecessor-version":[{"id":391,"href":"https:\/\/www2.unifap.br\/pedagogia-oiapoque\/wp-json\/wp\/v2\/pages\/334\/revisions\/391"}],"up":[{"embeddable":true,"href":"https:\/\/www2.unifap.br\/pedagogia-oiapoque\/wp-json\/wp\/v2\/pages\/127"}],"wp:attachment":[{"href":"https:\/\/www2.unifap.br\/pedagogia-oiapoque\/wp-json\/wp\/v2\/media?parent=334"}],"curies":[{"name":"wp","href":"https:\/\/api.w.org\/{rel}","templated":true}]}}