{"id":341,"date":"2015-11-14T18:04:55","date_gmt":"2015-11-14T18:04:55","guid":{"rendered":"http:\/\/www2.unifap.br\/pedagogia-oiapoque\/?page_id=341"},"modified":"2015-11-15T22:24:01","modified_gmt":"2015-11-15T22:24:01","slug":"grupos-de-extensao","status":"publish","type":"page","link":"https:\/\/www2.unifap.br\/pedagogia-oiapoque\/extensao\/grupos-de-extensao\/","title":{"rendered":"Grupos de Extens\u00e3o"},"content":{"rendered":"<p>Prezado internauta,<\/p>\n<p>Voc\u00ea precisa escolher uma das op\u00e7\u00f5es sobre Grupos de Extens\u00e3o!<\/p>\n<p>Atenciosamente,<\/p>\n<p>Coordena\u00e7\u00e3o de Pedagogia<\/p>\n","protected":false},"excerpt":{"rendered":"<p>Prezado internauta, Voc\u00ea precisa escolher uma das op\u00e7\u00f5es sobre Grupos de Extens\u00e3o! Atenciosamente, Coordena\u00e7\u00e3o de Pedagogia<\/p>\n","protected":false},"author":829,"featured_media":0,"parent":127,"menu_order":2,"comment_status":"open","ping_status":"open","template":"","meta":{"inline_featured_image":false,"ngg_post_thumbnail":0,"footnotes":""},"class_list":["post-341","page","type-page","status-publish","hentry"],"_links":{"self":[{"href":"https:\/\/www2.unifap.br\/pedagogia-oiapoque\/wp-json\/wp\/v2\/pages\/341","targetHints":{"allow":["GET"]}}],"collection":[{"href":"https:\/\/www2.unifap.br\/pedagogia-oiapoque\/wp-json\/wp\/v2\/pages"}],"about":[{"href":"https:\/\/www2.unifap.br\/pedagogia-oiapoque\/wp-json\/wp\/v2\/types\/page"}],"author":[{"embeddable":true,"href":"https:\/\/www2.unifap.br\/pedagogia-oiapoque\/wp-json\/wp\/v2\/users\/829"}],"replies":[{"embeddable":true,"href":"https:\/\/www2.unifap.br\/pedagogia-oiapoque\/wp-json\/wp\/v2\/comments?post=341"}],"version-history":[{"count":2,"href":"https:\/\/www2.unifap.br\/pedagogia-oiapoque\/wp-json\/wp\/v2\/pages\/341\/revisions"}],"predecessor-version":[{"id":392,"href":"https:\/\/www2.unifap.br\/pedagogia-oiapoque\/wp-json\/wp\/v2\/pages\/341\/revisions\/392"}],"up":[{"embeddable":true,"href":"https:\/\/www2.unifap.br\/pedagogia-oiapoque\/wp-json\/wp\/v2\/pages\/127"}],"wp:attachment":[{"href":"https:\/\/www2.unifap.br\/pedagogia-oiapoque\/wp-json\/wp\/v2\/media?parent=341"}],"curies":[{"name":"wp","href":"https:\/\/api.w.org\/{rel}","templated":true}]}}