{"id":156,"date":"2017-10-26T22:30:00","date_gmt":"2017-10-26T22:30:00","guid":{"rendered":"http:\/\/www2.unifap.br\/pedagogia-santana\/?page_id=156"},"modified":"2018-12-06T17:55:11","modified_gmt":"2018-12-06T17:55:11","slug":"o-curso-de-pedagogia","status":"publish","type":"page","link":"https:\/\/www2.unifap.br\/pedagogia-santana\/o-curso-de-pedagogia\/","title":{"rendered":"O CURSO DE PEDAGOGIA"},"content":{"rendered":"<p>O Curso de Licenciatura em Pedagogia da UNIFAP Campus Santana foi produzido a partir da an\u00e1lise da realidade concreta para apresentar uma compreens\u00e3o desta, mediante a constru\u00e7\u00e3o te\u00f3rica do conhecimento e sua aplicabilidade t\u00e9cnico-pol\u00edtica e educacional. Para isso, levou-se em considera\u00e7\u00e3o a complexidade hist\u00f3rica e geogr\u00e1fica da realidade brasileira, amaz\u00f4nica e amapaense, o que remete \u00e0 proposi\u00e7\u00e3o de um curso integrado e pautado na realidade em que a Universidade est\u00e1 inserida, de modo a permitir um di\u00e1logo mais totalizante acerca de uma matriz curricular que garanta a apropria\u00e7\u00e3o de habilidades e compet\u00eancias necess\u00e1rias ao discente do curso.<\/p>\n<p>Diante disso, \u00e9 necess\u00e1rio o envolvimento de todos os seguimentos desta IFES, assumindo suas responsabilidades e compromissos, dentre eles:<\/p>\n<p>1. Que seja realizado um trabalho coletivo para o alcance da qualidade de ensino;<\/p>\n<p>2. Que se possibilite, atrav\u00e9s de infraestrutura f\u00edsica e pedag\u00f3gica adequada, a constru\u00e7\u00e3o do conhecimento;<\/p>\n<p>3. Que seja garantida a valoriza\u00e7\u00e3o profissional;<\/p>\n<p>4. Que se possibilite a qualidade no trip\u00e9 Ensino, Pesquisa e Extens\u00e3o.<\/p>\n<p>O Curso de Licenciatura em Pedagogia da UNIFAP Campus Santana forma o profissional para atuar nos espa\u00e7os escolares como gestores, professores da Educa\u00e7\u00e3o Infantil, Anos Iniciais do Ensino Fundamental e Ensino M\u00e9dio, na modalidade Normal, EJA como tamb\u00e9m em espa\u00e7os n\u00e3o escolares (empresas e outras organiza\u00e7\u00f5es) e espa\u00e7os em que sejam previstos conhecimentos pedag\u00f3gicos.<\/p>\n<p>A matriz curricular possibilita ao Licenciando em Pedagogia o desenvolvimento de compet\u00eancias e habilidades necess\u00e1rias \u00e0 atua\u00e7\u00e3o do Pedagogo e assegura a forma\u00e7\u00e3o humana nas dimens\u00f5es f\u00edsica, cognitiva, afetiva, cultural, est\u00e9tica, l\u00fadica, art\u00edstica, \u00e9tica\u00a0 necess\u00e1rias ao exerc\u00edcio da doc\u00eancia e da gest\u00e3o nos mais diversos espa\u00e7os educativos.<\/p>\n<p>&nbsp;<\/p>\n<p>&nbsp;<\/p>\n","protected":false},"excerpt":{"rendered":"<p>O Curso de Licenciatura em Pedagogia da UNIFAP Campus Santana foi produzido a partir da an\u00e1lise da realidade concreta para apresentar uma compreens\u00e3o desta, mediante a constru\u00e7\u00e3o te\u00f3rica do conhecimento e sua aplicabilidade t\u00e9cnico-pol\u00edtica e educacional. Para isso, levou-se em&hellip; <\/p>\n<p><a href=\"https:\/\/www2.unifap.br\/pedagogia-santana\/o-curso-de-pedagogia\/\" class=\"readmore-button\">Continue Reading<\/a><\/p>\n","protected":false},"author":923,"featured_media":0,"parent":0,"menu_order":0,"comment_status":"open","ping_status":"open","template":"","meta":{"inline_featured_image":false,"ngg_post_thumbnail":0,"footnotes":""},"class_list":["post-156","page","type-page","status-publish","hentry"],"_links":{"self":[{"href":"https:\/\/www2.unifap.br\/pedagogia-santana\/wp-json\/wp\/v2\/pages\/156","targetHints":{"allow":["GET"]}}],"collection":[{"href":"https:\/\/www2.unifap.br\/pedagogia-santana\/wp-json\/wp\/v2\/pages"}],"about":[{"href":"https:\/\/www2.unifap.br\/pedagogia-santana\/wp-json\/wp\/v2\/types\/page"}],"author":[{"embeddable":true,"href":"https:\/\/www2.unifap.br\/pedagogia-santana\/wp-json\/wp\/v2\/users\/923"}],"replies":[{"embeddable":true,"href":"https:\/\/www2.unifap.br\/pedagogia-santana\/wp-json\/wp\/v2\/comments?post=156"}],"version-history":[{"count":3,"href":"https:\/\/www2.unifap.br\/pedagogia-santana\/wp-json\/wp\/v2\/pages\/156\/revisions"}],"predecessor-version":[{"id":281,"href":"https:\/\/www2.unifap.br\/pedagogia-santana\/wp-json\/wp\/v2\/pages\/156\/revisions\/281"}],"wp:attachment":[{"href":"https:\/\/www2.unifap.br\/pedagogia-santana\/wp-json\/wp\/v2\/media?parent=156"}],"curies":[{"name":"wp","href":"https:\/\/api.w.org\/{rel}","templated":true}]}}