{"id":159,"date":"2025-12-03T20:30:51","date_gmt":"2025-12-03T20:30:51","guid":{"rendered":"http:\/\/www2.unifap.br\/pedagogia-santana\/?page_id=159"},"modified":"2025-12-07T23:16:04","modified_gmt":"2025-12-07T23:16:04","slug":"ofertas-de-disciplinas","status":"publish","type":"page","link":"https:\/\/www2.unifap.br\/pedagogia-santana\/ofertas-de-disciplinas\/","title":{"rendered":"ATIVIDADES COMPLEMENTARES"},"content":{"rendered":"<p>As Atividades Complementares (AC) correspondem \u00e0s atividades Acad\u00eamico Cient\u00edfico e Culturais desenvolvidas interna ou externamente \u00e0 institui\u00e7\u00e3o e \u00e9 componente curricular obrigat\u00f3rio da matriz do Curso de Licenciatura em Pedagogia. A carga hor\u00e1ria m\u00ednima exigida pelo curso \u00e9 de <strong>210 horas\/aula<\/strong> de atividades complementares, que ser\u00e3o contabilizadas pelo colegiado do curso e registradas em di\u00e1rio eletr\u00f4nico.<\/p>\n<h4>Link: <a href=\"http:\/\/www2.unifap.br\/pedagogia-santana\/files\/2019\/12\/Portaria-2017.pdf\">Portaria 2017<\/a><\/h4>\n<h4>Link: <a href=\"http:\/\/www2.unifap.br\/pedagogia-santana\/files\/2021\/04\/Portaria-2020.pdf\">Portaria 2020<\/a><\/h4>\n<h4>Regulamento: <a href=\"http:\/\/www2.unifap.br\/pedagogia-santana\/files\/2021\/04\/Atividades-Complementares-Regimento.pdf\">Atividades Complementares<\/a><\/h4>\n<h2><strong>2025<\/strong><\/h2>\n<h4>Convoca\u00e7\u00e3o: <a href=\"http:\/\/www2.unifap.br\/pedagogia-santana\/files\/2025\/10\/Atividades-Complementares-2025.2.pdf\">Atividades Complementares 2025.2<\/a><\/h4>\n<p><strong>Prorroga\u00e7\u00e3o do prazo: <a href=\"http:\/\/www2.unifap.br\/pedagogia-santana\/files\/2025\/10\/Prorrogacao_Atividades_Complementares_2025.2_assinado.pdf\">Prorrogacao_Atividades_Complementares_2025.2_assinado<\/a><\/strong><\/p>\n<p><strong>Resultado: <a href=\"http:\/\/www2.unifap.br\/pedagogia-santana\/files\/2025\/12\/RESULTADO-AC_2025.2.pdf\">RESULTADO AC_2025.2<\/a><\/strong><\/p>\n<p><strong>Resultado Igarap\u00e9 do Lago: <a href=\"http:\/\/www2.unifap.br\/pedagogia-santana\/files\/2025\/11\/Resultado-AC_2025.2-Igarape-do-lago.pdf\">Resultado AC_2025.2 Igarap\u00e9 do lago<\/a><\/strong><\/p>\n<h2><strong>2024<\/strong><\/h2>\n<p><strong>Convoca\u00e7\u00e3o extraordin\u00e1ria:<\/strong> <a href=\"http:\/\/www2.unifap.br\/pedagogia-santana\/files\/2024\/10\/Convocacao_-_Atividades_Complementares_-_2024.1_assinado.pdf\">Convoca\u00e7\u00e3o Atividades Complementares_-_2024_extraordin\u00e1ria.1<\/a><\/p>\n<p><strong>Resultado parcial: <a href=\"http:\/\/www2.unifap.br\/pedagogia-santana\/files\/2024\/11\/AC_-_RESULTADO_PARCIAL_assinado.pdf\">Resultado parcial &#8211; Atividades complementares<\/a><\/strong><\/p>\n<p><strong>Resultado:<\/strong> <a href=\"http:\/\/www2.unifap.br\/pedagogia-santana\/files\/2024\/11\/AC_-_RESULTADO_2024.1_assinado.pdf\">AC_-_RESULTADO_2024.1_assinado<\/a><\/p>\n<p>_____________________________________________________________________<\/p>\n<h2><strong>2023<\/strong><\/h2>\n<p>RESULTADO FINAL AC 2023: <a href=\"http:\/\/www2.unifap.br\/pedagogia-santana\/files\/2023\/09\/RESULTADO-FINAL-ATIVIDADES-COMPLEMENTARES_2023.pdf\">RESULTADO FINAL ATIVIDADES COMPLEMENTARES_2023<\/a><\/p>\n<p>RESULTADO PARCIAL AC 2023: <a href=\"http:\/\/www2.unifap.br\/pedagogia-santana\/files\/2023\/09\/RESULTADO_PARCIAL_ATIVIDADES_COMPLEMENTARES_2023_assinado.pdf\">RESULTADO PARCIAL ATIVIDADES COMPLEMENTARES 2023<\/a><\/p>\n<p>CONVOCA\u00c7\u00c3O AC 2023: <a href=\"http:\/\/www2.unifap.br\/pedagogia-santana\/files\/2023\/09\/Atividades-Complementares-2023.pdf\">Atividades Complementares 2023<\/a><\/p>\n<p>_____________________________________________________________________<\/p>\n<h2><strong>2022<\/strong><\/h2>\n<p>Resultado final: <a href=\"http:\/\/www2.unifap.br\/pedagogia-santana\/files\/2022\/11\/RESULTADO_FINAL_ATIVIDADES_COMPLEMENTARES_2022_assinado.pdf\">ATIVIDADES COMPLEMENTARES 2022<\/a><\/p>\n<p>Resultado parcial: <a href=\"http:\/\/www2.unifap.br\/pedagogia-santana\/files\/2022\/11\/CONTROLE_ANUAL_DAS_TURMAS-2022_assinado.pdf\">ATIVIDADES COMPLEMENTARES 2022<\/a><\/p>\n<p><a href=\"http:\/\/www2.unifap.br\/pedagogia-santana\/files\/2022\/11\/Curso_Convocacao_-_Atividades_Complementares_-_2022.1_assinado.pdf\">Convoca\u00e7\u00e3o_Atividades_Complementares_2022.1<\/a><\/p>\n<p><a href=\"http:\/\/www2.unifap.br\/pedagogia-santana\/files\/2022\/08\/Atividades-complementares_2016_2017_DERCA.pdf\">Coleta final de Atividades complementares &#8211; Turmas: 2016 e 2017<\/a><\/p>\n<p>_____________________________________________________________________<\/p>\n<h2><strong>2021<\/strong><\/h2>\n<p><a href=\"http:\/\/www2.unifap.br\/pedagogia-santana\/files\/2022\/06\/RESULTADO_FINAL_assinado.pdf\">RESULTADO_FINAL_- ATIVIDADES COMPLEMENTARES 2021.2<\/a><\/p>\n<p><a href=\"http:\/\/www2.unifap.br\/pedagogia-santana\/files\/2022\/06\/RESULTADO_PARCIAL_AC_assinado.pdf\">RESULTADO_PARCIAL &#8211; ATIVIDADES COMPLEMENTARES 2021.2<\/a><\/p>\n<p><a href=\"http:\/\/www2.unifap.br\/pedagogia-santana\/files\/2022\/06\/1Convocacao_-_Atividades_Complementares_-_2021.2_assinado.pdf\">CONVOCA\u00c7\u00c3O_-_Atividades_Complementares_2021.2<\/a><\/p>\n<p><a href=\"http:\/\/www2.unifap.br\/pedagogia-santana\/files\/2022\/06\/Prorrogacao_Convocacao_-_Atividades_Complementares_-_2021.2_assinado-1.pdf\">Prorrogac\u00e3o_Convoca\u00e7\u00e3o_-_Atividades_Complementares_-_2021.2<\/a><\/p>\n<p><a href=\"http:\/\/www2.unifap.br\/pedagogia-santana\/files\/2022\/02\/RESULTADO-FINAL-AC-2021.1.pdf\">RESULTADO FINAL &#8211; Atividades Complementares &#8211; 2021.1<\/a><\/p>\n<p><a href=\"http:\/\/www2.unifap.br\/pedagogia-santana\/files\/2022\/01\/RESULTADO-PARCIAL-AC_2021.1.pdf\">RESULTADO PARCIAL &#8211; Atividades Complementares &#8211; 2021.1<\/a><\/p>\n<p><a href=\"http:\/\/www2.unifap.br\/pedagogia-santana\/files\/2022\/01\/Convoca\u00e7\u00e3o-Atividades-Complementares-2021.2-1.pdf\">Convoca\u00e7\u00e3o &#8211; Atividades Complementares &#8211; 2021.1<\/a><\/p>\n<p>____________________________________________________________________<\/p>\n<h2><strong>2020<\/strong><\/h2>\n<p><a href=\"http:\/\/www2.unifap.br\/pedagogia-santana\/files\/2021\/04\/Convoca\u00e7\u00e3o-Atividades-Complementares-2021.pdf\">Convoca\u00e7\u00e3o &#8211; Atividades Complementares &#8211; 2020.2<\/a><\/p>\n<p><a href=\"http:\/\/www2.unifap.br\/pedagogia-santana\/files\/2021\/04\/Resposta-Solicita\u00e7\u00e3o-Atividades-complementares.pdf\">Resposta &#8211; Solicita\u00e7\u00e3o &#8211; Atividades complementares<\/a><\/p>\n<p><a href=\"http:\/\/www2.unifap.br\/pedagogia-santana\/files\/2021\/05\/Cr\u00e9ditos-de-Carga-Hor\u00e1ria-de-Atividades-Complementares-AC.pdf\">Cr\u00e9ditos de Carga Hor\u00e1ria de Atividades Complementares (AC)<\/a><\/p>\n<p><a href=\"http:\/\/www2.unifap.br\/pedagogia-santana\/files\/2021\/05\/RESULTADO-FINAL-Cr\u00e9ditos-em-AC.pdf\">RESULTADO FINAL Cr\u00e9ditos em AC<\/a><\/p>\n<p><a href=\"http:\/\/www2.unifap.br\/pedagogia-santana\/files\/2021\/05\/RESULTADO-TOTAL-DE-AC-TURMA-2016.2.pdf\">RESULTADO TOTAL DE AC (TURMA 2016.2)<\/a><\/p>\n<table style=\"height: 177px\" border=\"1\" width=\"611\" cellspacing=\"0\" cellpadding=\"0\" align=\"left\">\n<tbody>\n<tr>\n<td valign=\"top\" width=\"321\">Comiss\u00e3o Docente de Atividades Complementares &#8211; Portaria n\u00ba N\u00ba 1181\/2021<\/td>\n<td valign=\"top\" width=\"151\">Link: <a href=\"http:\/\/www2.unifap.br\/pedagogia-santana\/files\/2022\/01\/Portaria-AC-1181-1.pdf\">Portaria AC 1181<\/a><\/td>\n<\/tr>\n<tr>\n<td valign=\"top\" width=\"321\">Profa. Dra. Cl\u00edcia Coelho<\/td>\n<td valign=\"top\" width=\"151\">Presidente<\/td>\n<\/tr>\n<tr>\n<td valign=\"top\" width=\"321\">Profa. Ma. Alcil\u00e9a Rocha<\/td>\n<td valign=\"top\" width=\"151\">Integrante<\/td>\n<\/tr>\n<tr>\n<td valign=\"top\" width=\"321\">Profa. Me. K\u00e1ssio Vilhena<\/td>\n<td valign=\"top\" width=\"151\">Integrante<\/td>\n<\/tr>\n<tr>\n<td valign=\"top\" width=\"321\">&nbsp;<\/td>\n<td valign=\"top\" width=\"151\">&nbsp;<\/td>\n<\/tr>\n<\/tbody>\n<\/table>\n<p>&nbsp;<\/p>\n<p>&nbsp;<\/p>\n<p>&nbsp;<\/p>\n<p>&nbsp;<\/p>\n<p>&nbsp;<\/p>\n<p>&nbsp;<\/p>\n<p>&nbsp;<\/p>\n<p>&nbsp;<\/p>\n","protected":false},"excerpt":{"rendered":"<p>As Atividades Complementares (AC) correspondem \u00e0s atividades Acad\u00eamico Cient\u00edfico e Culturais desenvolvidas interna ou externamente \u00e0 institui\u00e7\u00e3o e \u00e9 componente curricular obrigat\u00f3rio da matriz do Curso de Licenciatura em Pedagogia. A carga hor\u00e1ria m\u00ednima exigida pelo curso \u00e9 de 210&hellip; <\/p>\n<p><a href=\"https:\/\/www2.unifap.br\/pedagogia-santana\/ofertas-de-disciplinas\/\" class=\"readmore-button\">Continue Reading<\/a><\/p>\n","protected":false},"author":923,"featured_media":0,"parent":0,"menu_order":7,"comment_status":"open","ping_status":"closed","template":"","meta":{"inline_featured_image":false,"ngg_post_thumbnail":0,"footnotes":""},"class_list":["post-159","page","type-page","status-publish","hentry"],"_links":{"self":[{"href":"https:\/\/www2.unifap.br\/pedagogia-santana\/wp-json\/wp\/v2\/pages\/159","targetHints":{"allow":["GET"]}}],"collection":[{"href":"https:\/\/www2.unifap.br\/pedagogia-santana\/wp-json\/wp\/v2\/pages"}],"about":[{"href":"https:\/\/www2.unifap.br\/pedagogia-santana\/wp-json\/wp\/v2\/types\/page"}],"author":[{"embeddable":true,"href":"https:\/\/www2.unifap.br\/pedagogia-santana\/wp-json\/wp\/v2\/users\/923"}],"replies":[{"embeddable":true,"href":"https:\/\/www2.unifap.br\/pedagogia-santana\/wp-json\/wp\/v2\/comments?post=159"}],"version-history":[{"count":43,"href":"https:\/\/www2.unifap.br\/pedagogia-santana\/wp-json\/wp\/v2\/pages\/159\/revisions"}],"predecessor-version":[{"id":1616,"href":"https:\/\/www2.unifap.br\/pedagogia-santana\/wp-json\/wp\/v2\/pages\/159\/revisions\/1616"}],"wp:attachment":[{"href":"https:\/\/www2.unifap.br\/pedagogia-santana\/wp-json\/wp\/v2\/media?parent=159"}],"curies":[{"name":"wp","href":"https:\/\/api.w.org\/{rel}","templated":true}]}}